{"id":11643,"date":"2017-09-12T17:04:50","date_gmt":"2017-09-12T20:04:50","guid":{"rendered":"https:\/\/wp.ufpel.edu.br\/progep\/?page_id=11643"},"modified":"2025-05-16T09:53:13","modified_gmt":"2025-05-16T12:53:13","slug":"ciclo-de-cinema-capacitando-servidores-pela-setima-arte-3","status":"publish","type":"page","link":"https:\/\/wp.ufpel.edu.br\/progep\/ciclo-de-cinema-capacitando-servidores-pela-setima-arte-3\/","title":{"rendered":"Capacita\u00e7\u00e3o: Ciclo de Cinema: capacitando servidores pela s\u00e9tima arte"},"content":{"rendered":"<p><span style=\"color: #999999\"><strong>Carga Hor\u00e1ria:<\/strong>\u00a04 horas por sess\u00e3o, totalizando 20 horas (5 sess\u00f5es)<\/span><br \/>\n<span style=\"color: #999999\"> <strong>4\u00aa sess\u00e3o:<\/strong>\u00a028 de setembro de 2017\u00a0<\/span><br \/>\n<span style=\"color: #999999\"> <strong>Hor\u00e1rio:<\/strong>\u00a0das 14 \u00e0s 18 horas<\/span><br \/>\n<span style=\"color: #999999\"> <strong>Local:<\/strong>\u00a0Museu do Doce \u2013 Pra\u00e7a Cel. Pedro Os\u00f3rio n\u00ba 8, esquina Bar\u00e3o de Butu\u00ed (*)<\/span><br \/>\n<span style=\"color: #999999\"> <strong>Filme:<\/strong>\u00a0\u201cEstrelas Al\u00e9m do Tempo\u201d. A proje\u00e7\u00e3o ser\u00e1 seguida de um debate, buscando\u00a0uma reflex\u00e3o associada \u00e0s rela\u00e7\u00f5es de trabalho, tendo como debatedor convidado o Professor Marcos Vin\u00edcius Spolle.<\/span><\/p>\n<p><span style=\"color: #999999\"><strong>Sinopse do filme:<\/strong>No auge da corrida espacial travada entre Estados Unidos e R\u00fassia durante a Guerra Fria, uma equipe de cientistas da NASA, formada exclusivamente por mulheres afro-americanas, provou ser o elemento crucial que faltava na equa\u00e7\u00e3o para a vit\u00f3ria dos Estados Unidos, liderando uma das maiores opera\u00e7\u00f5es\u00a0tecnol\u00f3gicas registradas na hist\u00f3ria americana e se tornando verdadeiras hero\u00ednas da na\u00e7\u00e3o.<\/span><\/p>\n<p><span style=\"color: #999999\"><strong>P\u00fablico alvo:<\/strong>\u00a0servidores em geral.<\/span><br \/>\n<span style=\"color: #999999\"> <strong>N\u00famero de vagas:<\/strong>\u00a045<\/span><br \/>\n<span style=\"color: #999999\"> <strong>Facilitadora:\u00a0<\/strong>Maria Angelica Scheidemandel Sieburger<\/span><br \/>\n<span style=\"color: #999999\"> <strong>Per\u00edodo de Inscri\u00e7\u00f5es:<\/strong>\u00a012 a 25 de setembro de 2017<\/span><br \/>\n<span style=\"color: #999999\"> <strong>Divulga\u00e7\u00e3o das inscri\u00e7\u00f5es homologadas:<\/strong>\u00a026 de setembro de 2017, nesta p\u00e1gina.<\/span><\/p>\n<p><span style=\"color: #999999\">(*) N\u00e3o \u00e9 permitida a entrada de qualquer tipo de alimento (s\u00f3lidos nem l\u00edquidos) na sala.<\/span><\/p>\n<p><span style=\"color: #ff6600\"><strong><a href=\"https:\/\/wp.ufpel.edu.br\/progep\/files\/2017\/09\/homologa_inscritos-1-2.pdf\">Listagem de Inscri\u00e7\u00f5es Homologadas AQUI!<\/a><\/strong><\/span><\/p>\n<p>&nbsp;<\/p>\n","protected":false},"excerpt":{"rendered":"<p>Carga Hor\u00e1ria:\u00a04 horas por sess\u00e3o, totalizando 20 horas (5 sess\u00f5es) 4\u00aa sess\u00e3o:\u00a028 de setembro de 2017\u00a0 Hor\u00e1rio:\u00a0das 14 \u00e0s 18 horas Local:\u00a0Museu do Doce \u2013 Pra\u00e7a Cel. Pedro Os\u00f3rio n\u00ba 8, esquina Bar\u00e3o de Butu\u00ed (*) Filme:\u00a0\u201cEstrelas Al\u00e9m do Tempo\u201d. A proje\u00e7\u00e3o ser\u00e1 seguida de um debate, buscando\u00a0uma reflex\u00e3o associada \u00e0s rela\u00e7\u00f5es de trabalho, tendo [&hellip;]<\/p>\n","protected":false},"author":21,"featured_media":0,"parent":0,"menu_order":0,"comment_status":"closed","ping_status":"closed","template":"","meta":{"footnotes":""},"class_list":["post-11643","page","type-page","status-publish","hentry"],"_links":{"self":[{"href":"https:\/\/wp.ufpel.edu.br\/progep\/wp-json\/wp\/v2\/pages\/11643","targetHints":{"allow":["GET"]}}],"collection":[{"href":"https:\/\/wp.ufpel.edu.br\/progep\/wp-json\/wp\/v2\/pages"}],"about":[{"href":"https:\/\/wp.ufpel.edu.br\/progep\/wp-json\/wp\/v2\/types\/page"}],"author":[{"embeddable":true,"href":"https:\/\/wp.ufpel.edu.br\/progep\/wp-json\/wp\/v2\/users\/21"}],"replies":[{"embeddable":true,"href":"https:\/\/wp.ufpel.edu.br\/progep\/wp-json\/wp\/v2\/comments?post=11643"}],"version-history":[{"count":5,"href":"https:\/\/wp.ufpel.edu.br\/progep\/wp-json\/wp\/v2\/pages\/11643\/revisions"}],"predecessor-version":[{"id":32588,"href":"https:\/\/wp.ufpel.edu.br\/progep\/wp-json\/wp\/v2\/pages\/11643\/revisions\/32588"}],"wp:attachment":[{"href":"https:\/\/wp.ufpel.edu.br\/progep\/wp-json\/wp\/v2\/media?parent=11643"}],"curies":[{"name":"wp","href":"https:\/\/api.w.org\/{rel}","templated":true}]}}