{"id":11582,"date":"2017-08-28T11:25:40","date_gmt":"2017-08-28T14:25:40","guid":{"rendered":"https:\/\/wp.ufpel.edu.br\/progep\/?page_id=11582"},"modified":"2025-06-30T13:20:25","modified_gmt":"2025-06-30T16:20:25","slug":"curso-processo-administrativo-disciplinar-pad","status":"publish","type":"page","link":"https:\/\/wp.ufpel.edu.br\/progep\/curso-processo-administrativo-disciplinar-pad\/","title":{"rendered":"Capacita\u00e7\u00e3o: Curso: Processo Administrativo Disciplinar &#8211; PAD"},"content":{"rendered":"<p><strong>Modalidade:<\/strong> presencial<\/p>\n<p><strong>Carga hor\u00e1ria:<\/strong> 40 horas<\/p>\n<p><strong>Per\u00edodo:<\/strong>\u00a0A definir<\/p>\n<p>&nbsp;<\/p>\n<p><strong>Sum\u00e1rio:<\/strong> Processo Administrativo Disciplinar; Deveres e proibi\u00e7\u00f5es dos servidores p\u00fablicos; Independ\u00eancia de inst\u00e2ncia e a Responsabilidade do servidor p\u00fablico; Condi\u00e7\u00f5es preliminares para abertura de processo disciplinar; Poder de apura\u00e7\u00e3o e den\u00fancia an\u00f4nima; Autoridade instauradora-compet\u00eancia; Comiss\u00e3o de Procedimento Disciplinar; Suspei\u00e7\u00e3o e impedimento; Penalidade Disciplinar; Sindic\u00e2ncia; Procedimento Sum\u00e1rio; Remessa de processo ao Minist\u00e9rio P\u00fablico; No\u00e7\u00f5es de Prescri\u00e7\u00e3o; Revis\u00e3o do Processo; A Lei 9784\/83; Comunica\u00e7\u00e3o processual; Responsabilidade; Principais causas de nulidade; Atua\u00e7\u00e3o da Controladoria-Geral da Uni\u00e3o e suas Corregedorias; Elabora\u00e7\u00e3o de processo hipot\u00e9tico com elabora\u00e7\u00e3o de exerc\u00edcios pr\u00e1ticos.<\/p>\n<p><strong>P\u00fablico alvo:<\/strong> servidores em geral, que futuramente ser\u00e3o designados para compor comiss\u00f5es de sindic\u00e2ncias e processos administrativos disciplinares e tamb\u00e9m \u00e0queles servidores que j\u00e1 atuam nas referidas comiss\u00f5es\/processos.<\/p>\n<p><strong>N\u00famero de vagas:<\/strong> 30<\/p>\n<p><strong>Ministrantes<\/strong>: Rodrigo Costa Rodrigues \u2013 PRF-RS<\/p>\n<p>&nbsp;<\/p>\n<p>&nbsp;<\/p>\n","protected":false},"excerpt":{"rendered":"<p>Modalidade: presencial Carga hor\u00e1ria: 40 horas Per\u00edodo:\u00a0A definir &nbsp; Sum\u00e1rio: Processo Administrativo Disciplinar; Deveres e proibi\u00e7\u00f5es dos servidores p\u00fablicos; Independ\u00eancia de inst\u00e2ncia e a Responsabilidade do servidor p\u00fablico; Condi\u00e7\u00f5es preliminares para abertura de processo disciplinar; Poder de apura\u00e7\u00e3o e den\u00fancia an\u00f4nima; Autoridade instauradora-compet\u00eancia; Comiss\u00e3o de Procedimento Disciplinar; Suspei\u00e7\u00e3o e impedimento; Penalidade Disciplinar; Sindic\u00e2ncia; Procedimento Sum\u00e1rio; [&hellip;]<\/p>\n","protected":false},"author":21,"featured_media":0,"parent":0,"menu_order":0,"comment_status":"closed","ping_status":"closed","template":"","meta":{"footnotes":""},"class_list":["post-11582","page","type-page","status-publish","hentry"],"_links":{"self":[{"href":"https:\/\/wp.ufpel.edu.br\/progep\/wp-json\/wp\/v2\/pages\/11582","targetHints":{"allow":["GET"]}}],"collection":[{"href":"https:\/\/wp.ufpel.edu.br\/progep\/wp-json\/wp\/v2\/pages"}],"about":[{"href":"https:\/\/wp.ufpel.edu.br\/progep\/wp-json\/wp\/v2\/types\/page"}],"author":[{"embeddable":true,"href":"https:\/\/wp.ufpel.edu.br\/progep\/wp-json\/wp\/v2\/users\/21"}],"replies":[{"embeddable":true,"href":"https:\/\/wp.ufpel.edu.br\/progep\/wp-json\/wp\/v2\/comments?post=11582"}],"version-history":[{"count":4,"href":"https:\/\/wp.ufpel.edu.br\/progep\/wp-json\/wp\/v2\/pages\/11582\/revisions"}],"predecessor-version":[{"id":33802,"href":"https:\/\/wp.ufpel.edu.br\/progep\/wp-json\/wp\/v2\/pages\/11582\/revisions\/33802"}],"wp:attachment":[{"href":"https:\/\/wp.ufpel.edu.br\/progep\/wp-json\/wp\/v2\/media?parent=11582"}],"curies":[{"name":"wp","href":"https:\/\/api.w.org\/{rel}","templated":true}]}}