{"id":11507,"date":"2017-08-09T12:22:13","date_gmt":"2017-08-09T15:22:13","guid":{"rendered":"https:\/\/wp.ufpel.edu.br\/progep\/?page_id=11507"},"modified":"2025-06-30T13:19:45","modified_gmt":"2025-06-30T16:19:45","slug":"curso-procedimentos-administrativos","status":"publish","type":"page","link":"https:\/\/wp.ufpel.edu.br\/progep\/curso-procedimentos-administrativos\/","title":{"rendered":"Capacita\u00e7\u00e3o: Curso: Procedimentos Administrativos"},"content":{"rendered":"<p><strong>Modalidade:<\/strong>\u00a0Presencial<\/p>\n<p><strong>S\u00famula do programa: <\/strong>processos administrativos de compet\u00eancia das Pr\u00f3-Reitorias Administrativa (PRA), de Planejamento e Desenvolvimento (PRPD), de Gest\u00e3o de Pessoas (PROGEP) e de Gest\u00e3o da Informa\u00e7\u00e3o e Comunica\u00e7\u00e3o (PROGIC).<\/p>\n<p><strong>P\u00fablico alvo:<\/strong>\u00a0Coordenadores Administrativos, Secret\u00e1rios de Unidades Acad\u00eamicas e Assessores das Unidades Administrativas.<\/p>\n<p><strong>Ministrantes: <\/strong>servidores das pr\u00f3-reitorias envolvidas.<\/p>\n<p><strong>Per\u00edodo:<\/strong>\u00a015 a 18 de agosto de 2017 &#8211; em todas as manh\u00e3s e turno da tarde, apenas ter\u00e7a (15) e quarta (16).<\/p>\n<p><strong>Hor\u00e1rio:<\/strong>\u00a0das 8 \u00e0s 12 horas e das 13h30min \u00e0s 17h30min<\/p>\n<p><strong>Local: <\/strong>todas as manh\u00e3s no Audit\u00f3rio do\u00a0Campus II (Rua Almirante Barroso, 1202); turno da tarde: na ter\u00e7a (15), no Audit\u00f3rio do Campus II, e na quarta (16), no Audit\u00f3rio Acad\u00eamico do Anglo.<\/p>\n<p>&nbsp;<\/p>\n<p>OBS.: foi enviado o <span style=\"color: #ff6600\"><strong><a href=\"https:\/\/wp.ufpel.edu.br\/progep\/files\/2017\/08\/Memo-Circular-0042017.pdf\">Memorando Circular 004\/2017\/CDP\/PROGEP<\/a><\/strong><\/span> \u00e0s pr\u00f3-reitorias e unidades acad\u00eamicas convidando os servidores (p\u00fablico alvo).<\/p>\n","protected":false},"excerpt":{"rendered":"<p>Modalidade:\u00a0Presencial S\u00famula do programa: processos administrativos de compet\u00eancia das Pr\u00f3-Reitorias Administrativa (PRA), de Planejamento e Desenvolvimento (PRPD), de Gest\u00e3o de Pessoas (PROGEP) e de Gest\u00e3o da Informa\u00e7\u00e3o e Comunica\u00e7\u00e3o (PROGIC). P\u00fablico alvo:\u00a0Coordenadores Administrativos, Secret\u00e1rios de Unidades Acad\u00eamicas e Assessores das Unidades Administrativas. Ministrantes: servidores das pr\u00f3-reitorias envolvidas. Per\u00edodo:\u00a015 a 18 de agosto de 2017 &#8211; [&hellip;]<\/p>\n","protected":false},"author":21,"featured_media":0,"parent":0,"menu_order":0,"comment_status":"closed","ping_status":"closed","template":"","meta":{"footnotes":""},"class_list":["post-11507","page","type-page","status-publish","hentry"],"_links":{"self":[{"href":"https:\/\/wp.ufpel.edu.br\/progep\/wp-json\/wp\/v2\/pages\/11507","targetHints":{"allow":["GET"]}}],"collection":[{"href":"https:\/\/wp.ufpel.edu.br\/progep\/wp-json\/wp\/v2\/pages"}],"about":[{"href":"https:\/\/wp.ufpel.edu.br\/progep\/wp-json\/wp\/v2\/types\/page"}],"author":[{"embeddable":true,"href":"https:\/\/wp.ufpel.edu.br\/progep\/wp-json\/wp\/v2\/users\/21"}],"replies":[{"embeddable":true,"href":"https:\/\/wp.ufpel.edu.br\/progep\/wp-json\/wp\/v2\/comments?post=11507"}],"version-history":[{"count":2,"href":"https:\/\/wp.ufpel.edu.br\/progep\/wp-json\/wp\/v2\/pages\/11507\/revisions"}],"predecessor-version":[{"id":33800,"href":"https:\/\/wp.ufpel.edu.br\/progep\/wp-json\/wp\/v2\/pages\/11507\/revisions\/33800"}],"wp:attachment":[{"href":"https:\/\/wp.ufpel.edu.br\/progep\/wp-json\/wp\/v2\/media?parent=11507"}],"curies":[{"name":"wp","href":"https:\/\/api.w.org\/{rel}","templated":true}]}}