{"id":11463,"date":"2017-07-17T12:08:43","date_gmt":"2017-07-17T15:08:43","guid":{"rendered":"https:\/\/wp.ufpel.edu.br\/progep\/?page_id=11463"},"modified":"2017-07-17T12:08:43","modified_gmt":"2017-07-17T15:08:43","slug":"conversando-sobre-saude-mental-no-trabalho","status":"publish","type":"page","link":"https:\/\/wp.ufpel.edu.br\/progep\/conversando-sobre-saude-mental-no-trabalho\/","title":{"rendered":"Conversando sobre sa\u00fade mental no trabalho"},"content":{"rendered":"<p style=\"text-align: center\"><strong>Conversando sobre sa\u00fade mental no trabalho<\/strong><\/p>\n<p>A CSQV no m\u00eas de julho, dias 03 e 10, realizou junto ao Ambulat\u00f3rio da Faculdade de Medicina, a Roda de Conversa \u201cConversando sobre Sa\u00fade Mental no Trabalho\u201d, com uma abordagem psicoeducativa, trazendo informa\u00e7\u00f5es, propiciando momento de escuta aos participantes, estimulando a reflex\u00e3o, a conversa\u00e7\u00e3o e a integra\u00e7\u00e3o entre os componentes das equipes da Unidade.<\/p>\n<p>As avalia\u00e7\u00f5es desenvolvidas, registradas ao final e os coment\u00e1rios tecidos foram refor\u00e7adores de nosso prop\u00f3sito, contribuindo para endossar a ideia que se tem de valoriza\u00e7\u00e3o da escuta, da troca de experi\u00eancia, do levantamento de necessidade, do esclarecimento quanto \u00e0 Sa\u00fade Mental e seus problemas e a rela\u00e7\u00e3o com o contexto laboral.<\/p>\n<p>A metodologia Roda de Conversa proporciona uma maneira informal, descontra\u00edda e facilitadora de uma maior participa\u00e7\u00e3o de todos, sendo facilitadora de nossa proposta de trabalhar com Promo\u00e7\u00e3o de Sa\u00fade junto \u00e0s equipes em seus contextos de trabalho em intervalos de tempo que n\u00e3o cause ruptura\u00a0 ao processo laboral cotidiano.<\/p>\n<p>Tem-se a previs\u00e3o de continuar levando esta proposi\u00e7\u00e3o a outras Unidades da Universidade que, em breve, ser\u00e3o contatadas para apresenta\u00e7\u00e3o da proposta e planejamento de datas de execu\u00e7\u00e3o da atividade.<\/p>\n<p>&nbsp;<\/p>\n<p><img class=\"size-medium wp-image-11465 alignright\" src=\"https:\/\/wp.ufpel.edu.br\/progep\/files\/2017\/07\/IMG_20170703_104806156-400x225.jpg\" alt=\"\" width=\"400\" height=\"225\" srcset=\"https:\/\/wp.ufpel.edu.br\/progep\/files\/2017\/07\/IMG_20170703_104806156-400x225.jpg 400w, https:\/\/wp.ufpel.edu.br\/progep\/files\/2017\/07\/IMG_20170703_104806156-768x432.jpg 768w, https:\/\/wp.ufpel.edu.br\/progep\/files\/2017\/07\/IMG_20170703_104806156.jpg 1005w\" sizes=\"(max-width: 400px) 100vw, 400px\" \/> <img class=\"aligncenter size-medium wp-image-11466\" src=\"https:\/\/wp.ufpel.edu.br\/progep\/files\/2017\/07\/IMG_20170703_104820723-400x225.jpg\" alt=\"\" width=\"400\" height=\"225\" srcset=\"https:\/\/wp.ufpel.edu.br\/progep\/files\/2017\/07\/IMG_20170703_104820723-400x225.jpg 400w, https:\/\/wp.ufpel.edu.br\/progep\/files\/2017\/07\/IMG_20170703_104820723-768x432.jpg 768w, https:\/\/wp.ufpel.edu.br\/progep\/files\/2017\/07\/IMG_20170703_104820723-1024x576.jpg 1024w, https:\/\/wp.ufpel.edu.br\/progep\/files\/2017\/07\/IMG_20170703_104820723.jpg 1092w\" sizes=\"(max-width: 400px) 100vw, 400px\" \/><\/p>\n<p><img class=\"size-medium wp-image-11467 alignright\" src=\"https:\/\/wp.ufpel.edu.br\/progep\/files\/2017\/07\/IMG_20170703_112940634-400x225.jpg\" alt=\"\" width=\"400\" height=\"225\" srcset=\"https:\/\/wp.ufpel.edu.br\/progep\/files\/2017\/07\/IMG_20170703_112940634-400x225.jpg 400w, https:\/\/wp.ufpel.edu.br\/progep\/files\/2017\/07\/IMG_20170703_112940634-768x432.jpg 768w, https:\/\/wp.ufpel.edu.br\/progep\/files\/2017\/07\/IMG_20170703_112940634-1024x576.jpg 1024w\" sizes=\"(max-width: 400px) 100vw, 400px\" \/> <img class=\"size-medium wp-image-11468 aligncenter\" src=\"https:\/\/wp.ufpel.edu.br\/progep\/files\/2017\/07\/IMG_20170710_112526707-400x225.jpg\" alt=\"\" width=\"400\" height=\"225\" srcset=\"https:\/\/wp.ufpel.edu.br\/progep\/files\/2017\/07\/IMG_20170710_112526707-400x225.jpg 400w, https:\/\/wp.ufpel.edu.br\/progep\/files\/2017\/07\/IMG_20170710_112526707-768x432.jpg 768w, https:\/\/wp.ufpel.edu.br\/progep\/files\/2017\/07\/IMG_20170710_112526707-1024x576.jpg 1024w\" sizes=\"(max-width: 400px) 100vw, 400px\" \/><\/p>\n<p>&nbsp;<\/p>\n<p>&nbsp;<\/p>\n","protected":false},"excerpt":{"rendered":"<p>Conversando sobre sa\u00fade mental no trabalho A CSQV no m\u00eas de julho, dias 03 e 10, realizou junto ao Ambulat\u00f3rio da Faculdade de Medicina, a Roda de Conversa \u201cConversando sobre Sa\u00fade Mental no Trabalho\u201d, com uma abordagem psicoeducativa, trazendo informa\u00e7\u00f5es, propiciando momento de escuta aos participantes, estimulando a reflex\u00e3o, a conversa\u00e7\u00e3o e a integra\u00e7\u00e3o entre [&hellip;]<\/p>\n","protected":false},"author":246,"featured_media":0,"parent":0,"menu_order":0,"comment_status":"closed","ping_status":"closed","template":"","meta":{"footnotes":""},"class_list":["post-11463","page","type-page","status-publish","hentry"],"_links":{"self":[{"href":"https:\/\/wp.ufpel.edu.br\/progep\/wp-json\/wp\/v2\/pages\/11463","targetHints":{"allow":["GET"]}}],"collection":[{"href":"https:\/\/wp.ufpel.edu.br\/progep\/wp-json\/wp\/v2\/pages"}],"about":[{"href":"https:\/\/wp.ufpel.edu.br\/progep\/wp-json\/wp\/v2\/types\/page"}],"author":[{"embeddable":true,"href":"https:\/\/wp.ufpel.edu.br\/progep\/wp-json\/wp\/v2\/users\/246"}],"replies":[{"embeddable":true,"href":"https:\/\/wp.ufpel.edu.br\/progep\/wp-json\/wp\/v2\/comments?post=11463"}],"version-history":[{"count":2,"href":"https:\/\/wp.ufpel.edu.br\/progep\/wp-json\/wp\/v2\/pages\/11463\/revisions"}],"predecessor-version":[{"id":37034,"href":"https:\/\/wp.ufpel.edu.br\/progep\/wp-json\/wp\/v2\/pages\/11463\/revisions\/37034"}],"wp:attachment":[{"href":"https:\/\/wp.ufpel.edu.br\/progep\/wp-json\/wp\/v2\/media?parent=11463"}],"curies":[{"name":"wp","href":"https:\/\/api.w.org\/{rel}","templated":true}]}}