{"id":11450,"date":"2017-07-14T11:04:03","date_gmt":"2017-07-14T14:04:03","guid":{"rendered":"https:\/\/wp.ufpel.edu.br\/progep\/?page_id=11450"},"modified":"2017-07-14T11:04:03","modified_gmt":"2017-07-14T14:04:03","slug":"rodas-de-conversa","status":"publish","type":"page","link":"https:\/\/wp.ufpel.edu.br\/progep\/csqv\/promocao-a-saude\/rodas-de-conversa\/","title":{"rendered":"Rodas de Conversa"},"content":{"rendered":"<p>A Coordena\u00e7\u00e3o de Sa\u00fade e Qualidade de Vida , tendo em vista a import\u00e2ncia e a centralidade do trabalho na vida das pessoas , busca permanentemente\u00a0 promover Sa\u00fade e Qualidade de Vida no Trabalho. Um dos projetos\u00a0 de promo\u00e7\u00e3o \u00e0 sa\u00fade s\u00e3o as Rodas de Conversa, na qual se almeja fortalecer a autoestima, o sentimento de seguran\u00e7a, pertencimento, autorrealiza\u00e7\u00e3o, dignidade, condi\u00e7\u00f5es f\u00edsicas saud\u00e1veis em um ambiente que atenda as necessidades biopsicossociais . Essa abordagem \u00e0 sa\u00fade e qualidade de vida do servidor p\u00fablico federal tem o compromisso de atingir a esses n\u00edveis, identificando fatores facilitadores e\/ou prejudiciais e intervindo sobre todos os aspectos ligados ao bem-estar em situa\u00e7\u00e3o de trabalho.<\/p>\n<p>O encontro e a conversa\u00e7\u00e3o traduzem-se como estrat\u00e9gias eficientes e eficazes para a abordagem dos trabalhadores, constituindo-se em potencializadores da comunica\u00e7\u00e3o e inter-rela\u00e7\u00e3o.\u00a0 Utilizar a metodologia de Roda de Conversa para os encontros, de maneira informal e descontra\u00edda facilita a maior participa\u00e7\u00e3o de todos os Servidores atingidos pela proposta.<\/p>\n","protected":false},"excerpt":{"rendered":"<p>A Coordena\u00e7\u00e3o de Sa\u00fade e Qualidade de Vida , tendo em vista a import\u00e2ncia e a centralidade do trabalho na vida das pessoas , busca permanentemente\u00a0 promover Sa\u00fade e Qualidade de Vida no Trabalho. Um dos projetos\u00a0 de promo\u00e7\u00e3o \u00e0 sa\u00fade s\u00e3o as Rodas de Conversa, na qual se almeja fortalecer a autoestima, o sentimento [&hellip;]<\/p>\n","protected":false},"author":246,"featured_media":0,"parent":9450,"menu_order":0,"comment_status":"closed","ping_status":"closed","template":"","meta":{"footnotes":""},"class_list":["post-11450","page","type-page","status-publish","hentry"],"_links":{"self":[{"href":"https:\/\/wp.ufpel.edu.br\/progep\/wp-json\/wp\/v2\/pages\/11450","targetHints":{"allow":["GET"]}}],"collection":[{"href":"https:\/\/wp.ufpel.edu.br\/progep\/wp-json\/wp\/v2\/pages"}],"about":[{"href":"https:\/\/wp.ufpel.edu.br\/progep\/wp-json\/wp\/v2\/types\/page"}],"author":[{"embeddable":true,"href":"https:\/\/wp.ufpel.edu.br\/progep\/wp-json\/wp\/v2\/users\/246"}],"replies":[{"embeddable":true,"href":"https:\/\/wp.ufpel.edu.br\/progep\/wp-json\/wp\/v2\/comments?post=11450"}],"version-history":[{"count":3,"href":"https:\/\/wp.ufpel.edu.br\/progep\/wp-json\/wp\/v2\/pages\/11450\/revisions"}],"predecessor-version":[{"id":37038,"href":"https:\/\/wp.ufpel.edu.br\/progep\/wp-json\/wp\/v2\/pages\/11450\/revisions\/37038"}],"up":[{"embeddable":true,"href":"https:\/\/wp.ufpel.edu.br\/progep\/wp-json\/wp\/v2\/pages\/9450"}],"wp:attachment":[{"href":"https:\/\/wp.ufpel.edu.br\/progep\/wp-json\/wp\/v2\/media?parent=11450"}],"curies":[{"name":"wp","href":"https:\/\/api.w.org\/{rel}","templated":true}]}}