{"id":11298,"date":"2017-06-06T11:10:16","date_gmt":"2017-06-06T14:10:16","guid":{"rendered":"https:\/\/wp.ufpel.edu.br\/progep\/?page_id=11298"},"modified":"2025-06-30T13:18:10","modified_gmt":"2025-06-30T16:18:10","slug":"curso-licitacao-de-obras-e-servicos-de-engenharia","status":"publish","type":"page","link":"https:\/\/wp.ufpel.edu.br\/progep\/curso-licitacao-de-obras-e-servicos-de-engenharia\/","title":{"rendered":"Capacita\u00e7\u00e3o: Curso: Licita\u00e7\u00e3o de Obras e Servi\u00e7os de Engenharia"},"content":{"rendered":"<p><strong>Modalidade:<\/strong> presencial<\/p>\n<p><strong>Carga Hor\u00e1ria:<\/strong> 24\u00a0horas<\/p>\n<p><strong>S\u00famula do programa:\u00a0<\/strong><\/p>\n<p><strong>1-<\/strong> Legisla\u00e7\u00e3o e princ\u00edpios norteadores da licita\u00e7\u00e3o; Diferencia\u00e7\u00e3o entre obra e servi\u00e7os de engenharia; Modalidades de licita\u00e7\u00e3o; <strong>2.a-<\/strong> Fase interna da licita\u00e7\u00e3o: Caracteriza\u00e7\u00e3o da obra; Projeto b\u00e1sico (Requisitos e Contrata\u00e7\u00e3o); Licen\u00e7as ambientais; Or\u00e7amento detalhado Pre\u00e7os; Projeto executivo; Previs\u00e3o de recursos or\u00e7ament\u00e1rios; <strong>2.b-<\/strong> Fase externa da Licita\u00e7\u00e3o: Publica\u00e7\u00e3o e prazos; Comiss\u00e3o de licita\u00e7\u00e3o; Procedimento e julgamento; An\u00e1lise da habilita\u00e7\u00e3o; An\u00e1lise dos requisitos de Habilita\u00e7\u00e3o, com \u00eanfase na \u00e1rea de Engenharia; Regularidade Fiscal; Qualifica\u00e7\u00e3o t\u00e9cnica e financeira; As disposi\u00e7\u00f5es do Tribunal de Contas da Uni\u00e3o sobre os requisitos de Habilita\u00e7\u00e3o (limita\u00e7\u00f5es do poder discricion\u00e1rio da Administra\u00e7\u00e3o: o que pode ser exigido num edital); An\u00e1lise T\u00e9cnica; <strong>3 &#8211;<\/strong> Recursos e Impugna\u00e7\u00f5es; <strong>4-\u00a0<\/strong>Atos e procedimentos para conclus\u00e3o dos certames; \u00a0<strong>5-<\/strong> Contrato Administrativo e Fiscaliza\u00e7\u00e3o; <strong>6-<\/strong> As penaliza\u00e7\u00f5es: multas, suspens\u00f5es, perda do direito de licitar com a Administra\u00e7\u00e3o P\u00fablica e a declara\u00e7\u00e3o de inidoneidade; <strong>7-<\/strong> Principais irregularidades encontradas e medidas administrativas para evit\u00e1-las; <strong>8-<\/strong> Estudos de casos e decis\u00f5es do TCU.<\/p>\n<p><strong>P\u00fablico alvo:<\/strong> t\u00e9cnico-administrativos das Pr\u00f3-Reitorias Administrativa (PRA) e de Planejamento (PROPLAN), indicados pelas respectivas pr\u00f3-reitorias.<\/p>\n<p><strong>N\u00famero de Vagas:\u00a0<\/strong>25<\/p>\n<p><strong>Ministrante:<\/strong> Rafael Gonzales Rocha &#8211; ESAF-RS<\/p>\n<p><strong>Per\u00edodo de realiza\u00e7\u00e3o:<\/strong> 19 a 21 de junho de 2017<\/p>\n<p><strong>Hor\u00e1rio:<\/strong> das 8 \u00e0s 12 horas e das 13h30min \u00e0s 17h30min<\/p>\n<p><strong>Local:\u00a0<\/strong><strong>Dias 19 e 21:\u00a0<\/strong><\/p>\n<p>Manh\u00e3: Audit\u00f3rio Acad\u00eamico<\/p>\n<p>Tarde Audit\u00f3rio Reitoria<\/p>\n<p><strong>Dia 20:<\/strong><\/p>\n<p>Manh\u00e3 e Tarde: Audit\u00f3rio da Reitoria.<\/p>\n<p>Campus Anglo &#8211; Rua Gomes Carneiro n\u00ba 1.<\/p>\n","protected":false},"excerpt":{"rendered":"<p>Modalidade: presencial Carga Hor\u00e1ria: 24\u00a0horas S\u00famula do programa:\u00a0 1- Legisla\u00e7\u00e3o e princ\u00edpios norteadores da licita\u00e7\u00e3o; Diferencia\u00e7\u00e3o entre obra e servi\u00e7os de engenharia; Modalidades de licita\u00e7\u00e3o; 2.a- Fase interna da licita\u00e7\u00e3o: Caracteriza\u00e7\u00e3o da obra; Projeto b\u00e1sico (Requisitos e Contrata\u00e7\u00e3o); Licen\u00e7as ambientais; Or\u00e7amento detalhado Pre\u00e7os; Projeto executivo; Previs\u00e3o de recursos or\u00e7ament\u00e1rios; 2.b- Fase externa da Licita\u00e7\u00e3o: Publica\u00e7\u00e3o [&hellip;]<\/p>\n","protected":false},"author":21,"featured_media":0,"parent":0,"menu_order":0,"comment_status":"closed","ping_status":"closed","template":"","meta":{"footnotes":""},"class_list":["post-11298","page","type-page","status-publish","hentry"],"_links":{"self":[{"href":"https:\/\/wp.ufpel.edu.br\/progep\/wp-json\/wp\/v2\/pages\/11298","targetHints":{"allow":["GET"]}}],"collection":[{"href":"https:\/\/wp.ufpel.edu.br\/progep\/wp-json\/wp\/v2\/pages"}],"about":[{"href":"https:\/\/wp.ufpel.edu.br\/progep\/wp-json\/wp\/v2\/types\/page"}],"author":[{"embeddable":true,"href":"https:\/\/wp.ufpel.edu.br\/progep\/wp-json\/wp\/v2\/users\/21"}],"replies":[{"embeddable":true,"href":"https:\/\/wp.ufpel.edu.br\/progep\/wp-json\/wp\/v2\/comments?post=11298"}],"version-history":[{"count":6,"href":"https:\/\/wp.ufpel.edu.br\/progep\/wp-json\/wp\/v2\/pages\/11298\/revisions"}],"predecessor-version":[{"id":33798,"href":"https:\/\/wp.ufpel.edu.br\/progep\/wp-json\/wp\/v2\/pages\/11298\/revisions\/33798"}],"wp:attachment":[{"href":"https:\/\/wp.ufpel.edu.br\/progep\/wp-json\/wp\/v2\/media?parent=11298"}],"curies":[{"name":"wp","href":"https:\/\/api.w.org\/{rel}","templated":true}]}}