{"id":11274,"date":"2017-05-31T18:03:20","date_gmt":"2017-05-31T21:03:20","guid":{"rendered":"https:\/\/wp.ufpel.edu.br\/progep\/?page_id=11274"},"modified":"2025-06-30T13:18:03","modified_gmt":"2025-06-30T16:18:03","slug":"curso-reequilibrio-economico-financeiro-reajuste-repactuacao-e-revisao-e-planilha-de-custos-e-formacao-de-precos-de-contratos-e-servicos-continuados-com-dedicacao-exclusiva-de-mao-de-obra","status":"publish","type":"page","link":"https:\/\/wp.ufpel.edu.br\/progep\/curso-reequilibrio-economico-financeiro-reajuste-repactuacao-e-revisao-e-planilha-de-custos-e-formacao-de-precos-de-contratos-e-servicos-continuados-com-dedicacao-exclusiva-de-mao-de-obra\/","title":{"rendered":"Capacita\u00e7\u00e3o: Curso: Reequil\u00edbrio econ\u00f4mico-financeiro (reajuste, repactua\u00e7\u00e3o e revis\u00e3o) e planilha de custos e forma\u00e7\u00e3o de pre\u00e7os de contratos e servi\u00e7os continuados com dedica\u00e7\u00e3o exclusiva de m\u00e3o de obra"},"content":{"rendered":"<p><strong>Modalidade:<\/strong> Presencial<\/p>\n<p><strong>Carga hor\u00e1ria:<\/strong> 30 horas<\/p>\n<p><strong>S\u00famula do Programa:<\/strong>\u00a0Defini\u00e7\u00e3o de servi\u00e7os continuados e terceiriza\u00e7\u00e3o; Hist\u00f3rico e cen\u00e1rio atual; An\u00e1lise e discuss\u00e3o da legisla\u00e7\u00e3o pertinente; Elabora\u00e7\u00e3o de planilha de custos e forma\u00e7\u00e3o de pre\u00e7os; Estudos de casos: contrata\u00e7\u00e3o de servi\u00e7o de limpeza e conserva\u00e7\u00e3o e de vigil\u00e2ncia; Principais altera\u00e7\u00f5es na IN 02 pela IN 06\/2013.P\u00fablico alvo: t\u00e9cnicos administrativos<\/p>\n<p><strong>P\u00fablico alvo:<\/strong> servidores indicados pela Pr\u00f3-Reitoria Administrativa.<\/p>\n<p><strong>N\u00famero de Vagas:<\/strong> 24 vagas<\/p>\n<p><strong>Ministrante:<\/strong> Maicon da Rosa Brasil<\/p>\n<p><strong>Per\u00edodo:<\/strong> De 26 de junho a 30 de junho<\/p>\n<p><strong>Hor\u00e1rio:\u00a0<\/strong>das 8 \u00e0s 12 horas e das 13h30min \u00e0s 17h30min, sendo que o in\u00edcio ser\u00e1 dia 26\/6, \u00e0s 13h30min. No dia 30\/6, somente no turno da manh\u00e3.<\/p>\n<p><strong>Local:<\/strong><\/p>\n<p>Manh\u00e3s no Laborat\u00f3rio do CLC, sala 107, Campus Anglo (Rua Gomes Carneiro, 01);<\/p>\n<p>Tardes:<\/p>\n<p>Segunda, dia 26\/6 \u2013 Salis Goulart sala 205 (Rua F\u00e9lix da Cunha n\u00ba 520 &#8211; entrada pela Rua Tiradentes)<\/p>\n<p>Ter\u00e7a, dia 27\/6 \u2013 sala 1 P\u00f3s-Gradua\u00e7\u00e3o da FAT, Campus Anglo, 4\u00ba piso<\/p>\n<p>Quarta, dia 28\/6 \u2013 Campus II, sala 307<\/p>\n<p>Quinta, dia 29\/6 &#8211; Salis Goulart sala 206<\/p>\n","protected":false},"excerpt":{"rendered":"<p>Modalidade: Presencial Carga hor\u00e1ria: 30 horas S\u00famula do Programa:\u00a0Defini\u00e7\u00e3o de servi\u00e7os continuados e terceiriza\u00e7\u00e3o; Hist\u00f3rico e cen\u00e1rio atual; An\u00e1lise e discuss\u00e3o da legisla\u00e7\u00e3o pertinente; Elabora\u00e7\u00e3o de planilha de custos e forma\u00e7\u00e3o de pre\u00e7os; Estudos de casos: contrata\u00e7\u00e3o de servi\u00e7o de limpeza e conserva\u00e7\u00e3o e de vigil\u00e2ncia; Principais altera\u00e7\u00f5es na IN 02 pela IN 06\/2013.P\u00fablico alvo: [&hellip;]<\/p>\n","protected":false},"author":21,"featured_media":0,"parent":0,"menu_order":0,"comment_status":"closed","ping_status":"closed","template":"","meta":{"footnotes":""},"class_list":["post-11274","page","type-page","status-publish","hentry"],"_links":{"self":[{"href":"https:\/\/wp.ufpel.edu.br\/progep\/wp-json\/wp\/v2\/pages\/11274","targetHints":{"allow":["GET"]}}],"collection":[{"href":"https:\/\/wp.ufpel.edu.br\/progep\/wp-json\/wp\/v2\/pages"}],"about":[{"href":"https:\/\/wp.ufpel.edu.br\/progep\/wp-json\/wp\/v2\/types\/page"}],"author":[{"embeddable":true,"href":"https:\/\/wp.ufpel.edu.br\/progep\/wp-json\/wp\/v2\/users\/21"}],"replies":[{"embeddable":true,"href":"https:\/\/wp.ufpel.edu.br\/progep\/wp-json\/wp\/v2\/comments?post=11274"}],"version-history":[{"count":3,"href":"https:\/\/wp.ufpel.edu.br\/progep\/wp-json\/wp\/v2\/pages\/11274\/revisions"}],"predecessor-version":[{"id":33797,"href":"https:\/\/wp.ufpel.edu.br\/progep\/wp-json\/wp\/v2\/pages\/11274\/revisions\/33797"}],"wp:attachment":[{"href":"https:\/\/wp.ufpel.edu.br\/progep\/wp-json\/wp\/v2\/media?parent=11274"}],"curies":[{"name":"wp","href":"https:\/\/api.w.org\/{rel}","templated":true}]}}