{"id":11259,"date":"2017-05-31T15:00:52","date_gmt":"2017-05-31T18:00:52","guid":{"rendered":"https:\/\/wp.ufpel.edu.br\/progep\/?page_id=11259"},"modified":"2025-08-20T17:29:48","modified_gmt":"2025-08-20T20:29:48","slug":"procedimentos-para-ingresso-cont-temporaria","status":"publish","type":"page","link":"https:\/\/wp.ufpel.edu.br\/progep\/procedimentos-para-ingresso-cont-temporaria\/","title":{"rendered":"Procedimentos para Ingresso &#8211; Contrata\u00e7\u00e3o Tempor\u00e1ria"},"content":{"rendered":"<p style=\"text-align: justify\"><strong>1) Providenciar o envio dos documentos abaixo relacionados conforme solicitado atrav\u00e9s do e-mail de convoca\u00e7\u00e3o e apresent\u00e1-los no dia da assinatura do contrato:<\/strong><\/p>\n<p style=\"text-align: justify\">\u2013 Certid\u00e3o de Nascimento ou Casamento\u00a0<strong>(cfe. estado civil)<\/strong>;<br \/>\n\u2013 Carteira de Identidade (RG);<br \/>\n\u2013 CPF;<br \/>\n\u2013 Carteira de Trabalho;<br \/>\n\u2013 PIS ou PASEP;<br \/>\n\u2013 T\u00edtulo de Eleitor;<br \/>\n\u2013 Quita\u00e7\u00e3o Eleitoral <strong>(comprovantes da \u00faltima elei\u00e7\u00e3o ou certid\u00e3o de quita\u00e7\u00e3o eleitoral, a qual poder\u00e1 ser obtida atrav\u00e9s do link <\/strong><a href=\"http:\/\/www.tse.jus.br\/eleitor\/servicos\/certidoes\/certidao-de-quitacao-eleitoral\"><strong>http:\/\/www.tse.jus.br\/eleitor\/servicos\/certidoes\/certidao-de-quitacao-eleitoral<\/strong><\/a><strong>)<\/strong>;<br \/>\n\u2013 Documento Militar\/Certificado de Reservista\u00a0<strong>(sexo masculino)<\/strong>;<br \/>\n\u2013 Comprovante da Escolaridade, conforme exig\u00eancia do Edital do Concurso;<br \/>\n\u2013 Comprovante de Resid\u00eancia atualizado (de um dos \u00faltimos 3 meses);<br \/>\n\u2013 Registro no Conselho competente\u00a0<strong>(se exigido em Edital)<\/strong>;<br \/>\n\u2013 Comprovante com os dados da conta sal\u00e1rio (c\u00f3pia do cart\u00e3o do banco ou do extrato);<br \/>\n\u2013 Protocolo do pedido de demiss\u00e3o (caso o ac\u00famulo de cargos n\u00e3o seja permitido por lei);<\/p>\n<p style=\"text-align: justify\">Caso possua dependentes:<br \/>\n\u2013 Certid\u00e3o de Nascimento dos Filhos menores de 21 anos (ou at\u00e9 24 anos, se comprovadamente estudante);<br \/>\n\u2013 CPF dos dependentes (inclusive beb\u00eas);<\/p>\n<p style=\"text-align: justify\"><strong>* Obs.: No dia da assinatura do contrato,\u00a0os documentos originais dever\u00e3o ser apresentados, a fim de comprovar a autenticidade dos mesmos.<\/strong><\/p>\n<p><b>2) A assinatura do contrato ser\u00e1 agendada ap\u00f3s a an\u00e1lise da documenta\u00e7\u00e3o realizada pelo <strong>N\u00facleo de Cadastro e Movimenta\u00e7\u00e3o de Pessoal &#8211; NUCAD (cadastro@ufpel.edu.br).<\/strong><\/b><\/p>\n<p style=\"text-align: justify\"><strong>3) Os Formul\u00e1rios de Admiss\u00e3o e os demais formul\u00e1rios abaixo relacionados dever\u00e3o ser preenchidos e enviados ao e-mail do NUCAD (<b>cadastro@ufpel.edu.br)<\/b>.<\/strong><\/p>\n<p>* Obs.: Para garantir a clareza e legibilidade dos dados, os formul\u00e1rios devem ser preenchidos de forma digitada. Aceitamos assinaturas eletr\u00f4nicas (via Gov.br) ou manuscritas (\u00e0 m\u00e3o livre).<\/p>\n<p><a href=\"https:\/\/wp.ufpel.edu.br\/progep\/files\/2025\/08\/Formularios-para-ingresso-2.doc\">3.1 Formul\u00e1rios de Admiss\u00e3o &#8211; Prof. Substituto\/Visitante<\/a><\/p>\n<p style=\"text-align: justify\"><a href=\"https:\/\/wp.ufpel.edu.br\/progep\/files\/2025\/08\/Acumulo-de-Cargo-2.doc\">3.2 Controle de Ac\u00famulo de Cargos (<span style=\"color: #ff0000\">preenchimento obrigat\u00f3rio<\/span>)<\/a><br \/>\na) caso exer\u00e7a atividade externa \u00e0 UFPel, dever\u00e1 ser apresentada declara\u00e7\u00e3o de autoridade competente da outra institui\u00e7\u00e3o\/empresa, com a discrimina\u00e7\u00e3o dos hor\u00e1rios de trabalho;<\/p>\n<p style=\"text-align: justify\">b) ao preencher o Anexo II, o(a) candidato(a) dever\u00e1 distribuir (<em>de acordo com sua disponibilidade<\/em>) o total das horas de contrato, conforme carga hor\u00e1ria para a qual ser\u00e1 contratado (<span style=\"color: #ff0000\">20h ou 40h, de acordo com o Edital<\/span>).<\/p>\n<p style=\"text-align: justify\">Ap\u00f3s o recebimento dos documentos, a Unidade Acad\u00eamica informar\u00e1 os hor\u00e1rios das atividades, e somente ap\u00f3s a an\u00e1lise de ambas as grades de hor\u00e1rios, o processo de contrata\u00e7\u00e3o prosseguir\u00e1, desde haja compatibilidade de hor\u00e1rios.<\/p>\n<p><a href=\"https:\/\/wp.ufpel.edu.br\/progep\/files\/2025\/08\/Cadastro-de-Dependentes-subst.doc\">3.3 Cadastro de dependentes<\/a><\/p>\n<p><a href=\"https:\/\/wp.ufpel.edu.br\/progep\/files\/2025\/08\/Declaracao-Lei-8745_93-Art.-9.docx\">3.4 Declara\u00e7\u00e3o Lei 8745\/93 &#8211; Art. 9 (preenchimento obrigat\u00f3rio)<\/a><\/p>\n<p><a href=\"https:\/\/wp.ufpel.edu.br\/progep\/files\/2025\/08\/Termo-de-Opcao-auxilio-alimentacao-2025.doc\">3.5 Termo de Op\u00e7\u00e3o do aux\u00edlio-alimenta\u00e7\u00e3o<\/a> &#8211; preencher <strong>somente<\/strong> se acumula cargos ou empregos p\u00fablicos ativos<\/p>\n<p><strong>4) <span style=\"background-color: #ffffff;color: #000000\">Pro<\/span><span style=\"color: #000000\"><span style=\"background-color: #ffffff\">videnciar <\/span>atestado de m\u00e9dico do trabalho externo \u00e0 UFPel. Os exames a serem apresentados ao M\u00e9dico do Trabalho ser\u00e3o aqueles exigidos por parte deste profissional. <\/span><\/strong><span style=\"color: #000000\">Obs.: tamb\u00e9m deve ser enviado por e-mail c\u00f3pia do atestado m\u00e9dico.<\/span><\/p>\n<p>Contatos do N\u00facleo de Cadastro e Movimenta\u00e7\u00e3o de Pessoal:<br \/>\nTelefones: (53) 3284-3976 e (53) 3284-3974<br \/>\nWhatsApp: (53) 3284-3974<br \/>\nE-mail: <a href=\"mailto:cadastro@ufpel.edu.br\">cadastro@ufpel.edu.br<\/a><\/p>\n<p>Endere\u00e7o: Rua Gomes Carneiro, 1 &#8211; Campus Porto &#8211; Sala 209A<\/p>\n<p><strong>D\u00favidas Frequentes:<\/strong><br \/>\n<strong>1) Caso eu n\u00e3o tenha PIS ou PASEP, o que devo fazer?<br \/>\n<\/strong>Caso voc\u00ea n\u00e3o tenha tido outro v\u00ednculo p\u00fablico ou privado e n\u00e3o conste o seu PIS na sua Carteira de Trabalho, a UFPel \u00e9 respons\u00e1vel por cadastrar o seu PASEP junto ao Banco do Brasil ap\u00f3s a entrega da documenta\u00e7\u00e3o.<\/p>\n<p><strong>2) Caso eu n\u00e3o possua nenhum bem registrado em meu nome, devo, mesmo assim, entregar a declara\u00e7\u00e3o de bens e valores?<br \/>\n<\/strong>Sim, a Declara\u00e7\u00e3o de Bens e Valores \u00e9 obrigat\u00f3ria para todos os ingressantes. Nesse caso, deve constar no corpo da declara\u00e7\u00e3o a express\u00e3o &#8220;Nada a declarar&#8221;.<\/p>\n<p><strong>3) Caso eu n\u00e3o eu n\u00e3o acumule cargo ou emprego p\u00fablico, devo, mesmo assim, entregar a declara\u00e7\u00e3o de ac\u00famulo de cargos?<br \/>\n<\/strong>Sim, o formul\u00e1rio de controle de ac\u00famulo de cargos \u00e9 obrigat\u00f3rio para todos os ingressantes. Nesse caso, deve ser assinalada a op\u00e7\u00e3o &#8220;n\u00e3o acumulo outros cargos e\/ou empregos p\u00fablicos&#8221;.<\/p>\n","protected":false},"excerpt":{"rendered":"<p>1) Providenciar o envio dos documentos abaixo relacionados conforme solicitado atrav\u00e9s do e-mail de convoca\u00e7\u00e3o e apresent\u00e1-los no dia da assinatura do contrato: \u2013 Certid\u00e3o de Nascimento ou Casamento\u00a0(cfe. estado civil); \u2013 Carteira de Identidade (RG); \u2013 CPF; \u2013 Carteira de Trabalho; \u2013 PIS ou PASEP; \u2013 T\u00edtulo de Eleitor; \u2013 Quita\u00e7\u00e3o Eleitoral (comprovantes da [&hellip;]<\/p>\n","protected":false},"author":52,"featured_media":0,"parent":0,"menu_order":0,"comment_status":"closed","ping_status":"closed","template":"","meta":{"footnotes":""},"class_list":["post-11259","page","type-page","status-publish","hentry"],"_links":{"self":[{"href":"https:\/\/wp.ufpel.edu.br\/progep\/wp-json\/wp\/v2\/pages\/11259","targetHints":{"allow":["GET"]}}],"collection":[{"href":"https:\/\/wp.ufpel.edu.br\/progep\/wp-json\/wp\/v2\/pages"}],"about":[{"href":"https:\/\/wp.ufpel.edu.br\/progep\/wp-json\/wp\/v2\/types\/page"}],"author":[{"embeddable":true,"href":"https:\/\/wp.ufpel.edu.br\/progep\/wp-json\/wp\/v2\/users\/52"}],"replies":[{"embeddable":true,"href":"https:\/\/wp.ufpel.edu.br\/progep\/wp-json\/wp\/v2\/comments?post=11259"}],"version-history":[{"count":3,"href":"https:\/\/wp.ufpel.edu.br\/progep\/wp-json\/wp\/v2\/pages\/11259\/revisions"}],"predecessor-version":[{"id":36061,"href":"https:\/\/wp.ufpel.edu.br\/progep\/wp-json\/wp\/v2\/pages\/11259\/revisions\/36061"}],"wp:attachment":[{"href":"https:\/\/wp.ufpel.edu.br\/progep\/wp-json\/wp\/v2\/media?parent=11259"}],"curies":[{"name":"wp","href":"https:\/\/api.w.org\/{rel}","templated":true}]}}