{"id":11193,"date":"2017-05-23T13:43:02","date_gmt":"2017-05-23T16:43:02","guid":{"rendered":"https:\/\/wp.ufpel.edu.br\/progep\/?page_id=11193"},"modified":"2025-06-30T13:17:47","modified_gmt":"2025-06-30T16:17:47","slug":"wordpress-institucional-ufpel-3a-edicao","status":"publish","type":"page","link":"https:\/\/wp.ufpel.edu.br\/progep\/wordpress-institucional-ufpel-3a-edicao\/","title":{"rendered":"Capacita\u00e7\u00e3o: WordPress Institucional UFPel &#8211; 3\u00aa edi\u00e7\u00e3o"},"content":{"rendered":"<p><strong>Modalidade:<\/strong> online (com 1 encontro presencial)<\/p>\n<p><strong>Per\u00edodo:<\/strong> 5 de junho a 14 de julho de 2017<\/p>\n<p><strong>Encontro Presencial:<\/strong> 14\/07\/2017, das 10 \u00e0s 12 horas<\/p>\n<p><strong>Local:<\/strong> Laborat\u00f3rio do CLC, sala 117, t\u00e9rreo do Campus Anglo<\/p>\n<p><strong>Carga Hor\u00e1ria:<\/strong> 40 horas<\/p>\n<p><strong>N\u00famero de vagas:<\/strong> 24<\/p>\n<p><strong>Sum\u00e1rio do programa:<\/strong> Introdu\u00e7\u00e3o ao WordPress Institucional. Estrutura\u00e7\u00e3o do site \u2013 P\u00e1ginas. Posts e categorias. Menus personalizados. Conte\u00fado multim\u00eddia. Widgets. Plugins. Tema Institucional UFPel<\/p>\n<p><strong>P\u00fablico alvo:<\/strong> servidores respons\u00e1veis pelos s\u00edtios eletr\u00f4nicos em cada Unidade da UFPel, indicados para a capacita\u00e7\u00e3o pelos respectivos gestores.<\/p>\n<p><strong>Ministrantes:<\/strong> Henrique Avila Vianna, Leandro Weige Dias e Thomas de Aguiar de Oliveira<\/p>\n<p><strong>Inscri\u00e7\u00f5es:<\/strong> as Unidades Acad\u00eamicas e Administrativas devem enviar a indica\u00e7\u00e3o dos servidores at\u00e9 o dia 26 de maio de 2017.<\/p>\n<p><strong>Divulga\u00e7\u00e3o das inscri\u00e7\u00f5es homologadas:<\/strong> 31 de maio de 2017, nesta p\u00e1gina.<\/p>\n<p><strong><span style=\"color: #ff6600\"><a style=\"color: #ff6600\" href=\"https:\/\/wp.ufpel.edu.br\/progep\/files\/2017\/05\/homologa_inscritos-1-4.pdf\">Listagem Inscri\u00e7\u00f5es Homologadas AQUI!<\/a><\/span><\/strong><\/p>\n","protected":false},"excerpt":{"rendered":"<p>Modalidade: online (com 1 encontro presencial) Per\u00edodo: 5 de junho a 14 de julho de 2017 Encontro Presencial: 14\/07\/2017, das 10 \u00e0s 12 horas Local: Laborat\u00f3rio do CLC, sala 117, t\u00e9rreo do Campus Anglo Carga Hor\u00e1ria: 40 horas N\u00famero de vagas: 24 Sum\u00e1rio do programa: Introdu\u00e7\u00e3o ao WordPress Institucional. Estrutura\u00e7\u00e3o do site \u2013 P\u00e1ginas. Posts [&hellip;]<\/p>\n","protected":false},"author":21,"featured_media":0,"parent":0,"menu_order":0,"comment_status":"closed","ping_status":"closed","template":"","meta":{"footnotes":""},"class_list":["post-11193","page","type-page","status-publish","hentry"],"_links":{"self":[{"href":"https:\/\/wp.ufpel.edu.br\/progep\/wp-json\/wp\/v2\/pages\/11193","targetHints":{"allow":["GET"]}}],"collection":[{"href":"https:\/\/wp.ufpel.edu.br\/progep\/wp-json\/wp\/v2\/pages"}],"about":[{"href":"https:\/\/wp.ufpel.edu.br\/progep\/wp-json\/wp\/v2\/types\/page"}],"author":[{"embeddable":true,"href":"https:\/\/wp.ufpel.edu.br\/progep\/wp-json\/wp\/v2\/users\/21"}],"replies":[{"embeddable":true,"href":"https:\/\/wp.ufpel.edu.br\/progep\/wp-json\/wp\/v2\/comments?post=11193"}],"version-history":[{"count":4,"href":"https:\/\/wp.ufpel.edu.br\/progep\/wp-json\/wp\/v2\/pages\/11193\/revisions"}],"predecessor-version":[{"id":33795,"href":"https:\/\/wp.ufpel.edu.br\/progep\/wp-json\/wp\/v2\/pages\/11193\/revisions\/33795"}],"wp:attachment":[{"href":"https:\/\/wp.ufpel.edu.br\/progep\/wp-json\/wp\/v2\/media?parent=11193"}],"curies":[{"name":"wp","href":"https:\/\/api.w.org\/{rel}","templated":true}]}}