{"id":11189,"date":"2017-05-11T11:29:26","date_gmt":"2017-05-11T14:29:26","guid":{"rendered":"https:\/\/wp.ufpel.edu.br\/progep\/?page_id=11189"},"modified":"2025-06-30T13:17:37","modified_gmt":"2025-06-30T16:17:37","slug":"curso-manejo-geral-e-bem-estar-em-bovinos-leiteiros","status":"publish","type":"page","link":"https:\/\/wp.ufpel.edu.br\/progep\/curso-manejo-geral-e-bem-estar-em-bovinos-leiteiros\/","title":{"rendered":"Capacita\u00e7\u00e3o:  Curso: Manejo geral e bem estar em bovinos leiteiros"},"content":{"rendered":"<p><strong>Modalidade:<\/strong> presencial<\/p>\n<p><strong>Carga Hor\u00e1ria:<\/strong> 30 horas<\/p>\n<p><strong>S\u00famula do programa:<\/strong> 1. Introdu\u00e7\u00e3o geral, sistemas de cria\u00e7\u00e3o; 2.S\u00edntese do leite, alimentos e alimenta\u00e7\u00e3o em bovinos de leite; 3. Manejo de ordenha e instala\u00e7\u00f5es; 4. Manejo Sanit\u00e1rio geral; 5. Bem estar, ambiente e conforto; 6. Manejo nutricional; 7. Manejo reprodutivo; 8. Manejo de terneiras, novilhas e avalia\u00e7\u00e3o.<\/p>\n<p><strong>P\u00fablico alvo:<\/strong> t\u00e9cnico-administrativos do Centro Agropecu\u00e1rio da Palma<\/p>\n<p><strong>N\u00famero de Vagas:<\/strong> 12<\/p>\n<p><strong>Ministrantes:<\/strong> Cassio Cassal Brauner e Rogerio Folha Bermudes<\/p>\n<p><strong>Per\u00edodo de realiza\u00e7\u00e3o:<\/strong> de 30 de maio a 27 de junho de 2017. (somente as ter\u00e7as e quintas-feiras)<\/p>\n<p><strong>Hor\u00e1rio:<\/strong> das 14 \u00e0s 18 horas<\/p>\n<p><strong>Local:<\/strong> Centro Agropecu\u00e1rio da Palma \u2013 CAP \u2013<\/p>\n<p><strong><span style=\"color: #ff6600\"><a style=\"color: #ff6600\" href=\"https:\/\/wp.ufpel.edu.br\/progep\/files\/2017\/05\/homologa_inscritos-3.pdf\">Listagem Inscri\u00e7\u00f5es Homologadas AQUI!<\/a><\/span><\/strong><\/p>\n","protected":false},"excerpt":{"rendered":"<p>Modalidade: presencial Carga Hor\u00e1ria: 30 horas S\u00famula do programa: 1. Introdu\u00e7\u00e3o geral, sistemas de cria\u00e7\u00e3o; 2.S\u00edntese do leite, alimentos e alimenta\u00e7\u00e3o em bovinos de leite; 3. Manejo de ordenha e instala\u00e7\u00f5es; 4. Manejo Sanit\u00e1rio geral; 5. Bem estar, ambiente e conforto; 6. Manejo nutricional; 7. Manejo reprodutivo; 8. Manejo de terneiras, novilhas e avalia\u00e7\u00e3o. P\u00fablico [&hellip;]<\/p>\n","protected":false},"author":21,"featured_media":0,"parent":0,"menu_order":0,"comment_status":"closed","ping_status":"closed","template":"","meta":{"footnotes":""},"class_list":["post-11189","page","type-page","status-publish","hentry"],"_links":{"self":[{"href":"https:\/\/wp.ufpel.edu.br\/progep\/wp-json\/wp\/v2\/pages\/11189","targetHints":{"allow":["GET"]}}],"collection":[{"href":"https:\/\/wp.ufpel.edu.br\/progep\/wp-json\/wp\/v2\/pages"}],"about":[{"href":"https:\/\/wp.ufpel.edu.br\/progep\/wp-json\/wp\/v2\/types\/page"}],"author":[{"embeddable":true,"href":"https:\/\/wp.ufpel.edu.br\/progep\/wp-json\/wp\/v2\/users\/21"}],"replies":[{"embeddable":true,"href":"https:\/\/wp.ufpel.edu.br\/progep\/wp-json\/wp\/v2\/comments?post=11189"}],"version-history":[{"count":4,"href":"https:\/\/wp.ufpel.edu.br\/progep\/wp-json\/wp\/v2\/pages\/11189\/revisions"}],"predecessor-version":[{"id":33794,"href":"https:\/\/wp.ufpel.edu.br\/progep\/wp-json\/wp\/v2\/pages\/11189\/revisions\/33794"}],"wp:attachment":[{"href":"https:\/\/wp.ufpel.edu.br\/progep\/wp-json\/wp\/v2\/media?parent=11189"}],"curies":[{"name":"wp","href":"https:\/\/api.w.org\/{rel}","templated":true}]}}