{"id":11166,"date":"2017-05-08T13:23:53","date_gmt":"2017-05-08T16:23:53","guid":{"rendered":"https:\/\/wp.ufpel.edu.br\/progep\/?page_id=11166"},"modified":"2025-06-30T13:16:58","modified_gmt":"2025-06-30T16:16:58","slug":"curso-formacao-de-professores-para-o-sistema-moodle-2","status":"publish","type":"page","link":"https:\/\/wp.ufpel.edu.br\/progep\/curso-formacao-de-professores-para-o-sistema-moodle-2\/","title":{"rendered":"Capacita\u00e7\u00e3o: Curso: Forma\u00e7\u00e3o de Professores para o Sistema Moodle"},"content":{"rendered":"<p><strong>Modalidade:<\/strong>\u00a0semi-presencial<\/p>\n<p><strong>Carga Hor\u00e1ria:<\/strong>\u00a040 horas<\/p>\n<p><strong>S\u00famula do Programa:<\/strong>\u00a01. Apresenta\u00e7\u00e3o (Infra-estrutura do EaD UFPel) e Equipe T\u00e9cnica; 2. O que \u00e9 Moodle?; 3. AVA do Ensino Presencial e AVA do Ensino a Dist\u00e2ncia; 4. Como criar uma conta no Moodle UFPel; 5. Como acessar o ambiente; 6. Como redefinir senhas; 7. Apresenta\u00e7\u00e3o do ambiente; 8. Atualiza\u00e7\u00e3o de perfil; 9. Requisi\u00e7\u00e3o de disciplinas e Identifica\u00e7\u00e3o das disciplinas; 10. Configura\u00e7\u00e3o de disciplina; 11. Gest\u00e3o de Grupos e Participantes; 12. Gest\u00e3o de f\u00f3rum; 13. Gest\u00e3o de tarefas; 14. Gest\u00e3o de recursos; 15. Gest\u00e3o de avalia\u00e7\u00f5es; 16. Backups, Restaura\u00e7\u00f5es e Reconfigura\u00e7\u00f5es de Disciplinas; 17. Sistema de Notas; 18. Integra\u00e7\u00e3o de m\u00eddias.<\/p>\n<p><strong>P\u00fablico alvo:<\/strong>\u00a0servidores em geral.<\/p>\n<p><strong>N\u00famero de Vagas:<\/strong>\u00a020<\/p>\n<p><strong>Ministrantes:<\/strong>\u00a0Jer\u00f4nimo Madruga e Rodrigo Padilha Silveira<\/p>\n<p><strong>Per\u00edodo dos encontros presenciais:<\/strong>\u00a0de 31 de maio a 28 de junho, somente \u00e0s quartas-feiras.<\/p>\n<p><strong>Hor\u00e1rio:<\/strong>\u00a0das 14 \u00e0s 18 horas<\/p>\n<p><strong>Local:<\/strong>\u00a0Sala 307 do laborat\u00f3rio de inform\u00e1tica CPED, rua Benjamin Constant, n\u00b0 989<\/p>\n<p><strong>Per\u00edodo de inscri\u00e7\u00e3o:<\/strong>\u00a008 de maio at\u00e9 25 de maio de 2017<\/p>\n<p><strong>Publica\u00e7\u00e3o das inscri\u00e7\u00f5es homologadas:<\/strong>\u00a026 de maio de 2017<\/p>\n<p><strong><span style=\"color: #ff6600\"><a style=\"color: #ff6600\" href=\"https:\/\/wp.ufpel.edu.br\/progep\/files\/2017\/05\/homologa_inscritos-1-3.pdf\">Listagem Inscri\u00e7\u00f5es Homologadas AQUI!<\/a><\/span><\/strong><\/p>\n<p>&nbsp;<\/p>\n","protected":false},"excerpt":{"rendered":"<p>Modalidade:\u00a0semi-presencial Carga Hor\u00e1ria:\u00a040 horas S\u00famula do Programa:\u00a01. Apresenta\u00e7\u00e3o (Infra-estrutura do EaD UFPel) e Equipe T\u00e9cnica; 2. O que \u00e9 Moodle?; 3. AVA do Ensino Presencial e AVA do Ensino a Dist\u00e2ncia; 4. Como criar uma conta no Moodle UFPel; 5. Como acessar o ambiente; 6. Como redefinir senhas; 7. Apresenta\u00e7\u00e3o do ambiente; 8. Atualiza\u00e7\u00e3o de [&hellip;]<\/p>\n","protected":false},"author":21,"featured_media":0,"parent":0,"menu_order":0,"comment_status":"closed","ping_status":"closed","template":"","meta":{"footnotes":""},"class_list":["post-11166","page","type-page","status-publish","hentry"],"_links":{"self":[{"href":"https:\/\/wp.ufpel.edu.br\/progep\/wp-json\/wp\/v2\/pages\/11166","targetHints":{"allow":["GET"]}}],"collection":[{"href":"https:\/\/wp.ufpel.edu.br\/progep\/wp-json\/wp\/v2\/pages"}],"about":[{"href":"https:\/\/wp.ufpel.edu.br\/progep\/wp-json\/wp\/v2\/types\/page"}],"author":[{"embeddable":true,"href":"https:\/\/wp.ufpel.edu.br\/progep\/wp-json\/wp\/v2\/users\/21"}],"replies":[{"embeddable":true,"href":"https:\/\/wp.ufpel.edu.br\/progep\/wp-json\/wp\/v2\/comments?post=11166"}],"version-history":[{"count":5,"href":"https:\/\/wp.ufpel.edu.br\/progep\/wp-json\/wp\/v2\/pages\/11166\/revisions"}],"predecessor-version":[{"id":33792,"href":"https:\/\/wp.ufpel.edu.br\/progep\/wp-json\/wp\/v2\/pages\/11166\/revisions\/33792"}],"wp:attachment":[{"href":"https:\/\/wp.ufpel.edu.br\/progep\/wp-json\/wp\/v2\/media?parent=11166"}],"curies":[{"name":"wp","href":"https:\/\/api.w.org\/{rel}","templated":true}]}}