{"id":11116,"date":"2017-05-02T11:41:27","date_gmt":"2017-05-02T14:41:27","guid":{"rendered":"https:\/\/wp.ufpel.edu.br\/progep\/?page_id=11116"},"modified":"2025-05-16T09:52:59","modified_gmt":"2025-05-16T12:52:59","slug":"ciclo-de-cinema-capacitando-servidores-pela-setima-arte","status":"publish","type":"page","link":"https:\/\/wp.ufpel.edu.br\/progep\/ciclo-de-cinema-capacitando-servidores-pela-setima-arte\/","title":{"rendered":"Capacita\u00e7\u00e3o: Ciclo de Cinema: capacitando servidores pela s\u00e9tima arte"},"content":{"rendered":"<p>Carga Hor\u00e1ria:\u00a04 horas por sess\u00e3o, totalizando 20 horas (5 sess\u00f5es)<\/p>\n<p>1\u00aa sess\u00e3o:\u00a025 de maio de 2017<\/p>\n<p>Hor\u00e1rio:\u00a0das 14 \u00e0s 18 horas<\/p>\n<p>Local:\u00a0Museu do Doce \u2013 Pra\u00e7a Cel. Pedro Os\u00f3rio n\u00ba 8, esquina Bar\u00e3o de Butu\u00ed<\/p>\n<p>Filme:\u00a0\u201cTerra Fria\u201d. A proje\u00e7\u00e3o ser\u00e1 seguida de um debate, buscando\u00a0uma reflex\u00e3o associada \u00e0s rela\u00e7\u00f5es de trabalho, tendo como debatedor convidado o Professor Guilherme Camargo Massa\u00fa.<\/p>\n<p>Sinopse do filme: Ap\u00f3s um casamento fracassado, Josey Aimes (Charlize Theron) retorna \u00e0 sua cidade natal, no Minnesota, em busca de emprego. M\u00e3e solteira e com dois filhos para sustentar, ela \u00e9 contratada pela principal fonte de empregos da regi\u00e3o: as minas de ferro, que sustentam a cidade h\u00e1 gera\u00e7\u00f5es. O trabalho \u00e9 duro, mas o sal\u00e1rio \u00e9 bom, o que compensa o esfor\u00e7o. Aos poucos as amizades conquistadas no trabalho passam a fazer parte do dia-a-dia de Josey, aproximando fam\u00edlias e vizinhos. Incentivada por Glory (Frances McDormand), uma das poucas mulheres da cidade que trabalha nas minas, Josey passa a trabalhar no grupo daqueles que penam para arrancar o min\u00e9rio das pedreiras. Ela est\u00e1 preparada para o trabalho duro e, \u00e0s vezes, perigoso, mas o que n\u00e3o esperava era sofrer com o ass\u00e9dio dos seus colegas de trabalho. Como ao reclamar do tratamento recebido \u00e9 ignorada, ela decide levar o caso \u00e0 justi\u00e7a.<\/p>\n<p>P\u00fablico alvo:\u00a0servidores em geral.<\/p>\n<p>N\u00famero de vagas:\u00a045<\/p>\n<p>Facilitadora:\u00a0Maria Angelica Scheidemandel Sieburger<\/p>\n<p>Per\u00edodo de Inscri\u00e7\u00f5es: 02 a 21 de maio de 2017 (*)<\/p>\n<p>Divulga\u00e7\u00e3o das inscri\u00e7\u00f5es homologadas:\u00a022 de maio de 2017, nesta p\u00e1gina.<\/p>\n<p>(*) Esse per\u00edodo destina-se\u00a0apenas \u00e0\u00a0primeira sess\u00e3o. A CDP abrir\u00e1 per\u00edodo de inscri\u00e7\u00f5es antes de cada proje\u00e7\u00e3o mensal, sendo que as pr\u00f3ximas sess\u00f5es est\u00e3o previstas para 29\/06\/2017; 27\/07\/2017; 28\/09\/2017; 26\/10\/2017.<\/p>\n<p><strong><span style=\"color: #ff6600\"><a style=\"color: #ff6600\" href=\"https:\/\/wp.ufpel.edu.br\/progep\/files\/2017\/05\/homologa_inscritos-.docx\">LISTAGEM FINAL &#8211; Inscri\u00e7\u00f5es Homologadas AQUI!<\/a><\/span><\/strong><\/p>\n","protected":false},"excerpt":{"rendered":"<p>Carga Hor\u00e1ria:\u00a04 horas por sess\u00e3o, totalizando 20 horas (5 sess\u00f5es) 1\u00aa sess\u00e3o:\u00a025 de maio de 2017 Hor\u00e1rio:\u00a0das 14 \u00e0s 18 horas Local:\u00a0Museu do Doce \u2013 Pra\u00e7a Cel. Pedro Os\u00f3rio n\u00ba 8, esquina Bar\u00e3o de Butu\u00ed Filme:\u00a0\u201cTerra Fria\u201d. A proje\u00e7\u00e3o ser\u00e1 seguida de um debate, buscando\u00a0uma reflex\u00e3o associada \u00e0s rela\u00e7\u00f5es de trabalho, tendo como debatedor convidado [&hellip;]<\/p>\n","protected":false},"author":21,"featured_media":0,"parent":0,"menu_order":0,"comment_status":"closed","ping_status":"closed","template":"","meta":{"footnotes":""},"class_list":["post-11116","page","type-page","status-publish","hentry"],"_links":{"self":[{"href":"https:\/\/wp.ufpel.edu.br\/progep\/wp-json\/wp\/v2\/pages\/11116","targetHints":{"allow":["GET"]}}],"collection":[{"href":"https:\/\/wp.ufpel.edu.br\/progep\/wp-json\/wp\/v2\/pages"}],"about":[{"href":"https:\/\/wp.ufpel.edu.br\/progep\/wp-json\/wp\/v2\/types\/page"}],"author":[{"embeddable":true,"href":"https:\/\/wp.ufpel.edu.br\/progep\/wp-json\/wp\/v2\/users\/21"}],"replies":[{"embeddable":true,"href":"https:\/\/wp.ufpel.edu.br\/progep\/wp-json\/wp\/v2\/comments?post=11116"}],"version-history":[{"count":12,"href":"https:\/\/wp.ufpel.edu.br\/progep\/wp-json\/wp\/v2\/pages\/11116\/revisions"}],"predecessor-version":[{"id":32586,"href":"https:\/\/wp.ufpel.edu.br\/progep\/wp-json\/wp\/v2\/pages\/11116\/revisions\/32586"}],"wp:attachment":[{"href":"https:\/\/wp.ufpel.edu.br\/progep\/wp-json\/wp\/v2\/media?parent=11116"}],"curies":[{"name":"wp","href":"https:\/\/api.w.org\/{rel}","templated":true}]}}