{"id":11081,"date":"2017-04-24T09:38:25","date_gmt":"2017-04-24T12:38:25","guid":{"rendered":"https:\/\/wp.ufpel.edu.br\/progep\/?page_id=11081"},"modified":"2025-05-16T09:54:25","modified_gmt":"2025-05-16T12:54:25","slug":"ciclo-de-palestras-mesa-redonda","status":"publish","type":"page","link":"https:\/\/wp.ufpel.edu.br\/progep\/ciclo-de-palestras-mesa-redonda\/","title":{"rendered":"Capacita\u00e7\u00e3o: Ciclo de Palestras \u2013 Mesa Redonda: &#8220;Inclus\u00e3o no Ensino Superior: desafios e possibilidades&#8221;"},"content":{"rendered":"<div><\/div>\n<div><strong>Palestrantes:<\/strong><\/div>\n<div>\n<p>Professora Dr\u00aa Rita de C\u00e1ssia Morem C\u00f3ssio Rodriguez e Professor Dr. Cl\u00e1udio Baptista Carle<\/p>\n<\/div>\n<div><\/div>\n<div><b>Ementa:<\/b> A proposta de mesa redonda intitulada &#8220;Inclus\u00e3o no Ensino Superior:\u00a0desafios e possibilidades&#8221; se insere como mais uma contribui\u00e7\u00e3o para o debate\u00a0acad\u00eamico e social a respeito dos processos de acesso e de perman\u00eancia dos\u00a0alunos cotistas e com necessidades educativas especiais nos cursos de gradua\u00e7\u00e3o\u00a0e de p\u00f3s-gradua\u00e7\u00e3o de nossa universidade.\u00a0Pretende-se que as reflex\u00f5es engendradas corroborem para a constru\u00e7\u00e3o de possibilidades\u00a0no que tange \u00e0\u00a0supera\u00e7\u00e3o das barreiras arquitet\u00f4nicas, pedag\u00f3gicas e de comunica\u00e7\u00e3o,\u00a0as quais desafiam a promo\u00e7\u00e3o da inclus\u00e3o em nosso meio universit\u00e1rio e social.<\/div>\n<p><strong>Data:<\/strong>\u00a020 de junho de 2017<\/p>\n<p><strong>Hor\u00e1rio:<\/strong>\u00a08h30min<\/p>\n<p><strong>Local:<\/strong> Audit\u00f3rio do Campus II, Rua Alm. Barroso n\u00ba 1202<\/p>\n<p><strong>Per\u00edodo de inscri\u00e7\u00f5es:<\/strong>\u00a002 a 13 de junho de 2017<\/p>\n<p><strong>Divulga\u00e7\u00e3o das inscri\u00e7\u00f5es homologadas:<\/strong>\u00a014 de junho de 2017, nesta p\u00e1gina.<\/p>\n<p><strong><span style=\"color: #ff6600\"><a style=\"color: #ff6600\" href=\"https:\/\/wp.ufpel.edu.br\/progep\/files\/2017\/06\/homologa_inscritos-.pdf\">Listagem Inscri\u00e7\u00f5es Homologadas AQUI!<\/a><\/span><\/strong><\/p>\n<p>&nbsp;<\/p>\n","protected":false},"excerpt":{"rendered":"<p>Palestrantes: Professora Dr\u00aa Rita de C\u00e1ssia Morem C\u00f3ssio Rodriguez e Professor Dr. Cl\u00e1udio Baptista Carle Ementa: A proposta de mesa redonda intitulada &#8220;Inclus\u00e3o no Ensino Superior:\u00a0desafios e possibilidades&#8221; se insere como mais uma contribui\u00e7\u00e3o para o debate\u00a0acad\u00eamico e social a respeito dos processos de acesso e de perman\u00eancia dos\u00a0alunos cotistas e com necessidades educativas especiais [&hellip;]<\/p>\n","protected":false},"author":21,"featured_media":0,"parent":0,"menu_order":0,"comment_status":"closed","ping_status":"closed","template":"","meta":{"footnotes":""},"class_list":["post-11081","page","type-page","status-publish","hentry"],"_links":{"self":[{"href":"https:\/\/wp.ufpel.edu.br\/progep\/wp-json\/wp\/v2\/pages\/11081","targetHints":{"allow":["GET"]}}],"collection":[{"href":"https:\/\/wp.ufpel.edu.br\/progep\/wp-json\/wp\/v2\/pages"}],"about":[{"href":"https:\/\/wp.ufpel.edu.br\/progep\/wp-json\/wp\/v2\/types\/page"}],"author":[{"embeddable":true,"href":"https:\/\/wp.ufpel.edu.br\/progep\/wp-json\/wp\/v2\/users\/21"}],"replies":[{"embeddable":true,"href":"https:\/\/wp.ufpel.edu.br\/progep\/wp-json\/wp\/v2\/comments?post=11081"}],"version-history":[{"count":11,"href":"https:\/\/wp.ufpel.edu.br\/progep\/wp-json\/wp\/v2\/pages\/11081\/revisions"}],"predecessor-version":[{"id":32599,"href":"https:\/\/wp.ufpel.edu.br\/progep\/wp-json\/wp\/v2\/pages\/11081\/revisions\/32599"}],"wp:attachment":[{"href":"https:\/\/wp.ufpel.edu.br\/progep\/wp-json\/wp\/v2\/media?parent=11081"}],"curies":[{"name":"wp","href":"https:\/\/api.w.org\/{rel}","templated":true}]}}