{"id":11079,"date":"2017-04-24T09:20:00","date_gmt":"2017-04-24T12:20:00","guid":{"rendered":"https:\/\/wp.ufpel.edu.br\/progep\/?page_id=11079"},"modified":"2025-06-30T13:16:26","modified_gmt":"2025-06-30T16:16:26","slug":"curso-espanol-basico-lectura-y-conversacion","status":"publish","type":"page","link":"https:\/\/wp.ufpel.edu.br\/progep\/curso-espanol-basico-lectura-y-conversacion\/","title":{"rendered":"Capacita\u00e7\u00e3o: Curso: Espa\u00f1ol B\u00e1sico \u2013 lectura y conversaci\u00f3n"},"content":{"rendered":"<p><strong>Modalidade:<\/strong> presencial<\/p>\n<p><strong>Carga Hor\u00e1ria:<\/strong> 60 horas<\/p>\n<p><strong>S\u00famula do Programa:<\/strong> Aspectos funcionais: 1. Saudar e apresentar-se; 2. Perguntar e responder a quest\u00f5es cotidianas; 3. Informar-se sobre a Universidade\u00a0 e a cidade; 4. Localizar-se no espa\u00e7o f\u00edsico. Aspectos lingu\u00edsticos: 1. Principais verbos regulares e irregulares; 2. Pronomes. 3. Per\u00edfrase. 4. Adv\u00e9rbios. 5. Subjuntivo.<\/p>\n<p><strong>P\u00fablico alvo:<\/strong> servidores em geral da UFPel<\/p>\n<p><strong><span style=\"background-color: #ffffff\">N\u00famero de Vagas:<\/span><\/strong> 25<\/p>\n<p><strong>Ministrantes:<\/strong> Javier Eduardo Silveira Luzardo<\/p>\n<p><strong>Per\u00edodo:<\/strong> 22\/05 a 10\/07\/2017 (somente segundas e quartas-feiras)<\/p>\n<p><strong>Hor\u00e1rio:<\/strong> das 8 \u00e0s 12 horas<\/p>\n<p><strong>Local:<\/strong> sala 205<strong> &#8211; <\/strong>Antigo\u00a0Salis Goulart &#8211; Rua F\u00e9lix da Cunha, 520. (entrada pela rua Tirandentes)<\/p>\n<p><strong>Per\u00edodo de inscri\u00e7\u00e3o:<\/strong> 24 de abril a 16 de maio de 2017<\/p>\n<p><strong>Publica\u00e7\u00e3o das inscri\u00e7\u00f5es homologadas:<\/strong> 17 de maio de 2017, nesta p\u00e1gina.<\/p>\n<p><strong><span style=\"color: #ff6600\"><a style=\"color: #ff6600\" href=\"https:\/\/wp.ufpel.edu.br\/progep\/files\/2017\/04\/homologa_inscritos-2.pdf\">Listagem Inscri\u00e7\u00f5es Homologadas AQUI!<\/a><\/span><\/strong><\/p>\n","protected":false},"excerpt":{"rendered":"<p>Modalidade: presencial Carga Hor\u00e1ria: 60 horas S\u00famula do Programa: Aspectos funcionais: 1. Saudar e apresentar-se; 2. Perguntar e responder a quest\u00f5es cotidianas; 3. Informar-se sobre a Universidade\u00a0 e a cidade; 4. Localizar-se no espa\u00e7o f\u00edsico. Aspectos lingu\u00edsticos: 1. Principais verbos regulares e irregulares; 2. Pronomes. 3. Per\u00edfrase. 4. Adv\u00e9rbios. 5. Subjuntivo. P\u00fablico alvo: servidores em [&hellip;]<\/p>\n","protected":false},"author":21,"featured_media":0,"parent":0,"menu_order":0,"comment_status":"closed","ping_status":"closed","template":"","meta":{"footnotes":""},"class_list":["post-11079","page","type-page","status-publish","hentry"],"_links":{"self":[{"href":"https:\/\/wp.ufpel.edu.br\/progep\/wp-json\/wp\/v2\/pages\/11079","targetHints":{"allow":["GET"]}}],"collection":[{"href":"https:\/\/wp.ufpel.edu.br\/progep\/wp-json\/wp\/v2\/pages"}],"about":[{"href":"https:\/\/wp.ufpel.edu.br\/progep\/wp-json\/wp\/v2\/types\/page"}],"author":[{"embeddable":true,"href":"https:\/\/wp.ufpel.edu.br\/progep\/wp-json\/wp\/v2\/users\/21"}],"replies":[{"embeddable":true,"href":"https:\/\/wp.ufpel.edu.br\/progep\/wp-json\/wp\/v2\/comments?post=11079"}],"version-history":[{"count":6,"href":"https:\/\/wp.ufpel.edu.br\/progep\/wp-json\/wp\/v2\/pages\/11079\/revisions"}],"predecessor-version":[{"id":33789,"href":"https:\/\/wp.ufpel.edu.br\/progep\/wp-json\/wp\/v2\/pages\/11079\/revisions\/33789"}],"wp:attachment":[{"href":"https:\/\/wp.ufpel.edu.br\/progep\/wp-json\/wp\/v2\/media?parent=11079"}],"curies":[{"name":"wp","href":"https:\/\/api.w.org\/{rel}","templated":true}]}}