{"id":10981,"date":"2017-04-07T11:42:20","date_gmt":"2017-04-07T14:42:20","guid":{"rendered":"https:\/\/wp.ufpel.edu.br\/progep\/?page_id=10981"},"modified":"2025-06-30T13:16:18","modified_gmt":"2025-06-30T16:16:18","slug":"oficina-raciocinio-quantitativo-3","status":"publish","type":"page","link":"https:\/\/wp.ufpel.edu.br\/progep\/oficina-raciocinio-quantitativo-3\/","title":{"rendered":"Capacita\u00e7\u00e3o:  Oficina Racioc\u00ednio Quantitativo"},"content":{"rendered":"<p><strong>Modalidade<\/strong>: presencial<\/p>\n<p><strong>Carga hor\u00e1ria<\/strong>: 20 horas<\/p>\n<p><strong>S\u00famula do Programa<\/strong>: Conjuntos e Opera\u00e7\u00f5es; Express\u00f5es e Equa\u00e7\u00f5es Alg\u00e9bricas; Sequ\u00eancias Num\u00e9ricas; Trigonometria, Logaritmo e Exponencial; Fun\u00e7\u00f5es; An\u00e1lise Combinat\u00f3ria; Matrizes e Determinantes; Geometria; Geometria Anal\u00edtica; Estat\u00edstica e Probabilidade; Matem\u00e1tica Financeira.<\/p>\n<p><strong>P\u00fablico alvo<\/strong>: servidores em geral, sendo que os temas a serem desenvolvidos nessa a\u00e7\u00e3o ter\u00e3o como base o teste da ANPAD, requisito do processo seletivo de ingresso ao PROFIAP \u2013 Mestrado Profissional em Administra\u00e7\u00e3o P\u00fablica.<\/p>\n<p><strong>N\u00famero de vagas<\/strong>: 30<\/p>\n<p><strong>Ministrante<\/strong>: Bianca Herreira Capilheira<\/p>\n<p><strong>Per\u00edodo<\/strong>: 5, 12, 19, 26\/maio e 2\/junho (sextas-feiras)<\/p>\n<p><strong>Hor\u00e1rio<\/strong>: das 13h30min \u00e0s 17h30min<\/p>\n<p><strong>Local<\/strong>:\u00a0Sala 103\u00a0Salis\u00a0Goulart (Rua F\u00e9lix da Cunha, n\u00ba 510 \/ Entrada pela Rua Tirandentes)<\/p>\n<p><strong>Per\u00edodo de inscri\u00e7\u00e3o<\/strong>: 7 a 24 de abril de 2017<\/p>\n<p><strong>Publica\u00e7\u00e3o das inscri\u00e7\u00f5es homologadas<\/strong>: 25 de abril de 2017, nesta p\u00e1gina.<\/p>\n<p><strong><span style=\"color: #ff6600\"><a style=\"color: #ff6600\" href=\"https:\/\/wp.ufpel.edu.br\/progep\/files\/2017\/04\/homologa_inscritos-quantitativo.pdf\">Listagem Inscri\u00e7\u00f5es Homologadas AQUI!<\/a><\/span><\/strong><\/p>\n<p>&nbsp;<\/p>\n","protected":false},"excerpt":{"rendered":"<p>Modalidade: presencial Carga hor\u00e1ria: 20 horas S\u00famula do Programa: Conjuntos e Opera\u00e7\u00f5es; Express\u00f5es e Equa\u00e7\u00f5es Alg\u00e9bricas; Sequ\u00eancias Num\u00e9ricas; Trigonometria, Logaritmo e Exponencial; Fun\u00e7\u00f5es; An\u00e1lise Combinat\u00f3ria; Matrizes e Determinantes; Geometria; Geometria Anal\u00edtica; Estat\u00edstica e Probabilidade; Matem\u00e1tica Financeira. P\u00fablico alvo: servidores em geral, sendo que os temas a serem desenvolvidos nessa a\u00e7\u00e3o ter\u00e3o como base o teste [&hellip;]<\/p>\n","protected":false},"author":21,"featured_media":0,"parent":0,"menu_order":0,"comment_status":"closed","ping_status":"closed","template":"","meta":{"footnotes":""},"class_list":["post-10981","page","type-page","status-publish","hentry"],"_links":{"self":[{"href":"https:\/\/wp.ufpel.edu.br\/progep\/wp-json\/wp\/v2\/pages\/10981","targetHints":{"allow":["GET"]}}],"collection":[{"href":"https:\/\/wp.ufpel.edu.br\/progep\/wp-json\/wp\/v2\/pages"}],"about":[{"href":"https:\/\/wp.ufpel.edu.br\/progep\/wp-json\/wp\/v2\/types\/page"}],"author":[{"embeddable":true,"href":"https:\/\/wp.ufpel.edu.br\/progep\/wp-json\/wp\/v2\/users\/21"}],"replies":[{"embeddable":true,"href":"https:\/\/wp.ufpel.edu.br\/progep\/wp-json\/wp\/v2\/comments?post=10981"}],"version-history":[{"count":5,"href":"https:\/\/wp.ufpel.edu.br\/progep\/wp-json\/wp\/v2\/pages\/10981\/revisions"}],"predecessor-version":[{"id":33787,"href":"https:\/\/wp.ufpel.edu.br\/progep\/wp-json\/wp\/v2\/pages\/10981\/revisions\/33787"}],"wp:attachment":[{"href":"https:\/\/wp.ufpel.edu.br\/progep\/wp-json\/wp\/v2\/media?parent=10981"}],"curies":[{"name":"wp","href":"https:\/\/api.w.org\/{rel}","templated":true}]}}