{"id":10977,"date":"2017-04-07T11:39:58","date_gmt":"2017-04-07T14:39:58","guid":{"rendered":"https:\/\/wp.ufpel.edu.br\/progep\/?page_id=10977"},"modified":"2025-06-30T13:16:02","modified_gmt":"2025-06-30T16:16:02","slug":"oficina-raciocinio-analitico-e-logico-2","status":"publish","type":"page","link":"https:\/\/wp.ufpel.edu.br\/progep\/oficina-raciocinio-analitico-e-logico-2\/","title":{"rendered":"Capacita\u00e7\u00e3o: Oficina Racioc\u00ednio Anal\u00edtico e L\u00f3gico"},"content":{"rendered":"<p style=\"background: white\"><span style=\"font-size: 10.0pt;font-family: 'Verdana','sans-serif';color: #333333\"><strong>Modalidade<\/strong>: presencial<\/span><\/p>\n<p style=\"background: white\"><span style=\"font-size: 10.0pt;font-family: 'Verdana','sans-serif';color: #333333\"><strong>Carga hor\u00e1ria<\/strong>: 20 horas<\/span><\/p>\n<p style=\"background: white\"><span style=\"font-size: 10.0pt;font-family: 'Verdana','sans-serif';color: #333333\"><strong>S\u00famula do programa<\/strong>: L\u00f3gica e Racioc\u00ednio L\u00f3gico; Proposi\u00e7\u00f5es\/Conectivos; Opera\u00e7\u00f5es l\u00f3gicas sobre proposi\u00e7\u00f5es; Tabelas-verdade de Proposi\u00e7\u00f5es Compostas; Equival\u00eancias e Implica\u00e7\u00f5es L\u00f3gicas; Argumentos; Senten\u00e7as Abertas e Opera\u00e7\u00f5es; Quantificadores; Racioc\u00ednio Anal\u00edtico.<\/span><\/p>\n<p style=\"background: white\"><span style=\"font-size: 10.0pt;font-family: 'Verdana','sans-serif';color: #333333\"><strong>P\u00fablico alvo<\/strong>: servidores em geral, sendo que os temas a serem desenvolvidos nessa a\u00e7\u00e3o ter\u00e3o como base o teste da ANPAD, requisito do processo seletivo de ingresso ao PROFIAP \u2013 Mestrado Profissional em Administra\u00e7\u00e3o P\u00fablica.<\/span><\/p>\n<p style=\"background: white\"><span style=\"font-size: 10.0pt;font-family: 'Verdana','sans-serif';color: #333333\"><strong>N\u00famero de vagas<\/strong>: 25<\/span><\/p>\n<p style=\"background: white\"><span style=\"font-size: 10.0pt;font-family: 'Verdana','sans-serif';color: #333333\"><strong>Ministrante<\/strong>: Samantha Pinto da Silva<\/span><\/p>\n<p><span style=\"font-size: 10.0pt;font-family: 'Verdana','sans-serif';color: #333333\"><strong>Per\u00edodo<\/strong>: <\/span><span style=\"font-size: 10.0pt;font-family: 'Verdana','sans-serif';color: black\">27\/04 e 4, 11, 18 e 25\/05\/2017 (quintas-feiras)<\/span><\/p>\n<p style=\"background: white\"><span style=\"font-size: 10.0pt;font-family: 'Verdana','sans-serif';color: #333333\"><strong>Hor\u00e1rio<\/strong>: das 8h30min \u00e0s 12h30min<\/span><\/p>\n<p style=\"background: white\"><span style=\"font-size: 10.0pt;font-family: 'Verdana','sans-serif'\"><strong>Local<\/strong>: sala 1 da P\u00f3s-Gradua\u00e7\u00e3o da FAT \u2013 4\u00ba andar \u2013 Campus Anglo<\/span><\/p>\n<p style=\"background: white\"><span style=\"font-size: 10.0pt;font-family: 'Verdana','sans-serif'\"><strong>Per\u00edodo de inscri\u00e7\u00e3o<\/strong>: 7 a 24 de abril de 2017<\/span><\/p>\n<p style=\"background: white\"><span style=\"font-size: 10.0pt;font-family: 'Verdana','sans-serif'\"><strong>Publica\u00e7\u00e3o das inscri\u00e7\u00f5es homologadas<\/strong>: 25 de abril de 2017, nesta p\u00e1gina.<\/span><\/p>\n<p style=\"background: white\"><strong><span style=\"color: #ff6600\"><a style=\"color: #ff6600\" href=\"https:\/\/wp.ufpel.edu.br\/progep\/files\/2017\/04\/homologa_inscritos-analitico-e-logico.pdf\">Listagem Inscri\u00e7\u00f5es Homologadas AQUI!<\/a><\/span><\/strong><\/p>\n","protected":false},"excerpt":{"rendered":"<p>Modalidade: presencial Carga hor\u00e1ria: 20 horas S\u00famula do programa: L\u00f3gica e Racioc\u00ednio L\u00f3gico; Proposi\u00e7\u00f5es\/Conectivos; Opera\u00e7\u00f5es l\u00f3gicas sobre proposi\u00e7\u00f5es; Tabelas-verdade de Proposi\u00e7\u00f5es Compostas; Equival\u00eancias e Implica\u00e7\u00f5es L\u00f3gicas; Argumentos; Senten\u00e7as Abertas e Opera\u00e7\u00f5es; Quantificadores; Racioc\u00ednio Anal\u00edtico. P\u00fablico alvo: servidores em geral, sendo que os temas a serem desenvolvidos nessa a\u00e7\u00e3o ter\u00e3o como base o teste da ANPAD, [&hellip;]<\/p>\n","protected":false},"author":21,"featured_media":0,"parent":0,"menu_order":0,"comment_status":"closed","ping_status":"closed","template":"","meta":{"footnotes":""},"class_list":["post-10977","page","type-page","status-publish","hentry"],"_links":{"self":[{"href":"https:\/\/wp.ufpel.edu.br\/progep\/wp-json\/wp\/v2\/pages\/10977","targetHints":{"allow":["GET"]}}],"collection":[{"href":"https:\/\/wp.ufpel.edu.br\/progep\/wp-json\/wp\/v2\/pages"}],"about":[{"href":"https:\/\/wp.ufpel.edu.br\/progep\/wp-json\/wp\/v2\/types\/page"}],"author":[{"embeddable":true,"href":"https:\/\/wp.ufpel.edu.br\/progep\/wp-json\/wp\/v2\/users\/21"}],"replies":[{"embeddable":true,"href":"https:\/\/wp.ufpel.edu.br\/progep\/wp-json\/wp\/v2\/comments?post=10977"}],"version-history":[{"count":6,"href":"https:\/\/wp.ufpel.edu.br\/progep\/wp-json\/wp\/v2\/pages\/10977\/revisions"}],"predecessor-version":[{"id":33785,"href":"https:\/\/wp.ufpel.edu.br\/progep\/wp-json\/wp\/v2\/pages\/10977\/revisions\/33785"}],"wp:attachment":[{"href":"https:\/\/wp.ufpel.edu.br\/progep\/wp-json\/wp\/v2\/media?parent=10977"}],"curies":[{"name":"wp","href":"https:\/\/api.w.org\/{rel}","templated":true}]}}