{"id":10063,"date":"2016-09-06T10:53:52","date_gmt":"2016-09-06T13:53:52","guid":{"rendered":"https:\/\/wp.ufpel.edu.br\/progep\/?page_id=10063"},"modified":"2017-04-06T12:21:20","modified_gmt":"2017-04-06T15:21:20","slug":"curso-seguranca-em-laboratorio","status":"publish","type":"page","link":"https:\/\/wp.ufpel.edu.br\/progep\/curso-seguranca-em-laboratorio\/","title":{"rendered":"Curso: Seguran\u00e7a em Laborat\u00f3rio"},"content":{"rendered":"<p><strong>Modalidade:<\/strong> presencial<\/p>\n<p><strong>Carga hor\u00e1ria:<\/strong> 60 horas<\/p>\n<p><strong>Per\u00edodo\/turnos:<\/strong> entre 21 de setembro de 2016 a 24 de abril de 2017<\/p>\n<p><strong>Hor\u00e1rios:<\/strong> M (manh\u00e3) &#8211; das 8 \u00e0s 12 horas e T (tarde) &#8211; das 14 \u00e0s 18 horas<\/p>\n<p><strong>Locais:<\/strong>\u00a0Campus Anglo<\/p>\n<p><strong>Sum\u00e1rio do Programa:<\/strong> Seguran\u00e7a do Trabalho: defini\u00e7\u00f5es b\u00e1sicas e legisla\u00e7\u00e3o; Biosseguran\u00e7a; Produtos Qu\u00edmicos Perigosos &#8211; classifica\u00e7\u00e3o e\u00a0rotulagem; Meio Ambiente, Gest\u00e3o Ambiental e Sustentabilidade; Gest\u00e3o de Res\u00edduos na UFPel; Introdu\u00e7\u00e3o a Primeiros Socorros.<\/p>\n<p><strong>P\u00fablico alvo:<\/strong> servidores que atuam em laborat\u00f3rios.<\/p>\n<p><strong>N\u00famero de vagas:<\/strong> 25<\/p>\n<p><strong>Ministrantes:\u00a0<\/strong>Carine Dahl Corsini, \u00c9rico Kunde Corr\u00eaa,\u00a0Wilhelm Martin Wallau,\u00a0Franco Goulart Knuth,\u00a0Wilson Alves Colvara,\u00a0Norlai Alves Azevedo<\/p>\n<p><strong>Per\u00edodo de inscri\u00e7\u00e3o:<\/strong>\u00a06 a 14 de setembro de 2016<\/p>\n<p><strong>Homologa\u00e7\u00e3o das inscri\u00e7\u00f5es:<\/strong>\u00a015 de setembro de 2016, nesta p\u00e1gina.<\/p>\n<p><span style=\"color: #ff6600\"><strong><a style=\"color: #ff6600\" href=\"https:\/\/wp.ufpel.edu.br\/progep\/files\/2016\/09\/homologa_inscritos_seguranca_Laboratorio.pdf\">Listagem Inscri\u00e7\u00f5es Homologadas AQUI!<\/a><\/strong><\/span><\/p>\n","protected":false},"excerpt":{"rendered":"<p>Modalidade: presencial Carga hor\u00e1ria: 60 horas Per\u00edodo\/turnos: entre 21 de setembro de 2016 a 24 de abril de 2017 Hor\u00e1rios: M (manh\u00e3) &#8211; das 8 \u00e0s 12 horas e T (tarde) &#8211; das 14 \u00e0s 18 horas Locais:\u00a0Campus Anglo Sum\u00e1rio do Programa: Seguran\u00e7a do Trabalho: defini\u00e7\u00f5es b\u00e1sicas e legisla\u00e7\u00e3o; Biosseguran\u00e7a; Produtos Qu\u00edmicos Perigosos &#8211; classifica\u00e7\u00e3o [&hellip;]<\/p>\n","protected":false},"author":21,"featured_media":0,"parent":0,"menu_order":0,"comment_status":"closed","ping_status":"closed","template":"","meta":{"footnotes":""},"class_list":["post-10063","page","type-page","status-publish","hentry"],"_links":{"self":[{"href":"https:\/\/wp.ufpel.edu.br\/progep\/wp-json\/wp\/v2\/pages\/10063","targetHints":{"allow":["GET"]}}],"collection":[{"href":"https:\/\/wp.ufpel.edu.br\/progep\/wp-json\/wp\/v2\/pages"}],"about":[{"href":"https:\/\/wp.ufpel.edu.br\/progep\/wp-json\/wp\/v2\/types\/page"}],"author":[{"embeddable":true,"href":"https:\/\/wp.ufpel.edu.br\/progep\/wp-json\/wp\/v2\/users\/21"}],"replies":[{"embeddable":true,"href":"https:\/\/wp.ufpel.edu.br\/progep\/wp-json\/wp\/v2\/comments?post=10063"}],"version-history":[{"count":8,"href":"https:\/\/wp.ufpel.edu.br\/progep\/wp-json\/wp\/v2\/pages\/10063\/revisions"}],"predecessor-version":[{"id":10959,"href":"https:\/\/wp.ufpel.edu.br\/progep\/wp-json\/wp\/v2\/pages\/10063\/revisions\/10959"}],"wp:attachment":[{"href":"https:\/\/wp.ufpel.edu.br\/progep\/wp-json\/wp\/v2\/media?parent=10063"}],"curies":[{"name":"wp","href":"https:\/\/api.w.org\/{rel}","templated":true}]}}