{"id":10053,"date":"2016-09-05T12:46:47","date_gmt":"2016-09-05T15:46:47","guid":{"rendered":"https:\/\/wp.ufpel.edu.br\/progep\/?page_id=10053"},"modified":"2025-05-16T09:54:34","modified_gmt":"2025-05-16T12:54:34","slug":"ciclo-de-palestras-o-papel-do-servidor-frente-as-oportunidades-da-extensao-universitaria","status":"publish","type":"page","link":"https:\/\/wp.ufpel.edu.br\/progep\/ciclo-de-palestras-o-papel-do-servidor-frente-as-oportunidades-da-extensao-universitaria\/","title":{"rendered":"Capacita\u00e7\u00e3o: Ciclo de Palestras: \u201cO papel do servidor frente \u00e0s oportunidades da extens\u00e3o universit\u00e1ria\u201d"},"content":{"rendered":"<p><span style=\"font-family: georgia, palatino, serif;font-size: 12pt\"><strong>Data<\/strong>: 23\u00a0de setembro de 2016<\/span><\/p>\n<p><span style=\"font-size: 12pt;font-family: georgia, palatino, serif\"><strong>Local<\/strong>:\u00a0<\/span>Audit\u00f3rio da Reitoria, Campus Porto, Rua Gomes Carneiro n\u00ba 1, 4\u00ba\u00a0andar.<\/p>\n<p><span style=\"font-size: 12pt;font-family: georgia, palatino, serif\"><strong>Hor\u00e1rio<\/strong>: 9 horas<\/span><\/p>\n<p><span style=\"font-size: 12pt;font-family: georgia, palatino, serif\"><strong>Ementa<\/strong>: A mesa-redonda se prop\u00f5e a dialogar sobre\u00a0<\/span>a import\u00e2ncia da constru\u00e7\u00e3o, do registro e da execu\u00e7\u00e3o de projetos e de programas na \u00e1rea da extens\u00e3o. Ser\u00e1 abordado a relev\u00e2ncia da atua\u00e7\u00e3o dos servidores para a amplia\u00e7\u00e3o, a diversifica\u00e7\u00e3o e a difus\u00e3o da extens\u00e3o universit\u00e1ria em nossa comunidade local.<\/p>\n<p><span style=\"font-size: 12pt;font-family: georgia, palatino, serif\"><strong>Debatedores<\/strong>:\u00a0Prof\u00aa. Dra. Denise Marcos Bussoletti,\u00a0TAE Tais Ullrich Fonseca,\u00a0Prof. Carlos Alberto Oliveira da Silva, Prof. Dr. Evandro Piva.<\/span><\/p>\n<p><span style=\"font-size: 12pt;font-family: georgia, palatino, serif\"><strong>Reabertura de inscri\u00e7\u00f5es<\/strong>: at\u00e9 21\u00a0de setembro de 2016 (9 horas).<\/span><\/p>\n<p><span style=\"font-size: 12pt;font-family: georgia, palatino, serif\"><strong>Divulga\u00e7\u00e3o das Inscri\u00e7\u00f5es Homologadas<\/strong>: 21\u00a0de setembro de 2016, nesta p\u00e1gina.<\/span><\/p>\n<p><strong><em>Observa\u00e7\u00f5es:<\/em><\/strong><\/p>\n<p>O Ciclo Anual de Palestras para Servidores possui certifica\u00e7\u00e3o m\u00ednima de 20 horas para docentes e t\u00e9cnico-administrativos, e, mediante solicita\u00e7\u00e3o, poder\u00e1 ser expedido atestado de cada palestra.<\/p>\n<p>Diante da impossibilidade de realiza\u00e7\u00e3o das palestras previstas no Ciclo Anual de Palestras de 2015 por motivo do movimento grevista, os servidores que desejarem poder\u00e3o complementar as 20 horas no Ciclo de 2016, ou, participando deste novo ciclo, obter carga hor\u00e1ria aumentada conforme participa\u00e7\u00e3o no ano corrente. A certifica\u00e7\u00e3o ser\u00e1 emitida conforme a necessidade do servidor.<\/p>\n<p><span style=\"font-size: 14pt;color: #ff6600\"><strong><a style=\"color: #ff6600\" href=\"https:\/\/wp.ufpel.edu.br\/progep\/files\/2016\/09\/homologa_inscritos.pdf\">Listagem inscri\u00e7\u00f5es homologadas ap\u00f3s reabertura de inscri\u00e7\u00f5es!<\/a><\/strong><\/span><\/p>\n<p>&nbsp;<\/p>\n<p>&nbsp;<\/p>\n<p>&nbsp;<\/p>\n","protected":false},"excerpt":{"rendered":"<p>Data: 23\u00a0de setembro de 2016 Local:\u00a0Audit\u00f3rio da Reitoria, Campus Porto, Rua Gomes Carneiro n\u00ba 1, 4\u00ba\u00a0andar. Hor\u00e1rio: 9 horas Ementa: A mesa-redonda se prop\u00f5e a dialogar sobre\u00a0a import\u00e2ncia da constru\u00e7\u00e3o, do registro e da execu\u00e7\u00e3o de projetos e de programas na \u00e1rea da extens\u00e3o. Ser\u00e1 abordado a relev\u00e2ncia da atua\u00e7\u00e3o dos servidores para a amplia\u00e7\u00e3o, [&hellip;]<\/p>\n","protected":false},"author":21,"featured_media":0,"parent":0,"menu_order":0,"comment_status":"closed","ping_status":"closed","template":"","meta":{"footnotes":""},"class_list":["post-10053","page","type-page","status-publish","hentry"],"_links":{"self":[{"href":"https:\/\/wp.ufpel.edu.br\/progep\/wp-json\/wp\/v2\/pages\/10053","targetHints":{"allow":["GET"]}}],"collection":[{"href":"https:\/\/wp.ufpel.edu.br\/progep\/wp-json\/wp\/v2\/pages"}],"about":[{"href":"https:\/\/wp.ufpel.edu.br\/progep\/wp-json\/wp\/v2\/types\/page"}],"author":[{"embeddable":true,"href":"https:\/\/wp.ufpel.edu.br\/progep\/wp-json\/wp\/v2\/users\/21"}],"replies":[{"embeddable":true,"href":"https:\/\/wp.ufpel.edu.br\/progep\/wp-json\/wp\/v2\/comments?post=10053"}],"version-history":[{"count":11,"href":"https:\/\/wp.ufpel.edu.br\/progep\/wp-json\/wp\/v2\/pages\/10053\/revisions"}],"predecessor-version":[{"id":33779,"href":"https:\/\/wp.ufpel.edu.br\/progep\/wp-json\/wp\/v2\/pages\/10053\/revisions\/33779"}],"wp:attachment":[{"href":"https:\/\/wp.ufpel.edu.br\/progep\/wp-json\/wp\/v2\/media?parent=10053"}],"curies":[{"name":"wp","href":"https:\/\/api.w.org\/{rel}","templated":true}]}}