{"id":10045,"date":"2016-09-05T12:07:55","date_gmt":"2016-09-05T15:07:55","guid":{"rendered":"https:\/\/wp.ufpel.edu.br\/progep\/?page_id=10045"},"modified":"2025-06-30T13:12:03","modified_gmt":"2025-06-30T16:12:03","slug":"elaboracao-de-termo-de-referencia-e-projetos-basicos","status":"publish","type":"page","link":"https:\/\/wp.ufpel.edu.br\/progep\/elaboracao-de-termo-de-referencia-e-projetos-basicos\/","title":{"rendered":"Capacita\u00e7\u00e3o: Curso Elabora\u00e7\u00e3o de Termo de Refer\u00eancia e Projetos B\u00e1sicos"},"content":{"rendered":"<p><span style=\"font-size: 12pt\"><strong>Modalidade<\/strong>: Presencial<\/span><\/p>\n<p><span style=\"font-size: 12pt\"><strong>Per\u00edodo<\/strong>: 22 e 23 de setembro de 2016<\/span><\/p>\n<p><span style=\"font-size: 12pt\"><strong>Hor\u00e1rio<\/strong>: das 8h30min \u00e0s 12h e das 13h30min \u00e0s 18h<\/span><\/p>\n<p><span style=\"font-size: 12pt\"><strong>Local<\/strong>:\u00a0sala 1 do pr\u00e9dio da antiga Canguru Embalagens &#8211; Rua Lobo da Costa n\u00ba 1877 \u2013 Bairro Centro<\/span><\/p>\n<p><span style=\"font-size: 12pt\"><strong>Sum\u00e1rio do Programa<\/strong>: O processo de contrata\u00e7\u00e3o na Administra\u00e7\u00e3o P\u00fablica e Projeto B\u00e1sico ou Termo de Refer\u00eancia.<\/span><\/p>\n<p><span style=\"font-size: 12pt\"><strong>P\u00fablico Alvo<\/strong>:\u00a0servidores que desempenham nas unidades administrativas e acad\u00eamicas tarefas relacionadas a pedidos de servi\u00e7os\/contrata\u00e7\u00f5es e servidores da Coordena\u00e7\u00e3o de Material e Patrim\u00f4nio.<\/span><\/p>\n<p><span style=\"font-size: 12pt\"><strong>N\u00famero de vagas<\/strong>: 25<\/span><\/p>\n<p><span style=\"font-size: 12pt\"><strong>Ministrante<\/strong>: ESAF<\/span><\/p>\n<p><strong><span style=\"font-size: 14pt;color: #ff6600\"><a style=\"color: #ff6600\" href=\"https:\/\/wp.ufpel.edu.br\/progep\/files\/2016\/09\/homologa_inscritos_-1.pdf\">Listagem homologados AQUI!<\/a><\/span><\/strong><\/p>\n<p>&nbsp;<\/p>\n","protected":false},"excerpt":{"rendered":"<p>Modalidade: Presencial Per\u00edodo: 22 e 23 de setembro de 2016 Hor\u00e1rio: das 8h30min \u00e0s 12h e das 13h30min \u00e0s 18h Local:\u00a0sala 1 do pr\u00e9dio da antiga Canguru Embalagens &#8211; Rua Lobo da Costa n\u00ba 1877 \u2013 Bairro Centro Sum\u00e1rio do Programa: O processo de contrata\u00e7\u00e3o na Administra\u00e7\u00e3o P\u00fablica e Projeto B\u00e1sico ou Termo de Refer\u00eancia. [&hellip;]<\/p>\n","protected":false},"author":21,"featured_media":0,"parent":0,"menu_order":0,"comment_status":"closed","ping_status":"closed","template":"","meta":{"footnotes":""},"class_list":["post-10045","page","type-page","status-publish","hentry"],"_links":{"self":[{"href":"https:\/\/wp.ufpel.edu.br\/progep\/wp-json\/wp\/v2\/pages\/10045","targetHints":{"allow":["GET"]}}],"collection":[{"href":"https:\/\/wp.ufpel.edu.br\/progep\/wp-json\/wp\/v2\/pages"}],"about":[{"href":"https:\/\/wp.ufpel.edu.br\/progep\/wp-json\/wp\/v2\/types\/page"}],"author":[{"embeddable":true,"href":"https:\/\/wp.ufpel.edu.br\/progep\/wp-json\/wp\/v2\/users\/21"}],"replies":[{"embeddable":true,"href":"https:\/\/wp.ufpel.edu.br\/progep\/wp-json\/wp\/v2\/comments?post=10045"}],"version-history":[{"count":6,"href":"https:\/\/wp.ufpel.edu.br\/progep\/wp-json\/wp\/v2\/pages\/10045\/revisions"}],"predecessor-version":[{"id":33778,"href":"https:\/\/wp.ufpel.edu.br\/progep\/wp-json\/wp\/v2\/pages\/10045\/revisions\/33778"}],"wp:attachment":[{"href":"https:\/\/wp.ufpel.edu.br\/progep\/wp-json\/wp\/v2\/media?parent=10045"}],"curies":[{"name":"wp","href":"https:\/\/api.w.org\/{rel}","templated":true}]}}