{"id":2,"date":"2016-06-27T08:50:44","date_gmt":"2016-06-27T11:50:44","guid":{"rendered":"https:\/\/wp.ufpel.edu.br\/profpassos\/?page_id=2"},"modified":"2016-08-26T01:18:19","modified_gmt":"2016-08-26T04:18:19","slug":"marcelo-ol-passos","status":"publish","type":"page","link":"https:\/\/wp.ufpel.edu.br\/profpassos\/marcelo-ol-passos\/","title":{"rendered":"Marcelo de Oliveira Passos"},"content":{"rendered":"<p>Bem-vindo ao site do Prof. Marcelo de Oliveira Passos!<\/p>\n<p>Aqui voc\u00ea encontrar\u00e1 em breve:<\/p>\n<ul>\n<li>O material did\u00e1tico utilizado em sala de aula (notas de aula e arquivos dos programas Mathematica e R);<\/li>\n<li>Meus textos para discuss\u00e3o;<\/li>\n<li>Os links para minhas v\u00eddeo-aulas no You Tube; e<\/li>\n<li>As postagens do meu blog sobre <a href=\"http:\/\/marcelooliveirapassos.blogspot.com.br\/\">Economia Computacional<\/a>.<\/li>\n<\/ul>\n<p>Espero que esta p\u00e1gina seja \u00fatil para alunos e pesquisadores.<\/p>\n","protected":false},"excerpt":{"rendered":"<p>Bem-vindo ao site do Prof. Marcelo de Oliveira Passos! Aqui voc\u00ea encontrar\u00e1 em breve: O material did\u00e1tico utilizado em sala de aula (notas de aula e arquivos dos programas Mathematica e R); Meus textos para discuss\u00e3o; Os links para minhas v\u00eddeo-aulas no You Tube; e As postagens do meu blog sobre Economia Computacional. Espero que [&hellip;]<\/p>\n","protected":false},"author":663,"featured_media":0,"parent":0,"menu_order":0,"comment_status":"closed","ping_status":"closed","template":"","meta":{"footnotes":""},"class_list":["post-2","page","type-page","status-publish","hentry"],"_links":{"self":[{"href":"https:\/\/wp.ufpel.edu.br\/profpassos\/wp-json\/wp\/v2\/pages\/2","targetHints":{"allow":["GET"]}}],"collection":[{"href":"https:\/\/wp.ufpel.edu.br\/profpassos\/wp-json\/wp\/v2\/pages"}],"about":[{"href":"https:\/\/wp.ufpel.edu.br\/profpassos\/wp-json\/wp\/v2\/types\/page"}],"author":[{"embeddable":true,"href":"https:\/\/wp.ufpel.edu.br\/profpassos\/wp-json\/wp\/v2\/users\/663"}],"replies":[{"embeddable":true,"href":"https:\/\/wp.ufpel.edu.br\/profpassos\/wp-json\/wp\/v2\/comments?post=2"}],"version-history":[{"count":2,"href":"https:\/\/wp.ufpel.edu.br\/profpassos\/wp-json\/wp\/v2\/pages\/2\/revisions"}],"predecessor-version":[{"id":7,"href":"https:\/\/wp.ufpel.edu.br\/profpassos\/wp-json\/wp\/v2\/pages\/2\/revisions\/7"}],"wp:attachment":[{"href":"https:\/\/wp.ufpel.edu.br\/profpassos\/wp-json\/wp\/v2\/media?parent=2"}],"curies":[{"name":"wp","href":"https:\/\/api.w.org\/{rel}","templated":true}]}}