{"id":635,"date":"2017-10-27T16:50:52","date_gmt":"2017-10-27T18:50:52","guid":{"rendered":"https:\/\/wp.ufpel.edu.br\/profiap\/?page_id=635"},"modified":"2026-03-13T09:11:45","modified_gmt":"2026-03-13T12:11:45","slug":"regimentos","status":"publish","type":"page","link":"https:\/\/wp.ufpel.edu.br\/profiap\/regimentos\/","title":{"rendered":"Regimentos"},"content":{"rendered":"<p><a href=\"https:\/\/wp.ufpel.edu.br\/profiap\/files\/2024\/06\/Regimento-PROFIAP-2023.pdf\" target=\"_blank\" rel=\"noopener\"><span style=\"font-size: 10pt; color: #0000ff;\">Regimento Nacional PROFIAP<\/span><\/a><\/p>\n<p><span style=\"font-size: 10pt; color: #0000ff;\"><a style=\"color: #0000ff;\" href=\"https:\/\/wp.ufpel.edu.br\/profiap\/files\/2026\/02\/Normas-Academicas-versao-19-02-2026-publicada-no-site-com-anexos.pdf\" target=\"_blank\" rel=\"noopener noreferrer\">Normas Acad\u00eamicas 2026 PROFIAP<\/a><\/span><\/p>\n<p><span style=\"font-size: 10pt; color: #0000ff;\"><a style=\"color: #0000ff;\" href=\"https:\/\/wp.ufpel.edu.br\/profiap\/files\/2025\/06\/normas-academicas-atualizado-em-05-06-2025-1.pdf\" target=\"_blank\" rel=\"noopener noreferrer\">Normas Acad\u00eamicas 2025 PROFIAP<\/a><\/span><\/p>\n<p><span style=\"font-size: 10pt; color: #0000ff;\"><a style=\"color: #0000ff;\" href=\"https:\/\/wp.ufpel.edu.br\/profiap\/files\/2024\/06\/normas-academicas-2023.pdf\" target=\"_blank\" rel=\"noopener noreferrer\">Normas Acad\u00eamicas 2023 PROFIAP<\/a><\/span><\/p>\n<p><span style=\"font-size: 10pt; color: #0000ff;\"><a href=\"https:\/\/wp.ufpel.edu.br\/ppgmet\/files\/2025\/04\/2024-REGIMENTO-STRICTO-SENSU-novo-SEI_2892412_Resolucao_89.pdf\" target=\"_blank\" rel=\"noopener noreferrer\"><span style=\"color: #0000ff;\">Regimento PG Stricto Sensu UFPel<\/span><\/a><\/span><\/p>\n<p><a href=\"https:\/\/wp.ufpel.edu.br\/profiap\/files\/2026\/03\/PROFIAP_Strategic_Norms_Guide.pdf\" target=\"_blank\" rel=\"noopener\">O Guia Definitivo das Novas Normas Acad\u00eamicas PROFIA\u0420<\/a><\/p>\n","protected":false},"excerpt":{"rendered":"<p>Regimento Nacional PROFIAP Normas Acad\u00eamicas 2026 PROFIAP Normas Acad\u00eamicas 2025 PROFIAP Normas Acad\u00eamicas 2023 PROFIAP Regimento PG Stricto Sensu UFPel O Guia Definitivo das Novas Normas Acad\u00eamicas PROFIA\u0420<\/p>\n","protected":false},"author":664,"featured_media":0,"parent":0,"menu_order":0,"comment_status":"closed","ping_status":"closed","template":"","meta":{"footnotes":""},"class_list":["post-635","page","type-page","status-publish","hentry"],"_links":{"self":[{"href":"https:\/\/wp.ufpel.edu.br\/profiap\/wp-json\/wp\/v2\/pages\/635","targetHints":{"allow":["GET"]}}],"collection":[{"href":"https:\/\/wp.ufpel.edu.br\/profiap\/wp-json\/wp\/v2\/pages"}],"about":[{"href":"https:\/\/wp.ufpel.edu.br\/profiap\/wp-json\/wp\/v2\/types\/page"}],"author":[{"embeddable":true,"href":"https:\/\/wp.ufpel.edu.br\/profiap\/wp-json\/wp\/v2\/users\/664"}],"replies":[{"embeddable":true,"href":"https:\/\/wp.ufpel.edu.br\/profiap\/wp-json\/wp\/v2\/comments?post=635"}],"version-history":[{"count":4,"href":"https:\/\/wp.ufpel.edu.br\/profiap\/wp-json\/wp\/v2\/pages\/635\/revisions"}],"predecessor-version":[{"id":2089,"href":"https:\/\/wp.ufpel.edu.br\/profiap\/wp-json\/wp\/v2\/pages\/635\/revisions\/2089"}],"wp:attachment":[{"href":"https:\/\/wp.ufpel.edu.br\/profiap\/wp-json\/wp\/v2\/media?parent=635"}],"curies":[{"name":"wp","href":"https:\/\/api.w.org\/{rel}","templated":true}]}}