{"id":545,"date":"2017-08-09T19:42:23","date_gmt":"2017-08-09T22:42:23","guid":{"rendered":"https:\/\/wp.ufpel.edu.br\/profiap\/?page_id=545"},"modified":"2019-04-11T18:13:51","modified_gmt":"2019-04-11T21:13:51","slug":"grupo-de-pesquisa","status":"publish","type":"page","link":"https:\/\/wp.ufpel.edu.br\/profiap\/grupo-de-pesquisa\/","title":{"rendered":"Grupo de Pesquisa"},"content":{"rendered":"<p><span style=\"font-size: 10pt;color: #000000\">Grupo de Pesquisa do Mestrado Profissional em Administra\u00e7\u00e3o P\u00fablica &#8211; Profiap\/UFPel, ligado \u00e0 Rede Nacional PROFIAP. As principais repercuss\u00f5es do trabalho do Grupo de Estudos e Pesquisas em Administra\u00e7\u00e3o P\u00fablica &#8211; GEPAP, est\u00e3o relacionadas aos Objetivos do PROFIAP, e envolvem: a capacita\u00e7\u00e3o de profissionais aptos para o exerc\u00edcio da pr\u00e1tica administrativa avan\u00e7ada nas organiza\u00e7\u00f5es p\u00fablicas; a contribui\u00e7\u00e3o para o aumento da produtividade e da efetividade das organiza\u00e7\u00f5es p\u00fablicas; a disponibiliza\u00e7\u00e3o de instrumentos, modelos e metodologias que sirvam de refer\u00eancia para a melhoria da gest\u00e3o p\u00fablica.<\/span><\/p>\n<p><span style=\"font-size: 10pt\"><a href=\"http:\/\/dgp.cnpq.br\/dgp\/espelhogrupo\/262403\" target=\"_blank\" rel=\"noopener noreferrer\"><span style=\"color: #0000ff\">Grupo de Estudos e Pesquisas em Administra\u00e7\u00e3o P\u00fablica &#8211; GEPAP<\/span><\/a><\/span><\/p>\n","protected":false},"excerpt":{"rendered":"<p>Grupo de Pesquisa do Mestrado Profissional em Administra\u00e7\u00e3o P\u00fablica &#8211; Profiap\/UFPel, ligado \u00e0 Rede Nacional PROFIAP. As principais repercuss\u00f5es do trabalho do Grupo de Estudos e Pesquisas em Administra\u00e7\u00e3o P\u00fablica &#8211; GEPAP, est\u00e3o relacionadas aos Objetivos do PROFIAP, e envolvem: a capacita\u00e7\u00e3o de profissionais aptos para o exerc\u00edcio da pr\u00e1tica administrativa avan\u00e7ada nas organiza\u00e7\u00f5es p\u00fablicas; [&hellip;]<\/p>\n","protected":false},"author":664,"featured_media":0,"parent":0,"menu_order":0,"comment_status":"closed","ping_status":"closed","template":"","meta":{"footnotes":""},"class_list":["post-545","page","type-page","status-publish","hentry"],"_links":{"self":[{"href":"https:\/\/wp.ufpel.edu.br\/profiap\/wp-json\/wp\/v2\/pages\/545","targetHints":{"allow":["GET"]}}],"collection":[{"href":"https:\/\/wp.ufpel.edu.br\/profiap\/wp-json\/wp\/v2\/pages"}],"about":[{"href":"https:\/\/wp.ufpel.edu.br\/profiap\/wp-json\/wp\/v2\/types\/page"}],"author":[{"embeddable":true,"href":"https:\/\/wp.ufpel.edu.br\/profiap\/wp-json\/wp\/v2\/users\/664"}],"replies":[{"embeddable":true,"href":"https:\/\/wp.ufpel.edu.br\/profiap\/wp-json\/wp\/v2\/comments?post=545"}],"version-history":[{"count":4,"href":"https:\/\/wp.ufpel.edu.br\/profiap\/wp-json\/wp\/v2\/pages\/545\/revisions"}],"predecessor-version":[{"id":855,"href":"https:\/\/wp.ufpel.edu.br\/profiap\/wp-json\/wp\/v2\/pages\/545\/revisions\/855"}],"wp:attachment":[{"href":"https:\/\/wp.ufpel.edu.br\/profiap\/wp-json\/wp\/v2\/media?parent=545"}],"curies":[{"name":"wp","href":"https:\/\/api.w.org\/{rel}","templated":true}]}}