{"id":368,"date":"2017-03-20T17:58:37","date_gmt":"2017-03-20T20:58:37","guid":{"rendered":"https:\/\/wp.ufpel.edu.br\/profiap\/?page_id=368"},"modified":"2017-08-08T19:32:26","modified_gmt":"2017-08-08T22:32:26","slug":"apresentacao","status":"publish","type":"page","link":"https:\/\/wp.ufpel.edu.br\/profiap\/apresentacao\/","title":{"rendered":"Apresenta\u00e7\u00e3o"},"content":{"rendered":"<p class=\"p1\"><span style=\"font-size: 10pt;color: #000000\">O Mestrado Profissional em Administra\u00e7\u00e3o P\u00fablica em Rede Nacional &#8211; PROFIAP, \u00e9 um curso ofertado por uma Rede Nacional de Institui\u00e7\u00f5es Associadas.\u00a0O programa \u00e9 coordenado pela Associa\u00e7\u00e3o Nacional dos Dirigentes das Institui\u00e7\u00f5es Federais de Ensino Superior (Andifes), e aprovado pela Coordena\u00e7\u00e3o de Aperfei\u00e7oamento de Pessoal de Ensino Superior (Capes).<\/span><\/p>\n<p class=\"p1\"><span style=\"font-size: 10pt;color: #000000\"><strong>Objetivo Geral<\/strong><\/span><\/p>\n<p class=\"p1\"><span style=\"font-size: 10pt;color: #000000\">O curso destina-se a formar profissionais com n\u00edtido entendimento do papel do Estado no Brasil, do exerc\u00edcio da cidadania e preocupado com as quest\u00f5es \u00e9ticas, sociais e ambientais que subsidiar\u00e3o as pol\u00edticas p\u00fablicas que impactam a sociedade. Neste contexto, este profissional reunir\u00e1 as condi\u00e7\u00f5es cientificas e t\u00e9cnicas para promover melhorias na gest\u00e3o p\u00fablica.<\/span><\/p>\n<p class=\"p1\"><span style=\"font-size: 10pt;color: #000000\"><strong>Objetivos Espec\u00edficos<\/strong><\/span><\/p>\n<ul>\n<li class=\"p1\"><span style=\"font-size: 10pt;color: #000000\">Capacitar profissionais para o exerc\u00edcio da pr\u00e1tica administrativa avan\u00e7ada nas organiza\u00e7\u00f5es p\u00fablicas;<\/span><\/li>\n<li class=\"p1\"><span style=\"font-size: 10pt;color: #000000\">Contribuir para aumentar a produtividade e a efetividade das organiza\u00e7\u00f5es p\u00fablicas;<\/span><\/li>\n<li class=\"p1\"><span style=\"font-size: 10pt;color: #000000\">Disponibilizar instrumentos, modelos e metodologias que sirvam de refer\u00eancia para a melhoria da gest\u00e3o p\u00fablica.<\/span><\/li>\n<\/ul>\n","protected":false},"excerpt":{"rendered":"<p>O Mestrado Profissional em Administra\u00e7\u00e3o P\u00fablica em Rede Nacional &#8211; PROFIAP, \u00e9 um curso ofertado por uma Rede Nacional de Institui\u00e7\u00f5es Associadas.\u00a0O programa \u00e9 coordenado pela Associa\u00e7\u00e3o Nacional dos Dirigentes das Institui\u00e7\u00f5es Federais de Ensino Superior (Andifes), e aprovado pela Coordena\u00e7\u00e3o de Aperfei\u00e7oamento de Pessoal de Ensino Superior (Capes). Objetivo Geral O curso destina-se a [&hellip;]<\/p>\n","protected":false},"author":664,"featured_media":0,"parent":0,"menu_order":0,"comment_status":"closed","ping_status":"closed","template":"","meta":{"footnotes":""},"class_list":["post-368","page","type-page","status-publish","hentry"],"_links":{"self":[{"href":"https:\/\/wp.ufpel.edu.br\/profiap\/wp-json\/wp\/v2\/pages\/368","targetHints":{"allow":["GET"]}}],"collection":[{"href":"https:\/\/wp.ufpel.edu.br\/profiap\/wp-json\/wp\/v2\/pages"}],"about":[{"href":"https:\/\/wp.ufpel.edu.br\/profiap\/wp-json\/wp\/v2\/types\/page"}],"author":[{"embeddable":true,"href":"https:\/\/wp.ufpel.edu.br\/profiap\/wp-json\/wp\/v2\/users\/664"}],"replies":[{"embeddable":true,"href":"https:\/\/wp.ufpel.edu.br\/profiap\/wp-json\/wp\/v2\/comments?post=368"}],"version-history":[{"count":5,"href":"https:\/\/wp.ufpel.edu.br\/profiap\/wp-json\/wp\/v2\/pages\/368\/revisions"}],"predecessor-version":[{"id":1525,"href":"https:\/\/wp.ufpel.edu.br\/profiap\/wp-json\/wp\/v2\/pages\/368\/revisions\/1525"}],"wp:attachment":[{"href":"https:\/\/wp.ufpel.edu.br\/profiap\/wp-json\/wp\/v2\/media?parent=368"}],"curies":[{"name":"wp","href":"https:\/\/api.w.org\/{rel}","templated":true}]}}