{"id":334,"date":"2016-12-21T01:54:13","date_gmt":"2016-12-21T03:54:13","guid":{"rendered":"https:\/\/wp.ufpel.edu.br\/profiap\/?page_id=334"},"modified":"2024-06-26T13:50:27","modified_gmt":"2024-06-26T16:50:27","slug":"rede-profiap","status":"publish","type":"page","link":"https:\/\/wp.ufpel.edu.br\/profiap\/rede-profiap\/","title":{"rendered":"Rede PROFIAP"},"content":{"rendered":"<p><span style=\"font-size: 10pt; color: #000000;\">O Mestrado Profissional em Administra\u00e7\u00e3o P\u00fablica em Rede Nacional &#8211; PROFIAP, \u00e9 composto por 41 Institui\u00e7\u00f5es Associadas presentes em todas as regi\u00f5es do Pa\u00eds.<\/span><\/p>\n<p><img src=\"https:\/\/profiap.org.br\/wp-content\/uploads\/2024\/04\/universidades-1-768x644.png\" \/><\/p>\n<p>As Universidades s\u00e3o:<\/p>\n<table style=\"width: 586px;\">\n<tbody>\n<tr>\n<td class=\"wp-block-table__cell-content\" style=\"width: 611px;\">\n<div class=\"block-editor-rich-text__editable rich-text\" role=\"textbox\" aria-label=\"Texto da c\u00e9lula do corpo\"><strong>Regi\u00e3o Norte<\/strong><\/div>\n<\/td>\n<\/tr>\n<tr>\n<td class=\"wp-block-table__cell-content\" style=\"width: 611px;\">\n<div class=\"block-editor-rich-text__editable rich-text\" role=\"textbox\" aria-label=\"Texto da c\u00e9lula do corpo\"><a href=\"http:\/\/www.uft.edu.br\/profiap\" target=\"_blank\" rel=\"noreferrer noopener\">UFT Universidade Federal do Tocantins<\/a><br data-rich-text-line-break=\"true\" \/><a href=\"https:\/\/profiap.unir.br\/homepage\" target=\"_blank\" rel=\"noreferrer noopener\">UNIR Universidade Federal de Rond\u00f4nia<\/a><br data-rich-text-line-break=\"true\" \/>UFAC Universidade Federal do Acre<br data-rich-text-line-break=\"true\" \/>UFAM Universidade Federal do Amazonas<br data-rich-text-line-break=\"true\" \/>UFOPA Universidade Federal do Oeste do Par\u00e1<br data-rich-text-line-break=\"true\" \/>UFRA Universidade Federal Rural da Amaz\u00f4nia<br data-rich-text-line-break=\"true\" \/>UFRR Universidade Federal de Roraima<br data-rich-text-line-break=\"true\" \/>UNIFESSPA Universidade Federal do Sul e Sudeste do Par\u00e1<\/div>\n<\/td>\n<\/tr>\n<tr>\n<td class=\"wp-block-table__cell-content\" style=\"width: 611px;\">\n<div class=\"block-editor-rich-text__editable rich-text\" role=\"textbox\" aria-label=\"Texto da c\u00e9lula do corpo\">\n<p><strong>Regi\u00e3o Nordeste<\/strong><\/p>\n<\/div>\n<\/td>\n<\/tr>\n<tr>\n<td class=\"wp-block-table__cell-content\" style=\"width: 611px;\">\n<div class=\"block-editor-rich-text__editable rich-text\" role=\"textbox\" aria-label=\"Texto da c\u00e9lula do corpo\"><a href=\"https:\/\/feac.ufal.br\/pt-br\/pos-graduacao\/mestrado-profissional-em-administracao-publica\" target=\"_blank\" rel=\"noreferrer noopener\">UFAL Universidade Federal de Alagoas<\/a><br data-rich-text-line-break=\"true\" \/><a href=\"http:\/\/www.profiap.ufcg.edu.br\/\" target=\"_blank\" rel=\"noreferrer noopener\">UFCG Universidade Federal de Campina Grande<\/a><br data-rich-text-line-break=\"true\" \/><a href=\"https:\/\/ppgprofiap.ufersa.edu.br\/page\/2\/\" target=\"_blank\" rel=\"noreferrer noopener\">UFERSA Universidade Federal Rural do Semi-\u00c1rido<\/a><br data-rich-text-line-break=\"true\" \/><a href=\"https:\/\/sigaa.ufpi.br\/sigaa\/public\/programa\/apresentacao.jsf?lc=pt_BR&amp;id=968\" target=\"_blank\" rel=\"noreferrer noopener\">UFPI Universidade Federal do Piau\u00ed<\/a><br data-rich-text-line-break=\"true\" \/><a href=\"http:\/\/profiap.ufrpe.br\/\" target=\"_blank\" rel=\"noreferrer noopener\">UFRPE Universidade Federal Rural de Pernambuco<\/a><br data-rich-text-line-break=\"true\" \/><a href=\"https:\/\/www.sigaa.ufs.br\/sigaa\/public\/departamento\/portal.jsf?id=895\" target=\"_blank\" rel=\"noreferrer noopener\">UFS Universidade Federal de Sergipe<\/a><br data-rich-text-line-break=\"true\" \/><a href=\"https:\/\/portais.univasf.edu.br\/profiap\" target=\"_blank\" rel=\"noreferrer noopener\">UNIVASF Universidade Federal do Vale do S\u00e3o Francisco<\/a><br data-rich-text-line-break=\"true\" \/>UFBA Universidade Federal da Bahia<br data-rich-text-line-break=\"true\" \/>UFC Universidade Federal do Cear\u00e1<br data-rich-text-line-break=\"true\" \/>UFCA Universidade Federal do Cariri<br data-rich-text-line-break=\"true\" \/>UFDPar Universidade Federal do Delta do Parna\u00edba<br data-rich-text-line-break=\"true\" \/>UFMA Universidade Federal do Maranh\u00e3o<br data-rich-text-line-break=\"true\" \/>UFPB Universidade Federal da Para\u00edba<br data-rich-text-line-break=\"true\" \/>UFRN Universidade Federal do Rio Grande do Norte<br data-rich-text-line-break=\"true\" \/>UNILAB Universidade da Integra\u00e7\u00e3o Internacional da Lusofonia Afro-Brasileira<\/div>\n<\/td>\n<\/tr>\n<tr>\n<td class=\"wp-block-table__cell-content\" style=\"width: 611px;\">\n<div class=\"block-editor-rich-text__editable rich-text\" role=\"textbox\" aria-label=\"Texto da c\u00e9lula do corpo\">\n<p><strong>Regi\u00e3o Sudeste<\/strong><\/p>\n<\/div>\n<\/td>\n<\/tr>\n<tr>\n<td class=\"wp-block-table__cell-content\" style=\"width: 611px;\">\n<div class=\"block-editor-rich-text__editable rich-text\" role=\"textbox\" aria-label=\"Texto da c\u00e9lula do corpo\"><a href=\"http:\/\/wp.vr.uff.br\/\" target=\"_blank\" rel=\"noreferrer noopener\">UFF Universidade Federal Fluminense<\/a><br data-rich-text-line-break=\"true\" \/><a href=\"https:\/\/www2.ufjf.br\/profiap\/\" target=\"_blank\" rel=\"noreferrer noopener\">UFJF Universidade Federal de Juiz de Fora<\/a><br data-rich-text-line-break=\"true\" \/><a href=\"https:\/\/ufsj.edu.br\/profiap\/\" target=\"_blank\" rel=\"noreferrer noopener\">UFSJ Universidade Federal de S\u00e3o Jo\u00e3o Del Rei<\/a><br data-rich-text-line-break=\"true\" \/><a href=\"http:\/\/www.uftm.edu.br\/stricto-sensu\/profiap\" target=\"_blank\" rel=\"noreferrer noopener\">UFTM Universidade Federal do Tri\u00e2ngulo Mineiro<\/a><br data-rich-text-line-break=\"true\" \/><a href=\"https:\/\/www.profiap.ufv.br\/\" target=\"_blank\" rel=\"noreferrer noopener\">UFV Universidade Federal de Vi\u00e7osa<\/a><br data-rich-text-line-break=\"true\" \/><a href=\"https:\/\/www.unifal-mg.edu.br\/profiap\/\" target=\"_blank\" rel=\"noreferrer noopener\">UNIFAL Universidade Federal de Alfenas<\/a><br data-rich-text-line-break=\"true\" \/>UFMG Universidade Federal de Minas Gerais<br data-rich-text-line-break=\"true\" \/>UFU Universidade Federal de Uberl\u00e2ndia<br data-rich-text-line-break=\"true\" \/>UNIFESP Universidade Federal de S\u00e3o Paulo<\/div>\n<\/td>\n<\/tr>\n<tr>\n<td class=\"wp-block-table__cell-content\" style=\"width: 611px;\">\n<div class=\"block-editor-rich-text__editable rich-text\" role=\"textbox\" aria-label=\"Texto da c\u00e9lula do corpo\">\n<p><strong>Regi\u00e3o Sul<\/strong><\/p>\n<\/div>\n<\/td>\n<\/tr>\n<tr>\n<td class=\"wp-block-table__cell-content\" style=\"width: 611px;\">\n<div class=\"block-editor-rich-text__editable rich-text\" role=\"textbox\" aria-label=\"Texto da c\u00e9lula do corpo\"><a href=\"https:\/\/profiap.furg.br\/pt\/\" target=\"_blank\" rel=\"noreferrer noopener\">FURG Universidade Federal do Rio Grande<\/a><br data-rich-text-line-break=\"true\" \/><a href=\"https:\/\/wp.ufpel.edu.br\/profiap\/\" target=\"_blank\" rel=\"noreferrer noopener\">UPPel Universidade Federal de Pelotas<\/a><br data-rich-text-line-break=\"true\" \/><a href=\"http:\/\/www.utfpr.edu.br\/cursos\/mestrado-e-doutorado\/administracao-publica-em-rede-nacional\" target=\"_blank\" rel=\"noreferrer noopener\">UTFPR Universidade Tecnol\u00f3gica Federal do Paran\u00e1<\/a><br data-rich-text-line-break=\"true\" \/>UFFS Universidade Federal da Fronteira Sul<br data-rich-text-line-break=\"true\" \/>UNIPAMPA Funda\u00e7\u00e3o Universidade Federal do Pampa<\/div>\n<\/td>\n<\/tr>\n<tr>\n<td class=\"wp-block-table__cell-content\" style=\"width: 611px;\">\n<div class=\"block-editor-rich-text__editable rich-text\" role=\"textbox\" aria-label=\"Texto da c\u00e9lula do corpo\">\n<p><strong>Regi\u00e3o Centro-Oeste<\/strong><\/p>\n<\/div>\n<\/td>\n<\/tr>\n<tr>\n<td class=\"wp-block-table__cell-content\" style=\"width: 611px;\">\n<div class=\"block-editor-rich-text__editable rich-text\" role=\"textbox\" aria-label=\"Texto da c\u00e9lula do corpo\"><a href=\"https:\/\/profiap.fct.ufg.br\/\" target=\"_blank\" rel=\"noreferrer noopener\">UFG Universidade Federal de Goi\u00e1s<\/a><br data-rich-text-line-break=\"true\" \/><a href=\"https:\/\/ppgprofiap.ufms.br\/\" target=\"_blank\" rel=\"noreferrer noopener\">UFMS Universidade Federal de Mato Grosso do Sul<\/a><br data-rich-text-line-break=\"true\" \/><a href=\"https:\/\/portal.ufgd.edu.br\/pos-graduacao\/mestrado-administracao-publica\/index\" target=\"_blank\" rel=\"noreferrer noopener\">UFGD Universidade Federal da Grande Dourados<\/a><br data-rich-text-line-break=\"true\" \/>UFMT Universidade Federal de Mato Grosso<\/div>\n<\/td>\n<\/tr>\n<\/tbody>\n<\/table>\n<p>&nbsp;<\/p>\n","protected":false},"excerpt":{"rendered":"<p>O Mestrado Profissional em Administra\u00e7\u00e3o P\u00fablica em Rede Nacional &#8211; PROFIAP, \u00e9 composto por 41 Institui\u00e7\u00f5es Associadas presentes em todas as regi\u00f5es do Pa\u00eds. As Universidades s\u00e3o: Regi\u00e3o Norte UFT Universidade Federal do TocantinsUNIR Universidade Federal de Rond\u00f4niaUFAC Universidade Federal do AcreUFAM Universidade Federal do AmazonasUFOPA Universidade Federal do Oeste do Par\u00e1UFRA Universidade Federal Rural [&hellip;]<\/p>\n","protected":false},"author":664,"featured_media":0,"parent":0,"menu_order":0,"comment_status":"closed","ping_status":"closed","template":"","meta":{"footnotes":""},"class_list":["post-334","page","type-page","status-publish","hentry"],"_links":{"self":[{"href":"https:\/\/wp.ufpel.edu.br\/profiap\/wp-json\/wp\/v2\/pages\/334","targetHints":{"allow":["GET"]}}],"collection":[{"href":"https:\/\/wp.ufpel.edu.br\/profiap\/wp-json\/wp\/v2\/pages"}],"about":[{"href":"https:\/\/wp.ufpel.edu.br\/profiap\/wp-json\/wp\/v2\/types\/page"}],"author":[{"embeddable":true,"href":"https:\/\/wp.ufpel.edu.br\/profiap\/wp-json\/wp\/v2\/users\/664"}],"replies":[{"embeddable":true,"href":"https:\/\/wp.ufpel.edu.br\/profiap\/wp-json\/wp\/v2\/comments?post=334"}],"version-history":[{"count":10,"href":"https:\/\/wp.ufpel.edu.br\/profiap\/wp-json\/wp\/v2\/pages\/334\/revisions"}],"predecessor-version":[{"id":1638,"href":"https:\/\/wp.ufpel.edu.br\/profiap\/wp-json\/wp\/v2\/pages\/334\/revisions\/1638"}],"wp:attachment":[{"href":"https:\/\/wp.ufpel.edu.br\/profiap\/wp-json\/wp\/v2\/media?parent=334"}],"curies":[{"name":"wp","href":"https:\/\/api.w.org\/{rel}","templated":true}]}}