{"id":18,"date":"2016-06-30T18:19:32","date_gmt":"2016-06-30T21:19:32","guid":{"rendered":"https:\/\/wp.ufpel.edu.br\/profiap\/?page_id=18"},"modified":"2025-12-09T15:13:28","modified_gmt":"2025-12-09T18:13:28","slug":"corpo-docente","status":"publish","type":"page","link":"https:\/\/wp.ufpel.edu.br\/profiap\/corpo-docente\/","title":{"rendered":"Corpo Docente"},"content":{"rendered":"<pre><span style=\"font-family: arial, helvetica, sans-serif; font-size: 10pt;\"><strong>Alisson Eduardo Maehler <\/strong>(alisson.maehler@gmail.com)<\/span>\r\n<span style=\"font-family: arial, helvetica, sans-serif; font-size: 10pt;\">Doutor em Administra\u00e7\u00e3o pela UFRGS<\/span>\r\n<span style=\"font-family: arial, helvetica, sans-serif; font-size: 10pt;\">Centro de Ci\u00eancias Socio-Organizacionais \u2013 CCSO\/UFPel<\/span>\r\n<span style=\"font-family: arial, helvetica, sans-serif; font-size: 10pt;\">Temas de interesse: Estrat\u00e9gia; gest\u00e3o do conhecimento organizacional; gest\u00e3o da inova\u00e7\u00e3o; sustentabilidade em organiza\u00e7\u00f5es; transforma\u00e7\u00e3o digital.<\/span>\r\n<span style=\"font-family: arial, helvetica, sans-serif; font-size: 10pt;\"><a href=\"http:\/\/buscatextual.cnpq.br\/buscatextual\/visualizacv.do?id=K4734622Y4\">Lattes<\/a><\/span>\r\n\r\n<span style=\"font-family: arial, helvetica, sans-serif; font-size: 10pt;\"><strong>Elvis Silveira Martins <\/strong>(elvis.professor@gmail.com)<\/span>\r\n<span style=\"font-family: arial, helvetica, sans-serif; font-size: 10pt;\">Doutor em Administra\u00e7\u00e3o e Turismo pela UNIVALI<\/span>\r\n<span style=\"font-family: arial, helvetica, sans-serif; font-size: 10pt;\">Centro de Ci\u00eancias Socio-Organizacionais \u2013 CCSO\/UFPel<\/span>\r\n<span style=\"font-family: arial, helvetica, sans-serif; font-size: 10pt;\">Temas de interesse: Estrat\u00e9gia Organizacional; Ambiente e Tomada de Decis\u00f5es.<\/span>\r\n<span style=\"font-family: arial, helvetica, sans-serif; font-size: 10pt;\"><a href=\"http:\/\/buscatextual.cnpq.br\/buscatextual\/visualizacv.do?id=K4744567H3\">Lattes<\/a><\/span>\r\n\r\n<span style=\"font-family: arial, helvetica, sans-serif; font-size: 10pt;\"><strong>Everton Anger Cavalheiro <\/strong>(eacavalheiro@gmail.com)<\/span>\r\n<span style=\"font-family: arial, helvetica, sans-serif; font-size: 10pt;\">Doutor em Administra\u00e7\u00e3o pela UFSM<\/span>\r\n<span style=\"font-family: arial, helvetica, sans-serif; font-size: 10pt;\">Centro de Engenharias \u2013 CEng\/UFPel<\/span>\r\n<span style=\"font-family: arial, helvetica, sans-serif; font-size: 10pt;\">Temas de interesse: Or\u00e7amento e Finan\u00e7as P\u00fablicas; Qualidade dos servi\u00e7os p\u00fablicos; Satisfa\u00e7\u00e3o e desempenho no servi\u00e7o p\u00fablico; Governan\u00e7a p\u00fablica<\/span>\r\n<span style=\"font-family: arial, helvetica, sans-serif; font-size: 10pt;\"><a href=\"http:\/\/buscatextual.cnpq.br\/buscatextual\/visualizacv.do?id=K4234636Y9\">Lattes<\/a><\/span>\r\n\r\n<span style=\"font-family: arial, helvetica, sans-serif; font-size: 10pt;\"><strong>Francielle Molon da Silva <\/strong>(franmolon@yahoo.com.br)<\/span>\r\n<span style=\"font-family: arial, helvetica, sans-serif; font-size: 10pt;\">Doutora em Administra\u00e7\u00e3o pela UFRGS<\/span>\r\n<span style=\"font-family: arial, helvetica, sans-serif; font-size: 10pt;\">Centro de Ci\u00eancias Socio-Organizacionais \u2013 CCSO\/UFPel<\/span>\r\n<span style=\"font-family: arial, helvetica, sans-serif; font-size: 10pt;\">Temas de interesse: gest\u00e3o de pessoas; diversidade nas organiza\u00e7\u00f5es, compet\u00eancias e aprendizagem.<\/span>\r\n<span style=\"font-family: arial, helvetica, sans-serif; font-size: 10pt;\"><a href=\"http:\/\/buscatextual.cnpq.br\/buscatextual\/visualizacv.do?id=K4261098Z9\">Lattes<\/a><\/span>\r\n\r\n<span style=\"font-family: arial, helvetica, sans-serif; font-size: 10pt;\"><strong>Isabel Cristina Rosa Barros Rasia <\/strong>(cristieducare@gmail.com)<\/span>\r\n<span style=\"font-family: arial, helvetica, sans-serif; font-size: 10pt;\">Doutora em Administra\u00e7\u00e3o pela UCS<\/span>\r\n<span style=\"font-family: arial, helvetica, sans-serif; font-size: 10pt;\">Centro de Ci\u00eancias Socio-Organizacionais \u2013 CCSO\/UFPel<\/span>\r\n<span style=\"font-family: arial, helvetica, sans-serif; font-size: 10pt;\">Temas de Interesse: Inova\u00e7\u00e3o; Gest\u00e3o P\u00fablica; Gest\u00e3o em Sa\u00fade; Sustentabilidade.<\/span>\r\n<span style=\"font-family: arial, helvetica, sans-serif; font-size: 10pt;\"><a href=\"http:\/\/buscatextual.cnpq.br\/buscatextual\/visualizacv.do?id=K4461448Y6\">Lattes<\/a><\/span>\r\n\r\n<span style=\"font-family: arial, helvetica, sans-serif; font-size: 10pt;\"><strong>M\u00e1rcio Barcelos <\/strong>(marcio.barcelos@ufpel.edu.br)<\/span>\r\n<span style=\"font-family: arial, helvetica, sans-serif; font-size: 10pt;\">Doutor em Sociologia pela UFRGS<\/span>\r\n<span style=\"font-family: arial, helvetica, sans-serif; font-size: 10pt;\">Centro de Ci\u00eancias Socio-Organizacionais \u2013 CCSO\/UFPel<\/span>\r\n<span style=\"font-family: arial, helvetica, sans-serif; font-size: 10pt;\">Temas de interesse: Implementa\u00e7\u00e3o de Pol\u00edticas P\u00fablicas; Forma\u00e7\u00e3o de Agendas Governamentais; Expertise T\u00e9cnica em Pol\u00edticas P\u00fablicas; Participa\u00e7\u00e3o e Pol\u00edticas P\u00fablicas no Brasil\u00a0\u00a0<\/span>\r\n<span style=\"font-family: arial, helvetica, sans-serif; font-size: 10pt;\"><a href=\"http:\/\/buscatextual.cnpq.br\/buscatextual\/visualizacv.do?id=K4154891P9\">Lattes<\/a><\/span>\r\n\r\n<span style=\"font-family: arial, helvetica, sans-serif; font-size: 10pt;\"><strong>Marcio Silva Rodrigues <\/strong>(marciosilvarodrigues@gmail.com)<\/span>\r\n<span style=\"font-family: arial, helvetica, sans-serif; font-size: 10pt;\">Doutor em Administra\u00e7\u00e3o pela UFSC<\/span>\r\n<span style=\"font-family: arial, helvetica, sans-serif; font-size: 10pt;\">Centro de Ci\u00eancias Socio-Organizacionais \u2013 CCSO\/UFPel\r\nTemas de interesse: Sociologia da Empresa, Sociologia das Organiza\u00e7\u00f5es, Empresariza\u00e7\u00e3o do Mundo, An\u00e1lise Cr\u00edtica do Discurso, Poder, M\u00eddia e Educa\u00e7\u00e3o Superior.<\/span>\r\n<span style=\"font-family: arial, helvetica, sans-serif; font-size: 10pt;\"><a href=\"http:\/\/buscatextual.cnpq.br\/buscatextual\/visualizacv.do?id=K4713538E3\">Lattes<\/a><\/span>\r\n\r\n<span style=\"font-family: arial, helvetica, sans-serif; font-size: 10pt;\"><strong>Pamela Amado Tristao <\/strong>(pamelamado@hotmail.com)<\/span>\r\n<span style=\"font-family: arial, helvetica, sans-serif; font-size: 10pt;\">Doutora em Administra\u00e7\u00e3o pela UFSM<\/span>\r\n<span style=\"font-family: arial, helvetica, sans-serif; font-size: 10pt;\">Centro de Ci\u00eancias Socio-Organizacionais \u2013 CCSO\/UFPel\r\nTemas de interesse: Finan\u00e7as Corporativas, Estrutura de Capital e Governan\u00e7a Corporativa.<\/span>\r\n<span style=\"font-family: arial, helvetica, sans-serif; font-size: 10pt;\"><a href=\"https:\/\/buscatextual.cnpq.br\/buscatextual\/visualizacv.do?id=K4497502J6&amp;tokenCaptchar=03AFcWeA75z4PHlfnyqVPpZq-wNlRTkG4I-dEXQV4LDNlNQWLC59lmtNUxWGskyRSYUdFCOISnmObpTg3_k1piDksU47E6mxJ0lxgEfalB4vVi_aG5_EqvO7kVFeRXxoT_oPSdtZsheaBGP7J56gvJuuX1kXPXlFBnp_OylCAYatNuJ4ZPpzeYCRNzG846yxTTmgPilCJPVYn0GS0FUnC1lWfVFissTeT_bMRlAiQLLyVdqCRE2uLvy2I9GaMcP6m-tqiBQQz1xkyCIa6mHergZXiSoM-aalrB1pAWhwXmF9usuFzsgywLY1QRdUq_6HMqCefHrTxfR9yolJSgriOnbEQRdV2B7ohw-wydhGpyX4jy7gEakPNUPUtbsCgeZ1FSrqweaqKKRa_FVfacFs-oDSbOGWjXJdsL2j2UN2tXRm_kigIuRIdyBGyt-3PqfKRbYkog9rTt2ZOfz9S8aE6sQlMsaJYwtkXUd0-I6tB-t3ASRNVDWkOMRv7oTwNCVdHV8YBqOGfEisrmSQzLskZX4Nu3MKFgIDWrMpZxnvDlogJ68YLXAViAz3VeeCXoC6Uf7GokLgWF7xCckr1yfnpx4Sup0DvHoTBUgBlMvL6Diz4O2jexc8P5hH94-Yj5kEO1Ayci-NYpuLCh2mr-xkpEBeb5wASDIFC-muobjcQFzdLT9vwu_8afcjpa4OdIzMSmZ-m7arMiZ3VE\">Lattes<\/a><\/span>\r\n\r\n<span style=\"font-family: arial, helvetica, sans-serif; font-size: 10pt;\"><strong>Priscila Nesello <\/strong>(pri.nesello@gmail.com)<\/span>\r\n<span style=\"font-family: arial, helvetica, sans-serif; font-size: 10pt;\">Doutora em Administra\u00e7\u00e3o pela UCS<\/span>\r\n<span style=\"font-family: arial, helvetica, sans-serif; font-size: 10pt;\">Centro de Ci\u00eancias Socio-Organizacionais \u2013 CCSO\/UFPel<\/span>\r\n<span style=\"font-family: arial, helvetica, sans-serif; font-size: 10pt;\">Temas de interesse: desenvolvimento baseado em conhecimento; cidades e comunidades sustent\u00e1veis; inova\u00e7\u00e3o social; gest\u00e3o de projetos para inova\u00e7\u00e3o.<\/span>\r\n<span style=\"font-family: arial, helvetica, sans-serif; font-size: 10pt;\"><a href=\"http:\/\/buscatextual.cnpq.br\/buscatextual\/visualizacv.do?id=K4365249A1\">Lattes<\/a><\/span>\r\n\r\n<span style=\"font-family: arial, helvetica, sans-serif; font-size: 10pt;\"><strong>Rodrigo Serpa Pinto <\/strong>(serparg@ufpel.edu.br)<\/span>\r\n<span style=\"font-family: arial, helvetica, sans-serif; font-size: 10pt;\">Doutor em Administra\u00e7\u00e3o pela UFPR<\/span>\r\n<span style=\"font-family: arial, helvetica, sans-serif; font-size: 10pt;\">Centro de Ci\u00eancias Socio-Organizacionais \u2013 CCSO\/UFPel<\/span>\r\n<span style=\"font-family: arial, helvetica, sans-serif; font-size: 10pt;\">Temas de interesse: Gest\u00e3o P\u00fablica; Gest\u00e3o Universit\u00e1ria; Rela\u00e7\u00f5es de Trabalho.<\/span>\r\n<span style=\"font-family: arial, helvetica, sans-serif; font-size: 10pt;\"><a href=\"http:\/\/buscatextual.cnpq.br\/buscatextual\/visualizacv.do?id=K4777464E1\">Lattes<\/a><\/span>\r\n\r\n<span style=\"font-family: arial, helvetica, sans-serif; font-size: 10pt;\"><strong>Rosana da Rosa Portella Tondolo <\/strong>(rosanatondolo@gmail.com)<\/span>\r\n<span style=\"font-family: arial, helvetica, sans-serif; font-size: 10pt;\">Doutora em Administra\u00e7\u00e3o pela UNISINOS<\/span>\r\n<span style=\"font-family: arial, helvetica, sans-serif; font-size: 10pt;\">Centro de Ci\u00eancias Socio-Organizacionais \u2013 CCSO\/UFPel<\/span>\r\n<span style=\"font-family: arial, helvetica, sans-serif; font-size: 10pt;\">Temas de interesse: Compliance, Gest\u00e3o dos Recursos Financeiros, Gest\u00e3o de Contratos\/Conv\u00eanios P\u00fablicos e Gest\u00e3o P\u00fablica Municipal.\u00a0<\/span>\r\n<span style=\"font-family: arial, helvetica, sans-serif; font-size: 10pt;\"><a href=\"http:\/\/buscatextual.cnpq.br\/buscatextual\/visualizacv.do?id=K4218241A1\">Lattes<\/a><\/span>\r\n\r\n<span style=\"font-family: arial, helvetica, sans-serif; font-size: 10pt;\"><strong>Simone Portella Teixeira de Mello<\/strong><strong>\u00a0<\/strong>(sptmello@gmail.com)<\/span>\r\n<span style=\"font-family: arial, helvetica, sans-serif; font-size: 10pt;\">Doutora em Educa\u00e7\u00e3o pela UFSC<\/span>\r\n<span style=\"font-family: arial, helvetica, sans-serif; font-size: 10pt;\">Centro de Ci\u00eancias Socio-Organizacionais \u2013 CCSO\/UFPel\r\nTemas de interesse: Administra\u00e7\u00e3o p\u00fablica, Estudos organizacionais e Gest\u00e3o de pessoas e Rela\u00e7\u00f5es de trabalho.<\/span>\r\n<span style=\"font-family: arial, helvetica, sans-serif; font-size: 10pt;\"><a href=\"http:\/\/buscatextual.cnpq.br\/buscatextual\/visualizacv.do?id=K4731480U3\">Lattes<\/a><\/span>\r\n\r\n<span style=\"font-family: arial, helvetica, sans-serif; font-size: 10pt;\"><strong>Vilmar Antonio Gon\u00e7alves Tondolo <\/strong>(vtondolo@gmail.com)<\/span>\r\n<span style=\"font-family: arial, helvetica, sans-serif; font-size: 10pt;\">Doutora em Administra\u00e7\u00e3o pela UNISINOS<\/span>\r\n<span style=\"font-family: arial, helvetica, sans-serif; font-size: 10pt;\">Centro de Ci\u00eancias Socio-Organizacionais \u2013 CCSO\/UFPel<\/span>\r\n<span style=\"font-family: arial, helvetica, sans-serif; font-size: 10pt;\">Temas de interesse: ESG, Sustentabilidade, Base da Pir\u00e2mide (BOP), Inova\u00e7\u00e3o.<\/span>\r\n<span style=\"font-family: arial, helvetica, sans-serif; font-size: 10pt;\"><a href=\"http:\/\/buscatextual.cnpq.br\/buscatextual\/visualizacv.do?metodo=apresentar&amp;id=K4732354T4\">Lattes<\/a><\/span>\r\n\r\n<\/pre>\n","protected":false},"excerpt":{"rendered":"<p>Alisson Eduardo Maehler (alisson.maehler@gmail.com) Doutor em Administra\u00e7\u00e3o pela UFRGS Centro de Ci\u00eancias Socio-Organizacionais \u2013 CCSO\/UFPel Temas de interesse: Estrat\u00e9gia; gest\u00e3o do conhecimento organizacional; gest\u00e3o da inova\u00e7\u00e3o; sustentabilidade em organiza\u00e7\u00f5es; transforma\u00e7\u00e3o digital. Lattes Elvis Silveira Martins (elvis.professor@gmail.com) Doutor em Administra\u00e7\u00e3o e Turismo pela UNIVALI Centro de Ci\u00eancias Socio-Organizacionais \u2013 CCSO\/UFPel Temas de interesse: Estrat\u00e9gia Organizacional; Ambiente [&hellip;]<\/p>\n","protected":false},"author":664,"featured_media":0,"parent":0,"menu_order":0,"comment_status":"closed","ping_status":"closed","template":"","meta":{"footnotes":""},"class_list":["post-18","page","type-page","status-publish","hentry"],"_links":{"self":[{"href":"https:\/\/wp.ufpel.edu.br\/profiap\/wp-json\/wp\/v2\/pages\/18","targetHints":{"allow":["GET"]}}],"collection":[{"href":"https:\/\/wp.ufpel.edu.br\/profiap\/wp-json\/wp\/v2\/pages"}],"about":[{"href":"https:\/\/wp.ufpel.edu.br\/profiap\/wp-json\/wp\/v2\/types\/page"}],"author":[{"embeddable":true,"href":"https:\/\/wp.ufpel.edu.br\/profiap\/wp-json\/wp\/v2\/users\/664"}],"replies":[{"embeddable":true,"href":"https:\/\/wp.ufpel.edu.br\/profiap\/wp-json\/wp\/v2\/comments?post=18"}],"version-history":[{"count":4,"href":"https:\/\/wp.ufpel.edu.br\/profiap\/wp-json\/wp\/v2\/pages\/18\/revisions"}],"predecessor-version":[{"id":2051,"href":"https:\/\/wp.ufpel.edu.br\/profiap\/wp-json\/wp\/v2\/pages\/18\/revisions\/2051"}],"wp:attachment":[{"href":"https:\/\/wp.ufpel.edu.br\/profiap\/wp-json\/wp\/v2\/media?parent=18"}],"curies":[{"name":"wp","href":"https:\/\/api.w.org\/{rel}","templated":true}]}}