{"id":173,"date":"2016-08-11T19:30:47","date_gmt":"2016-08-11T22:30:47","guid":{"rendered":"https:\/\/wp.ufpel.edu.br\/profiap\/?page_id=173"},"modified":"2017-09-22T15:28:40","modified_gmt":"2017-09-22T18:28:40","slug":"area-e-linhas-de-pesquisa","status":"publish","type":"page","link":"https:\/\/wp.ufpel.edu.br\/profiap\/area-e-linhas-de-pesquisa\/","title":{"rendered":"\u00c1rea e Linha de Atua\u00e7\u00e3o"},"content":{"rendered":"<p><span style=\"font-size: 10pt;color: #000000\">O Mestrado Profissional em Administra\u00e7\u00e3o P\u00fablica em Rede Nacional &#8211; PROFIAP, possui como \u00c1rea de Concentra\u00e7\u00e3o e Linha de Atua\u00e7\u00e3o a pr\u00f3pria\u00a0<strong>Administra\u00e7\u00e3o P\u00fablica<\/strong>, e est\u00e1 organizado de acordo com os seguintes Eixos Tem\u00e1ticos:<\/span><\/p>\n<ul>\n<li><strong><span style=\"font-size: 10pt;color: #000000\">Atua\u00e7\u00e3o do Estado e sua rela\u00e7\u00e3o com o Mercado e a Sociedade Civil<\/span><\/strong><\/li>\n<li><strong><span style=\"font-size: 10pt;color: #000000\">Transforma\u00e7\u00e3o e Inova\u00e7\u00e3o Organizacional<\/span><\/strong><\/li>\n<li><strong><span style=\"font-size: 10pt;color: #000000\">Pr\u00e1ticas de Gest\u00e3o Sustent\u00e1veis<\/span><\/strong><\/li>\n<li><strong><span style=\"font-size: 10pt;color: #000000\">Pol\u00edticas P\u00fablicas: Formula\u00e7\u00e3o e Gest\u00e3o<\/span><\/strong><\/li>\n<\/ul>\n","protected":false},"excerpt":{"rendered":"<p>O Mestrado Profissional em Administra\u00e7\u00e3o P\u00fablica em Rede Nacional &#8211; PROFIAP, possui como \u00c1rea de Concentra\u00e7\u00e3o e Linha de Atua\u00e7\u00e3o a pr\u00f3pria\u00a0Administra\u00e7\u00e3o P\u00fablica, e est\u00e1 organizado de acordo com os seguintes Eixos Tem\u00e1ticos: Atua\u00e7\u00e3o do Estado e sua rela\u00e7\u00e3o com o Mercado e a Sociedade Civil Transforma\u00e7\u00e3o e Inova\u00e7\u00e3o Organizacional Pr\u00e1ticas de Gest\u00e3o Sustent\u00e1veis Pol\u00edticas [&hellip;]<\/p>\n","protected":false},"author":664,"featured_media":0,"parent":0,"menu_order":0,"comment_status":"closed","ping_status":"closed","template":"","meta":{"footnotes":""},"class_list":["post-173","page","type-page","status-publish","hentry"],"_links":{"self":[{"href":"https:\/\/wp.ufpel.edu.br\/profiap\/wp-json\/wp\/v2\/pages\/173","targetHints":{"allow":["GET"]}}],"collection":[{"href":"https:\/\/wp.ufpel.edu.br\/profiap\/wp-json\/wp\/v2\/pages"}],"about":[{"href":"https:\/\/wp.ufpel.edu.br\/profiap\/wp-json\/wp\/v2\/types\/page"}],"author":[{"embeddable":true,"href":"https:\/\/wp.ufpel.edu.br\/profiap\/wp-json\/wp\/v2\/users\/664"}],"replies":[{"embeddable":true,"href":"https:\/\/wp.ufpel.edu.br\/profiap\/wp-json\/wp\/v2\/comments?post=173"}],"version-history":[{"count":13,"href":"https:\/\/wp.ufpel.edu.br\/profiap\/wp-json\/wp\/v2\/pages\/173\/revisions"}],"predecessor-version":[{"id":613,"href":"https:\/\/wp.ufpel.edu.br\/profiap\/wp-json\/wp\/v2\/pages\/173\/revisions\/613"}],"wp:attachment":[{"href":"https:\/\/wp.ufpel.edu.br\/profiap\/wp-json\/wp\/v2\/media?parent=173"}],"curies":[{"name":"wp","href":"https:\/\/api.w.org\/{rel}","templated":true}]}}