{"id":1191,"date":"2021-09-16T10:22:46","date_gmt":"2021-09-16T13:22:46","guid":{"rendered":"https:\/\/wp.ufpel.edu.br\/profiap\/?page_id=1191"},"modified":"2024-08-15T12:48:05","modified_gmt":"2024-08-15T15:48:05","slug":"procedimentos-para-defesa","status":"publish","type":"page","link":"https:\/\/wp.ufpel.edu.br\/profiap\/procedimentos-para-defesa\/","title":{"rendered":"Procedimentos para defesa"},"content":{"rendered":"<p style=\"text-align: center;\"><strong>Procedimentos para Defesa:<\/strong><\/p>\n<p style=\"text-align: justify;\"><strong>PASSO 1 \u2013 Pr\u00e9-Requisitos:<\/strong><\/p>\n<p style=\"text-align: justify;\"><strong>Respons\u00e1vel:<\/strong><\/p>\n<p style=\"text-align: justify;\">Mestrando<\/p>\n<p style=\"text-align: justify;\"><strong>O que:<\/strong><\/p>\n<p style=\"text-align: justify;\">Confirmar se cumpriu todos os pr\u00e9-requisitos para a realiza\u00e7\u00e3o da banca (coeficiente de rendimento, cr\u00e9ditos, ENQ&#8230;)<strong>\u00a0<\/strong><\/p>\n<p style=\"text-align: justify;\"><strong>Confirmar se a estrutura da disserta\u00e7\u00e3o est\u00e1 de acordo com o PROFIAP: vide (<a href=\"https:\/\/wp.ufpel.edu.br\/profiap\/files\/2021\/09\/Estrutura-dissertac\u0327a\u0303o-v2-28.01.2021.pdf\">https:\/\/wp.ufpel.edu.br\/profiap\/files\/2021\/09\/Estrutura-dissertac\u0327a\u0303o-v2-28.01.2021.pdf<\/a>)<\/strong><\/p>\n<p style=\"text-align: justify;\"><strong>\u00a0<\/strong><strong>Quando:<\/strong><\/p>\n<p style=\"text-align: justify;\">Antes da formaliza\u00e7\u00e3o da banca.<\/p>\n<p style=\"text-align: justify;\"><strong>\u00a0<\/strong><\/p>\n<p style=\"text-align: justify;\"><strong>PASSO 2 \u2013 Composi\u00e7\u00e3o da Banca:<\/strong><\/p>\n<p style=\"text-align: justify;\"><strong>Respons\u00e1vel:<\/strong><\/p>\n<p style=\"text-align: justify;\">Orientador<\/p>\n<p style=\"text-align: justify;\"><strong>O que:<\/strong><\/p>\n<p style=\"text-align: justify;\">Compor a banca de qualifica\u00e7\u00e3o. A banca dever\u00e1 ser composta, pelo menos, pelo Orientador, um membro da Rede PROFIAP (externo ao PROFIAP\/UFPel) e um membro externo. O membro externo dever\u00e1 estar, preferencialmente, vinculado a um curso stricto senso.<\/p>\n<p style=\"text-align: justify;\"><strong>Quando:<\/strong><\/p>\n<p style=\"text-align: justify;\">Antes da formaliza\u00e7\u00e3o da banca.<\/p>\n<p style=\"text-align: justify;\"><strong>\u00a0<\/strong><\/p>\n<p style=\"text-align: justify;\"><strong>PASSO 3 \u2013 Autoriza\u00e7\u00e3o Banca:<\/strong><\/p>\n<p style=\"text-align: justify;\"><strong>Respons\u00e1vel:<\/strong><\/p>\n<p style=\"text-align: justify;\">Orientador<\/p>\n<p style=\"text-align: justify;\"><strong>O que:<\/strong><\/p>\n<p style=\"text-align: justify;\">Preencher o formul\u00e1rio de solicita\u00e7\u00e3o de autoriza\u00e7\u00e3o da realiza\u00e7\u00e3o da banca pelo Comit\u00ea Gestor.<\/p>\n<p style=\"text-align: justify;\">Link do formul\u00e1rio, vide:<\/p>\n<p><a href=\"https:\/\/profiap.org.br\/questionario\/index.php\/585526?lang=pt-BR\">https:\/\/profiap.org.br\/questionario\/index.php\/585526?lang=pt-BR<\/a><\/p>\n<p style=\"text-align: justify;\"><strong>Quando:<\/strong><\/p>\n<p style=\"text-align: justify;\">Antes da formaliza\u00e7\u00e3o da banca.<\/p>\n<p style=\"text-align: justify;\"><strong>\u00a0<\/strong><\/p>\n<p style=\"text-align: justify;\"><strong>PASSO 4 \u2013 Formaliza\u00e7\u00e3o da Banca:<\/strong><\/p>\n<p style=\"text-align: justify;\"><strong>Respons\u00e1vel:<\/strong><\/p>\n<p style=\"text-align: justify;\">Orientador<\/p>\n<p style=\"text-align: justify;\"><strong>O que:<\/strong><\/p>\n<p style=\"text-align: justify;\">Enviar e-mail para a Secretaria do PROFIAP (<a href=\"mailto:profiap.ufpel@gmail.com\">profiap.ufpel@gmail.com<\/a>) com c\u00f3pia para a Coordena\u00e7\u00e3o (<a href=\"mailto:coordenacao.profiap@ufpel.edu.br\">coordenacao.profiap@ufpel.edu.br<\/a>) com as seguintes informa\u00e7\u00f5es:<\/p>\n<p style=\"text-align: justify;\">&#8211; Data da realiza\u00e7\u00e3o da banca;<\/p>\n<p style=\"text-align: justify;\">&#8211; Dados dos membros externos ao PROFIAP\/UFPel (nome, CPF, RG, data de nascimento) &#8211; <strong>preenchendo o(s) formul\u00e1rio(s) (<a href=\"https:\/\/wp.ufpel.edu.br\/profiap\/files\/2021\/09\/Fomulario-de-participacao-de-membro-externo-PROFIAP-atualizado-2021.docx\">https:\/\/wp.ufpel.edu.br\/profiap\/files\/2021\/09\/Fomulario-de-participacao-de-membro-externo-PROFIAP-atualizado-2021.docx<\/a>)<\/strong>;<\/p>\n<p style=\"text-align: justify;\">&#8211; T\u00edtulo do projeto de disserta\u00e7\u00e3o;<\/p>\n<p style=\"text-align: justify;\">&#8211; Local, data e hor\u00e1rio da realiza\u00e7\u00e3o da banca.<\/p>\n<p style=\"text-align: justify;\"><strong>Quando:<\/strong><\/p>\n<p style=\"text-align: justify;\">Ap\u00f3s a autoriza\u00e7\u00e3o da realiza\u00e7\u00e3o da banca pelo comit\u00ea gestor. A coordena\u00e7\u00e3o ir\u00e1 informar ao Orientador quando estiver aprovado pelo Comit\u00ea Gestor. As avalia\u00e7\u00f5es dos pedidos ocorrem uma vez por semana.<\/p>\n<p style=\"text-align: justify;\"><strong>\u00a0<\/strong><\/p>\n<p style=\"text-align: justify;\"><strong>PASSO 5 \u2013 Realiza\u00e7\u00e3o da Banca:<\/strong><\/p>\n<p style=\"text-align: justify;\"><strong>Respons\u00e1vel:<\/strong><\/p>\n<p style=\"text-align: justify;\">Orientador\/Mestrando<\/p>\n<p style=\"text-align: justify;\"><strong>O que:<\/strong><\/p>\n<p style=\"text-align: justify;\">Preenchimento do formul\u00e1rio (<a href=\"https:\/\/wp.ufpel.edu.br\/prppg\/files\/2013\/08\/8e89f0db82.doc\">https:\/\/wp.ufpel.edu.br\/prppg\/files\/2013\/08\/8e89f0db82.doc<\/a>).<\/p>\n<p style=\"text-align: justify;\">Tamb\u00e9m dever\u00e1 ser preenchido e assinado o documento de &#8220;Defesa de Disserta\u00e7\u00e3o&#8221;, documento esse que \u00e9 enviado por e-mail pela Secretaria do Programa ao Orientador e ao Mestrando ap\u00f3s o Passo 4<\/p>\n<p style=\"text-align: justify;\">Uma via do documento &#8220;ATA DE CORRE\u00c7\u00d5ES DE DISSERTA\u00c7\u00c3O OU TESE&#8221; (<a href=\"https:\/\/wp.ufpel.edu.br\/prppg\/files\/2013\/08\/8e89f0db82.doc\">https:\/\/wp.ufpel.edu.br\/prppg\/files\/2013\/08\/8e89f0db82.doc<\/a>) dever\u00e1 ficar com o Orientador e outra com o Mestrando.<\/p>\n<p style=\"text-align: justify;\">O documento de &#8220;Defesa de Disserta\u00e7\u00e3o&#8221; dever\u00e1 estar assinado por todos os membros da banca examinadora e encaminhado a Secretaria do PROFIAP (<a href=\"mailto:profiap.ufpel@gmail.com\">profiap.ufpel@gmail.com<\/a>) com c\u00f3pia para a Coordena\u00e7\u00e3o (<a href=\"mailto:coordenacao.profiap@ufpel.edu.br\">coordenacao.profiap@ufpel.edu.br<\/a>).<\/p>\n<ul>\n<li>Salientamos que durante o trabalho remoto, o documento de &#8220;Defesa de Disserta\u00e7\u00e3o&#8221; pode ser assinado apenas pelo orientador, conforme previs\u00e3o expressa no referido documento.<\/li>\n<\/ul>\n<p style=\"text-align: justify;\"><strong>Quando:<\/strong><\/p>\n<p style=\"text-align: justify;\">Ap\u00f3s a finaliza\u00e7\u00e3o da banca.<\/p>\n<p>&nbsp;<\/p>\n<p style=\"text-align: justify;\"><strong>PASSO 6 \u2013 Ap\u00f3s a Banca:<\/strong><\/p>\n<p style=\"text-align: justify;\"><strong>Respons\u00e1vel:<\/strong><\/p>\n<p style=\"text-align: justify;\">Orientador\/Mestrando<\/p>\n<p style=\"text-align: justify;\"><strong>O que:<\/strong><\/p>\n<p style=\"text-align: justify;\">O Mestrando dever\u00e1 enviar e-mail para a Secretaria do PROFIAP (<a href=\"mailto:profiap.ufpel@gmail.com\">profiap.ufpel@gmail.com<\/a>) com c\u00f3pia para o Orientador com a disserta\u00e7\u00e3o finalizada em anexo. O Orientador dever\u00e1 responder ao e-mail confirmando que a disserta\u00e7\u00e3o est\u00e1 adequada para a publica\u00e7\u00e3o.<\/p>\n<p>OBS.: Cataloga\u00e7\u00e3o da Fonte para Trabalhos Acad\u00eamicos [ SisBi \/ UFPel ] (<a href=\"http:\/\/sisbi.ufpel.edu.br\/?p=reqFicha\">http:\/\/sisbi.ufpel.edu.br\/?p=reqFicha<\/a>)<\/p>\n<p>OBS2.: O envio da disserta\u00e7\u00e3o dever\u00e1 contemplar a disserta\u00e7\u00e3o completa + o arquivo de relat\u00f3rio t\u00e9cnico em separado.<\/p>\n<p style=\"text-align: justify;\">O Mestrando tamb\u00e9m dever\u00e1 enviar por meio digital e f\u00edsico o Termo de Autoriza\u00e7\u00e3o de Publica\u00e7\u00e3o (<a href=\"https:\/\/wp.ufpel.edu.br\/profiap\/files\/2024\/08\/Termo-de-autorizacao-para-inserir-teses-e-dissertacoes-nas-bases-de-dados-da-UFPel-e-IBICT-Novo.pdf\">https:\/\/wp.ufpel.edu.br\/profiap\/files\/2024\/08\/Termo-de-autorizacao-para-inserir-teses-e-dissertacoes-nas-bases-de-dados-da-UFPel-e-IBICT-Novo.pdf<\/a>)<\/p>\n<p style=\"text-align: justify;\"><strong>Quando:<\/strong><\/p>\n<p style=\"text-align: justify;\">Em caso de aprova\u00e7\u00e3o na defesa, ap\u00f3s eventuais ajustes solicitados pela banca.<\/p>\n<p>&nbsp;<\/p>\n<p style=\"text-align: justify;\"><strong>*os procedimentos poder\u00e3o ser alterados em fun\u00e7\u00e3o de necessidades organizacionais, sendo recomendado o contato com a Secretaria e Coordena\u00e7\u00e3o durante o processo.<\/strong><\/p>\n","protected":false},"excerpt":{"rendered":"<p>Procedimentos para Defesa: PASSO 1 \u2013 Pr\u00e9-Requisitos: Respons\u00e1vel: Mestrando O que: Confirmar se cumpriu todos os pr\u00e9-requisitos para a realiza\u00e7\u00e3o da banca (coeficiente de rendimento, cr\u00e9ditos, ENQ&#8230;)\u00a0 Confirmar se a estrutura da disserta\u00e7\u00e3o est\u00e1 de acordo com o PROFIAP: vide (https:\/\/wp.ufpel.edu.br\/profiap\/files\/2021\/09\/Estrutura-dissertac\u0327a\u0303o-v2-28.01.2021.pdf) \u00a0Quando: Antes da formaliza\u00e7\u00e3o da banca. \u00a0 PASSO 2 \u2013 Composi\u00e7\u00e3o da Banca: Respons\u00e1vel: [&hellip;]<\/p>\n","protected":false},"author":664,"featured_media":0,"parent":0,"menu_order":0,"comment_status":"closed","ping_status":"closed","template":"","meta":{"footnotes":""},"class_list":["post-1191","page","type-page","status-publish","hentry"],"_links":{"self":[{"href":"https:\/\/wp.ufpel.edu.br\/profiap\/wp-json\/wp\/v2\/pages\/1191","targetHints":{"allow":["GET"]}}],"collection":[{"href":"https:\/\/wp.ufpel.edu.br\/profiap\/wp-json\/wp\/v2\/pages"}],"about":[{"href":"https:\/\/wp.ufpel.edu.br\/profiap\/wp-json\/wp\/v2\/types\/page"}],"author":[{"embeddable":true,"href":"https:\/\/wp.ufpel.edu.br\/profiap\/wp-json\/wp\/v2\/users\/664"}],"replies":[{"embeddable":true,"href":"https:\/\/wp.ufpel.edu.br\/profiap\/wp-json\/wp\/v2\/comments?post=1191"}],"version-history":[{"count":21,"href":"https:\/\/wp.ufpel.edu.br\/profiap\/wp-json\/wp\/v2\/pages\/1191\/revisions"}],"predecessor-version":[{"id":1683,"href":"https:\/\/wp.ufpel.edu.br\/profiap\/wp-json\/wp\/v2\/pages\/1191\/revisions\/1683"}],"wp:attachment":[{"href":"https:\/\/wp.ufpel.edu.br\/profiap\/wp-json\/wp\/v2\/media?parent=1191"}],"curies":[{"name":"wp","href":"https:\/\/api.w.org\/{rel}","templated":true}]}}