{"id":61,"date":"2021-05-23T22:33:39","date_gmt":"2021-05-24T01:33:39","guid":{"rendered":"https:\/\/wp.ufpel.edu.br\/professorfogaca\/?page_id=61"},"modified":"2023-05-24T09:44:08","modified_gmt":"2023-05-24T12:44:08","slug":"linhas-de-pesquisa","status":"publish","type":"page","link":"https:\/\/wp.ufpel.edu.br\/professorfogaca\/linhas-de-pesquisa\/","title":{"rendered":"PESQUISA"},"content":{"rendered":"<p>Linha de pesquisa principal:<br \/>\nPatologias e deformidades maxilo-mandibulares<br \/>\nLinhas secund\u00e1rias:<br \/>\n1-Farmacologia aplicada aos processos necr\u00f3ticos dos maxilares e tumores de origem odontog\u00eanica.<br \/>\n2- procedimentos cir\u00fargicos reconstrutores e reabilitadores sem\/ com biomateriais , enxertos e\/ sem com \u00f3rtese e pr\u00f3tese em maxilar e mand\u00edbula.<br \/>\n3- Gera\u00e7\u00e3o de evid\u00eancia atrav\u00e9s da constru\u00e7\u00e3o de pesquisas secund\u00e1rias, com uso de estat\u00edstica ( meta an\u00e1lises)<br \/>\n4- constru\u00e7\u00e3o de evid\u00eancias prim\u00e1rias atrav\u00e9s da condu\u00e7\u00e3o de ECR.<br \/>\n5- Utiliza\u00e7\u00e3o de software em patologias e deformidades m\u00e1xilo facial.<br \/>\n6- condu\u00e7\u00e3o de casos cl\u00ednicos in\u00e9ditos ou que carreguem informa\u00e7\u00f5es novas quanto a tomada de decis\u00e3o na \u00e1rea de pesquisa do grupo.<\/p>\n","protected":false},"excerpt":{"rendered":"<p>Linha de pesquisa principal: Patologias e deformidades maxilo-mandibulares Linhas secund\u00e1rias: 1-Farmacologia aplicada aos processos necr\u00f3ticos dos maxilares e tumores de origem odontog\u00eanica. 2- procedimentos cir\u00fargicos reconstrutores e reabilitadores sem\/ com biomateriais , enxertos e\/ sem com \u00f3rtese e pr\u00f3tese em maxilar e mand\u00edbula. 3- Gera\u00e7\u00e3o de evid\u00eancia atrav\u00e9s da constru\u00e7\u00e3o de pesquisas secund\u00e1rias, com uso [&hellip;]<\/p>\n","protected":false},"author":101,"featured_media":0,"parent":0,"menu_order":0,"comment_status":"closed","ping_status":"closed","template":"","meta":{"footnotes":""},"class_list":["post-61","page","type-page","status-publish","hentry"],"_links":{"self":[{"href":"https:\/\/wp.ufpel.edu.br\/professorfogaca\/wp-json\/wp\/v2\/pages\/61","targetHints":{"allow":["GET"]}}],"collection":[{"href":"https:\/\/wp.ufpel.edu.br\/professorfogaca\/wp-json\/wp\/v2\/pages"}],"about":[{"href":"https:\/\/wp.ufpel.edu.br\/professorfogaca\/wp-json\/wp\/v2\/types\/page"}],"author":[{"embeddable":true,"href":"https:\/\/wp.ufpel.edu.br\/professorfogaca\/wp-json\/wp\/v2\/users\/101"}],"replies":[{"embeddable":true,"href":"https:\/\/wp.ufpel.edu.br\/professorfogaca\/wp-json\/wp\/v2\/comments?post=61"}],"version-history":[{"count":6,"href":"https:\/\/wp.ufpel.edu.br\/professorfogaca\/wp-json\/wp\/v2\/pages\/61\/revisions"}],"predecessor-version":[{"id":116,"href":"https:\/\/wp.ufpel.edu.br\/professorfogaca\/wp-json\/wp\/v2\/pages\/61\/revisions\/116"}],"wp:attachment":[{"href":"https:\/\/wp.ufpel.edu.br\/professorfogaca\/wp-json\/wp\/v2\/media?parent=61"}],"curies":[{"name":"wp","href":"https:\/\/api.w.org\/{rel}","templated":true}]}}