{"id":28,"date":"2019-04-03T08:24:51","date_gmt":"2019-04-03T11:24:51","guid":{"rendered":"https:\/\/wp.ufpel.edu.br\/professorfogaca\/?page_id=28"},"modified":"2023-05-29T23:32:48","modified_gmt":"2023-05-30T02:32:48","slug":"trabalhos-publicados","status":"publish","type":"page","link":"https:\/\/wp.ufpel.edu.br\/professorfogaca\/trabalhos-publicados\/","title":{"rendered":"TRABALHOS PUBLICADOS"},"content":{"rendered":"<p> 1-Vetromilla, B., Silva, G., Neto, V., Manentti Foga\u00e7a, A., &#038; Cenci, T. (2023). Implantes curtos versus implantes convencionais associados \u00e0 eleva\u00e7\u00e3o do seixo maxilar: um ensaio cl\u00ednico randomizado. Revista Da Faculdade De Odontologia &#8211; UPF, 26(1), 31-37. https:\/\/doi.org\/10.5335\/rfo.v26i1.12327http:\/\/seer.upf.br\/index.php\/rfo\/article\/view\/12327\/114116965<br \/>\n2- https:\/\/www.manole.com.br\/tecnicas-anestesicas-locais-em-odontologia-1-edicao\/p.<br \/>\n3- https:\/\/www.grupogen.com.br\/e-book-terapia-medicamentosa-em-odontologia-fundamentos-e-aplicabilidade-lenita-wannmacher-e-cassiano-kuchenbecker-rosing-guanabara-koogan-9788527739269.<br \/>\n4- RODRIGUES, R.; CASSAL, C.; KANESHIMA-J\u00daNIOR, W.; MOURA, L.; CARVALHO, P.; SONEGO, C.;MANENTI, A.; TORRIANI, M.; CHAGAS-J\u00daNIOR, O.<br \/>\nSimplified and low cost method for reconstruction of orbital fractures: technique and cases report. INTERNATIONAL JOURNAL OF ORAL AND MAXILLOFACIAL SURGERY. Fator de Impacto(2021 JCR): 2,9860, v.48, p.30 &#8211; 30, 2019.<br \/>\n5-MANENTI, A. C.M.; SILVA DE MENEZES, J. D.; GRECO JUNIOR, A. N.; DUARTE DE MORAES, J.F.; GERHARDT DE OLIVEIRA, M.<br \/>\nDimensional accuracy of select laser sintering and three-dimensional printing biomodels after autoclaving:a preliminary descriptive study. ARCHIVES OF ORAL RESEARCH. , v.7, p.27 &#8211; , 2011.<br \/>\n6. MANENTI, A. C.M.; SILVA DE MENEZES, J. D.; GERHARDT DE OLIVEIRA, M.; HELLWIG, I.; SOARES ZERBINATI, L.P.; DE CONTO, F.; DUARTE DE MORAES, J.F.; MARZOLA, C.AN\u00c1LISE DE BIOMODELOS AP\u00d3S AUTOCLAVAGEM. Revista de Odontologia (S\u00e3o Paulo. Online). , v.06, p.412 &#8211; 420, 2011.<br \/>\n7. MANENTI, A. C.M.; ZAMBRANO, Candida Beatriz Borges; FIGUEIREDO, Paulo Jeovane de; PIRES, M\u00e1rio S\u00e9rgio Medeiros; BILHALVA, Tatiane da Silva Profilaxia da endocardite bacteriana &#8211; revis\u00e3o da literatura e recomenda\u00e7\u00f5es atuais. JBC. Jornal Brasileiro de Cl\u00ednica &#038; Est\u00e9tica em Odontologia. , p.57 &#8211; 60, 2000.<br \/>\n8. MANENTI, A. C.M.; ZAMBRANO, Candida Beatriz Borges; PIRES, M\u00e1rio S\u00e9rgio de Medeiros; FIGUEIREDO, Paulo Jeovane de; GIORGIS, Rafael dos Santos Avuls\u00e3o dent\u00e1ria: informa\u00e7\u00f5es necess\u00e1rias para o tratamento de urg\u00eancia. Expressa Extens\u00e3o (UFPel). , v.4, p.49 &#8211; 52, 1999.<br \/>\n9. MANENTI, A. C.M.; MAAS, Angela Nunes; SILVA, Everson de Vargas Assist\u00eancia Odontol\u00f3gica no C\u00e1rcere: uma proposta vi\u00e1vel. Expressa Extens\u00e3o (UFPel). , v.3, p.15 &#8211; 21, 1998.<\/p>\n","protected":false},"excerpt":{"rendered":"<p>1-Vetromilla, B., Silva, G., Neto, V., Manentti Foga\u00e7a, A., &#038; Cenci, T. (2023). Implantes curtos versus implantes convencionais associados \u00e0 eleva\u00e7\u00e3o do seixo maxilar: um ensaio cl\u00ednico randomizado. Revista Da Faculdade De Odontologia &#8211; UPF, 26(1), 31-37. https:\/\/doi.org\/10.5335\/rfo.v26i1.12327http:\/\/seer.upf.br\/index.php\/rfo\/article\/view\/12327\/114116965 2- https:\/\/www.manole.com.br\/tecnicas-anestesicas-locais-em-odontologia-1-edicao\/p. 3- https:\/\/www.grupogen.com.br\/e-book-terapia-medicamentosa-em-odontologia-fundamentos-e-aplicabilidade-lenita-wannmacher-e-cassiano-kuchenbecker-rosing-guanabara-koogan-9788527739269. 4- RODRIGUES, R.; CASSAL, C.; KANESHIMA-J\u00daNIOR, W.; MOURA, L.; CARVALHO, P.; SONEGO, C.;MANENTI, [&hellip;]<\/p>\n","protected":false},"author":101,"featured_media":0,"parent":0,"menu_order":0,"comment_status":"closed","ping_status":"closed","template":"","meta":{"footnotes":""},"class_list":["post-28","page","type-page","status-publish","hentry"],"_links":{"self":[{"href":"https:\/\/wp.ufpel.edu.br\/professorfogaca\/wp-json\/wp\/v2\/pages\/28","targetHints":{"allow":["GET"]}}],"collection":[{"href":"https:\/\/wp.ufpel.edu.br\/professorfogaca\/wp-json\/wp\/v2\/pages"}],"about":[{"href":"https:\/\/wp.ufpel.edu.br\/professorfogaca\/wp-json\/wp\/v2\/types\/page"}],"author":[{"embeddable":true,"href":"https:\/\/wp.ufpel.edu.br\/professorfogaca\/wp-json\/wp\/v2\/users\/101"}],"replies":[{"embeddable":true,"href":"https:\/\/wp.ufpel.edu.br\/professorfogaca\/wp-json\/wp\/v2\/comments?post=28"}],"version-history":[{"count":7,"href":"https:\/\/wp.ufpel.edu.br\/professorfogaca\/wp-json\/wp\/v2\/pages\/28\/revisions"}],"predecessor-version":[{"id":132,"href":"https:\/\/wp.ufpel.edu.br\/professorfogaca\/wp-json\/wp\/v2\/pages\/28\/revisions\/132"}],"wp:attachment":[{"href":"https:\/\/wp.ufpel.edu.br\/professorfogaca\/wp-json\/wp\/v2\/media?parent=28"}],"curies":[{"name":"wp","href":"https:\/\/api.w.org\/{rel}","templated":true}]}}