{"id":804,"date":"2017-09-12T15:57:37","date_gmt":"2017-09-12T18:57:37","guid":{"rendered":"https:\/\/wp.ufpel.edu.br\/producaodevideo\/?page_id=804"},"modified":"2018-10-23T11:27:20","modified_gmt":"2018-10-23T14:27:20","slug":"videoaula-2","status":"publish","type":"page","link":"https:\/\/wp.ufpel.edu.br\/producaodevideo\/videoaula-2\/","title":{"rendered":"Videoaula"},"content":{"rendered":"<p style=\"text-align: center\">Aqui algumas videoaulas com softwares livres para voc\u00ea ter uma experi\u00eancia com programas de edi\u00e7\u00e3o e de \u00e1udio.<\/p>\n<p style=\"text-align: center\">A maioria s\u00e3o softwares livres.<\/p>\n<p><a href=\"https:\/\/www.youtube.com\/watch?v=FleXNJZen9k&amp;index=15&amp;list=PLNO6rIlMAel1eBz-xLXfjZPZfQVwfnS8M\" target=\"_blank\" rel=\"noopener\">Movie Maker<\/a><\/p>\n<p><a href=\"https:\/\/www.youtube.com\/watch?v=CdOOl9Sjc-0&amp;list=PLNO6rIlMAel1eBz-xLXfjZPZfQVwfnS8M&amp;index=24\" target=\"_blank\" rel=\"noopener\">Audacity<\/a><\/p>\n<p><a href=\"https:\/\/www.youtube.com\/watch?v=FniBsA-uYRo&amp;list=PLNO6rIlMAel1eBz-xLXfjZPZfQVwfnS8M\" target=\"_blank\" rel=\"noopener\">Gimp<\/a><\/p>\n<p><a href=\"https:\/\/www.youtube.com\/watch?v=N-1Lmn1VF5k&amp;list=PLNO6rIlMAel0z3GjF4lWoLsTjdAQPWgdl\" target=\"_blank\" rel=\"noopener\">Kdenlive<\/a><\/p>\n<p><a href=\"https:\/\/www.youtube.com\/watch?v=LZisnfIyA2w&amp;list=PLNO6rIlMAel1eBz-xLXfjZPZfQVwfnS8M\">Filmora<\/a><\/p>\n<p><a href=\"https:\/\/www.youtube.com\/watch?v=dFXEsmsFvxE&amp;index=8&amp;list=PLNO6rIlMAel1eBz-xLXfjZPZfQVwfnS8M\">Movavi<\/a><\/p>\n<p><a href=\"https:\/\/www.youtube.com\/watch?v=oeqAqWk7FSI&amp;t=127s\" target=\"_blank\" rel=\"noopener\">Edi\u00e7\u00e3o B\u00e1sica Premiere<\/a><\/p>\n<p><a href=\"https:\/\/www.youtube.com\/watch?v=2AABQXwyf64&amp;list=PLS08dhp2EdAbyJpJlHFtZzfLZj3p4cLRF\">O Que S\u00e3o Planos?\u00a0 (DICA SEaD Audiovisual)\u00a0<\/a><\/p>\n","protected":false},"excerpt":{"rendered":"<p>Aqui algumas videoaulas com softwares livres para voc\u00ea ter uma experi\u00eancia com programas de edi\u00e7\u00e3o e de \u00e1udio. A maioria s\u00e3o softwares livres. Movie Maker Audacity Gimp Kdenlive Filmora Movavi Edi\u00e7\u00e3o B\u00e1sica Premiere O Que S\u00e3o Planos?\u00a0 (DICA SEaD Audiovisual)\u00a0<\/p>\n","protected":false},"author":578,"featured_media":0,"parent":0,"menu_order":0,"comment_status":"closed","ping_status":"closed","template":"","meta":{"footnotes":""},"class_list":["post-804","page","type-page","status-publish","hentry"],"jetpack_sharing_enabled":true,"_links":{"self":[{"href":"https:\/\/wp.ufpel.edu.br\/producaodevideo\/wp-json\/wp\/v2\/pages\/804","targetHints":{"allow":["GET"]}}],"collection":[{"href":"https:\/\/wp.ufpel.edu.br\/producaodevideo\/wp-json\/wp\/v2\/pages"}],"about":[{"href":"https:\/\/wp.ufpel.edu.br\/producaodevideo\/wp-json\/wp\/v2\/types\/page"}],"author":[{"embeddable":true,"href":"https:\/\/wp.ufpel.edu.br\/producaodevideo\/wp-json\/wp\/v2\/users\/578"}],"replies":[{"embeddable":true,"href":"https:\/\/wp.ufpel.edu.br\/producaodevideo\/wp-json\/wp\/v2\/comments?post=804"}],"version-history":[{"count":17,"href":"https:\/\/wp.ufpel.edu.br\/producaodevideo\/wp-json\/wp\/v2\/pages\/804\/revisions"}],"predecessor-version":[{"id":1117,"href":"https:\/\/wp.ufpel.edu.br\/producaodevideo\/wp-json\/wp\/v2\/pages\/804\/revisions\/1117"}],"wp:attachment":[{"href":"https:\/\/wp.ufpel.edu.br\/producaodevideo\/wp-json\/wp\/v2\/media?parent=804"}],"curies":[{"name":"wp","href":"https:\/\/api.w.org\/{rel}","templated":true}]}}