{"id":692,"date":"2016-07-08T06:37:15","date_gmt":"2016-07-08T09:37:15","guid":{"rendered":"https:\/\/wp.ufpel.edu.br\/producaodevideo\/?page_id=692"},"modified":"2018-02-08T15:27:47","modified_gmt":"2018-02-08T17:27:47","slug":"professores-que-produzem-video","status":"publish","type":"page","link":"https:\/\/wp.ufpel.edu.br\/producaodevideo\/professores-que-produzem-video\/","title":{"rendered":"Professores que produzem  v\u00eddeo"},"content":{"rendered":"<p>Amigos, nesse espa\u00e7o voc\u00ea vai encontrar contato de professores que produzem v\u00eddeo estudantil no Brasil. Fizemos a sele\u00e7\u00e3o por estado. Se desejar, voc\u00ea pode indicar algum professor enviando email para videoestudantil@gmail.com<\/p>\n<p><strong>RIO GRANDE DO SUL<\/strong><\/p>\n<p><strong>Pelotas<\/strong><br \/>\n<a href=\"https:\/\/www.facebook.com\/JosiasUFPel\" target=\"_blank\" rel=\"noopener\">Josias Pereira<\/a>\u00a0&#8211; Pelotas\/RS<br \/>\nSou professor adjunto da UFPel do curso de Cinema e docente da P\u00f3s Gradua\u00e7\u00e3o em Educa\u00e7\u00e3o Matem\u00e1tica da UFPel, tenho um grupo de pesquisa sobre produ\u00e7\u00e3o de v\u00eddeo estudantil. Meu Mestrado e Doutorado s\u00e3o sobre o tema produ\u00e7\u00e3o de v\u00eddeo estudantil. Escrevi uns cinco livros sobre este tema. Junto com a professora Eliane, Jeane, Rozane e Rog\u00e9rio coordenamos o Congresso Brasileiro de Produ\u00e7\u00e3o de V\u00eddeo Estudantil.<br \/>\n<a href=\"https:\/\/www.youtube.com\/watch?v=0gUpivOC5vw\" target=\"_blank\" rel=\"noopener\">V\u00eddeo apresenta\u00e7\u00e3o<\/a><\/p>\n<p>Viviane Lino &#8211; Pelotas\/RS<br \/>\nSou professora de L\u00edngua Portuguesa e Literatura no Instituto Federal de Educa\u00e7\u00e3o, Ci\u00eancia e Tecnologia Sul-rio-grandense (IFSul), Campus Pelotas. H\u00e1 pouco tempo, aproximadamente 2 anos, tenho trabalhado com a produ\u00e7\u00e3o de v\u00eddeo com meus alunos e tem sido uma experi\u00eancia enriquecedora para todos n\u00f3s. No IF, eu e outros colegas, estamos organizando um projeto para promover uma mostra ou um festival de v\u00eddeo estudantil.<\/p>\n<p><strong>Porto Alegre<\/strong><br \/>\n<a href=\"https:\/\/www.facebook.com\/cintiainesboll\" target=\"_blank\" rel=\"noopener\">Cintia Boll<\/a> &#8211; Porto Alegre\/RS<br \/>\nSou professora na Faculdade de Educa\u00e7\u00e3o na UFRGS. Pesquisei enuncia\u00e7\u00e3o est\u00e9tica juvenil em v\u00eddeos escolares no YouTube na tese e hoje sigo estudando-a considerando tecnologias m\u00f3veis.<\/p>\n<p><a href=\"https:\/\/www.facebook.com\/mariaangelica.santos.90\">Maria Ang\u00e9lica dos Santos<\/a> &#8211; Porto Alegre\/RS<br \/>\nTrabalho na Cinemateca Capit\u00f3lio onde desenvolvo o Programa de Alfabetiza\u00e7\u00e3o Audiovisual. O Programa trabalha com cinema no Ensino B\u00e1sico, incluindo a exibi\u00e7\u00e3o e produ\u00e7\u00e3o para Escolas Especiais e Bil\u00edngues &#8211; libras e baixa vis\u00e3o.<\/p>\n<p><strong>Cap\u00e3o do Le\u00e3o<\/strong><br \/>\n<a href=\"https:\/\/www.facebook.com\/larissa.oliveirapedra\" target=\"_blank\" rel=\"noopener\">Larissa Pedra<\/a> &#8211; Cap\u00e3o do Le\u00e3o\/RS<br \/>\nFormanda em Psicologia, Pedagoga e Professora de Educa\u00e7\u00e3o Infantil. Tenho trabalhado com a produ\u00e7\u00e3o de v\u00eddeo na pr\u00e9-escola. Tamb\u00e9m j\u00e1 trabalhei com fundamental II. Tenho interesse em pesquisa, Ensino e Extens\u00e3o e estou buscando carreira acad\u00eamica, almejando come\u00e7ar o mestrado em breve.<\/p>\n<p><strong>S\u00e3o Louren\u00e7o do Sul<\/strong><br \/>\nAdriana Bandeira &#8211; S\u00e3o Louren\u00e7o do Sul\/RS<br \/>\nSou professora de Educa\u00e7\u00e3o F\u00edsica da E.M.E.F Martinho Lutero. Trabalhamos com produ\u00e7\u00e3o de v\u00eddeos na escola a 3 anos atrav\u00e9s de uma parceria da Universidade Federal de Pelotas (UFPEL) e a Prefeitura de S\u00e3o Louren\u00e7o do Sul. Trabalho juntamente com minha colega Adriana Kovalscki, professora de matem\u00e1tica.<\/p>\n<p><strong>Cangu\u00e7u <\/strong><br \/>\n<a href=\"https:\/\/www.facebook.com\/carla.felcher\">Carla Felcher<\/a> &#8211; Cangu\u00e7u\/RS<br \/>\nDoutoranda em Educa\u00e7\u00e3o em Ci\u00eancias pela Universidade Federal do Rio Grande do Sul (UFRGS). Moro em Cangu\u00e7u e utilizo as Tecnologias Digitais para ensinar Matem\u00e1tica e tamb\u00e9m pesquiso sobre elas. Ano passado ganhei um pr\u00eamio em um Festival de v\u00eddeos em educa\u00e7\u00e3o matem\u00e1tica, promovido pela Unesp de Rio Claro. Ano passado tamb\u00e9m publiquei um artigo sobre produ\u00e7\u00e3o de v\u00eddeos. Meu foco s\u00e3o os v\u00eddeos produzidos pelos alunos sobre conte\u00fados matem\u00e1ticos. Agora a pouco foi aceito no SENID um outro artigo meu sobre v\u00eddeos: V\u00eddeo como uma performance matem\u00e1tica digital.<\/p>\n<p><strong>Guaiba<\/strong><br \/>\n<a href=\"https:\/\/www.facebook.com\/profile.php?id=1849141550\" target=\"_blank\" rel=\"noopener\"> Roberto Silva <\/a>&#8211; Gua\u00edba\/RS<br \/>\nSou professor de L\u00edngua Portuguesa do Col\u00e9gio Estadual Augusto Meyer, de Gua\u00edba. H\u00e1 13 anos coordeno o N\u00facleo de V\u00eddeo Terra Cambar\u00e1 que faz cinema estudantil. A princ\u00edpio era para o Festival aqui do nosso munic\u00edpio, com a descoberta de outras mostras, come\u00e7amos a participar de eventos de cinema estudantil no pa\u00eds e no exterior.<\/p>\n<p><strong>Fagundes Varela<\/strong><br \/>\n<a href=\"https:\/\/www.facebook.com\/kharelvaltingojer\"> Kharel Valtingojer<\/a> &#8211; Fagundes Varela\/RS<br \/>\nOficialmente sou monitor de escola. Extra oficialmente, professor de inform\u00e1tica da pr\u00e9 escola (entre outras coisas). Dada a pr\u00e9 experi\u00eancia em inform\u00e1tica (programador, instrutor, YouTuber, e algumas mais) trabalhar com v\u00eddeos foi o fluxo natural da proposta de ensinar tecnologias para os pequenos (foi quando ouviu falar da iniciativa do Josias e tantos projetos t\u00e3o legais).<\/p>\n<p><strong>Gramado<\/strong><br \/>\n<a href=\"https:\/\/www.facebook.com\/FernandoCostaGomes\" target=\"_blank\" rel=\"noopener\">Fernando Gomes<\/a> &#8211; Canela-Gramado\/RS<br \/>\nSou supervisor no Espa\u00e7o Cultural da FAURGS\/UFRGS em Gramado e vice presidente da Funda\u00e7\u00e3o Cultural de Canela. Em Canela temos o Cineclube, que costuma ter sess\u00f5es voltadas ao p\u00fablico jovem (embora ainda sem exibi\u00e7\u00e3o de produ\u00e7\u00f5es locais) e na FAURGS j\u00e1 recebemos exibi\u00e7\u00e3o do projeto escolar Educav\u00eddeo. Fui jurado de filmes escolares em 3 col\u00e9gios, adoro ver e apoiar o cinema escolar. A FAURGS sediou por muitos anos o Gramado Cinev\u00eddeo, evento paralelo ao Festival de Cinema com foco no audiovisual universit\u00e1rio. Contatos por email: eventos@ufrgs.br e fernando@fccanela.com.br<\/p>\n<p><strong>S\u00e3o Leopoldo <\/strong><br \/>\n<a href=\"https:\/\/www.facebook.com\/eliane.b.candido\" target=\"_blank\" rel=\"noopener\"> Eliane Candido<\/a> &#8211; S\u00e3o Leopoldo\/RS<br \/>\nPedagoga e Especialista em M\u00eddias na Educa\u00e7\u00e3o. Utilizo a produ\u00e7\u00e3o de v\u00eddeo como recurso pedag\u00f3gico desde 2006 com alunos do Ensino Fundamental e Educa\u00e7\u00e3o de Jovens e Adultos (EJA). Trabalhei tamb\u00e9m na Secretaria Municipal de Educa\u00e7\u00e3o de S\u00e3o Leopoldo e criei o &#8220;S\u00e3o L\u00e9o em Cine &#8211; Festival de V\u00eddeo Estudantil&#8221; em parceria com a Universidade Federal de Pelotas (UFPel), ou seja, com a ajuda do profe Josias Pereira. O projeto virou lei e agora \u00e9 um programa municipal que incentiva a produ\u00e7\u00e3o de curtas da Educa\u00e7\u00e3o Infantil, Fundamental e da EJA.<br \/>\nAtualmente coordeno o Congresso Brasileiro de Produ\u00e7\u00e3o de V\u00eddeo Estudantil (CBPVE), juntamente com Josias, Rog\u00e9rio, Rozane e Jeane. Tenho alguns artigos publicados em livros e revistas sobre essas experi\u00eancias.<\/p>\n<p><a href=\"https:\/\/www.facebook.com\/andrea.rodrigues.7127\">Andr\u00e9a Rodrigues<\/a> &#8211; S\u00e3o Leopoldo\/RS<br \/>\nSou a professora Andr\u00e9a Rodrigues. Formada em Artes Visuais e Especialista em Inform\u00e1tica e em M\u00eddias. (Esta \u00faltima pela UFPEL. Tive a honra de ser orientanda do professor Josias Pereira). Trabalho em S\u00e3o Leopoldo juntamente com o colega professor Diego Comerlato. Juntos coordenamos as Oficinas de Cinema JG e Ot\u00edlia.<\/p>\n<p><a href=\"https:\/\/www.facebook.com\/cassia.wagner.9\">C\u00e1ssia Wagner<\/a> &#8211; S\u00e3o Leopoldo\/RS<br \/>\nSou professora de educa\u00e7\u00e3o infantil do munic\u00edpio de S\u00e3o Leopoldo, atualmente supervisora de uma escola municipal de educa\u00e7\u00e3o infantil e tutora EAD em um polo da Uninter no curso de Pedagogia. Fiz um document\u00e1rio sobre o olhar das crian\u00e7as em rela\u00e7\u00e3o \u00e0 inclus\u00e3o em 2016 e ano passado um curta de uma hist\u00f3ria de pr\u00f3pria autoria &#8220;Giralua&#8221;. Tenho especializa\u00e7\u00e3o em M\u00eddias na Educa\u00e7\u00e3o pela UFRGS.<\/p>\n<p><a href=\"https:\/\/www.facebook.com\/anapatricia.amorim.14\" target=\"_blank\" rel=\"noopener\">Ana Patricia Amorim<\/a> &#8211; S\u00e3o Leopoldo\/RS<br \/>\nSou formada em Letras. Tenho grande aprecia\u00e7\u00e3o pela produ\u00e7\u00e3o de v\u00eddeos estudantis. No momento exer\u00e7o a fun\u00e7\u00e3o de vice-diretora. Implantamos na escola o Festival de Curtas Alvinho, em 2018 teremos o 3\u00b0. Com a parceria de professores estamos construindo na pr\u00e1tica a ideia de que os v\u00eddeos estudantis enriquecem bastante a pr\u00e1tica pedag\u00f3gica.<\/p>\n<p><a href=\"https:\/\/www.facebook.com\/ana.necchi.5\" target=\"_blank\" rel=\"noopener\">Ana Necchi<\/a> &#8211; S\u00e3o Leopoldo\/RS<br \/>\nSou professora de educa\u00e7\u00e3o infantil da rede municipal de ensino de S\u00e3o Leopoldo. Sou aluna do curso de Licenciatura em Pedagogia \u00e0 Dist\u00e2ncia na UFRGS. Estou engatinhando ao inserir a educa\u00e7\u00e3o audiovisual como pr\u00e1tica pedag\u00f3gica na educa\u00e7\u00e3o infantil. Iniciei em 2016 com 1 curta numa turma de Ber\u00e7\u00e1rio II (2\/3anos) e tive oportunidade, em 2017, de experimentar a cria\u00e7\u00e3o colaborativa de 3 curtas: 1 com uma turma de Infantil II (4anos) e 2 com crian\u00e7as do Programa Novo Mais Educa\u00e7\u00e3o (8 aos 13 anos). Em 2017, em parceria com a colega da UFRGS Deise Moraes, iniciamos a cria\u00e7\u00e3o de um aplicativo para divulgar os Festivais de V\u00eddeos Estudantis no Brasil sob orienta\u00e7\u00e3o da Profa Dra C\u00edntia Boll. O aplicativo est\u00e1 em fase de ajustes e logo ser\u00e1 lan\u00e7ado oficialmente<\/p>\n<p><a href=\"https:\/\/www.facebook.com\/mariana.bueno.378\" target=\"_blank\" rel=\"noopener\">Mariana Bueno<\/a> &#8211; S\u00e3o Leopoldo\/RS<br \/>\nNa minha escola desenvolvo junto com meus alunos a oficina de cinema Luz, C\u00e2mera, Gusm\u00e3o! (E.M.E.F. Professora Maria Gusm\u00e3o Britto). J\u00e1 utilizo os v\u00eddeos nas minhas aulas de teatro h\u00e1 tempos. E sempre estamos descobrindo novidades.<\/p>\n<p><a href=\"https:\/\/www.facebook.com\/michele.heck.3\" target=\"_blank\" rel=\"noopener\">Michele Heck<\/a> &#8211; S\u00e3o Leopoldo\/RS<br \/>\nProduzo v\u00eddeos com meus alunos e tenho a parceria de muitos colegas maravilhosos que acredito estarem neste grupo tamb\u00e9m.<\/p>\n<p><a href=\"https:\/\/www.facebook.com\/fatimaluciana.dossantos\">Fatima Luciana dos Santos<\/a> &#8211; S\u00e3o Leopoldo\/RS<br \/>\nTrabalho na Emef Senador Salgado Filho e iniciei no S\u00e3o L\u00e9o em Cine por incentivo da professora Nara Locatelli em 2014 e as crian\u00e7as participaram como figurantes. A partir da\u00ed comecei a produzir v\u00eddeos com minhas turmas como uma forma de incentivar a leitura e a autoestima dos alunos<\/p>\n<p><a href=\"https:\/\/www.facebook.com\/cristina.lemos.9275\" target=\"_blank\" rel=\"noopener\">Cris Lemos<\/a> &#8211; S\u00e3o Leopoldo\/RS<br \/>\nSou a professora Cristina Lemos e atuo na rede municipal de S\u00e3o Leopoldo (escola Hohendorff e NTM) e na Escola da ind\u00fastria criativa na Unisinos.<\/p>\n<p><a href=\"https:\/\/www.facebook.com\/luciane.benites.5\" target=\"_blank\" rel=\"noopener\">Luciane Benites<\/a> &#8211; S\u00e3o Leopoldo\/RS<br \/>\nSou professora de Artes nas Emefs Germano Sperb e Castro Alves em S\u00e3o Leopoldo.<\/p>\n<p><a href=\"https:\/\/www.facebook.com\/nara.nrls\" target=\"_blank\" rel=\"noopener\">Nara Locatelli <\/a>&#8211; S\u00e3o Leopoldo\/RS<br \/>\nProduzo v\u00eddeos desde sempre nas aulas de Artes Visuais como exerc\u00edcio, mas fui convidada a participar com meus alunos desde o ano de 2014, de Festivais de v\u00eddeos estudantis e estou aprendendo.<\/p>\n<p><a href=\"https:\/\/www.facebook.com\/le.daudt?ref=br_rs\">L\u00ea Daudt <\/a>&#8211; S\u00e3o Leopoldo\/RS<br \/>\nProfessora do Atendimento Educacional Especializado da Escola Municipal Ol\u00edmpio Vianna Albrecht, em S\u00e3o Leopoldo. Trabalho com curtas metragens em meus atendimentos desde 2014.<\/p>\n<p><a href=\"https:\/\/www.facebook.com\/eden.bittencourt?ref=br_rs\" target=\"_blank\" rel=\"noopener\">Eden Bittencourt<\/a> &#8211; S\u00e3o Leopoldo\/RS<br \/>\nObjetivando promover a leitura, propus aos meus alunos da EJA a produ\u00e7\u00e3o de um curta. Deu t\u00e3o certo, que filmamos outro e outros.<\/p>\n<p><strong>Campo Bom <\/strong><br \/>\n<a href=\"https:\/\/www.facebook.com\/profmarlonnunes\" target=\"_blank\" rel=\"noopener\">Marlon Nunes<\/a> &#8211; Campo Bom\/RS<br \/>\nMoro em Novo Hamburgo\/RS, mas sou professor em Campo Bom. Sou formado em Arte, pela Universidade Feevale. Fa\u00e7o cinema estudantil desde 2008. Orientei 52 curtas nesses anos. Hoje organizo o que ser\u00e1 o 3\u00b0 Festcine31 em Campo Bom que esse ano ser\u00e1 Nacional. Sou respons\u00e1vel pela TV Revolu\u00e7\u00e3o na escola.<br \/>\n<a href=\"https:\/\/youtu.be\/ddrQpZpCcKM\" target=\"_blank\" rel=\"noopener\">Apresenta\u00e7\u00e3o em v\u00eddeo <\/a><\/p>\n<p><strong>Alvorada<\/strong><br \/>\n<a href=\"https:\/\/www.facebook.com\/adailton.moreira.75\">Adailton Moreira<\/a> &#8211; Porto Alegre\/RS<br \/>\nRealizo trabalho em audiovisual na cidade de Alvorada com o Projeto Clube das 5\/Primeira Tela e com o FECEA, Festival de Cinema Escolar de Alvorada, juntamente com o Professor Andr\u00e9 Bozzetti.<\/p>\n<p><a href=\"https:\/\/www.facebook.com\/andre.bozzetti\" target=\"_blank\" rel=\"noopener\">Andr\u00e9 Bozzetti<\/a> &#8211; Porto Alegre\/RS<br \/>\nTrabalho em Alvorada com o Projeto Clube das 5 e com o FECEA (Festival de Cinema Escolar de Alvorada), juntamente c om o Professor Ada\u00edlton.<\/p>\n<p><strong>Novo Hamburgo<\/strong><br \/>\n<a href=\"https:\/\/www.facebook.com\/jeane.candido.1\" target=\"_blank\" rel=\"noopener\"> Maria Jeane Candido<\/a> &#8211; Novo Hamburgo\/RS<br \/>\nSou professora da Educa\u00e7\u00e3o Infantil. Pedagoga e Especialista em M\u00eddias na Educa\u00e7\u00e3o. J\u00e1 trabalho com v\u00eddeo estudantil desde 2008. Sempre achei importante inserir os pequeninos, o quanto antes, no mundo digital de forma pedag\u00f3gica. Produzi curtas sem e com acessibilidade (legenda, Libras e audiodescri\u00e7\u00e3o). Sou uma das coordenadoras do Congresso Brasileiro de Produ\u00e7\u00e3o de V\u00eddeo Estudantil, juntamente com Josias, Eliane, Rog\u00e9rio e Rozane.<\/p>\n<p><a href=\"https:\/\/www.facebook.com\/mariaemilia.lubian\">Maria Em\u00edlia Lubian<\/a> &#8211; Novo Hamburgo\/RS<br \/>\nTrabalho com a produ\u00e7\u00e3o liter\u00e1ria, pois o cinema \u00e9 a transforma\u00e7\u00e3o de um g\u00eanero narrativo em roteiro. Nos nossos curtas, procuramos trabalhar recursos acess\u00edveis como audiodescri\u00e7\u00e3o e legendas. Com roteiros autorais, inclusive.<\/p>\n<p><strong>TOCANTINS<br \/>\n<\/strong><br \/>\n<strong>Palmas<\/strong><br \/>\n<a href=\"https:\/\/www.facebook.com\/bandeirabir\" target=\"_blank\" rel=\"noopener\">Ademir Bandeira<\/a> &#8211; Palmas\/TO<br \/>\nSou formado em LETRAS-Portugu\u00eas\/espanhol, especialista em L\u00edngua Espanhola. Trabalho com alunos do fundamental II, o meu projeto \u00e9: <a href=\"http:\/\/eufacocinenaescola.blogspot.com.br\/\" target=\"_blank\" rel=\"noopener\">eu fa\u00e7o cine<\/a> na Escola. Trabalhamos com curtas, anima\u00e7\u00f5es e entrevistas.<\/p>\n<p><a href=\"https:\/\/www.facebook.com\/elisangela.dantas.35\" target=\"_blank\" rel=\"noopener\">Elisangela Dantas<\/a> &#8211; Palmas\/TO<br \/>\nSou licenciada em Filosofia e t\u00e9cnica em exibi\u00e7\u00e3o de filmes. Servidora da Funda\u00e7\u00e3o Cultural de Palmas no Tocantins, trabalho cinema e educa\u00e7\u00e3o. Sou coordenadora do Festival de Cinema Estudantil de Palmas &#8211; Voc\u00ea na Tela. Vamos para o 3 ano, o festival tem sido um sucesso.<\/p>\n<p><strong>BAHIA<br \/>\n<\/strong><br \/>\n<strong>Vitoria da Conquista<\/strong><br \/>\n<a href=\"https:\/\/www.facebook.com\/paula.perovano\" target=\"_blank\" rel=\"noopener\">Ana Paula Perovano <\/a>&#8211; Vit\u00f3ria da Conquista\/BA<br \/>\nSou professora na Universidade Estadual do Sudoeste da Bahia, atuando nos cursos de licenciatura em Matem\u00e1tica e Pedagogia. Estou enveredando neste mundo dos v\u00eddeos.<\/p>\n<p><a href=\"https:\/\/www.facebook.com\/gel.jase?fref=gs&amp;dti=199040477215515&amp;hc_location=group_dialog\" target=\"_blank\" rel=\"noopener\">Cosmerina Ang\u00e9lica Soares Cruz de Santana<\/a> &#8211; Vit\u00f3ria da Conquista\/BA<br \/>\nProfessora de Matem\u00e1tica do Ensino M\u00e9dio do Col\u00e9gio Polivalente de Vit\u00f3ria da Conquista.<\/p>\n<p><a href=\"https:\/\/www.facebook.com\/curta5\/?hc_ref=ARSRxUnJwvo9db2d4f4Yw4TcPxt38rnNZB_r1ZzRSUchuhg02b7bTyVLu-E6TN_RXMA&amp;fref=nf\" target=\"_blank\" rel=\"noopener\">Benival J\u00fanior<\/a> &#8211; Vit\u00f3ria da Conquista\/BA<br \/>\nProfessor de Artes Visuais do Instituto Federal de Educa\u00e7\u00e3o, Ci\u00eancia e Tecnologia da Bahia (IFBA) Campus Vit\u00f3ria da Conquista. Desde 2010 organizo o Curta 5 &#8211; Festival Estudantil de Curtas, aberto a todo o Brasil. Este ano iremos promover a oitava edi\u00e7\u00e3o no m\u00eas de outubro.Trabalho no ensino m\u00e9dio com a produ\u00e7\u00e3o de v\u00eddeo em sala de aula com \u00eanfase na produ\u00e7\u00e3o a partir do Storyboard.<\/p>\n<p><a href=\"https:\/\/www.facebook.com\/adriana.sousa.315865\" target=\"_blank\" rel=\"noopener\"> Adriana Souza<\/a> &#8211; Vit\u00f3ria da Conquista\/BA<br \/>\nAtualmente sou professora do Centro Juvenil de Ci\u00eancia e Cultura &#8211; CJCC da cidade de Vit\u00f3ria da Conquista. Segue o link www.cjccvc.org . Fico muito feliz com a oportunidade de interc\u00e2mbio de ideias com pessoas experientes na \u00e1rea e assim poder enriquecer a nossa pr\u00e1tica.<\/p>\n<p><strong>PERNAMBUCO<br \/>\n<\/strong><br \/>\n<strong>Recife<\/strong><br \/>\nJaileila de Ara\u00fajo Menezes &#8211; Recife\/PE<br \/>\nSou professora da Universidade Federal de Pernambuco (UFPE) e vivenciei um projeto de interven\u00e7\u00e3o com jovens do ensino m\u00e9dio da regi\u00e3o de Suape. O projeto denomina\u00e7\u00e3o A\u00e7\u00e3o Juvenil contemplou um curso de m\u00eddias m\u00f3veis. A experi\u00eancia est\u00e1 relatada no livro &#8220;Jovens, c\u00e2mera, a\u00e7\u00e3o&#8221; que coordenei. A obra foi resenhada e est\u00e1 publicada na revista Desidades, da UFRJ. vers\u00e3o do livro on LINE est\u00e1 dispon\u00edvel no site do laborat\u00f3rio de estudos da sexualidade humana, labeshu-ufpe. Desde ent\u00e3o busco trazer para meus trabalhos em ensino, pesquisa e extens\u00e3o a produ\u00e7\u00e3o audiovisual.<\/p>\n<p><strong>RIO DE JANEIRO<br \/>\n<\/strong><br \/>\n<a href=\"https:\/\/www.facebook.com\/mirna.juliana.9\" target=\"_blank\" rel=\"noopener\">Mirna Juliana Santos Fonseca<\/a> &#8211; Rio de Janeiro\/RJ<br \/>\nPesquiso sobre cinema e educa\u00e7\u00e3o no doutorado da Pontif\u00edcia Universidade Cat\u00f3lica do Rio de Janeiro (PUC-Rio) e sou integrante do Grupo de Pesquisa, Educa\u00e7\u00e3o e M\u00eddias (Grupem) da mesma universidade.<\/p>\n<p><a href=\"https:\/\/www.facebook.com\/lidiasantos.arruda\" target=\"_blank\" rel=\"noopener\">L\u00eddia Santos Arruda<\/a> &#8211; Rio de Janeiro\/RJ<br \/>\nSou professora de Hist\u00f3ria e trabalho com leitura de imagem e produ\u00e7\u00e3o de curtas com os alunos na Escola Municipal Gr\u00e9cia.<\/p>\n<p><a href=\"https:\/\/www.facebook.com\/luizclaudio.mottalima\" target=\"_blank\" rel=\"noopener\">Luiz Claudio Motta Lima<\/a> &#8211; Rio de Janeiro\/RJ<br \/>\nTrabalho na Escola Municipal Gin\u00e1sio Carioca N\u00facleo de Arte Gr\u00e9cia, localizada no bairro de Vila da Penha, Sub\u00farbio Carioca. Realizo oficinas de introdu\u00e7\u00e3o \u00e0 linguagem cinematogr\u00e1fica desde 2003 no N\u00facleo de Arte Gr\u00e9cia. Tamb\u00e9m sou um dos fundadores e organizadores do Cineclube Sub\u00farbio em transe criado em 2007.<\/p>\n<p><strong>S\u00c3O PAULO<br \/>\n<\/strong><br \/>\n<strong>Campinas<\/strong><br \/>\n<a href=\"https:\/\/www.facebook.com\/meiry.scp?ref=br_rs\">Meiry Pereira<\/a> &#8211; Campinas\/SP<br \/>\nSou professora em Campinas e trabalhamos com Cineclube na escola de Educa\u00e7\u00e3o Infantil.<\/p>\n","protected":false},"excerpt":{"rendered":"<p>Amigos, nesse espa\u00e7o voc\u00ea vai encontrar contato de professores que produzem v\u00eddeo estudantil no Brasil. Fizemos a sele\u00e7\u00e3o por estado. Se desejar, voc\u00ea pode indicar algum professor enviando email para videoestudantil@gmail.com RIO GRANDE DO SUL Pelotas Josias Pereira\u00a0&#8211; Pelotas\/RS Sou professor adjunto da UFPel do curso de Cinema e docente da P\u00f3s Gradua\u00e7\u00e3o em Educa\u00e7\u00e3o&hellip;<\/p>\n","protected":false},"author":578,"featured_media":0,"parent":0,"menu_order":0,"comment_status":"closed","ping_status":"closed","template":"","meta":{"footnotes":""},"class_list":["post-692","page","type-page","status-publish","hentry"],"jetpack_sharing_enabled":true,"_links":{"self":[{"href":"https:\/\/wp.ufpel.edu.br\/producaodevideo\/wp-json\/wp\/v2\/pages\/692","targetHints":{"allow":["GET"]}}],"collection":[{"href":"https:\/\/wp.ufpel.edu.br\/producaodevideo\/wp-json\/wp\/v2\/pages"}],"about":[{"href":"https:\/\/wp.ufpel.edu.br\/producaodevideo\/wp-json\/wp\/v2\/types\/page"}],"author":[{"embeddable":true,"href":"https:\/\/wp.ufpel.edu.br\/producaodevideo\/wp-json\/wp\/v2\/users\/578"}],"replies":[{"embeddable":true,"href":"https:\/\/wp.ufpel.edu.br\/producaodevideo\/wp-json\/wp\/v2\/comments?post=692"}],"version-history":[{"count":17,"href":"https:\/\/wp.ufpel.edu.br\/producaodevideo\/wp-json\/wp\/v2\/pages\/692\/revisions"}],"predecessor-version":[{"id":957,"href":"https:\/\/wp.ufpel.edu.br\/producaodevideo\/wp-json\/wp\/v2\/pages\/692\/revisions\/957"}],"wp:attachment":[{"href":"https:\/\/wp.ufpel.edu.br\/producaodevideo\/wp-json\/wp\/v2\/media?parent=692"}],"curies":[{"name":"wp","href":"https:\/\/api.w.org\/{rel}","templated":true}]}}