{"id":1430,"date":"2023-09-06T15:39:24","date_gmt":"2023-09-06T18:39:24","guid":{"rendered":"https:\/\/wp.ufpel.edu.br\/producaodevideo\/?page_id=1430"},"modified":"2023-10-23T11:34:12","modified_gmt":"2023-10-23T14:34:12","slug":"enviar-resenha-artigos-tutoriais-noticias","status":"publish","type":"page","link":"https:\/\/wp.ufpel.edu.br\/producaodevideo\/enviar-resenha-artigos-tutoriais-noticias\/","title":{"rendered":"Envie resenha, artigos, tutoriais, not\u00edcias"},"content":{"rendered":"<p>Ol\u00e1! Se voc\u00ea deseja compartilhar uma resenha, artigo, tutorial ou not\u00edcia relacionada ao laborat\u00f3rio acad\u00eamico de produ\u00e7\u00e3o de v\u00eddeo estudantil, com \u00eanfase em ensinar professores a escrever sobre como fazem v\u00eddeos com os alunos, fique \u00e0 vontade para enviar atrav\u00e9s deste link<\/p>\n<p><a href=\"https:\/\/forms.gle\/wSGzN89e1aeMqxkm8\">https:\/\/forms.gle\/wSGzN89e1aeMqxkm8<\/a><\/p>\n<p>&nbsp;<\/p>\n","protected":false},"excerpt":{"rendered":"<p>Ol\u00e1! Se voc\u00ea deseja compartilhar uma resenha, artigo, tutorial ou not\u00edcia relacionada ao laborat\u00f3rio acad\u00eamico de produ\u00e7\u00e3o de v\u00eddeo estudantil, com \u00eanfase em ensinar professores a escrever sobre como fazem v\u00eddeos com os alunos, fique \u00e0 vontade para enviar atrav\u00e9s deste link https:\/\/forms.gle\/wSGzN89e1aeMqxkm8 &nbsp;<\/p>\n","protected":false},"author":578,"featured_media":0,"parent":0,"menu_order":0,"comment_status":"closed","ping_status":"closed","template":"","meta":{"footnotes":""},"class_list":["post-1430","page","type-page","status-publish","hentry"],"jetpack_sharing_enabled":true,"_links":{"self":[{"href":"https:\/\/wp.ufpel.edu.br\/producaodevideo\/wp-json\/wp\/v2\/pages\/1430","targetHints":{"allow":["GET"]}}],"collection":[{"href":"https:\/\/wp.ufpel.edu.br\/producaodevideo\/wp-json\/wp\/v2\/pages"}],"about":[{"href":"https:\/\/wp.ufpel.edu.br\/producaodevideo\/wp-json\/wp\/v2\/types\/page"}],"author":[{"embeddable":true,"href":"https:\/\/wp.ufpel.edu.br\/producaodevideo\/wp-json\/wp\/v2\/users\/578"}],"replies":[{"embeddable":true,"href":"https:\/\/wp.ufpel.edu.br\/producaodevideo\/wp-json\/wp\/v2\/comments?post=1430"}],"version-history":[{"count":5,"href":"https:\/\/wp.ufpel.edu.br\/producaodevideo\/wp-json\/wp\/v2\/pages\/1430\/revisions"}],"predecessor-version":[{"id":1451,"href":"https:\/\/wp.ufpel.edu.br\/producaodevideo\/wp-json\/wp\/v2\/pages\/1430\/revisions\/1451"}],"wp:attachment":[{"href":"https:\/\/wp.ufpel.edu.br\/producaodevideo\/wp-json\/wp\/v2\/media?parent=1430"}],"curies":[{"name":"wp","href":"https:\/\/api.w.org\/{rel}","templated":true}]}}