{"id":1257,"date":"2020-01-30T18:07:56","date_gmt":"2020-01-30T21:07:56","guid":{"rendered":"https:\/\/wp.ufpel.edu.br\/producaodevideo\/?page_id=1257"},"modified":"2020-01-30T18:07:56","modified_gmt":"2020-01-30T21:07:56","slug":"apps-ufpel","status":"publish","type":"page","link":"https:\/\/wp.ufpel.edu.br\/producaodevideo\/apps-ufpel\/","title":{"rendered":"APPs UFPel"},"content":{"rendered":"<p>O curso de Cinema e Audiovisual da UFPel criou dois Aplicativos para Celular (APP)\u00a0 com o intuito de contribuir com professores que produzem v\u00eddeo dentro do espa\u00e7o escolar.<\/p>\n<p><a href=\"https:\/\/play.google.com\/store\/apps\/details?id=br.com.app.gpu1873614.gpue003d49764122ce285d5aded3fba73d1&amp;hl=pt_BR\" target=\"_blank\" rel=\"noopener noreferrer\">Produ\u00e7\u00e3o de V\u00eddeo Estudantil<\/a> &#8211; Esse APP tem como base contribuir para que professores e aluno possam produzir v\u00eddeo estudantil com qualidade. Co m ele os alunos e professores ter\u00e3o acesso a videoaulas e webseries feitas especificamente para contribuir com professores que realizam v\u00eddeo com os alunos.<\/p>\n<p><a href=\"https:\/\/play.google.com\/store\/apps\/details?id=br.com.app.gpu2208693.gpu2753b5e10b9b5ddcee6a23e93e88113e&amp;hl=pt_BR\" target=\"_blank\" rel=\"noopener noreferrer\">Cineclube Estudantil &#8211;<\/a> Este aplicativo apresenta mais de 150 v\u00eddeos feito por professores e alunos com o intuito de que professores e alunos<\/p>\n","protected":false},"excerpt":{"rendered":"<p>O curso de Cinema e Audiovisual da UFPel criou dois Aplicativos para Celular (APP)\u00a0 com o intuito de contribuir com professores que produzem v\u00eddeo dentro do espa\u00e7o escolar. Produ\u00e7\u00e3o de V\u00eddeo Estudantil &#8211; Esse APP tem como base contribuir para que professores e aluno possam produzir v\u00eddeo estudantil com qualidade. Co m ele os alunos&hellip;<\/p>\n","protected":false},"author":578,"featured_media":0,"parent":0,"menu_order":0,"comment_status":"closed","ping_status":"closed","template":"","meta":{"footnotes":""},"class_list":["post-1257","page","type-page","status-publish","hentry"],"jetpack_sharing_enabled":true,"_links":{"self":[{"href":"https:\/\/wp.ufpel.edu.br\/producaodevideo\/wp-json\/wp\/v2\/pages\/1257","targetHints":{"allow":["GET"]}}],"collection":[{"href":"https:\/\/wp.ufpel.edu.br\/producaodevideo\/wp-json\/wp\/v2\/pages"}],"about":[{"href":"https:\/\/wp.ufpel.edu.br\/producaodevideo\/wp-json\/wp\/v2\/types\/page"}],"author":[{"embeddable":true,"href":"https:\/\/wp.ufpel.edu.br\/producaodevideo\/wp-json\/wp\/v2\/users\/578"}],"replies":[{"embeddable":true,"href":"https:\/\/wp.ufpel.edu.br\/producaodevideo\/wp-json\/wp\/v2\/comments?post=1257"}],"version-history":[{"count":1,"href":"https:\/\/wp.ufpel.edu.br\/producaodevideo\/wp-json\/wp\/v2\/pages\/1257\/revisions"}],"predecessor-version":[{"id":1264,"href":"https:\/\/wp.ufpel.edu.br\/producaodevideo\/wp-json\/wp\/v2\/pages\/1257\/revisions\/1264"}],"wp:attachment":[{"href":"https:\/\/wp.ufpel.edu.br\/producaodevideo\/wp-json\/wp\/v2\/media?parent=1257"}],"curies":[{"name":"wp","href":"https:\/\/api.w.org\/{rel}","templated":true}]}}