{"id":1205,"date":"2019-04-22T15:51:17","date_gmt":"2019-04-22T18:51:17","guid":{"rendered":"https:\/\/wp.ufpel.edu.br\/producaodevideo\/?page_id=1205"},"modified":"2019-04-22T15:51:17","modified_gmt":"2019-04-22T18:51:17","slug":"canal-de-festivais-de-video-e-professores","status":"publish","type":"page","link":"https:\/\/wp.ufpel.edu.br\/producaodevideo\/canal-de-festivais-de-video-e-professores\/","title":{"rendered":"Canal de Festivais de V\u00eddeo e Professores"},"content":{"rendered":"<p>Este espa\u00e7o \u00e9 para divulgar canal de Festivais e de professores que produzem v\u00eddeo. Se conhece algum professor que faz v\u00eddeo e tem um canal mande para gente inclui-lo neste espa\u00e7o<\/p>\n<p><strong>Canal de Festivais de V\u00eddeo<\/strong><\/p>\n<p>Festival de Curtas das Escolas P\u00fablicas do DF &#8211; <a href=\"https:\/\/www.youtube.com\/channel\/UCwD2ANl_4E-6qxIgTcXndsA\">https:\/\/www.youtube.com\/channel\/UCwD2ANl_4E-6qxIgTcXndsA<\/a><\/p>\n<p>&nbsp;<\/p>\n<p><iframe loading=\"lazy\" width=\"700\" height=\"525\" src=\"https:\/\/www.youtube.com\/embed\/videoseries?list=PL6CCBC3F978180A4F\" frameborder=\"0\" allow=\"accelerometer; autoplay; encrypted-media; gyroscope; picture-in-picture\" allowfullscreen><\/iframe><\/p>\n<p>Festival de V\u00eddeo Estudantil de Cap\u00e3o do Le\u00e3o<\/p>\n<p><iframe loading=\"lazy\" width=\"700\" height=\"394\" src=\"https:\/\/www.youtube.com\/embed\/videoseries?list=PL1B9hD4r3z-aNTOsB49jAgRz4CLw6Kxsy\" frameborder=\"0\" allow=\"accelerometer; autoplay; encrypted-media; gyroscope; picture-in-picture\" allowfullscreen><\/iframe><\/p>\n<p>&nbsp;<\/p>\n<p><strong>Canal de Professores<\/strong><\/p>\n<p>Canal do Professor Marlon &#8211; <a href=\"https:\/\/www.youtube.com\/user\/mobral1\">https:\/\/www.youtube.com\/user\/mobral1<\/a><\/p>\n<p>Canal da professora Giovana Neves &#8211; <a href=\"https:\/\/www.youtube.com\/user\/giovanajanhke\">https:\/\/www.youtube.com\/user\/giovanajanhke<\/a><\/p>\n<p>&nbsp;<\/p>\n<p>&nbsp;<\/p>\n<p>&nbsp;<\/p>\n","protected":false},"excerpt":{"rendered":"<p>Este espa\u00e7o \u00e9 para divulgar canal de Festivais e de professores que produzem v\u00eddeo. Se conhece algum professor que faz v\u00eddeo e tem um canal mande para gente inclui-lo neste espa\u00e7o Canal de Festivais de V\u00eddeo Festival de Curtas das Escolas P\u00fablicas do DF &#8211; https:\/\/www.youtube.com\/channel\/UCwD2ANl_4E-6qxIgTcXndsA &nbsp; Festival de V\u00eddeo Estudantil de Cap\u00e3o do Le\u00e3o&hellip;<\/p>\n","protected":false},"author":578,"featured_media":0,"parent":0,"menu_order":0,"comment_status":"closed","ping_status":"closed","template":"","meta":{"footnotes":""},"class_list":["post-1205","page","type-page","status-publish","hentry"],"jetpack_sharing_enabled":true,"_links":{"self":[{"href":"https:\/\/wp.ufpel.edu.br\/producaodevideo\/wp-json\/wp\/v2\/pages\/1205","targetHints":{"allow":["GET"]}}],"collection":[{"href":"https:\/\/wp.ufpel.edu.br\/producaodevideo\/wp-json\/wp\/v2\/pages"}],"about":[{"href":"https:\/\/wp.ufpel.edu.br\/producaodevideo\/wp-json\/wp\/v2\/types\/page"}],"author":[{"embeddable":true,"href":"https:\/\/wp.ufpel.edu.br\/producaodevideo\/wp-json\/wp\/v2\/users\/578"}],"replies":[{"embeddable":true,"href":"https:\/\/wp.ufpel.edu.br\/producaodevideo\/wp-json\/wp\/v2\/comments?post=1205"}],"version-history":[{"count":1,"href":"https:\/\/wp.ufpel.edu.br\/producaodevideo\/wp-json\/wp\/v2\/pages\/1205\/revisions"}],"predecessor-version":[{"id":1212,"href":"https:\/\/wp.ufpel.edu.br\/producaodevideo\/wp-json\/wp\/v2\/pages\/1205\/revisions\/1212"}],"wp:attachment":[{"href":"https:\/\/wp.ufpel.edu.br\/producaodevideo\/wp-json\/wp\/v2\/media?parent=1205"}],"curies":[{"name":"wp","href":"https:\/\/api.w.org\/{rel}","templated":true}]}}