{"id":9,"date":"2017-08-28T20:37:42","date_gmt":"2017-08-28T23:37:42","guid":{"rendered":"https:\/\/wp.ufpel.edu.br\/producao\/?page_id=9"},"modified":"2017-08-29T09:41:25","modified_gmt":"2017-08-29T12:41:25","slug":"curriculo","status":"publish","type":"page","link":"https:\/\/wp.ufpel.edu.br\/producao\/curriculo\/","title":{"rendered":"Curr\u00edculo"},"content":{"rendered":"<p>O Curso de Engenharia de Produ\u00e7\u00e3o pode ser integralizado dentro de um prazo m\u00ednimo de 5 anos ou 10 per\u00edodos letivos. Para a integraliza\u00e7\u00e3o do Curso e obten\u00e7\u00e3o do certificado, o aluno deve cumprir, no m\u00ednimo, 3.609 horas, de acordo a Resolu\u00e7\u00e3o CNE\/CES 11, de 11 de mar\u00e7o de 2002, Diretrizes Curriculares Nacionais do Curso de Gradua\u00e7\u00e3o em Engenharia (MEC, 2002), e:<\/p>\n<p><em>\u00a0 \u00a0 \u00a0 \u00a0 \u00a0 \u00a0 \u00a0 \u00a0 \u00a0 \u00a0 \u00a0 \u00a0 \u00a0 \u00a0 Comprovar o cumprimento de, no m\u00ednimo, 260 horas de Atividades Complementares de Gradua\u00e7\u00e3o, conforme as normas deste PPC<\/em>;<br \/>\n<em>\u00a0 \u00a0 \u00a0 \u00a0 \u00a0 \u00a0 \u00a0 \u00a0 \u00a0 \u00a0 \u00a0 \u00a0 \u00a0 \u00a0 Apresentar Trabalho de Conclus\u00e3o de Curso e obter aprova\u00e7\u00e3o em defesa p\u00fablica e;<\/em><br \/>\n<em>\u00a0 \u00a0 \u00a0 \u00a0 \u00a0 \u00a0 \u00a0 \u00a0 \u00a0 \u00a0 \u00a0 \u00a0 \u00a0 \u00a0 Cumprir no m\u00ednimo 170 horas de est\u00e1gio supervisionado.<\/em><\/p>\n<p><a href=\"https:\/\/wp.ufpel.edu.br\/producao\/curriculo\/fluxograma\/\">Fluxograma<\/a><\/p>\n<p><a href=\"https:\/\/wp.ufpel.edu.br\/producao\/curriculo\/atividades-complementares\/\">Atividades Complementares<\/a><\/p>\n<p><a href=\"https:\/\/wp.ufpel.edu.br\/producao\/curriculo\/disciplinas\/\">Disciplinas<\/a><\/p>\n<p>&nbsp;<\/p>\n","protected":false},"excerpt":{"rendered":"<p>O Curso de Engenharia de Produ\u00e7\u00e3o pode ser integralizado dentro de um prazo m\u00ednimo de 5 anos ou 10 per\u00edodos letivos. Para a integraliza\u00e7\u00e3o do Curso e obten\u00e7\u00e3o do certificado, o aluno deve cumprir, no m\u00ednimo, 3.609 horas, de acordo a Resolu\u00e7\u00e3o CNE\/CES 11, de 11 de mar\u00e7o de 2002, Diretrizes Curriculares Nacionais do Curso [&hellip;]<\/p>\n","protected":false},"author":62,"featured_media":0,"parent":0,"menu_order":2,"comment_status":"closed","ping_status":"closed","template":"","meta":{"footnotes":""},"class_list":["post-9","page","type-page","status-publish","hentry"],"_links":{"self":[{"href":"https:\/\/wp.ufpel.edu.br\/producao\/wp-json\/wp\/v2\/pages\/9","targetHints":{"allow":["GET"]}}],"collection":[{"href":"https:\/\/wp.ufpel.edu.br\/producao\/wp-json\/wp\/v2\/pages"}],"about":[{"href":"https:\/\/wp.ufpel.edu.br\/producao\/wp-json\/wp\/v2\/types\/page"}],"author":[{"embeddable":true,"href":"https:\/\/wp.ufpel.edu.br\/producao\/wp-json\/wp\/v2\/users\/62"}],"replies":[{"embeddable":true,"href":"https:\/\/wp.ufpel.edu.br\/producao\/wp-json\/wp\/v2\/comments?post=9"}],"version-history":[{"count":5,"href":"https:\/\/wp.ufpel.edu.br\/producao\/wp-json\/wp\/v2\/pages\/9\/revisions"}],"predecessor-version":[{"id":186,"href":"https:\/\/wp.ufpel.edu.br\/producao\/wp-json\/wp\/v2\/pages\/9\/revisions\/186"}],"wp:attachment":[{"href":"https:\/\/wp.ufpel.edu.br\/producao\/wp-json\/wp\/v2\/media?parent=9"}],"curies":[{"name":"wp","href":"https:\/\/api.w.org\/{rel}","templated":true}]}}