{"id":73,"date":"2017-08-28T21:18:08","date_gmt":"2017-08-29T00:18:08","guid":{"rendered":"https:\/\/wp.ufpel.edu.br\/producao\/?page_id=73"},"modified":"2026-04-09T12:16:46","modified_gmt":"2026-04-09T15:16:46","slug":"estagio-supervisionado","status":"publish","type":"page","link":"https:\/\/wp.ufpel.edu.br\/producao\/estagios\/estagio-supervisionado\/","title":{"rendered":"Documentos para Est\u00e1gio"},"content":{"rendered":"<p>Para realizar Est\u00e1gio (obrigat\u00f3rio ou n\u00e3o obrigat\u00f3rio) os alunos devem preencher os 4 (quatro) documentos a seguir:<\/p>\n<ol>\n<li><a href=\"https:\/\/wp.ufpel.edu.br\/producao\/files\/2025\/09\/Solicitacao-Estagio-Supervisionado.docx\">Solicita\u00e7\u00e3o para realizar Est\u00e1gio<\/a><\/li>\n<li><a href=\"https:\/\/wp.ufpel.edu.br\/producao\/files\/2026\/04\/Declaracao-Secretaria-do-Curso-novo.docx\">Declara\u00e7\u00e3o da Secretaria do Curso<\/a><\/li>\n<li><a href=\"https:\/\/wp.ufpel.edu.br\/producao\/files\/2023\/07\/Termo-de-Compromisso-UFPel-como-INSTITUICAO-DE-ENSINO_.doc\">Termo de Compromisso de Est\u00e1gio &#8211; TCE<\/a> (*)<\/li>\n<li><a href=\"https:\/\/wp.ufpel.edu.br\/producao\/files\/2023\/07\/Plano-de-atividades_.docx\">Plano de Atividades<\/a>;<\/li>\n<\/ol>\n<p>(*) No caso da PARTE CONCEDENTE do est\u00e1gio seja a <strong>pr\u00f3pria UFPel<\/strong>, deve ser utilizado o modelo espec\u00edfico de <a href=\"https:\/\/wp.ufpel.edu.br\/producao\/files\/2024\/08\/Termo-de-Compromisso-UFPel-como-PARTE-CONCEDENTE.doc\">Termo de Compromisso de Est\u00e1gio (UFPel como concedente)<\/a>\u00a0 .<\/p>\n<p><strong>Se o est\u00e1gio for realizado de forma remota (home office), <\/strong>al\u00e9m dos documentos acima tamb\u00e9m deve ser apresentado:<\/p>\n<ul>\n<li><a href=\"https:\/\/wp.ufpel.edu.br\/producao\/files\/2024\/09\/Termo-de-Estagio-Obrigatorio-em-Home-Office.docx\">Termo de Est\u00e1gio em Home Office<\/a> <strong><em>(este modelo \u00e9 apenas uma sugest\u00e3o, podendo a empresa editar, modificar, ou utilizar um modelo pr\u00f3prio)<\/em><\/strong><\/li>\n<\/ul>\n<p><span style=\"background: #ffff00;\"><strong>ANTES<\/strong> de preencher os documentos de est\u00e1gio<b>, <\/b>leia com aten\u00e7\u00e3o o <\/span><a href=\"https:\/\/wp.ufpel.edu.br\/producao\/files\/2026\/04\/Tutorial-para-Solicitacao-de-Estagio-1.pdf\"><span style=\"background: #ffff00;\"><strong>TUTORIAL<\/strong><\/span><\/a><\/p>\n<p><span style=\"background: #ffff00;\"><strong>TODOS<\/strong> os documentos, ap\u00f3s <strong>TODAS<\/strong> as assinaturas e carimbos (menos as da UFPEL), devem ser digitalizados em <strong>PDF<\/strong> e enviados por e-mail para a Secretaria do Curso (engepro.ufpel@gmail.com) e <strong>TAMB\u00c9M<\/strong> para o professor respons\u00e1vel pela disciplina de est\u00e1gio.<\/span><\/p>\n<p>A <strong>DECLARA\u00c7\u00c3O\u00a0<\/strong> da Secretaria deve ser solicitada \u00e0 Secret\u00e1ria do Curso, preenchendo o modelo e enviando a ela por e-mail para assinatura.<\/p>\n<p>Os documentos devem vir em arquivos <strong>SEPARADOS<\/strong>, ou seja, um arquivo <strong>PDF<\/strong> para cada documento. O envio da documenta\u00e7\u00e3o por e-mail deve ser realizado com <strong>PRAZO RAZO\u00c1VEL<\/strong> para tramita\u00e7\u00e3o interna na Universidade, pelo menos uma semana <strong>ANTES<\/strong> da data de in\u00edcio do est\u00e1gio.<\/p>\n<p><strong>SEGURO DE VIDA E ACIDENTES PESSOAIS:<\/strong><\/p>\n<ul>\n<li>Empresas que oferecem<strong> Est\u00e1gio N\u00c3O Obrigat\u00f3rio<\/strong> devem oferecer aos estagi\u00e1rios, por for\u00e7a da lei, um seguro de vida e acidentes pessoais,<\/li>\n<li>Exclusivamente no caso de <strong>Est\u00e1gio Supervisionado Obrigat\u00f3rio &#8211; ESO<\/strong>, caso a empresa n\u00e3o ofere\u00e7a o seguro de vida e acidentes pessoais, a UFPel se responsabiliza pelo seguro, Nesse caso, o aluno deve incluir no Termo de Compromisso de Est\u00e1gio os dados da ap\u00f3lice de seguros contratada pela UFPel, conforme explicado na p\u00e1gina da disciplina ESO no e-aula..<\/li>\n<\/ul>\n<p><strong>ORIENTA\u00c7\u00c3O DO EST\u00c1GIO:<\/strong> o orientador do est\u00e1gio pode ser o professor coordenador de est\u00e1gios do curso, ou qualquer outro professor ou professora do curso disposto\/a formalmente a lhe orientar. Se o orientador\/a do est\u00e1gio em quest\u00e3o <strong>n\u00e3o for<\/strong> o professor coordenador de est\u00e1gios, <strong>o aluno deve solicitar ao orientador\/a a sua assinatura no Plano de Atividades ANTES de enviar a documenta\u00e7\u00e3o \u00e0 coordena\u00e7\u00e3o de est\u00e1gios.<\/strong><\/p>\n<p>.<\/p>\n<p><strong>RELAT\u00d3RIOS que devem ser apresentados pelo estagi\u00e1rio cada 6 meses e ao concluir o est\u00e1gio<\/strong><\/p>\n<p>A cada 6 meses e ao finalizar o est\u00e1gio, o aluno deve apresentar um relat\u00f3rio de est\u00e1gio desenvolvido por ele, e um relat\u00f3rio redigido pelo supervisor do est\u00e1gio na parte concedente. Seguem os modelos desses relat\u00f3rios.<\/p>\n<p><a href=\"https:\/\/wp.ufpel.edu.br\/producao\/files\/2024\/08\/Modelo_Relatorio_Estagio_.docx\">Modelo do Relat\u00f3rio de Estagio (estudante)<\/a><\/p>\n<p><a href=\"https:\/\/wp.ufpel.edu.br\/producao\/files\/2025\/03\/Modelo_Relatorio_Supervisor_.docx\">Modelo do Relat\u00f3rio do Supervisor<\/a><\/p>\n<p>&nbsp;<\/p>\n<p><strong>ALTERA\u00c7\u00d5ES<\/strong> no Termo de Compromisso de Est\u00e1gio?<\/p>\n<p>Em caso de altera\u00e7\u00e3o do Termo de Compromisso de Est\u00e1gio, por exemplo, para prorrogar a data de finaliza\u00e7\u00e3o do est\u00e1gio, ou outras altera\u00e7\u00f5es,\u00a0 \u00e9 necess\u00e1rio redigir e assinar um Termo Aditivo.\u00a0 Nesse aditivo s\u00e3o detalhadas as cl\u00e1usulas que s\u00e3o alteradas com rela\u00e7\u00e3o ao Termo de Compromisso inicial. Veja modelo a seguir:<\/p>\n<p><a href=\"https:\/\/wp.ufpel.edu.br\/producao\/files\/2023\/07\/Termo-Aditivo-TCE_.doc\">Termo Aditivo<\/a><\/p>\n<p>&nbsp;<\/p>\n<p><strong>FINALIZA\u00c7\u00c3O ANTECIPADA<\/strong> o cancelamento do Termo de Compromisso?<\/p>\n<p>No caso de antecipa\u00e7\u00e3o da finaliza\u00e7\u00e3o ou cancelamento do Termo de Compromisso, \u00e9 necess\u00e1rio assinar o Termo de Distrato. Veja modelo a seguir:<\/p>\n<p><a href=\"https:\/\/wp.ufpel.edu.br\/producao\/files\/2023\/07\/Termo-de-Distrato-Editado_.doc\">Termo de Distrato<\/a><\/p>\n","protected":false},"excerpt":{"rendered":"<p>Para realizar Est\u00e1gio (obrigat\u00f3rio ou n\u00e3o obrigat\u00f3rio) os alunos devem preencher os 4 (quatro) documentos a seguir: Solicita\u00e7\u00e3o para realizar Est\u00e1gio Declara\u00e7\u00e3o da Secretaria do Curso Termo de Compromisso de Est\u00e1gio &#8211; TCE (*) Plano de Atividades; (*) No caso da PARTE CONCEDENTE do est\u00e1gio seja a pr\u00f3pria UFPel, deve ser utilizado o modelo espec\u00edfico [&hellip;]<\/p>\n","protected":false},"author":62,"featured_media":0,"parent":15,"menu_order":2,"comment_status":"closed","ping_status":"closed","template":"","meta":{"footnotes":""},"class_list":["post-73","page","type-page","status-publish","hentry"],"_links":{"self":[{"href":"https:\/\/wp.ufpel.edu.br\/producao\/wp-json\/wp\/v2\/pages\/73","targetHints":{"allow":["GET"]}}],"collection":[{"href":"https:\/\/wp.ufpel.edu.br\/producao\/wp-json\/wp\/v2\/pages"}],"about":[{"href":"https:\/\/wp.ufpel.edu.br\/producao\/wp-json\/wp\/v2\/types\/page"}],"author":[{"embeddable":true,"href":"https:\/\/wp.ufpel.edu.br\/producao\/wp-json\/wp\/v2\/users\/62"}],"replies":[{"embeddable":true,"href":"https:\/\/wp.ufpel.edu.br\/producao\/wp-json\/wp\/v2\/comments?post=73"}],"version-history":[{"count":4,"href":"https:\/\/wp.ufpel.edu.br\/producao\/wp-json\/wp\/v2\/pages\/73\/revisions"}],"predecessor-version":[{"id":4300,"href":"https:\/\/wp.ufpel.edu.br\/producao\/wp-json\/wp\/v2\/pages\/73\/revisions\/4300"}],"up":[{"embeddable":true,"href":"https:\/\/wp.ufpel.edu.br\/producao\/wp-json\/wp\/v2\/pages\/15"}],"wp:attachment":[{"href":"https:\/\/wp.ufpel.edu.br\/producao\/wp-json\/wp\/v2\/media?parent=73"}],"curies":[{"name":"wp","href":"https:\/\/api.w.org\/{rel}","templated":true}]}}