{"id":70,"date":"2017-08-28T21:17:11","date_gmt":"2017-08-29T00:17:11","guid":{"rendered":"https:\/\/wp.ufpel.edu.br\/producao\/?page_id=70"},"modified":"2025-04-03T11:04:49","modified_gmt":"2025-04-03T14:04:49","slug":"oportunidades","status":"publish","type":"page","link":"https:\/\/wp.ufpel.edu.br\/producao\/estagios\/oportunidades\/","title":{"rendered":"Divulga\u00e7\u00e3o de Oportunidades"},"content":{"rendered":"<p style=\"text-align: justify;\"><span style=\"color: #000000;\">Empresas interessadas em divulgar oportunidades de est\u00e1gios no curso de Engenharia de Produ\u00e7\u00e3o da UFPel podem encaminhar texto e\/ou imagem para o e-mail <span style=\"color: #0000ff;\"><em><a style=\"color: #0000ff;\" href=\"http:\/\/engepro.ufpel@gmail.com\" target=\"_blank\" rel=\"noopener noreferrer\">engepro.ufpel@gmail.com<\/a><\/em><\/span> para que a vaga seja amplamente divulgada nas m\u00eddias do curso (Website, Facebook e Instagram).<\/span><\/p>\n<p><span style=\"color: #000000;\">Sugere-se que as empresas indiquem no texto e\/ou imagem enviado para a divulga\u00e7\u00e3o da vaga:<\/span><\/p>\n<ul>\n<li><span style=\"color: #000000;\">nome da empresa;<\/span><\/li>\n<li><span style=\"color: #000000;\">endere\u00e7o da empresa;<\/span><\/li>\n<li><span style=\"color: #000000;\">tipo de est\u00e1gio (presencial ou home-office);<\/span><\/li>\n<li><span style=\"color: #000000;\">tempo de dura\u00e7\u00e3o do est\u00e1gio (por lei poder\u00e1 ser no m\u00e1ximo de dois anos);<\/span><\/li>\n<li><span style=\"color: #000000;\">Benef\u00edcios (indicar se vai ser proporcionado algum benef\u00edcio como bolsa, transporte, alimenta\u00e7\u00e3o);<\/span><\/li>\n<li><span style=\"color: #000000;\">\u00e1rea(s) da vaga;<\/span><\/li>\n<li><span style=\"color: #000000;\">descri\u00e7\u00e3o das atividades que ser\u00e3o realizadas pelo estagi\u00e1rio;<\/span><\/li>\n<li><span style=\"color: #000000;\">pr\u00e9-requisitos para a vaga (por exemplo, a partir de qual semestre o aluno(a) deve estar cursando, etc.);<\/span><\/li>\n<li><span style=\"color: #000000;\">forma(s) de candidatura para a vaga de est\u00e1gio (indicando se o discente deve encaminhar e-mail, acessar algum link para a candidatura, ou comparecer a algum endere\u00e7o para realizar uma inscri\u00e7\u00e3o presencial).<\/span><\/li>\n<\/ul>\n<p style=\"text-align: justify;\"><span style=\"color: #000000;\">As oportunidades de Est\u00e1gios s\u00e3o divulgadas atrav\u00e9s do site e das redes sociais do curso. Desta forma, a coordena\u00e7\u00e3o aconselha fortemente que todo discente siga a p\u00e1gina do curso nas redes sociais do Facebook e do Instagram:<\/span><\/p>\n<p><strong>Site do curso: <\/strong><a href=\"https:\/\/wp.ufpel.edu.br\/producao\/estagios\/empresas-parceiras\/\">https:\/\/wp.ufpel.edu.br\/producao\/estagios\/empresas-parceiras\/<\/a><\/p>\n<p><span style=\"color: #000000;\"><strong>Facebook:<\/strong> <span style=\"color: #0000ff;\"><em><a style=\"color: #0000ff;\" href=\"https:\/\/www.facebook.com\/engeproufpel\" target=\"_blank\" rel=\"noopener\">https:\/\/www.facebook.com\/engeproufpel<\/a><\/em><\/span><\/span><\/p>\n<p><span style=\"color: #000000;\"><strong>Instagram:<\/strong> <span style=\"color: #0000ff;\"><em><a style=\"color: #0000ff;\" href=\"https:\/\/www.instagram.com\/engeproufpel\/\" target=\"_blank\" rel=\"noopener\">https:\/\/www.instagram.com\/engeproufpel\/<\/a><\/em><\/span><\/span><\/p>\n<p style=\"text-align: justify;\">\n","protected":false},"excerpt":{"rendered":"<p>Empresas interessadas em divulgar oportunidades de est\u00e1gios no curso de Engenharia de Produ\u00e7\u00e3o da UFPel podem encaminhar texto e\/ou imagem para o e-mail engepro.ufpel@gmail.com para que a vaga seja amplamente divulgada nas m\u00eddias do curso (Website, Facebook e Instagram). Sugere-se que as empresas indiquem no texto e\/ou imagem enviado para a divulga\u00e7\u00e3o da vaga: nome [&hellip;]<\/p>\n","protected":false},"author":62,"featured_media":0,"parent":15,"menu_order":3,"comment_status":"closed","ping_status":"closed","template":"","meta":{"footnotes":""},"class_list":["post-70","page","type-page","status-publish","hentry"],"_links":{"self":[{"href":"https:\/\/wp.ufpel.edu.br\/producao\/wp-json\/wp\/v2\/pages\/70","targetHints":{"allow":["GET"]}}],"collection":[{"href":"https:\/\/wp.ufpel.edu.br\/producao\/wp-json\/wp\/v2\/pages"}],"about":[{"href":"https:\/\/wp.ufpel.edu.br\/producao\/wp-json\/wp\/v2\/types\/page"}],"author":[{"embeddable":true,"href":"https:\/\/wp.ufpel.edu.br\/producao\/wp-json\/wp\/v2\/users\/62"}],"replies":[{"embeddable":true,"href":"https:\/\/wp.ufpel.edu.br\/producao\/wp-json\/wp\/v2\/comments?post=70"}],"version-history":[{"count":11,"href":"https:\/\/wp.ufpel.edu.br\/producao\/wp-json\/wp\/v2\/pages\/70\/revisions"}],"predecessor-version":[{"id":4053,"href":"https:\/\/wp.ufpel.edu.br\/producao\/wp-json\/wp\/v2\/pages\/70\/revisions\/4053"}],"up":[{"embeddable":true,"href":"https:\/\/wp.ufpel.edu.br\/producao\/wp-json\/wp\/v2\/pages\/15"}],"wp:attachment":[{"href":"https:\/\/wp.ufpel.edu.br\/producao\/wp-json\/wp\/v2\/media?parent=70"}],"curies":[{"name":"wp","href":"https:\/\/api.w.org\/{rel}","templated":true}]}}