{"id":684,"date":"2018-02-18T20:53:44","date_gmt":"2018-02-18T23:53:44","guid":{"rendered":"https:\/\/wp.ufpel.edu.br\/producao\/?page_id=684"},"modified":"2023-08-23T08:29:47","modified_gmt":"2023-08-23T11:29:47","slug":"solicitacao-de-aproveitamento-de-disciplina","status":"publish","type":"page","link":"https:\/\/wp.ufpel.edu.br\/producao\/portal-do-aluno\/solicitacao-de-aproveitamento-de-disciplina\/","title":{"rendered":"Solicita\u00e7\u00e3o de Aproveitamento de Disciplina"},"content":{"rendered":"<p class=\"has-16-undefined-undefined-font-size\"><strong>Defini\u00e7\u00e3o<\/strong><br \/>\nDiscente que cursou com aprova\u00e7\u00e3o componente curricular de curso de gradua\u00e7\u00e3o ou p\u00f3s-gradua\u00e7\u00e3o poder\u00e1 solicitar aproveitamento de estudos, dentro dos prazos previstos no calend\u00e1rio acad\u00eamico.<br \/>\nPara obter o aproveitamento, a atividade curricular cursada dever\u00e1 contemplar, no m\u00ednimo, 75% da carga hor\u00e1ria e do conte\u00fado da atividade curricular pretendida, sendo facultada ao professor respons\u00e1vel pelo componente curricular a realiza\u00e7\u00e3o de avalia\u00e7\u00e3o especial para eventual complementa\u00e7\u00e3o.<br \/>\n<strong><br \/>\nComo Solicitar<\/strong><br \/>\nPara solicitar o aproveitamento de estudos o discente dever\u00e1 preencher\u00a0<span style=\"color: var(--cor-texto); font-family: var(--fonte-corpo);\">o \u201crequerimento para aproveitamento de estudos\u201d<\/span> <span style=\"color: #000000;\">e enviar por <em>e-mail<\/em> para o seguinte endere\u00e7o: <span style=\"color: #0000ff;\"><a style=\"color: #0000ff;\" href=\"mailto:engepro.ufpel@gmail.com\"><em>engepro.ufpel@gmail.com<\/em><\/a><\/span>.\u00a0<\/span><span style=\"color: #000000;\">Outros documentos necess\u00e1rios, como &#8220;<strong><em>Hist\u00f3rico<\/em><\/strong>&#8221; (indicando a aprova\u00e7\u00e3o nas disciplinas) e o &#8220;<em><strong>Conte\u00fado Program\u00e1tico<\/strong><\/em>&#8221; (Ementas\/Programas das Disciplinas &#8211; indicando o conte\u00fado das disciplinas cursadas e aprovadas) tamb\u00e9m devem ser enviados por <em>e-mail<\/em>.<\/span><\/p>\n<p class=\"has-16-undefined-undefined-font-size\">a)\u00a0<strong>para componentes cursados na UFPEL<\/strong>\u00a0dever\u00e1 ser anexado o hist\u00f3rico contendo nota e carga hor\u00e1ria, al\u00e9m dos conte\u00fados program\u00e1ticos, quando o colegiado julgar necess\u00e1rio.<br \/>\nb)\u00a0<strong>para disciplinas cursadas em outra institui\u00e7\u00e3o<\/strong>\u00a0dever\u00e1 ser anexado o hist\u00f3rico escolar contendo nota e carga hor\u00e1ria, al\u00e9m de conte\u00fados program\u00e1ticos, obrigatoriamente.<\/p>\n<p class=\"has-16-undefined-undefined-font-size\"><strong>Requerimento<\/strong><br \/>\n<a href=\"https:\/\/wp.ufpel.edu.br\/cra\/files\/2020\/07\/Requerimento-de-aproveitamento.pdf\">Requerimento de aproveitamento de estudos<\/a><\/p>\n<p class=\"has-16-undefined-undefined-font-size\"><strong>Fluxograma<\/strong><\/p>\n<figure class=\"wp-block-table is-style-stripes\">\n<table>\n<tbody>\n<tr>\n<td>Respons\u00e1vel<\/td>\n<td>Procedimento<\/td>\n<\/tr>\n<tr>\n<td>Discente<\/td>\n<td>\n<p>\u2013 Preencher e assinar o requerimento para aproveitamento de estudos;<\/p>\n<p>\u2013 Anexar hist\u00f3rico;<\/p>\n<p>\u2013 Anexar conte\u00fado program\u00e1tico, conforme o caso;<\/p>\n<p>\u2013 Entregar os documentos no colegiado do curso.<\/td>\n<\/tr>\n<tr>\n<td>Colegiado<\/td>\n<td>\n<p>\u2013 Abrir processo no SEI;<\/p>\n<p>\u2013 Digitalizar e anexar a documenta\u00e7\u00e3o do discente;<\/p>\n<p>\u2013 Encaminhar ao docente respons\u00e1vel.<\/td>\n<\/tr>\n<tr>\n<td>Docente<\/td>\n<td>\n<p>\u2013 Analisar a solicita\u00e7\u00e3o;<\/p>\n<p>\u2013 Emitir parecer;<\/p>\n<p>\u2013 Encaminhar \u00e0 coordena\u00e7\u00e3o do curso.<\/td>\n<\/tr>\n<tr>\n<td>Coordenador do curso<\/td>\n<td>\n<p>\u2013 Preencher e assinar o parecer final de aproveitamento;<\/p>\n<p>\u2013 Encaminhar para CRA.<\/td>\n<\/tr>\n<tr>\n<td>CRA<\/td>\n<td>\u2013 Registrar aproveitamento no COBALTO.<\/td>\n<\/tr>\n<\/tbody>\n<\/table>\n<\/figure>\n<p style=\"text-align: justify;\">\n","protected":false},"excerpt":{"rendered":"<p>Defini\u00e7\u00e3o Discente que cursou com aprova\u00e7\u00e3o componente curricular de curso de gradua\u00e7\u00e3o ou p\u00f3s-gradua\u00e7\u00e3o poder\u00e1 solicitar aproveitamento de estudos, dentro dos prazos previstos no calend\u00e1rio acad\u00eamico. Para obter o aproveitamento, a atividade curricular cursada dever\u00e1 contemplar, no m\u00ednimo, 75% da carga hor\u00e1ria e do conte\u00fado da atividade curricular pretendida, sendo facultada ao professor respons\u00e1vel pelo [&hellip;]<\/p>\n","protected":false},"author":62,"featured_media":0,"parent":24,"menu_order":3,"comment_status":"closed","ping_status":"closed","template":"","meta":{"footnotes":""},"class_list":["post-684","page","type-page","status-publish","hentry"],"_links":{"self":[{"href":"https:\/\/wp.ufpel.edu.br\/producao\/wp-json\/wp\/v2\/pages\/684","targetHints":{"allow":["GET"]}}],"collection":[{"href":"https:\/\/wp.ufpel.edu.br\/producao\/wp-json\/wp\/v2\/pages"}],"about":[{"href":"https:\/\/wp.ufpel.edu.br\/producao\/wp-json\/wp\/v2\/types\/page"}],"author":[{"embeddable":true,"href":"https:\/\/wp.ufpel.edu.br\/producao\/wp-json\/wp\/v2\/users\/62"}],"replies":[{"embeddable":true,"href":"https:\/\/wp.ufpel.edu.br\/producao\/wp-json\/wp\/v2\/comments?post=684"}],"version-history":[{"count":9,"href":"https:\/\/wp.ufpel.edu.br\/producao\/wp-json\/wp\/v2\/pages\/684\/revisions"}],"predecessor-version":[{"id":3595,"href":"https:\/\/wp.ufpel.edu.br\/producao\/wp-json\/wp\/v2\/pages\/684\/revisions\/3595"}],"up":[{"embeddable":true,"href":"https:\/\/wp.ufpel.edu.br\/producao\/wp-json\/wp\/v2\/pages\/24"}],"wp:attachment":[{"href":"https:\/\/wp.ufpel.edu.br\/producao\/wp-json\/wp\/v2\/media?parent=684"}],"curies":[{"name":"wp","href":"https:\/\/api.w.org\/{rel}","templated":true}]}}