{"id":67,"date":"2017-08-28T21:15:05","date_gmt":"2017-08-29T00:15:05","guid":{"rendered":"https:\/\/wp.ufpel.edu.br\/producao\/?page_id=67"},"modified":"2021-05-18T12:11:37","modified_gmt":"2021-05-18T15:11:37","slug":"professoresufpel","status":"publish","type":"page","link":"https:\/\/wp.ufpel.edu.br\/producao\/corpo-docente\/professoresufpel\/","title":{"rendered":"Professores de outras unidades da UFPel"},"content":{"rendered":"<p style=\"text-align: justify\"><span style=\"color: #000000\">O Curso de Engenharia de Produ\u00e7\u00e3o possui disciplinas que s\u00e3o ofertadas por outros unidades\/cursos da UFPel. As unidades da UFPel que atendem o Curso de Engenharia de Produ\u00e7\u00e3o s\u00e3o o Instituto de F\u00edsica e Matem\u00e1tica (IFM), o Centro de Desenvolvimento Tecnol\u00f3gico (CDTec), e o Centro de Ci\u00eancias Qu\u00edmicas, Farmac\u00eauticas e de Alimentos (CCQFA).<\/span><\/p>\n<p><span style=\"color: #000000\">S\u00e3o <strong>8 professores doutores e 1 professor mestre<\/strong> destas unidades\/cursos que atuam nas mais diferentes <strong>\u00e1reas do conhecimento do curso de Engenharia de Produ\u00e7\u00e3o<\/strong>.\u00a0<\/span><\/p>\n<p style=\"text-align: justify\"><span style=\"color: #000000\">Clique no nome do professor para visualizar o\u00a0<em>CV-lattes<\/em>\u00a0de cada docente, e clique no\u00a0<em>e-mail<\/em>\u00a0abaixo do nome do professor para entrar em contato.<\/span><\/p>\n<table class=\" alignleft\" style=\"width: 750px;border-style: solid;border-color: #3228aa\">\n<tbody>\n<tr style=\"height: 34px\">\n<td style=\"width: 194px;background-color: #0a28aa;border-color: #0a28aa;text-align: center;height: 34px\"><span style=\"color: #ffffff;font-family: arial, helvetica, sans-serif;font-size: 12pt\"><strong>Nome \/ e-mail<\/strong><\/span><\/td>\n<td style=\"width: 96px;background-color: #0a28aa;border-color: #0a28aa;text-align: center;height: 34px\"><span style=\"color: #ffffff;font-family: arial, helvetica, sans-serif;font-size: 12pt\"><strong>Forma\u00e7\u00e3o<\/strong><\/span><\/td>\n<td style=\"width: 142px;background-color: #0a28aa;border-color: #0a28aa;text-align: center;height: 34px\"><span style=\"color: #ffffff;font-family: arial, helvetica, sans-serif;font-size: 12pt\"><strong>Titula\u00e7\u00e3o<\/strong><\/span><\/td>\n<td style=\"width: 274px;background-color: #0a28aa;border-color: #0a28aa;height: 34px\"><span style=\"color: #ffffff;font-family: arial, helvetica, sans-serif;font-size: 12pt\"><strong>Disciplinas<\/strong><\/span><\/td>\n<\/tr>\n<tr style=\"height: 10px\">\n<td style=\"width: 706px;background-color: #0a28aa;height: 10px\" colspan=\"4\">\n<p style=\"text-align: center\"><span style=\"color: #ffffff;font-size: 12pt;font-family: arial, helvetica, sans-serif\"><strong>IFM \/ Departamento de F\u00edsica<\/strong><\/span><\/p>\n<\/td>\n<\/tr>\n<tr style=\"height: 141px\">\n<td style=\"width: 194px;height: 63px\">\n<p class=\"nome\"><span style=\"font-family: arial, helvetica, sans-serif;font-size: 12pt;color: #000000\"><a style=\"color: #000000\" href=\"http:\/\/lattes.cnpq.br\/9157743623890299\" target=\"_blank\" rel=\"noopener noreferrer\">Javier Antonio G\u00f3mez Romero<\/a><\/span><\/p>\n<p><span style=\"font-family: arial, helvetica, sans-serif;font-size: 12pt\"><em><a href=\"mailto:javier.gomez@ufpel.edu.br\" target=\"_blank\" rel=\"noopener noreferrer\"><span style=\"color: #0000ff\">javier.gomez@ufpel.edu.br<\/span><\/a><\/em><\/span><\/td>\n<td style=\"width: 96px;text-align: center;height: 63px\"><span style=\"font-family: arial, helvetica, sans-serif;font-size: 12pt;color: #000000\">F\u00edsica<\/span><\/td>\n<td style=\"width: 142px;text-align: center;height: 63px\"><span style=\"font-family: arial, helvetica, sans-serif;font-size: 12pt;color: #000000\">Doutorado em F\u00edsica<\/span><\/td>\n<td style=\"width: 274px;height: 63px\">\n<p><span style=\"font-family: arial, helvetica, sans-serif;font-size: 12pt;color: #000000\">F\u00edsica B\u00e1sica I<\/span><\/p>\n<p><span style=\"font-family: arial, helvetica, sans-serif;font-size: 12pt;color: #000000\">F\u00edsica B\u00e1sica II<\/span><\/p>\n<p><span style=\"font-family: arial, helvetica, sans-serif;font-size: 12pt;color: #000000\">F\u00edsica B\u00e1sica III<\/span><\/p>\n<p><span style=\"font-family: arial, helvetica, sans-serif;font-size: 12pt;color: #000000\">F\u00edsica B\u00e1sica Experimental I<\/span><\/td>\n<\/tr>\n<tr style=\"height: 56px\">\n<td style=\"width: 194px;height: 13px\">\n<p class=\"nome\"><span style=\"color: #000000\"><a style=\"color: #000000\" href=\"http:\/\/lattes.cnpq.br\/4428614850725367\" target=\"_blank\" rel=\"noopener noreferrer\"><span style=\"font-size: 12pt;font-family: arial, helvetica, sans-serif\">Joel Pavan<\/span><\/a><\/span><\/p>\n<p><span style=\"color: #0000ff\"><em><a style=\"color: #0000ff\" href=\"http:\/\/joel.pavan@ufpel.edu.br\" target=\"_blank\" rel=\"noopener noreferrer\">joel.pavan@ufpel.edu.br<\/a><\/em><\/span><\/td>\n<td style=\"width: 96px;text-align: center;height: 13px\"><span style=\"color: #000000;font-family: arial, helvetica, sans-serif\">F\u00edsica<\/span><\/td>\n<td style=\"width: 142px;text-align: center;height: 13px\"><span style=\"color: #000000;font-family: arial, helvetica, sans-serif\">Doutorado em F\u00edsica<\/span><\/td>\n<td style=\"width: 274px;height: 13px\">\n<p><span style=\"font-family: arial, helvetica, sans-serif;font-size: 12pt;color: #000000\">F\u00edsica B\u00e1sica III<\/span><\/p>\n<p><span style=\"font-family: arial, helvetica, sans-serif;font-size: 12pt;color: #000000\">F\u00edsica Experimental III<\/span><\/td>\n<\/tr>\n<tr style=\"height: 37px\">\n<td style=\"width: 194px;height: 10px\">\n<p class=\"nome\"><span style=\"font-family: arial, helvetica, sans-serif;font-size: 12pt;color: #000000\"><a style=\"color: #000000\" href=\"http:\/\/lattes.cnpq.br\/1597673367889113\" target=\"_blank\" rel=\"noopener noreferrer\">Rafael Cavagnoli<\/a><\/span><\/p>\n<p><span style=\"font-family: arial, helvetica, sans-serif;font-size: 12pt\"><em><a href=\"mailto:rafael.cavagnoli@ufpel.edu.br\" target=\"_blank\" rel=\"noopener noreferrer\"><span style=\"color: #0000ff\">rafael.cavagnoli@ufpel.edu.br<\/span><\/a><\/em><\/span><\/td>\n<td style=\"width: 96px;text-align: center;height: 10px\"><span style=\"font-family: arial, helvetica, sans-serif;font-size: 12pt;color: #000000\">F\u00edsica<\/span><\/td>\n<td style=\"width: 142px;text-align: center;height: 10px\"><span style=\"font-family: arial, helvetica, sans-serif;font-size: 12pt;color: #000000\">Doutorado em F\u00edsica<\/span><\/td>\n<td style=\"width: 274px;height: 10px\">\n<p><span style=\"font-family: arial, helvetica, sans-serif;font-size: 12pt;color: #000000\">F\u00edsica B\u00e1sica II<\/span><\/p>\n<p><span style=\"font-family: arial, helvetica, sans-serif;font-size: 12pt;color: #000000\">F\u00edsica B\u00e1sica Experimental I<\/span><\/td>\n<\/tr>\n<tr style=\"height: 10px\">\n<td style=\"width: 194px;height: 10px\">\n<p><span style=\"font-family: arial, helvetica, sans-serif;font-size: 12pt;color: #000000\"><a style=\"color: #000000\" href=\"http:\/\/lattes.cnpq.br\/3560158088493752\" target=\"_blank\" rel=\"noopener noreferrer\">Wagner Tenfen<\/a><\/span><\/p>\n<p><span style=\"font-family: arial, helvetica, sans-serif;font-size: 12pt\"><a href=\"http:\/\/wtenfen@ufpel.edu.br\" target=\"_blank\" rel=\"noopener noreferrer\"><em><span style=\"color: #0000ff\">wtenfen@ufpel.edu.br<\/span><\/em><\/a><\/span><\/td>\n<td style=\"width: 96px;height: 10px;text-align: center\"><span style=\"font-family: arial, helvetica, sans-serif;font-size: 12pt;color: #000000\">F\u00edsica<\/span><\/td>\n<td style=\"width: 142px;height: 10px;text-align: center\"><span style=\"font-family: arial, helvetica, sans-serif;font-size: 12pt;color: #000000\">Doutorado em F\u00edsica<\/span><\/td>\n<td style=\"width: 274px;height: 10px\">\n<p><span style=\"font-family: arial, helvetica, sans-serif;font-size: 12pt;color: #000000\">F\u00edsica B\u00e1sica I<\/span><\/p>\n<p><span style=\"font-family: arial, helvetica, sans-serif;font-size: 12pt;color: #000000\">F\u00edsica B\u00e1sica II<\/span><\/td>\n<\/tr>\n<tr style=\"height: 56px\">\n<td style=\"width: 706px;background-color: #0a28aa;height: 56px\" colspan=\"4\">\n<p style=\"text-align: center\"><span style=\"font-size: 12pt;font-family: arial, helvetica, sans-serif\"><strong><span style=\"color: #ffffff\">CDTec \/ Engenharia da Computa\u00e7\u00e3o<\/span><\/strong><\/span><\/p>\n<\/td>\n<\/tr>\n<tr style=\"height: 48px\">\n<td style=\"width: 194px;height: 27px\">\n<p><span style=\"color: #000000\"><a style=\"color: #000000\" href=\"http:\/\/lattes.cnpq.br\/4909334409833311\" target=\"_blank\" rel=\"noopener noreferrer\"><span style=\"font-family: arial, helvetica, sans-serif;font-size: 12pt\">Andrei Borges La Rosa<\/span><\/a><\/span><\/p>\n<p><span style=\"color: #0000ff\"><a style=\"color: #0000ff\" href=\"http:\/\/andrei.rosa@ufpel.edu.br\" target=\"_blank\" rel=\"noopener noreferrer\"><em>andrei.rosa@ufpel.edu.br<\/em><\/a><\/span><\/td>\n<td style=\"width: 96px;height: 27px;text-align: center\"><span style=\"color: #000000;font-family: arial, helvetica, sans-serif\">Engenharia Eletr\u00f4nica<\/span><\/td>\n<td style=\"width: 142px;height: 27px;text-align: center\"><span style=\"color: #000000;font-family: arial, helvetica, sans-serif\">Mestrado em Engenharia Eletr\u00f4nica e Computa\u00e7\u00e3o<\/span><\/td>\n<td style=\"width: 274px;height: 27px\"><span style=\"font-family: arial, helvetica, sans-serif;font-size: 12pt;color: #000000\">Algoritmos e Programa\u00e7\u00e3o<\/span><\/td>\n<\/tr>\n<tr style=\"height: 48px\">\n<td style=\"width: 194px;height: 10px\">\n<p><span style=\"color: #000000\"><a style=\"color: #000000\" href=\"http:\/\/lattes.cnpq.br\/1018507855402721\" target=\"_blank\" rel=\"noopener noreferrer\"><span style=\"font-family: arial, helvetica, sans-serif;font-size: 12pt\">Giovani Parente Farias<\/span><\/a><\/span><\/p>\n<p><span style=\"color: #0000ff\"><em><a style=\"color: #0000ff\" href=\"http:\/\/giovani.farias@ufpel.edu.br\" target=\"_blank\" rel=\"noopener noreferrer\">giovani.farias@ufpel.edu.br<\/a><\/em><\/span><\/td>\n<td style=\"width: 96px;height: 10px;text-align: center\"><span style=\"color: #000000;font-family: arial, helvetica, sans-serif\">Ci\u00eancia da Computa\u00e7\u00e3o<\/span><\/td>\n<td style=\"width: 142px;height: 10px;text-align: center\"><span style=\"color: #000000;font-family: arial, helvetica, sans-serif\">Doutorado em Ci\u00eancia da Computa\u00e7\u00e3o<\/span><\/td>\n<td style=\"width: 274px;height: 10px\"><span style=\"font-family: arial, helvetica, sans-serif;font-size: 12pt;color: #000000\">Algoritmos e Programa\u00e7\u00e3o<\/span><\/td>\n<\/tr>\n<tr style=\"height: 48px\">\n<td style=\"width: 194px;height: 10px\">\n<p><span style=\"color: #000000\"><a style=\"color: #000000\" href=\"http:\/\/lattes.cnpq.br\/8590220071194338\" target=\"_blank\" rel=\"noopener noreferrer\"><span style=\"font-family: arial, helvetica, sans-serif;font-size: 12pt\">St\u00e9phano Machado Moreira Gon\u00e7alves<\/span><\/a><\/span><\/p>\n<p><span style=\"color: #0000ff\"><em><a style=\"color: #0000ff\" href=\"http:\/\/stephanog.ifm@ufpel.edu.br\" target=\"_blank\" rel=\"noopener noreferrer\">stephanog.ifm@ufpel.edu.br<\/a><\/em><\/span><\/td>\n<td style=\"width: 96px;height: 10px;text-align: center\"><span style=\"color: #000000;font-family: arial, helvetica, sans-serif\">Ci\u00eancia da Computa\u00e7\u00e3o<\/span><\/td>\n<td style=\"width: 142px;height: 10px;text-align: center\"><span style=\"color: #000000;font-family: arial, helvetica, sans-serif\">Doutorado em Ci\u00eancia da Computa\u00e7\u00e3o<\/span><\/td>\n<td style=\"width: 274px;height: 10px\"><span style=\"font-family: arial, helvetica, sans-serif;font-size: 12pt;color: #000000\">Algoritmos e Programa\u00e7\u00e3o<\/span><\/td>\n<\/tr>\n<tr style=\"height: 56px\">\n<td style=\"width: 706px;background-color: #0a28aa;height: 34px\" colspan=\"4\">\n<p style=\"text-align: center\"><a href=\"http:\/\/lattes.cnpq.br\/0379374374101043\" target=\"_blank\" rel=\"noopener noreferrer\"><span style=\"font-size: 12pt;font-family: arial, helvetica, sans-serif\"><strong><span style=\"color: #ffffff\">CDTec \/ Engenharia de Materiais<\/span><\/strong><\/span><\/a><\/p>\n<\/td>\n<\/tr>\n<tr style=\"height: 120px\">\n<td style=\"width: 194px;height: 57px\">\n<p><span style=\"font-family: arial, helvetica, sans-serif;font-size: 12pt;color: #000000\">Rubens Camaratta<\/span><\/p>\n<p><span style=\"color: #0000ff\"><a style=\"color: #0000ff\" href=\"rcamaratta@ufpel.edu.br\" target=\"_blank\" rel=\"noopener noreferrer\"><em>rcamaratta@ufpel.edu.br<\/em><\/a><\/span><\/td>\n<td style=\"width: 96px;height: 57px;text-align: center\"><span style=\"color: #000000;font-family: arial, helvetica, sans-serif\">Engenheiro de Materiais<\/span><\/td>\n<td style=\"width: 142px;height: 57px;text-align: center\"><span style=\"color: #000000;font-family: arial, helvetica, sans-serif\">Doctorado en Ingenier\u00eda y Producci\u00f3n Industrial.<\/span><\/td>\n<td style=\"width: 274px;height: 57px\"><span style=\"font-family: arial, helvetica, sans-serif;font-size: 12pt;color: #000000\">Ci\u00eancia dos Materiais<\/span><\/td>\n<\/tr>\n<tr style=\"height: 56px\">\n<td style=\"width: 706px;background-color: #0a28aa;height: 10px\" colspan=\"4\">\n<p style=\"text-align: center\"><span style=\"color: #ffffff;font-size: 12pt;font-family: arial, helvetica, sans-serif\"><strong>CCQFA \/ Qu\u00edmica<\/strong><\/span><\/p>\n<\/td>\n<\/tr>\n<tr style=\"height: 96px\">\n<td style=\"width: 194px;height: 70px\">\n<p><span style=\"color: #000000\"><a style=\"color: #000000\" href=\"http:\/\/lattes.cnpq.br\/8463147575434036\" target=\"_blank\" rel=\"noopener noreferrer\"><span style=\"font-family: arial, helvetica, sans-serif;font-size: 12pt\"><span style=\"color: #000000\">Andr\u00e9 Francisco Pivato Biajoli<\/span><\/span><\/a><\/span><\/p>\n<p><span style=\"color: #0000ff\"><a style=\"color: #0000ff\" href=\"http:\/\/andre.biajoli@ufpel.edu.br\" target=\"_blank\" rel=\"noopener noreferrer\"><em>andre.biajoli@ufpel.edu.br<\/em><\/a><\/span><\/td>\n<td style=\"width: 96px;height: 70px;text-align: center\"><span style=\"color: #000000;font-family: arial, helvetica, sans-serif\">Qu\u00edmica<\/span><\/td>\n<td style=\"width: 142px;height: 70px;text-align: center\"><span style=\"color: #000000;font-family: arial, helvetica, sans-serif\">Doutorado em Qu\u00edmica<\/span><\/td>\n<td style=\"width: 274px;height: 70px\"><span style=\"font-family: arial, helvetica, sans-serif;font-size: 12pt;color: #000000\">Qu\u00edmica Geral<\/span><\/td>\n<\/tr>\n<\/tbody>\n<\/table>\n<p>&nbsp;<\/p>\n<p>&nbsp;<\/p>\n","protected":false},"excerpt":{"rendered":"<p>O Curso de Engenharia de Produ\u00e7\u00e3o possui disciplinas que s\u00e3o ofertadas por outros unidades\/cursos da UFPel. As unidades da UFPel que atendem o Curso de Engenharia de Produ\u00e7\u00e3o s\u00e3o o Instituto de F\u00edsica e Matem\u00e1tica (IFM), o Centro de Desenvolvimento Tecnol\u00f3gico (CDTec), e o Centro de Ci\u00eancias Qu\u00edmicas, Farmac\u00eauticas e de Alimentos (CCQFA). S\u00e3o 8 [&hellip;]<\/p>\n","protected":false},"author":62,"featured_media":0,"parent":12,"menu_order":3,"comment_status":"closed","ping_status":"closed","template":"","meta":{"footnotes":""},"class_list":["post-67","page","type-page","status-publish","hentry"],"_links":{"self":[{"href":"https:\/\/wp.ufpel.edu.br\/producao\/wp-json\/wp\/v2\/pages\/67","targetHints":{"allow":["GET"]}}],"collection":[{"href":"https:\/\/wp.ufpel.edu.br\/producao\/wp-json\/wp\/v2\/pages"}],"about":[{"href":"https:\/\/wp.ufpel.edu.br\/producao\/wp-json\/wp\/v2\/types\/page"}],"author":[{"embeddable":true,"href":"https:\/\/wp.ufpel.edu.br\/producao\/wp-json\/wp\/v2\/users\/62"}],"replies":[{"embeddable":true,"href":"https:\/\/wp.ufpel.edu.br\/producao\/wp-json\/wp\/v2\/comments?post=67"}],"version-history":[{"count":34,"href":"https:\/\/wp.ufpel.edu.br\/producao\/wp-json\/wp\/v2\/pages\/67\/revisions"}],"predecessor-version":[{"id":2251,"href":"https:\/\/wp.ufpel.edu.br\/producao\/wp-json\/wp\/v2\/pages\/67\/revisions\/2251"}],"up":[{"embeddable":true,"href":"https:\/\/wp.ufpel.edu.br\/producao\/wp-json\/wp\/v2\/pages\/12"}],"wp:attachment":[{"href":"https:\/\/wp.ufpel.edu.br\/producao\/wp-json\/wp\/v2\/media?parent=67"}],"curies":[{"name":"wp","href":"https:\/\/api.w.org\/{rel}","templated":true}]}}