{"id":60,"date":"2017-08-28T21:13:10","date_gmt":"2017-08-29T00:13:10","guid":{"rendered":"https:\/\/wp.ufpel.edu.br\/producao\/?page_id=60"},"modified":"2026-03-25T14:44:43","modified_gmt":"2026-03-25T17:44:43","slug":"professoresep","status":"publish","type":"page","link":"https:\/\/wp.ufpel.edu.br\/producao\/corpo-docente\/professoresep\/","title":{"rendered":"Professores do Curso de Engenharia de Produ\u00e7\u00e3o do CEng"},"content":{"rendered":"<p style=\"text-align: justify;\"><span style=\"color: #000000;\">Abaixo voc\u00ea encontra a rela\u00e7\u00e3o de professores que atuam nas disciplinas relacionadas aos conte\u00fados espec\u00edficos e profissionalizantes do Curso de Engenharia de Produ\u00e7\u00e3o.<\/span><\/p>\n<p style=\"text-align: justify;\"><span style=\"color: #000000;\">S\u00e3o <strong>13 professores doutores<\/strong> do Centro de Engenharias que atuam nas mais diferentes <strong>\u00e1reas da Engenharia de Produ\u00e7\u00e3o.<\/strong><\/span><\/p>\n<p style=\"text-align: justify;\"><span style=\"color: #000000;\">Clique no nome do professor para visualizar o <em>CV-lattes<\/em> de cada docente, e clique no <em>e-mail<\/em> abaixo do nome do professor para entrar em contato.<\/span><\/p>\n<table class=\" alignleft\" style=\"height: 2926px; width: 750px; border-style: solid; border-color: #0a28aa;\" width=\"750\">\n<tbody>\n<tr style=\"height: 33px;\">\n<td style=\"width: 225px; text-align: center; background-color: #0a28aa; height: 33px;\"><span style=\"font-size: 12pt; font-family: arial, helvetica, sans-serif; color: #ffffff;\"><strong>Nome \/ e-mail<\/strong><\/span><\/td>\n<td style=\"width: 113px; text-align: center; background-color: #0a28aa; height: 33px;\"><span style=\"font-size: 12pt; font-family: arial, helvetica, sans-serif; color: #ffffff;\"><strong>Forma\u00e7\u00e3o<\/strong><\/span><\/td>\n<td style=\"width: 107px; text-align: center; background-color: #0a28aa; height: 33px;\"><span style=\"font-size: 12pt; font-family: arial, helvetica, sans-serif; color: #ffffff;\"><strong>Titula\u00e7\u00e3o<\/strong><\/span><\/td>\n<td style=\"width: 380px; text-align: center; background-color: #0a28aa; height: 33px;\"><span style=\"font-size: 12pt; font-family: arial, helvetica, sans-serif; color: #ffffff;\"><strong>Disciplinas<\/strong><\/span><\/td>\n<\/tr>\n<tr style=\"height: 100px;\">\n<td style=\"width: 225px; height: 80px; text-align: center; vertical-align: middle;\">\n<p><span style=\"font-size: 12pt; font-family: arial, helvetica, sans-serif; color: #000000;\">\u00a0<a style=\"color: #000000;\" href=\"http:\/\/lattes.cnpq.br\/8224458239402180\" target=\"_blank\" rel=\"noopener noreferrer\">Alejandro Martins Rodrigues<\/a><\/span><\/p>\n<p><span style=\"font-family: arial, helvetica, sans-serif; font-size: 12pt; color: #0000ff;\">\u00a0<a style=\"color: #0000ff;\" href=\"mailto:aljmartins@gmail.com\"><em>aljmartins@gmail.com<\/em><\/a><\/span><\/td>\n<td style=\"width: 113px; text-align: center; height: 80px; vertical-align: middle;\"><span style=\"font-size: 12pt; font-family: arial, helvetica, sans-serif; color: #000000;\">Ingenier\u00eda Industrial Opci\u00f3n-Mec\u00e1nica<\/span><\/td>\n<td style=\"width: 107px; text-align: center; height: 80px; vertical-align: middle;\"><span style=\"font-size: 12pt; font-family: arial, helvetica, sans-serif; color: #000000;\">Doutorado em Engenharia de Produ\u00e7\u00e3o<\/span><\/td>\n<td style=\"width: 380px; text-align: left; vertical-align: middle; height: 80px;\">\n<p><span style=\"font-size: 12pt; font-family: arial, helvetica, sans-serif; color: #000000;\">Gest\u00e3o da Manuten\u00e7\u00e3o<\/span><\/p>\n<p><span style=\"font-size: 12pt; font-family: arial, helvetica, sans-serif; color: #000000;\">Fen\u00f4menos de Transporte<\/span><\/p>\n<p><span style=\"font-size: 12pt; font-family: arial, helvetica, sans-serif; color: #000000;\">Pr\u00e1ticas Extensionistas EP I, II<\/span><\/p>\n<p><span style=\"color: #000000; font-family: arial, helvetica, sans-serif;\">Engenharia Ambiental<\/span><\/td>\n<\/tr>\n<tr style=\"height: 176px;\">\n<td style=\"width: 225px; height: 167px; text-align: center; vertical-align: middle;\">\n<p><span style=\"font-size: 12pt; font-family: arial, helvetica, sans-serif; color: #000000;\">\u00a0<a style=\"color: #000000;\" href=\"http:\/\/lattes.cnpq.br\/5134193145334688\" target=\"_blank\" rel=\"noopener noreferrer\">Aline Soares Pereira<\/a><\/span><\/p>\n<p><span style=\"font-family: arial, helvetica, sans-serif; font-size: 12pt; color: #000000;\">\u00a0<span style=\"color: #0000ff;\"><a style=\"color: #0000ff;\" href=\"mailto:professora.alinesp@gmail.com\" target=\"_blank\" rel=\"noopener noreferrer\"><em>professora.alinesp@gmail.com<\/em><\/a><\/span><\/span><\/td>\n<td style=\"height: 167px; width: 113px; text-align: center; vertical-align: middle;\"><span style=\"font-size: 12pt; font-family: arial, helvetica, sans-serif; color: #000000;\">Engenharia de Produ\u00e7\u00e3o Mec\u00e2nica<\/span><\/td>\n<td style=\"height: 167px; width: 107px; text-align: center; vertical-align: middle;\"><span style=\"font-size: 12pt; font-family: arial, helvetica, sans-serif; color: #000000;\">\u00a0Doutorado em Agronomia<\/span><\/td>\n<td style=\"width: 380px; text-align: left; height: 167px; vertical-align: middle;\">\n<p><span style=\"font-family: arial, helvetica, sans-serif; font-size: 12pt; color: #000000;\">Sistemas Produtivos 1<\/span><\/p>\n<p><span style=\"font-family: arial, helvetica, sans-serif; font-size: 12pt; color: #000000;\">Engenharia da Qualidade 2<\/span><\/p>\n<p><span style=\"font-family: arial, helvetica, sans-serif; font-size: 12pt; color: #000000;\">T\u00f3picos em Ind\u00fastria 4.0<\/span><\/p>\n<p><span style=\"font-family: arial, helvetica, sans-serif; font-size: 12pt; color: #000000;\">Engenharia do Produto I<\/span><\/p>\n<p><span style=\"font-family: arial, helvetica, sans-serif; color: #000000;\">P<span style=\"font-size: 12pt; font-family: arial, helvetica, sans-serif; color: #000000;\">r\u00e1ticas Extensionistas EP I, II<\/span><\/span><\/p>\n<p><span style=\"font-family: arial, helvetica, sans-serif; color: #000000;\"><span style=\"font-size: 12pt; font-family: arial, helvetica, sans-serif; color: #000000;\">Gest\u00e3o de Processos<\/span><\/span><\/p>\n<p><span style=\"font-family: arial, helvetica, sans-serif; color: #000000;\"><span style=\"font-size: 12pt; font-family: arial, helvetica, sans-serif; color: #000000;\">Gest\u00e3o de Servi\u00e7os<\/span><\/span><\/td>\n<\/tr>\n<tr style=\"height: 289px;\">\n<td style=\"width: 225px; height: 10px; text-align: center; vertical-align: middle;\">\n<p><span style=\"font-size: 12pt; font-family: arial, helvetica, sans-serif; color: #000000;\">\u00a0<a style=\"color: #000000;\" href=\"http:\/\/lattes.cnpq.br\/7662929784136459\" target=\"_blank\" rel=\"noopener noreferrer\">Ariane Ferreira Porto Rosa<\/a><\/span><\/p>\n<p><span style=\"font-family: arial, helvetica, sans-serif; font-size: 12pt; color: #0000ff;\">\u00a0<em><a style=\"color: #0000ff;\" href=\"mailto:afprosa61@gmail.com\">afprosa61@gmail.com<\/a><\/em><\/span><\/td>\n<td style=\"width: 113px; text-align: center; height: 10px; vertical-align: middle;\"><span style=\"font-size: 12pt; font-family: arial, helvetica, sans-serif; color: #000000;\">Engenharia Qu\u00edmica<\/span><\/td>\n<td style=\"width: 107px; text-align: center; height: 10px; vertical-align: middle;\"><span style=\"font-size: 12pt; font-family: arial, helvetica, sans-serif; color: #000000;\">\u00a0Doutorado em Automatique et Informatique Appliqu\u00e9es<\/span><\/td>\n<td style=\"width: 380px; text-align: left; height: 10px; vertical-align: middle;\">\n<p><span style=\"font-family: arial, helvetica, sans-serif; font-size: 12pt; color: #000000;\">Confiabilidade<\/span><\/p>\n<p><span style=\"font-size: 12pt; font-family: arial, helvetica, sans-serif; color: #000000;\">Estat\u00edstica Aplicada<\/span><\/p>\n<p><span style=\"font-size: 12pt; font-family: arial, helvetica, sans-serif; color: #000000;\">Engenharia do Produto II<\/span><\/p>\n<p><span style=\"font-size: 12pt; font-family: arial, helvetica, sans-serif; color: #000000;\">Projeto de Experimentos<\/span><\/td>\n<\/tr>\n<tr style=\"height: 169px;\">\n<td style=\"width: 225px; height: 128px; text-align: center; vertical-align: middle;\">\n<p><span style=\"font-size: 12pt; font-family: arial, helvetica, sans-serif; color: #000000;\">\u00a0<a style=\"color: #000000;\" href=\"http:\/\/buscatextual.cnpq.br\/buscatextual\/visualizacv.do?id=K4767222E0\" target=\"_blank\" rel=\"noopener noreferrer\">Etiene Villela Marroni<\/a><\/span><\/p>\n<p><span style=\"font-family: arial, helvetica, sans-serif; font-size: 12pt; color: #0000ff;\">\u00a0<a style=\"color: #0000ff;\" href=\"mailto:evmarroni@gmail.com\"><em>evmarroni@gmail.com<\/em><\/a><\/span><\/td>\n<td style=\"width: 113px; text-align: center; height: 128px; vertical-align: middle;\"><span style=\"font-size: 12pt; font-family: arial, helvetica, sans-serif; color: #000000;\">Economia<\/span><\/td>\n<td style=\"width: 107px; text-align: center; height: 128px; vertical-align: middle;\"><span style=\"font-size: 12pt; font-family: arial, helvetica, sans-serif; color: #000000;\">\u00a0Doutorado em Ci\u00eancia Pol\u00edtica Internacional<\/span><\/td>\n<td style=\"width: 380px; text-align: left; height: 128px; vertical-align: middle;\">\n<p><span style=\"font-family: arial, helvetica, sans-serif; font-size: 12pt; color: #000000;\">Economia Industrial<\/span><\/p>\n<p><span style=\"font-size: 12pt; font-family: arial, helvetica, sans-serif; color: #000000;\">Estrat\u00e9gia Organizacional<\/span><\/p>\n<p><span style=\"font-size: 12pt; font-family: arial, helvetica, sans-serif; color: #000000;\">T\u00f3picos em Economia Pol\u00edtica Internacional<\/span><\/td>\n<\/tr>\n<tr style=\"height: 169px;\">\n<td style=\"width: 225px; height: 128px; text-align: center; vertical-align: middle;\">\n<p><span style=\"font-size: 12pt; font-family: arial, helvetica, sans-serif; color: #000000;\">\u00a0<a style=\"color: #000000;\" href=\"http:\/\/buscatextual.cnpq.br\/buscatextual\/visualizacv.do?id=K4234636Y9\" target=\"_blank\" rel=\"noopener noreferrer\">Everton Anger Cavalheiro<\/a><\/span><\/p>\n<p><span style=\"color: #0000ff;\"><em><span style=\"font-size: 12pt; font-family: arial, helvetica, sans-serif;\">\u00a0<a style=\"color: #0000ff;\" href=\"mailto:eacavalheiro@hotmail.com\">eacavalheiro@hotmail.com<\/a><\/span><\/em><\/span><\/td>\n<td style=\"width: 113px; text-align: center; height: 128px; vertical-align: middle;\"><span style=\"font-size: 12pt; font-family: arial, helvetica, sans-serif; color: #000000;\">Administra\u00e7\u00e3o<\/span><\/td>\n<td style=\"width: 107px; text-align: center; height: 128px; vertical-align: middle;\"><span style=\"font-size: 12pt; font-family: arial, helvetica, sans-serif; color: #000000;\">\u00a0Doutorado em Administra\u00e7\u00e3o<\/span><\/td>\n<td style=\"width: 380px; text-align: left; height: 128px; vertical-align: middle;\">\n<p style=\"text-align: left;\"><span style=\"font-family: arial, helvetica, sans-serif; font-size: 12pt; color: #000000;\">Contabilidade e Custos da Produ\u00e7\u00e3o<\/span><\/p>\n<p style=\"text-align: left;\"><span style=\"font-size: 12pt; font-family: arial, helvetica, sans-serif; color: #000000;\">Engenharia Econ\u00f4mica<\/span><\/p>\n<p style=\"text-align: left;\"><span style=\"font-family: arial, helvetica, sans-serif; font-size: 12pt; color: #000000;\">Mercado de Capitais<\/span><\/p>\n<\/td>\n<\/tr>\n<tr style=\"height: 129px;\">\n<td style=\"width: 225px; height: 102px; text-align: center; vertical-align: middle;\">\n<p><span style=\"font-size: 12pt; font-family: arial, helvetica, sans-serif; color: #000000;\">\u00a0<a style=\"color: #000000;\" href=\"http:\/\/buscatextual.cnpq.br\/buscatextual\/visualizacv.do?id=K4760575D5\" target=\"_blank\" rel=\"noopener noreferrer\">Gilson Simoes Porciuncula<\/a><\/span><\/p>\n<p><span style=\"color: #0000ff;\"><a style=\"color: #0000ff;\" href=\"mailto:gilson.porciuncula@gmail.com\"><em><span style=\"font-size: 12pt; font-family: arial, helvetica, sans-serif;\">gilson.porciuncula@gmail.com<\/span><\/em><\/a><\/span><\/td>\n<td style=\"width: 113px; text-align: center; height: 102px; vertical-align: middle;\"><span style=\"font-size: 12pt; font-family: arial, helvetica, sans-serif; color: #000000;\">Engenharia Agr\u00edcola<\/span><\/td>\n<td style=\"width: 107px; text-align: center; height: 102px; vertical-align: middle;\"><span style=\"font-size: 12pt; font-family: arial, helvetica, sans-serif; color: #000000;\">\u00a0Doutorado em Engenharia Mec\u00e2nica<\/span><\/td>\n<td style=\"width: 380px; text-align: left; height: 102px; vertical-align: middle;\">\n<p><span style=\"font-family: arial, helvetica, sans-serif; font-size: 12pt; color: #000000;\">Acionamentos Hidr\u00e1ulicos e Pneum\u00e1ticos<\/span><\/p>\n<p><span style=\"color: #000000; font-family: arial, helvetica, sans-serif;\">Gest\u00e3o da Manuten\u00e7\u00e3o<\/span><\/td>\n<\/tr>\n<tr style=\"height: 169px;\">\n<td style=\"width: 225px; height: 139px; text-align: center; vertical-align: middle;\">\n<p><span style=\"font-family: arial, helvetica, sans-serif; font-size: 12pt; color: #000000;\">\u00a0<a style=\"color: #000000;\" href=\"http:\/\/lattes.cnpq.br\/5646345717919827\">Larissa Medianeira Bolzan<\/a><\/span><\/p>\n<p><span style=\"color: #0000ff;\"><a style=\"color: #0000ff;\" href=\"mailto:larissambolzan@gmail.com\"><em><span style=\"font-size: 12pt; font-family: arial, helvetica, sans-serif;\">larissambolzan@gmail.com<\/span><\/em><\/a><\/span><\/td>\n<td style=\"width: 113px; text-align: center; height: 139px; vertical-align: middle;\"><span style=\"font-size: 12pt; font-family: arial, helvetica, sans-serif; color: #000000;\">Administra\u00e7\u00e3o<\/span><\/td>\n<td style=\"width: 107px; text-align: center; height: 139px; vertical-align: middle;\"><span style=\"font-size: 12pt; font-family: arial, helvetica, sans-serif; color: #000000;\">\u00a0Doutorado em Administra\u00e7\u00e3o<\/span><\/td>\n<td style=\"width: 380px; text-align: left; height: 139px; vertical-align: middle;\">\n<p><span style=\"font-size: 12pt; font-family: arial, helvetica, sans-serif; color: #000000;\">Marketing Aplicado<\/span><\/p>\n<p><span style=\"font-size: 12pt; font-family: arial, helvetica, sans-serif; color: #000000;\">Engenharia da Informa\u00e7\u00e3o<\/span><\/p>\n<p><span style=\"font-size: 12pt; font-family: arial, helvetica, sans-serif; color: #000000;\">Lideran\u00e7a e Desenvolvimento de Equipes<\/span><\/td>\n<\/tr>\n<tr style=\"height: 145px;\">\n<td style=\"width: 225px; height: 145px; text-align: center; vertical-align: middle;\">\n<p><a href=\"http:\/\/lattes.cnpq.br\/4602227806946428\"><span style=\"font-size: 12pt; font-family: arial, helvetica, sans-serif; color: #000000;\"> Steffani Nikoli Dapper<\/span><\/a><\/p>\n<p><span style=\"color: #0000ff;\"><em><span style=\"font-family: arial, helvetica, sans-serif; font-size: 12pt;\"> steffani.dapper@ufpel.edu.br<\/span><\/em><\/span><\/td>\n<td style=\"width: 113px; text-align: center; height: 145px; vertical-align: middle;\"><span style=\"font-size: 12pt; font-family: arial, helvetica, sans-serif; color: #000000;\">Administra\u00e7\u00e3o<\/span><\/td>\n<td style=\"width: 107px; text-align: center; height: 145px; vertical-align: middle;\"><span style=\"font-size: 12pt; font-family: arial, helvetica, sans-serif; color: #000000;\">\u00a0Doutorado em Administra\u00e7\u00e3o<\/span><\/td>\n<td style=\"width: 380px; text-align: left; height: 145px; vertical-align: middle;\">\n<p><span style=\"font-family: arial, helvetica, sans-serif; font-size: 12pt; color: #000000;\">Pesquisa Operacional I<\/span><\/p>\n<p><span style=\"font-size: 12pt; font-family: arial, helvetica, sans-serif; color: #000000;\">Pesquisa Operacional II<\/span><\/p>\n<p><span style=\"font-size: 12pt; font-family: arial, helvetica, sans-serif; color: #000000;\">Gest\u00e3o de Projetos<\/span><\/td>\n<\/tr>\n<tr style=\"height: 329px;\">\n<td style=\"width: 225px; height: 259px; text-align: center; vertical-align: middle;\">\n<p><span style=\"font-size: 12pt; font-family: arial, helvetica, sans-serif; color: #000000;\">\u00a0<a style=\"color: #000000;\" href=\"http:\/\/buscatextual.cnpq.br\/buscatextual\/visualizacv.do?id=K4760945T2\" target=\"_blank\" rel=\"noopener noreferrer\">Luis Antonio dos Santos Franz<\/a><\/span><\/p>\n<p><span style=\"color: #0000ff;\"><em><span style=\"font-size: 12pt; font-family: arial, helvetica, sans-serif;\">\u00a0<a style=\"color: #0000ff;\" href=\"mailto:luisfranz@gmail.com\">luisfranz@gmail.com<\/a><\/span><\/em><\/span><\/td>\n<td style=\"width: 113px; text-align: center; height: 259px; vertical-align: middle;\"><span style=\"font-size: 12pt; font-family: arial, helvetica, sans-serif; color: #000000;\">Engenharia Civil<\/span><\/td>\n<td style=\"width: 107px; text-align: center; height: 259px; vertical-align: middle;\"><span style=\"font-size: 12pt; font-family: arial, helvetica, sans-serif; color: #000000;\">Doutorado em Engenharia de Produ\u00e7\u00e3o<\/span><\/td>\n<td style=\"width: 380px; text-align: left; height: 259px; vertical-align: middle;\">\n<p><span style=\"font-size: 12pt; font-family: arial, helvetica, sans-serif; color: #000000;\">Ergonomia I<\/span><\/p>\n<p><span style=\"font-size: 12pt; font-family: arial, helvetica, sans-serif; color: #000000;\">Ergonomia II<\/span><\/p>\n<p><span style=\"font-size: 12pt; font-family: arial, helvetica, sans-serif; color: #000000;\">Seguran\u00e7a Industrial<\/span><\/p>\n<p><span style=\"font-size: 12pt; font-family: arial, helvetica, sans-serif; color: #000000;\">An\u00e1lise e Preven\u00e7\u00e3o de Riscos e Acidentes<\/span><\/p>\n<p><span style=\"font-family: arial, helvetica, sans-serif; color: #000000;\">TCC1, <\/span><span style=\"font-family: arial, helvetica, sans-serif; color: #000000;\">TCC2<\/span><\/p>\n<p>Metodologia da pesquisa em Engenharia<\/td>\n<\/tr>\n<tr style=\"height: 249px;\">\n<td style=\"width: 225px; height: 249px; text-align: center; vertical-align: middle;\">\n<p><span style=\"font-size: 12pt; font-family: arial, helvetica, sans-serif; color: #000000;\">\u00a0<a style=\"color: #000000;\" href=\"http:\/\/buscatextual.cnpq.br\/buscatextual\/visualizacv.do?id=K4707941P6\" target=\"_blank\" rel=\"noopener noreferrer\">Patricia Costa Duarte<\/a><\/span><\/p>\n<p><span style=\"font-size: 12pt; font-family: arial, helvetica, sans-serif; color: #0000ff;\">\u00a0<a style=\"color: #0000ff;\" href=\"mailto:pcduarte_rs@yahoo.com.br\"><em>pcduarte_rs@yahoo.com.br<\/em><\/a><\/span><\/td>\n<td style=\"width: 113px; text-align: center; height: 249px; vertical-align: middle;\"><span style=\"font-size: 12pt; font-family: arial, helvetica, sans-serif; color: #000000;\">Matem\u00e1tica<\/span><\/td>\n<td style=\"width: 107px; text-align: center; height: 249px; vertical-align: middle;\"><span style=\"font-size: 12pt; font-family: arial, helvetica, sans-serif; color: #000000;\">Doutorado em Engenharia de Produ\u00e7\u00e3o<\/span><\/td>\n<td style=\"width: 380px; text-align: left; height: 249px; vertical-align: middle;\">\n<p><span style=\"font-size: 12pt; font-family: arial, helvetica, sans-serif; color: #000000;\">Log\u00edstica A<\/span><\/p>\n<p><span style=\"font-size: 12pt; font-family: arial, helvetica, sans-serif; color: #000000;\">Log\u00edstica B<\/span><\/p>\n<p><span style=\"font-size: 12pt; font-family: arial, helvetica, sans-serif; color: #000000;\">Sistemas Produtivos I<\/span><\/p>\n<p><span style=\"font-size: 12pt; font-family: arial, helvetica, sans-serif; color: #000000;\">Log\u00edstica Reversa<\/span><\/p>\n<p><span style=\"font-size: 12pt; font-family: arial, helvetica, sans-serif; color: #000000;\">Transporte e Mobilidade Urbana<\/span><\/p>\n<p>Introdu\u00e7\u00e3o a Engenharia de Produ\u00e7\u00e3o<\/td>\n<\/tr>\n<tr style=\"height: 289px;\">\n<td style=\"width: 225px; height: 147px; text-align: center; vertical-align: middle;\">\n<p><span style=\"font-family: arial, helvetica, sans-serif; font-size: 12pt; color: #000000;\">\u00a0<a style=\"color: #000000;\" href=\"http:\/\/lattes.cnpq.br\/3801560326998532\">Renata Heidtmann Bemvenuti<\/a><\/span><\/p>\n<p><span style=\"font-size: 12pt; font-family: arial, helvetica, sans-serif; color: #0000ff;\"><a style=\"color: #0000ff;\" href=\"mailto:reheidtmann@yahoo.com.br\"><em>reheidtmann@yahoo.com.br<\/em><\/a><\/span><\/td>\n<td style=\"width: 113px; text-align: center; height: 147px; vertical-align: middle;\"><span style=\"font-size: 12pt; font-family: arial, helvetica, sans-serif; color: #000000;\">Engenharia de Alimentos<\/span><\/td>\n<td style=\"width: 107px; text-align: center; height: 147px; vertical-align: middle;\"><span style=\"font-size: 12pt; font-family: arial, helvetica, sans-serif; color: #000000;\">\u00a0Doutorado em\u00a0 Engenharia e Ci\u00eancia de Alimentos<\/span><\/td>\n<td style=\"width: 380px; text-align: left; height: 147px; vertical-align: middle;\">\n<p><span style=\"font-size: 12pt; font-family: arial, helvetica, sans-serif; color: #000000;\">Engenharia da Qualidade 1<\/span><\/p>\n<p><span style=\"font-size: 12pt; font-family: arial, helvetica, sans-serif; color: #000000;\">Engenharia do Trabalho<\/span><\/p>\n<p><span style=\"font-family: arial, helvetica, sans-serif; color: #000000;\">TCC1, <\/span><span style=\"font-family: arial, helvetica, sans-serif; color: #000000;\">TCC2<\/span><\/td>\n<\/tr>\n<tr style=\"height: 338px;\">\n<td style=\"width: 225px; height: 173px; text-align: center; vertical-align: middle;\">\n<p><span style=\"font-size: 12pt; font-family: arial, helvetica, sans-serif; color: #000000;\">\u00a0<a style=\"color: #000000;\" href=\"http:\/\/buscatextual.cnpq.br\/buscatextual\/visualizacv.do?id=K4701174P4\" target=\"_blank\" rel=\"noopener noreferrer\">Rogerio Royer<\/a><\/span><\/p>\n<p><span style=\"font-size: 12pt; font-family: arial, helvetica, sans-serif; color: #0000ff;\">\u00a0<a style=\"color: #0000ff;\" href=\"mailto:rogroyer@gmail.com\" target=\"_blank\" rel=\"noopener noreferrer\"><em>rogroyer@gmail.com<\/em><\/a><\/span><\/td>\n<td style=\"width: 113px; text-align: center; height: 173px; vertical-align: middle;\"><span style=\"font-size: 12pt; font-family: arial, helvetica, sans-serif; color: #000000;\">Engenharia Mec\u00e2nica<\/span><\/td>\n<td style=\"width: 107px; text-align: center; height: 173px; vertical-align: middle;\"><span style=\"font-size: 12pt; font-family: arial, helvetica, sans-serif; color: #000000;\">Doutorado em Administra\u00e7\u00e3o<\/span><\/td>\n<td style=\"width: 380px; text-align: left; height: 173px; vertical-align: middle;\">\n<p><span style=\"font-size: 12pt; font-family: arial, helvetica, sans-serif; color: #000000;\">Sistemas Produtivos 2<\/span><\/p>\n<p><span style=\"font-size: 12pt; font-family: arial, helvetica, sans-serif; color: #000000;\">Planejamento e Controle da Produ\u00e7\u00e3o I<\/span><\/p>\n<p><span style=\"font-size: 12pt; font-family: arial, helvetica, sans-serif; color: #000000;\">Planejamento e Controle da Produ\u00e7\u00e3o II<\/span><\/p>\n<p><span style=\"font-family: arial, helvetica, sans-serif; font-size: 12pt; color: #000000;\">Projeto de F\u00e1brica e Layout<\/span><\/td>\n<\/tr>\n<tr style=\"height: 106px;\">\n<td style=\"width: 225px; height: 106px; text-align: center; vertical-align: middle;\">\n<p class=\"name\"><span style=\"font-size: 12pt; font-family: arial, helvetica, sans-serif; color: #000000;\">\u00a0<a style=\"color: #000000;\" href=\"http:\/\/buscatextual.cnpq.br\/buscatextual\/visualizacv.do?id=K4785903U2\" target=\"_blank\" rel=\"noopener noreferrer\">Walter Ruben Iriondo Otero<\/a><\/span><\/p>\n<p><span style=\"font-size: 12pt; font-family: arial, helvetica, sans-serif; color: #0000ff;\">\u00a0<a style=\"color: #0000ff;\" href=\"mailto:wiriondo@gmail.com\"><em>wiriondo@gmail.com<\/em><\/a><\/span><\/td>\n<td style=\"width: 113px; text-align: center; height: 106px; vertical-align: middle;\"><span style=\"font-size: 12pt; font-family: arial, helvetica, sans-serif; color: #000000;\">Ci\u00eancia da Computa\u00e7\u00e3o<\/span><\/td>\n<td style=\"width: 107px; text-align: center; height: 106px; vertical-align: middle;\"><span style=\"font-size: 12pt; font-family: arial, helvetica, sans-serif; color: #000000;\">Doutorado em Engenharia e Gest\u00e3o do Conhecimento<\/span><\/td>\n<td style=\"width: 380px; text-align: left; height: 106px; vertical-align: middle;\">\n<p>Est\u00e1gio Supervisionado<\/p>\n<p><span style=\"font-family: arial, helvetica, sans-serif; font-size: 12pt; color: #000000;\">Ci\u00eancia Tecnologia e Sociedade<\/span><\/p>\n<p><span style=\"font-size: 12pt; font-family: arial, helvetica, sans-serif; color: #000000;\">Gest\u00e3o do Conhecimento<\/span><\/p>\n<p><span style=\"font-family: arial, helvetica, sans-serif; color: #000000;\"><span style=\"font-size: 12pt; font-family: arial, helvetica, sans-serif; color: #000000;\">Pr\u00e1ticas Extensionistas EP I, II<\/span><\/span><\/td>\n<\/tr>\n<\/tbody>\n<\/table>\n<p>&nbsp;<\/p>\n<p>&nbsp;<\/p>\n","protected":false},"excerpt":{"rendered":"<p>Abaixo voc\u00ea encontra a rela\u00e7\u00e3o de professores que atuam nas disciplinas relacionadas aos conte\u00fados espec\u00edficos e profissionalizantes do Curso de Engenharia de Produ\u00e7\u00e3o. S\u00e3o 13 professores doutores do Centro de Engenharias que atuam nas mais diferentes \u00e1reas da Engenharia de Produ\u00e7\u00e3o. Clique no nome do professor para visualizar o CV-lattes de cada docente, e clique [&hellip;]<\/p>\n","protected":false},"author":62,"featured_media":0,"parent":12,"menu_order":1,"comment_status":"closed","ping_status":"closed","template":"","meta":{"footnotes":""},"class_list":["post-60","page","type-page","status-publish","hentry"],"_links":{"self":[{"href":"https:\/\/wp.ufpel.edu.br\/producao\/wp-json\/wp\/v2\/pages\/60","targetHints":{"allow":["GET"]}}],"collection":[{"href":"https:\/\/wp.ufpel.edu.br\/producao\/wp-json\/wp\/v2\/pages"}],"about":[{"href":"https:\/\/wp.ufpel.edu.br\/producao\/wp-json\/wp\/v2\/types\/page"}],"author":[{"embeddable":true,"href":"https:\/\/wp.ufpel.edu.br\/producao\/wp-json\/wp\/v2\/users\/62"}],"replies":[{"embeddable":true,"href":"https:\/\/wp.ufpel.edu.br\/producao\/wp-json\/wp\/v2\/comments?post=60"}],"version-history":[{"count":4,"href":"https:\/\/wp.ufpel.edu.br\/producao\/wp-json\/wp\/v2\/pages\/60\/revisions"}],"predecessor-version":[{"id":4289,"href":"https:\/\/wp.ufpel.edu.br\/producao\/wp-json\/wp\/v2\/pages\/60\/revisions\/4289"}],"up":[{"embeddable":true,"href":"https:\/\/wp.ufpel.edu.br\/producao\/wp-json\/wp\/v2\/pages\/12"}],"wp:attachment":[{"href":"https:\/\/wp.ufpel.edu.br\/producao\/wp-json\/wp\/v2\/media?parent=60"}],"curies":[{"name":"wp","href":"https:\/\/api.w.org\/{rel}","templated":true}]}}