{"id":51,"date":"2017-08-28T21:10:38","date_gmt":"2017-08-29T00:10:38","guid":{"rendered":"https:\/\/wp.ufpel.edu.br\/producao\/?page_id=51"},"modified":"2025-08-21T18:44:03","modified_gmt":"2025-08-21T21:44:03","slug":"atividades-complementares","status":"publish","type":"page","link":"https:\/\/wp.ufpel.edu.br\/producao\/portal-do-aluno\/atividades-complementares\/","title":{"rendered":"Atividades Complementares e Atividades Curriculares de Extens\u00e3o"},"content":{"rendered":"<h2>Atividades Complementares e Atividades Curriculares de Extens\u00e3o<\/h2>\n<p>Para concluir o curso de Engenharia de Produ\u00e7\u00e3o, todo estudante precisa cumprir tr\u00eas exig\u00eancias principais:<\/p>\n<ul>\n<li><b>Concluir todas as disciplinas<\/b> obrigat\u00f3rias da grade curricular.<\/li>\n<li><b><span class=\"citation-11\">Comprovar 90 horas<\/span><\/b><span class=\"citation-11\"> em <\/span><b><span class=\"citation-11\">Atividades Complementares (ACs)<\/span><\/b>.<\/li>\n<li><b>Comprovar 120 horas<\/b> em <b>Atividades Curriculares de Extens\u00e3o (ACE).<\/b>.<\/li>\n<\/ul>\n<h4><b>O que s\u00e3o Atividades Complementares (ACs)?<\/b><\/h4>\n<p>S\u00e3o atividades que o aluno faz para ampliar sua forma\u00e7\u00e3o al\u00e9m das aulas normais. Elas ajudam a ter novas experi\u00eancias acad\u00eamicas, cient\u00edficas, culturais e sociais.<\/p>\n<h4><b>Quais Atividades Complementares s\u00e3o aceitas?<\/b><\/h4>\n<p>O PPC 2025 define uma lista de atividades e um limite de horas que o aluno pode registrar para cada uma.<\/p>\n<p><span class=\"citation-8 citation-end-8\">Veja a lista completa de atividades aceitas<\/span>:<\/p>\n<p><b>Atividades de Ensino e Participa\u00e7\u00e3o Acad\u00eamica<\/b><\/p>\n<ul>\n<li><b>Bolsas ou Monitorias:<\/b> M\u00e1ximo de 20 horas.<\/li>\n<li><b>Disciplinas de outros cursos (n\u00e3o aproveitadas como optativas):<\/b> M\u00e1ximo de 30 horas.<\/li>\n<li><b>Ouvinte em Bancas de TCC, Mestrado ou Doutorado:<\/b> M\u00e1ximo de 10 horas (sendo 1 hora por banca).<\/li>\n<li><b>Cursos de Aperfei\u00e7oamento (presencial ou a dist\u00e2ncia):<\/b> M\u00e1ximo de 30 horas para cada modalidade.<\/li>\n<li><b>Participa\u00e7\u00e3o em Eventos como ouvinte:<\/b> M\u00e1ximo de 20 horas.<\/li>\n<li><b>Participa\u00e7\u00e3o em Competi\u00e7\u00f5es Acad\u00eamicas ou Simulados:<\/b> M\u00e1ximo de 20 horas.<\/li>\n<li><b>Participa\u00e7\u00e3o em A\u00e7\u00e3o de Ensino de Projeto Unificado:<\/b> M\u00e1ximo de 20 horas.<\/li>\n<\/ul>\n<p><b>Atividades de Pesquisa e Produ\u00e7\u00e3o Cient\u00edfica<\/b><\/p>\n<ul>\n<li><b>Participa\u00e7\u00e3o em A\u00e7\u00e3o de Pesquisa de Projeto Unificado:<\/b> M\u00e1ximo de 30 horas.<\/li>\n<li><b>Publica\u00e7\u00e3o de Artigo (Qualis A1 &#8211; B2):<\/b> 100 horas por publica\u00e7\u00e3o.<\/li>\n<li><b>Publica\u00e7\u00e3o de Artigo (Qualis B3 &#8211; C):<\/b> 60 horas por publica\u00e7\u00e3o.<\/li>\n<li><b>Publica\u00e7\u00e3o em Evento Internacional:<\/b> 50 horas por publica\u00e7\u00e3o.<\/li>\n<li><b>Publica\u00e7\u00e3o em Evento Nacional:<\/b> 40 horas por publica\u00e7\u00e3o.<\/li>\n<li><b>P\u00f4ster em Evento Internacional:<\/b> 20 horas por p\u00f4ster.<\/li>\n<li><b>P\u00f4ster em Evento Nacional:<\/b> 10 horas por p\u00f4ster.<\/li>\n<li><b>Publica\u00e7\u00e3o de Livro:<\/b> 60 horas por cap\u00edtulo.<\/li>\n<li><b>Publica\u00e7\u00e3o de Cap\u00edtulo de Livro:<\/b> 20 horas por cap\u00edtulo.<\/li>\n<\/ul>\n<p><b>Atividades de Extens\u00e3o<\/b><\/p>\n<ul>\n<li><b>Participa\u00e7\u00e3o em A\u00e7\u00e3o de Extens\u00e3o de Projeto Unificado:<\/b> M\u00e1ximo de 30 horas.<\/li>\n<li><b>Participa\u00e7\u00e3o como Conferencista ou Suporte em Evento:<\/b> M\u00e1ximo de 20 horas.<\/li>\n<\/ul>\n<h4><b>Como solicitar o registro das horas?<\/b><\/h4>\n<p>O processo \u00e9 feito totalmente online pelo sistema Cobalto. Siga os passos:<\/p>\n<ol>\n<li style=\"list-style-type: none;\">\n<ol>\n<li><b>Consulte o PPC do curso:<\/b> Verifique o regulamento completo no <b><a class=\"ng-star-inserted\" href=\"https:\/\/wp.ufpel.edu.br\/producao\/files\/2025\/08\/PPC-V_julho_2025_compressed.pdf#page=157\" target=\"_blank\" rel=\"noopener\">Ap\u00eandice 1 do PPC 2025<\/a><\/b> para ter certeza de que sua atividade \u00e9 v\u00e1lida.<\/li>\n<li><b>Re\u00fana os comprovantes:<\/b> Separe os certificados e declara\u00e7\u00f5es. Todos os arquivos devem estar no formato <b>PDF<\/b>.<\/li>\n<li><b>Acesse o sistema Cobalto:<\/b>\n<ul>\n<li>V\u00e1 para o menu: <b>Aluno &gt; Cadastros &gt; Solicita\u00e7\u00e3o de Atividades Complementares<\/b>.<\/li>\n<\/ul>\n<\/li>\n<li><b>Preencha a solicita\u00e7\u00e3o:<\/b> Informe os dados da atividade, anexe o comprovante em PDF e envie.<\/li>\n<li><b>Aguarde a avalia\u00e7\u00e3o:<\/b> A Coordena\u00e7\u00e3o do curso vai analisar sua solicita\u00e7\u00e3o.<\/li>\n<li><b>Aguarde o registro:<\/b> Se tudo estiver certo, a Coordena\u00e7\u00e3o encaminha o pedido para o registro das horas no seu hist\u00f3rico escolar.<\/li>\n<\/ol>\n<\/li>\n<\/ol>\n<h4><b>O que s\u00e3o Atividades Curriculares de Extens\u00e3o (ACE)?<\/b><\/h4>\n<p>S\u00e3o atividades que <b>conectam a universidade com a sociedade<\/b>. <span class=\"citation-179 citation-end-179\">Nelas, \u00e9 aplicado o que se aprendeu em sala de aula para ajudar a resolver problemas reais da comunidade, de empresas ou de organiza\u00e7\u00f5es<\/span>.<\/p>\n<p><b>Como cumprir as horas?<\/b><\/p>\n<ul>\n<li><b><span class=\"citation-177\">Participando de Projetos:<\/span><\/b><span class=\"citation-177 citation-end-177\"> Voc\u00ea pode entrar em projetos de extens\u00e3o j\u00e1 existentes na UFPel, como a Empresa J\u00fanior (EPROD), ou at\u00e9 mesmo criar e propor o seu pr\u00f3prio projeto<\/span>.<\/li>\n<li><b>Consulte o regulamento:<\/b> <b><a class=\"ng-star-inserted\" href=\"https:\/\/wp.ufpel.edu.br\/producao\/files\/2025\/08\/PPC-V_julho_2025_compressed.pdf#page=159\" target=\"_blank\" rel=\"noopener\">Ap\u00eandice 2 do PPC 2025<\/a><\/b><\/li>\n<\/ul>\n<p>Se tiver alguma d\u00favida, entre em contato com o Colegiado de Engenharia de Produ\u00e7\u00e3o.<\/p>\n<ul>\n<li><b><span class=\"citation-6\">E-mail:<\/span><\/b><span class=\"citation-6 citation-end-6\"> engepro.ufpel@gmail.com <\/span><\/li>\n<\/ul>\n","protected":false},"excerpt":{"rendered":"<p>Atividades Complementares e Atividades Curriculares de Extens\u00e3o Para concluir o curso de Engenharia de Produ\u00e7\u00e3o, todo estudante precisa cumprir tr\u00eas exig\u00eancias principais: Concluir todas as disciplinas obrigat\u00f3rias da grade curricular. Comprovar 90 horas em Atividades Complementares (ACs). Comprovar 120 horas em Atividades Curriculares de Extens\u00e3o (ACE).. O que s\u00e3o Atividades Complementares (ACs)? S\u00e3o atividades que [&hellip;]<\/p>\n","protected":false},"author":62,"featured_media":0,"parent":24,"menu_order":6,"comment_status":"closed","ping_status":"closed","template":"","meta":{"footnotes":""},"class_list":["post-51","page","type-page","status-publish","hentry"],"_links":{"self":[{"href":"https:\/\/wp.ufpel.edu.br\/producao\/wp-json\/wp\/v2\/pages\/51","targetHints":{"allow":["GET"]}}],"collection":[{"href":"https:\/\/wp.ufpel.edu.br\/producao\/wp-json\/wp\/v2\/pages"}],"about":[{"href":"https:\/\/wp.ufpel.edu.br\/producao\/wp-json\/wp\/v2\/types\/page"}],"author":[{"embeddable":true,"href":"https:\/\/wp.ufpel.edu.br\/producao\/wp-json\/wp\/v2\/users\/62"}],"replies":[{"embeddable":true,"href":"https:\/\/wp.ufpel.edu.br\/producao\/wp-json\/wp\/v2\/comments?post=51"}],"version-history":[{"count":4,"href":"https:\/\/wp.ufpel.edu.br\/producao\/wp-json\/wp\/v2\/pages\/51\/revisions"}],"predecessor-version":[{"id":4225,"href":"https:\/\/wp.ufpel.edu.br\/producao\/wp-json\/wp\/v2\/pages\/51\/revisions\/4225"}],"up":[{"embeddable":true,"href":"https:\/\/wp.ufpel.edu.br\/producao\/wp-json\/wp\/v2\/pages\/24"}],"wp:attachment":[{"href":"https:\/\/wp.ufpel.edu.br\/producao\/wp-json\/wp\/v2\/media?parent=51"}],"curies":[{"name":"wp","href":"https:\/\/api.w.org\/{rel}","templated":true}]}}