{"id":4145,"date":"2025-06-30T12:52:56","date_gmt":"2025-06-30T15:52:56","guid":{"rendered":"https:\/\/wp.ufpel.edu.br\/producao\/?page_id=4145"},"modified":"2025-06-30T15:51:07","modified_gmt":"2025-06-30T18:51:07","slug":"contato","status":"publish","type":"page","link":"https:\/\/wp.ufpel.edu.br\/producao\/contato\/","title":{"rendered":"Contato"},"content":{"rendered":"<p><strong>Coordena\u00e7\u00e3o do Curso<\/strong><\/p>\n<p><strong>Coordenador:\u00a0<\/strong> Professor Gilson Sim\u00f5es Porci\u00fancula<\/p>\n<p>e-mail: <a href=\"mailto:gilson.porciuncula@gmail.com\">gilson.porciuncula@gmail.com<\/a><\/p>\n<p><strong>Secretaria de Colegiado de Curso<\/strong><\/p>\n<p><strong>Secret\u00e1ria: <\/strong>Patr\u00edcia de Oliveira Moitinho<\/p>\n<p>e-mail:\u00a0<em><a href=\"mailto:engepro.ufpel@gmail.com\" target=\"_blank\" rel=\"noopener noreferrer\">engepro.ufpel@gmail.com<\/a><\/em><\/p>\n<p><strong>Endere\u00e7o da secretaria:<\/strong><\/p>\n<p>Rua Benjamin Constant, 989, Pr\u00e9dio do Centro de Engenharias (COTADA)<\/p>\n<p>3\u00b0 Andar, Sala 303<\/p>\n<p>CEP: 96010-020 \u2013 Pelotas \u2013 RS \u2013 Brasil<\/p>\n<p>Fone: (53) 3284.1695<\/p>\n<p>Hor\u00e1rio de Funcionamento: 14:00 \u00e0s 20:00<\/p>\n","protected":false},"excerpt":{"rendered":"<p>Coordena\u00e7\u00e3o do Curso Coordenador:\u00a0 Professor Gilson Sim\u00f5es Porci\u00fancula e-mail: gilson.porciuncula@gmail.com Secretaria de Colegiado de Curso Secret\u00e1ria: Patr\u00edcia de Oliveira Moitinho e-mail:\u00a0engepro.ufpel@gmail.com Endere\u00e7o da secretaria: Rua Benjamin Constant, 989, Pr\u00e9dio do Centro de Engenharias (COTADA) 3\u00b0 Andar, Sala 303 CEP: 96010-020 \u2013 Pelotas \u2013 RS \u2013 Brasil Fone: (53) 3284.1695 Hor\u00e1rio de Funcionamento: 14:00 \u00e0s 20:00<\/p>\n","protected":false},"author":1278,"featured_media":0,"parent":0,"menu_order":10,"comment_status":"closed","ping_status":"closed","template":"","meta":{"footnotes":""},"class_list":["post-4145","page","type-page","status-publish","hentry"],"_links":{"self":[{"href":"https:\/\/wp.ufpel.edu.br\/producao\/wp-json\/wp\/v2\/pages\/4145","targetHints":{"allow":["GET"]}}],"collection":[{"href":"https:\/\/wp.ufpel.edu.br\/producao\/wp-json\/wp\/v2\/pages"}],"about":[{"href":"https:\/\/wp.ufpel.edu.br\/producao\/wp-json\/wp\/v2\/types\/page"}],"author":[{"embeddable":true,"href":"https:\/\/wp.ufpel.edu.br\/producao\/wp-json\/wp\/v2\/users\/1278"}],"replies":[{"embeddable":true,"href":"https:\/\/wp.ufpel.edu.br\/producao\/wp-json\/wp\/v2\/comments?post=4145"}],"version-history":[{"count":5,"href":"https:\/\/wp.ufpel.edu.br\/producao\/wp-json\/wp\/v2\/pages\/4145\/revisions"}],"predecessor-version":[{"id":4171,"href":"https:\/\/wp.ufpel.edu.br\/producao\/wp-json\/wp\/v2\/pages\/4145\/revisions\/4171"}],"wp:attachment":[{"href":"https:\/\/wp.ufpel.edu.br\/producao\/wp-json\/wp\/v2\/media?parent=4145"}],"curies":[{"name":"wp","href":"https:\/\/api.w.org\/{rel}","templated":true}]}}