{"id":4054,"date":"2025-04-03T11:07:11","date_gmt":"2025-04-03T14:07:11","guid":{"rendered":"https:\/\/wp.ufpel.edu.br\/producao\/?page_id=4054"},"modified":"2025-04-03T11:57:50","modified_gmt":"2025-04-03T14:57:50","slug":"assinatura-eletronica-de-documentos","status":"publish","type":"page","link":"https:\/\/wp.ufpel.edu.br\/producao\/estagios\/assinatura-eletronica-de-documentos\/","title":{"rendered":"Assinatura Eletr\u00f4nica de Documentos"},"content":{"rendered":"<p>Os documentos de Est\u00e1gio devem ser assinados pelo\/a Aluno\/a, pela parte Concedente de Est\u00e1gio, por Testemunhas, e pela Institui\u00e7\u00e3o de Ensino (UFPel).<\/p>\n<p>Uma forma moderna, pr\u00e1tica e segura de assinar os documentos consiste em utilizar uma <strong>Assinatura Eletr\u00f4nica<\/strong>. Encorajamos os alunos, e demais partes envolvidas, a utilizar a <strong>Assinatura Eletr\u00f4nica do Governo Federal<\/strong>, no site GOV.BR, que \u00e9 gr\u00e1tis e aceita em todo o territ\u00f3rio nacional.<\/p>\n<p>Para utilizar este servi\u00e7o, voc\u00ea precisa ter uma conta de n\u00edvel prata ou ouro no GOV.BR. Para obter n\u00edvel prata voc\u00ea deve apresentar todos os documentos solicitados e fazer o reconhecimento facial. Trata-se de um procedimento f\u00e1cil e realizado totalmente on-line.<\/p>\n<p>Ap\u00f3s conclu\u00eddo o cadastro no GOV.BR j\u00e1 \u00e9 poss\u00edvel assinar documentos utilizando a Assinatura Eletr\u00f4nica.<\/p>\n<p><strong>Veja como criar a sua conta no GOV.BR:<\/strong><br \/>\n<a href=\"https:\/\/www.gov.br\/pt-br\/servicos\/criar-sua-conta-gov.br\">https:\/\/www.gov.br\/pt-br\/servicos\/criar-sua-conta-gov.br<\/a><\/p>\n<p><strong>Tutorial para utilizar a Assinatura Eletr\u00f4nica:<\/strong><br \/>\n<a href=\"https:\/\/www.gov.br\/governodigital\/pt-br\/identidade\/assinatura-eletronica\">https:\/\/www.gov.br\/governodigital\/pt-br\/identidade\/assinatura-eletronica<\/a><\/p>\n","protected":false},"excerpt":{"rendered":"<p>Os documentos de Est\u00e1gio devem ser assinados pelo\/a Aluno\/a, pela parte Concedente de Est\u00e1gio, por Testemunhas, e pela Institui\u00e7\u00e3o de Ensino (UFPel). Uma forma moderna, pr\u00e1tica e segura de assinar os documentos consiste em utilizar uma Assinatura Eletr\u00f4nica. Encorajamos os alunos, e demais partes envolvidas, a utilizar a Assinatura Eletr\u00f4nica do Governo Federal, no site [&hellip;]<\/p>\n","protected":false},"author":1278,"featured_media":0,"parent":15,"menu_order":0,"comment_status":"closed","ping_status":"closed","template":"","meta":{"footnotes":""},"class_list":["post-4054","page","type-page","status-publish","hentry"],"_links":{"self":[{"href":"https:\/\/wp.ufpel.edu.br\/producao\/wp-json\/wp\/v2\/pages\/4054","targetHints":{"allow":["GET"]}}],"collection":[{"href":"https:\/\/wp.ufpel.edu.br\/producao\/wp-json\/wp\/v2\/pages"}],"about":[{"href":"https:\/\/wp.ufpel.edu.br\/producao\/wp-json\/wp\/v2\/types\/page"}],"author":[{"embeddable":true,"href":"https:\/\/wp.ufpel.edu.br\/producao\/wp-json\/wp\/v2\/users\/1278"}],"replies":[{"embeddable":true,"href":"https:\/\/wp.ufpel.edu.br\/producao\/wp-json\/wp\/v2\/comments?post=4054"}],"version-history":[{"count":9,"href":"https:\/\/wp.ufpel.edu.br\/producao\/wp-json\/wp\/v2\/pages\/4054\/revisions"}],"predecessor-version":[{"id":4064,"href":"https:\/\/wp.ufpel.edu.br\/producao\/wp-json\/wp\/v2\/pages\/4054\/revisions\/4064"}],"up":[{"embeddable":true,"href":"https:\/\/wp.ufpel.edu.br\/producao\/wp-json\/wp\/v2\/pages\/15"}],"wp:attachment":[{"href":"https:\/\/wp.ufpel.edu.br\/producao\/wp-json\/wp\/v2\/media?parent=4054"}],"curies":[{"name":"wp","href":"https:\/\/api.w.org\/{rel}","templated":true}]}}