{"id":4009,"date":"2025-02-03T19:34:35","date_gmt":"2025-02-03T22:34:35","guid":{"rendered":"https:\/\/wp.ufpel.edu.br\/producao\/?page_id=4009"},"modified":"2025-06-30T12:27:49","modified_gmt":"2025-06-30T15:27:49","slug":"engenharia-de-producao-e-a-profissao","status":"publish","type":"page","link":"https:\/\/wp.ufpel.edu.br\/producao\/curso\/engenharia-de-producao-e-a-profissao\/","title":{"rendered":"Engenharia de Produ\u00e7\u00e3o e a Profiss\u00e3o"},"content":{"rendered":"<section class=\"elementor-section elementor-inner-section elementor-element elementor-element-645e112 elementor-section-full_width elementor-section-height-default elementor-section-height-default\" data-id=\"645e112\" data-element_type=\"section\" data-settings=\"{&quot;_ha_eqh_enable&quot;:false}\">\n<div class=\"elementor-container elementor-column-gap-no\">\n<div class=\"elementor-column elementor-col-100 elementor-inner-column elementor-element elementor-element-ef8eed9\" data-id=\"ef8eed9\" data-element_type=\"column\">\n<div class=\"elementor-widget-wrap elementor-element-populated\">\n<div class=\"elementor-element elementor-element-3785a28 elementor-widget elementor-widget-text-editor\" data-id=\"3785a28\" data-element_type=\"widget\" data-widget_type=\"text-editor.default\">\n<div class=\"elementor-widget-container\">\n<p>\u201cCompete \u00e0 Engenharia de Produ\u00e7\u00e3o o projeto, a implanta\u00e7\u00e3o, a opera\u00e7\u00e3o, a melhoria e a manuten\u00e7\u00e3o de sistemas produtivos integrados de bens e servi\u00e7os, envolvendo homens, materiais, tecnologia, informa\u00e7\u00e3o e energia. Compete ainda especificar, prever e avaliar os resultados obtidos destes sistemas para a sociedade e o meio ambiente, recorrendo a conhecimentos especializados da matem\u00e1tica, f\u00edsica, ci\u00eancias humanas e sociais, conjuntamente com os princ\u00edpios e m\u00e9todos de an\u00e1lise e projeto da engenharia.\u201d (elaborado a partir de defini\u00e7\u00f5es do <em>International Institute of Industrial Engineering \u2013<\/em> IIIE \u2013 e Associa\u00e7\u00e3o Brasileira de Engenharia de Produ\u00e7\u00e3o \u2013 ABEPRO)<\/p>\n<p>Produzir \u00e9 mais que simplesmente utilizar conhecimento cient\u00edfico e tecnol\u00f3gico. \u00c9 necess\u00e1rio integrar fatores de natureza diversas, atentando para crit\u00e9rios de qualidade, efici\u00eancia, custos, etc. A Engenharia de Produ\u00e7\u00e3o, ao voltar a sua \u00eanfase para as dimens\u00f5es do produto e do sistema produtivo, veicula-se fortemente com as ideias de projetar produtos, viabilizar produtos, projetar sistemas produtivos, viabilizar sistemas produtivos, planejar a produ\u00e7\u00e3o, produzir e distribuir produtos que a sociedade valoriza. Essas atividades, tratadas em profundidade e de forma integrada pela Engenharia de Produ\u00e7\u00e3o, s\u00e3o fundamentais para a eleva\u00e7\u00e3o da competitividade do pa\u00eds.<\/p>\n<\/div>\n<\/div>\n<\/div>\n<\/div>\n<\/div>\n<\/section>\n<section class=\"elementor-section elementor-inner-section elementor-element elementor-element-4fd671c elementor-section-full_width elementor-section-height-default elementor-section-height-default\" data-id=\"4fd671c\" data-element_type=\"section\" data-settings=\"{&quot;background_background&quot;:&quot;classic&quot;,&quot;_ha_eqh_enable&quot;:false}\">\n<div class=\"elementor-container elementor-column-gap-no\">\n<div class=\"elementor-column elementor-col-100 elementor-inner-column elementor-element elementor-element-9564884\" data-id=\"9564884\" data-element_type=\"column\">\n<div class=\"elementor-widget-wrap elementor-element-populated\">\n<div class=\"elementor-element elementor-element-52007ef elementor-widget elementor-widget-heading\" data-id=\"52007ef\" data-element_type=\"widget\" data-widget_type=\"heading.default\">\n<div class=\"elementor-widget-container\">\n<h2 class=\"elementor-heading-title elementor-size-default\">\u00c1reas da Engenharia de Produ\u00e7\u00e3o<\/h2>\n<\/div>\n<\/div>\n<div class=\"elementor-element elementor-element-2be76fe elementor-widget-divider--view-line elementor-widget elementor-widget-divider\" data-id=\"2be76fe\" data-element_type=\"widget\" data-widget_type=\"divider.default\">\n<div class=\"elementor-widget-container\">\n<div class=\"elementor-divider\"><span style=\"text-align: justify; color: var(--cor-texto); font-family: var(--fonte-corpo);\">As \u00e1reas e sub\u00e1reas do conhecimento relacionadas \u00e0 Engenharia de Produ\u00e7\u00e3o que balizam esta modalidade na Gradua\u00e7\u00e3o, na P\u00f3s-Gradua\u00e7\u00e3o, na Pesquisa e nas Atividades Profissionais, s\u00e3o as relacionadas a seguir.<\/span><\/div>\n<div><\/div>\n<\/div>\n<\/div>\n<div class=\"elementor-element elementor-element-b71eeeb elementor-widget elementor-widget-toggle\" data-id=\"b71eeeb\" data-element_type=\"widget\" data-widget_type=\"toggle.default\">\n<div class=\"elementor-widget-container\">\n<div class=\"elementor-toggle\" role=\"tablist\">\n<div class=\"elementor-toggle-item\">\n<div id=\"elementor-tab-title-1921\" class=\"elementor-tab-title\" role=\"tab\" data-tab=\"1\" aria-controls=\"elementor-tab-content-1921\" aria-expanded=\"false\"><i class=\"fas fa-caret-right\"><\/i><a class=\"elementor-toggle-title\" href=\"https:\/\/portal.abepro.org.br\/abepro2024\/profissao\/\">1. ENGENHARIA DE OPERA\u00c7\u00d5ES E PROCESSOS DA PRODU\u00c7\u00c3O<\/a><\/div>\n<\/div>\n<div class=\"elementor-toggle-item\">\n<div id=\"elementor-tab-title-1922\" class=\"elementor-tab-title\" role=\"tab\" data-tab=\"2\" aria-controls=\"elementor-tab-content-1922\" aria-expanded=\"false\"><i class=\"fas fa-caret-right\"><\/i><a class=\"elementor-toggle-title\" href=\"https:\/\/portal.abepro.org.br\/abepro2024\/profissao\/\">2. CADEIA DE SUPRIMENTOS<\/a><\/div>\n<\/div>\n<div class=\"elementor-toggle-item\">\n<div id=\"elementor-tab-title-1923\" class=\"elementor-tab-title\" role=\"tab\" data-tab=\"3\" aria-controls=\"elementor-tab-content-1923\" aria-expanded=\"false\"><i class=\"fas fa-caret-right\"><\/i><a class=\"elementor-toggle-title\" href=\"https:\/\/portal.abepro.org.br\/abepro2024\/profissao\/\">3. PESQUISA OPERACIONAL<\/a><\/div>\n<\/div>\n<div class=\"elementor-toggle-item\">\n<div id=\"elementor-tab-title-1924\" class=\"elementor-tab-title\" role=\"tab\" data-tab=\"4\" aria-controls=\"elementor-tab-content-1924\" aria-expanded=\"false\"><i class=\"fas fa-caret-right\"><\/i><a class=\"elementor-toggle-title\" href=\"https:\/\/portal.abepro.org.br\/abepro2024\/profissao\/\">4. ENGENHARIA DA QUALIDADE<\/a><\/div>\n<\/div>\n<div class=\"elementor-toggle-item\">\n<div id=\"elementor-tab-title-1925\" class=\"elementor-tab-title\" role=\"tab\" data-tab=\"5\" aria-controls=\"elementor-tab-content-1925\" aria-expanded=\"false\"><i class=\"fas fa-caret-right\"><\/i><a class=\"elementor-toggle-title\" href=\"https:\/\/portal.abepro.org.br\/abepro2024\/profissao\/\">5. ENGENHARIA DO PRODUTO<\/a><\/div>\n<\/div>\n<div class=\"elementor-toggle-item\">\n<div id=\"elementor-tab-title-1926\" class=\"elementor-tab-title\" role=\"tab\" data-tab=\"6\" aria-controls=\"elementor-tab-content-1926\" aria-expanded=\"false\"><i class=\"fas fa-caret-right\"><\/i><a class=\"elementor-toggle-title\" href=\"https:\/\/portal.abepro.org.br\/abepro2024\/profissao\/\">6. ENGENHARIA ORGANIZACIONAL<\/a><\/div>\n<\/div>\n<div class=\"elementor-toggle-item\">\n<div id=\"elementor-tab-title-1927\" class=\"elementor-tab-title\" role=\"tab\" data-tab=\"7\" aria-controls=\"elementor-tab-content-1927\" aria-expanded=\"false\"><i class=\"fas fa-caret-right\"><\/i><a class=\"elementor-toggle-title\" href=\"https:\/\/portal.abepro.org.br\/abepro2024\/profissao\/\">7. ENGENHARIA ECON\u00d4MICA<\/a><\/div>\n<\/div>\n<div class=\"elementor-toggle-item\">\n<div id=\"elementor-tab-title-1928\" class=\"elementor-tab-title\" role=\"tab\" data-tab=\"8\" aria-controls=\"elementor-tab-content-1928\" aria-expanded=\"false\"><i class=\"fas fa-caret-right\"><\/i><a class=\"elementor-toggle-title\" href=\"https:\/\/portal.abepro.org.br\/abepro2024\/profissao\/\">8. ENGENHARIA DO TRABALHO<\/a><\/div>\n<\/div>\n<div class=\"elementor-toggle-item\">\n<div id=\"elementor-tab-title-1929\" class=\"elementor-tab-title\" role=\"tab\" data-tab=\"9\" aria-controls=\"elementor-tab-content-1929\" aria-expanded=\"false\"><i class=\"fas fa-caret-right\"><\/i><a class=\"elementor-toggle-title\" href=\"https:\/\/portal.abepro.org.br\/abepro2024\/profissao\/\">9. ENGENHARIA DA SUSTENTABILIDADE<\/a><\/div>\n<\/div>\n<div class=\"elementor-toggle-item\">\n<div id=\"elementor-tab-title-19210\" class=\"elementor-tab-title\" role=\"tab\" data-tab=\"10\" aria-controls=\"elementor-tab-content-19210\" aria-expanded=\"false\"><i class=\"fas fa-caret-right\"><\/i><a class=\"elementor-toggle-title\" href=\"https:\/\/portal.abepro.org.br\/abepro2024\/profissao\/\">10. EDUCA\u00c7\u00c3O EM ENGENHARIA DE PRODU\u00c7\u00c3O<\/a><\/div>\n<\/div>\n<\/div>\n<\/div>\n<\/div>\n<\/div>\n<\/div>\n<\/div>\n<\/section>\n<section class=\"elementor-section elementor-inner-section elementor-element elementor-element-8f2b575 elementor-section-full_width elementor-section-height-default elementor-section-height-default\" data-id=\"8f2b575\" data-element_type=\"section\" data-settings=\"{&quot;background_background&quot;:&quot;classic&quot;,&quot;_ha_eqh_enable&quot;:false}\">\n<div class=\"elementor-container elementor-column-gap-no\">\n<div class=\"elementor-column elementor-col-100 elementor-inner-column elementor-element elementor-element-474fe5e\" data-id=\"474fe5e\" data-element_type=\"column\">\n<div class=\"elementor-widget-wrap elementor-element-populated\">\n<div class=\"elementor-element elementor-element-67d7663 elementor-widget elementor-widget-image\" data-id=\"67d7663\" data-element_type=\"widget\" data-widget_type=\"image.default\">\n<div class=\"elementor-widget-container\"><img class=\"attachment-medium size-medium\" src=\"https:\/\/portal.abepro.org.br\/abepro2024\/wp-content\/uploads\/2021\/06\/Simbolo-Eng-Producao-300x294.png\" sizes=\"(max-width: 300px) 100vw, 300px\" srcset=\"https:\/\/portal.abepro.org.br\/abepro2024\/wp-content\/uploads\/2021\/06\/Simbolo-Eng-Producao-300x294.png 300w, https:\/\/portal.abepro.org.br\/abepro2024\/wp-content\/uploads\/2021\/06\/Simbolo-Eng-Producao.png 489w\" alt=\"\" width=\"300\" height=\"294\" \/><\/div>\n<\/div>\n<div class=\"elementor-element elementor-element-a224e99 elementor-widget elementor-widget-heading\" data-id=\"a224e99\" data-element_type=\"widget\" data-widget_type=\"heading.default\">\n<div class=\"elementor-widget-container\">\n<h2 class=\"elementor-heading-title elementor-size-default\">S\u00edmbolo de Engenharia de Produ\u00e7\u00e3o<\/h2>\n<\/div>\n<\/div>\n<div class=\"elementor-element elementor-element-9bb03d3 elementor-widget-divider--view-line elementor-widget elementor-widget-divider\" data-id=\"9bb03d3\" data-element_type=\"widget\" data-widget_type=\"divider.default\">\n<div class=\"elementor-widget-container\">\n<div class=\"elementor-divider\" style=\"text-align: justify;\"><span style=\"text-align: justify; color: var(--cor-texto); font-family: var(--fonte-corpo);\">Em 2014 foi realizado um Concurso Cultural que envolveu a comunidade brasileira de Engenharia de Produ\u00e7\u00e3o para a cria\u00e7\u00e3o da imagem que representaria a profiss\u00e3o. O Concurso Cultural S\u00edmbolo da Engenharia de Produ\u00e7\u00e3o foi divulgado amplamente no site da ABEPRO, em sua mala direta e tamb\u00e9m nas redes sociais convocando a participa\u00e7\u00e3o da comunidade neste projeto. O edital completo pode ser acessado aqui.<\/span><\/div>\n<\/div>\n<\/div>\n<div class=\"elementor-element elementor-element-4fa0952 elementor-widget elementor-widget-text-editor\" data-id=\"4fa0952\" data-element_type=\"widget\" data-widget_type=\"text-editor.default\">\n<div class=\"elementor-widget-container\">\n<p>Foram enviadas algumas propostas. Destas, as tr\u00eas melhores foram escolhidas pela banca examinadora do projeto e a comunidade foi envolvida para a vota\u00e7\u00e3o online. Os autores dessas imagens foram agraciados com a inscri\u00e7\u00e3o no\u00a0<a href=\"http:\/\/portalabepro.educacao.ws\/internasub.asp?ss=46\" target=\"_blank\" rel=\"noopener noreferrer\">XXXIV Encontro Nacional de Engenharia de Produ\u00e7\u00e3o \u2013 ENEGEP 2014<\/a>, realizado de 07 a 10 de outubro de 2014, na cidade de Curitiba\/PR. Durante a realiza\u00e7\u00e3o do evento, os participantes puderam votar na imagem que os representava e o resultado seria divulgado na plen\u00e1ria do evento. Durante a Assembleia foram mostrados os n\u00fameros da vota\u00e7\u00e3o que foram considerados insuficientes para legitimar a escolha. Sendo assim, foi definida uma fase adicional ao Concurso.<\/p>\n<p>Dando continuidade ao processo, em maio de 2015, durante a Assembleia Geral do\u00a0<a href=\"http:\/\/portalabepro.educacao.ws\/encep\/2015\/\" target=\"_blank\" rel=\"noopener noreferrer\">XX Encontro Nacional de Coordenadores de Cursos de Engenharia de Produ\u00e7\u00e3o \u2013 ENCEP 2015<\/a>, realizado de 19 a 21 de maio de 2015, na cidade de Porto Alegre\/RS, o s\u00edmbolo mais votado foi novamente apresentado e tamb\u00e9m foi julgada a den\u00fancia de pl\u00e1gio recebida pela ABEPRO. Por decis\u00e3o dos presentes na Assembleia, o s\u00edmbolo vencedor foi legitimado. Contudo, foi definido que seria solicitada uma releitura da imagem final, sob responsabilidade da Diretoria da ABEPRO (gest\u00e3o 2014\/2015), para que a vers\u00e3o final contivesse elementos importantes para a Engenharia de Produ\u00e7\u00e3o que ainda n\u00e3o estavam inseridos. A Diretoria da ABEPRO, baseando-se no s\u00edmbolo vencedor do Concurso, dos alunos Antonio de Lima e Silva Neto e Jo\u00e3o Victor Pedrosa Nogueira, vinculados ao Curso de Gradua\u00e7\u00e3o em\u00a0<a href=\"http:\/\/ct.ufpb.br\/dep\" target=\"_blank\" rel=\"noopener noreferrer\">Engenharia de Produ\u00e7\u00e3o Mec\u00e2nica do Centro de Tecnologia da UFPB<\/a>, juntamente com a equipe de Design da Associa\u00e7\u00e3o, desenvolveu o que chamamos hoje de s\u00edmbolo da Engenharia de Produ\u00e7\u00e3o. Esse s\u00edmbolo foi aprovado por unanimidade na assembleia geral do\u00a0<a href=\"https:\/\/www.abepro.org.br\/enegep\/2015\/index.asp\" target=\"_blank\" rel=\"noopener noreferrer\">XXXV Encontro Nacional de Engenharia de Produ\u00e7\u00e3o \u2013 ENEGEP 2015<\/a>, realizado de 13 a 16 de outubro de 2015, na cidade de Fortaleza\/CE, e passou a vigorar desde ent\u00e3o.<\/p>\n<p>Agradecemos a todos os participantes do concurso e em especial aos alunos Antonio de Lima e Silva Neto e Jo\u00e3o Victor Pedrosa Nogueira por termos juntos constru\u00eddo o s\u00edmbolo da EP brasileira!<\/p>\n<p>Informa\u00e7\u00f5es: https:\/\/portal.abepro.org.br\/abepro2024\/profissao\/<\/p>\n<\/div>\n<\/div>\n<\/div>\n<\/div>\n<\/div>\n<\/section>\n","protected":false},"excerpt":{"rendered":"<p>\u201cCompete \u00e0 Engenharia de Produ\u00e7\u00e3o o projeto, a implanta\u00e7\u00e3o, a opera\u00e7\u00e3o, a melhoria e a manuten\u00e7\u00e3o de sistemas produtivos integrados de bens e servi\u00e7os, envolvendo homens, materiais, tecnologia, informa\u00e7\u00e3o e energia. Compete ainda especificar, prever e avaliar os resultados obtidos destes sistemas para a sociedade e o meio ambiente, recorrendo a conhecimentos especializados da matem\u00e1tica, [&hellip;]<\/p>\n","protected":false},"author":1278,"featured_media":0,"parent":2,"menu_order":0,"comment_status":"closed","ping_status":"closed","template":"","meta":{"footnotes":""},"class_list":["post-4009","page","type-page","status-publish","hentry"],"_links":{"self":[{"href":"https:\/\/wp.ufpel.edu.br\/producao\/wp-json\/wp\/v2\/pages\/4009","targetHints":{"allow":["GET"]}}],"collection":[{"href":"https:\/\/wp.ufpel.edu.br\/producao\/wp-json\/wp\/v2\/pages"}],"about":[{"href":"https:\/\/wp.ufpel.edu.br\/producao\/wp-json\/wp\/v2\/types\/page"}],"author":[{"embeddable":true,"href":"https:\/\/wp.ufpel.edu.br\/producao\/wp-json\/wp\/v2\/users\/1278"}],"replies":[{"embeddable":true,"href":"https:\/\/wp.ufpel.edu.br\/producao\/wp-json\/wp\/v2\/comments?post=4009"}],"version-history":[{"count":1,"href":"https:\/\/wp.ufpel.edu.br\/producao\/wp-json\/wp\/v2\/pages\/4009\/revisions"}],"predecessor-version":[{"id":4011,"href":"https:\/\/wp.ufpel.edu.br\/producao\/wp-json\/wp\/v2\/pages\/4009\/revisions\/4011"}],"up":[{"embeddable":true,"href":"https:\/\/wp.ufpel.edu.br\/producao\/wp-json\/wp\/v2\/pages\/2"}],"wp:attachment":[{"href":"https:\/\/wp.ufpel.edu.br\/producao\/wp-json\/wp\/v2\/media?parent=4009"}],"curies":[{"name":"wp","href":"https:\/\/api.w.org\/{rel}","templated":true}]}}