{"id":39,"date":"2017-08-28T20:56:06","date_gmt":"2017-08-28T23:56:06","guid":{"rendered":"https:\/\/wp.ufpel.edu.br\/producao\/?page_id=39"},"modified":"2025-03-06T15:53:52","modified_gmt":"2025-03-06T18:53:52","slug":"nucleo-docente-estruturante","status":"publish","type":"page","link":"https:\/\/wp.ufpel.edu.br\/producao\/curso\/nucleo-docente-estruturante\/","title":{"rendered":"N\u00facleo Docente Estruturante"},"content":{"rendered":"<p style=\"text-align: justify;\"><span style=\"color: #000000;\">O <strong>N\u00facleo Docente Estruturante<\/strong> (NDE) tem car\u00e1ter consultivo e propositivo em mat\u00e9ria acad\u00eamica, e ter\u00e1 as seguintes atribui\u00e7\u00f5es:<\/span><\/p>\n<p style=\"padding-left: 40px;\"><span style=\"color: #000000;\">I. elaborar o projeto pedag\u00f3gico do curso definindo sua concep\u00e7\u00e3o e fundamentos;<\/span><br \/>\n<span style=\"color: #000000;\">II. conduzir os trabalhos de reestrutura\u00e7\u00e3o curricular, para aprova\u00e7\u00e3o no Colegiado do Curso de Engenharia de Produ\u00e7\u00e3o, sempre que necess\u00e1rio;<\/span><br \/>\n<span style=\"color: #000000;\">III. atualizar periodicamente o projeto pedag\u00f3gico do curso;<\/span><br \/>\n<span style=\"color: #000000;\">IV. quando necess\u00e1rio, os membros do NDE poder\u00e3o solicitar a participa\u00e7\u00e3o dos demais professores do curso para revis\u00e3o e elabora\u00e7\u00e3o do projeto pedag\u00f3gico;<\/span><br \/>\n<span style=\"color: #000000;\">V. contribuir para a consolida\u00e7\u00e3o do perfil do egresso do curso;<\/span><br \/>\n<span style=\"color: #000000;\">VI. promover a integra\u00e7\u00e3o curricular interdisciplinar horizontal e vertical entre as diferentes atividades de ensino constantes no curr\u00edculo;<\/span><br \/>\n<span style=\"color: #000000;\">VII. zelar pelo cumprimento das Diretrizes Curriculares Nacionais para os cursos de Gradua\u00e7\u00e3o;<\/span><br \/>\n<span style=\"color: #000000;\">VIII. indicar formas de incentivo ao desenvolvimento de linhas de pesquisa e extens\u00e3o, quando definidas no projeto pedag\u00f3gico do curso, e sua articula\u00e7\u00e3o com a p\u00f3s-gradua\u00e7\u00e3o, oriundas das necessidades do curso de gradua\u00e7\u00e3o, das exig\u00eancias do mundo do trabalho, sintonizadas com as pol\u00edticas p\u00fablicas pr\u00f3prias \u00e0 \u00e1rea de conhecimento.<\/span><\/p>\n<hr \/>\n<p><span style=\"color: #000000;\">A atual composi\u00e7\u00e3o do N\u00facleo Docente Estruturante do Curso de Bacharelado em Engenharia de Produ\u00e7\u00e3o est\u00e1 definida pela <a href=\"https:\/\/wp.ufpel.edu.br\/producao\/files\/2025\/03\/SEI_UFPel-2705476-Portaria-Interna_2024.pdf\">SEI_UFPel &#8211; 2705476 &#8211; Portaria Interna_2024 &#8211; <\/a>Portaria Interna (2023) emitida pelo Centro de Engenharias da UFPel, sendo o mandato de seus membros, e a presid\u00eancia do NDE, estabelecidos conforme a Resolu\u00e7\u00e3o N<sup>o<\/sup> 22 do COCEPE da UFPel.<\/span><\/p>\n<p><span style=\"color: #000000;\">As reuni\u00f5es ordin\u00e1rias e extraordin\u00e1rias, do NDE do Curso de Engenharia de Produ\u00e7\u00e3o, mant\u00eam todos os seus registros de <strong>(<em>i<\/em>)<\/strong> convoca\u00e7\u00e3o, <strong>(<em>ii<\/em>)<\/strong> ata de presen\u00e7a, <strong>(<em>iii<\/em>)<\/strong> ata da reuni\u00e3o, e <strong>(<em>iv<\/em>)<\/strong> documentos anexos, inclu\u00eddos e disponibilizados no Sistema Eletr\u00f4nico de Informa\u00e7\u00f5es (SEI), o qual \u00e9 utilizado pela Universidade Federal de Pelotas.<\/span><\/p>\n<hr \/>\n<p><strong><span style=\"color: #000000;\">Composi\u00e7\u00e3o do\u00a0 N\u00facleo Docente Estruturante<\/span><\/strong><\/p>\n<p>Prof. Gilson Sim\u00f5es Porci\u00fancula (Presidente)<br \/>\nProf\u00aa. Patr\u00edcia Costa Duarte<br \/>\nProf\u00aa. Aline Soares Pereira<br \/>\nProf. Alejandro Martins Rodriguez<br \/>\nProf. Everton Anger Cavalheiro<br \/>\nProf. Luis Ant\u00f4nio dos Santos Franz<br \/>\nProf\u00aa Renata Heidtmann Bemvenuti<br \/>\nProf. Walter Ruben Iriondo Otero<\/p>\n<p><strong><span style=\"color: #000000;\">Regulamenta\u00e7\u00e3o utilizada pelo N\u00facleo Docente Estruturante (NDE) do Curso de Engenharia de Produ\u00e7\u00e3o<\/span><\/strong><\/p>\n<ul>\n<li><span style=\"color: #000000;\"><span style=\"color: #0000ff;\"><em><a style=\"color: #0000ff;\" href=\"http:\/\/portal.mec.gov.br\/index.php?option=com_docman&amp;view=download&amp;alias=6884-parecer-conae-nde4-2010&amp;category_slug=outubro-2010-pdf&amp;Itemid=30192\" target=\"_blank\" rel=\"noopener noreferrer\">Parecer CONAES\/MEC N<sup>o<\/sup> 4<\/a><\/em><\/span> (17 de Junho de 2010)<\/span><\/li>\n<li><span style=\"color: #000000;\"><span style=\"color: #0000ff;\"><em><a style=\"color: #0000ff;\" href=\"http:\/\/portal.mec.gov.br\/index.php?option=com_docman&amp;view=download&amp;alias=6885-resolucao1-2010-conae&amp;category_slug=outubro-2010-pdf&amp;Itemid=30192\" target=\"_blank\" rel=\"noopener noreferrer\">Resolu\u00e7\u00e3o N<sup>o<\/sup> 1 do CONAES\/MEC<\/a><\/em><\/span> (17 de Junho de 2010)<\/span><\/li>\n<li><span style=\"color: #000000;\"><em><span style=\"color: #0000ff;\"><a style=\"color: #0000ff;\" href=\"https:\/\/wp.ufpel.edu.br\/scs\/regimento\/\" target=\"_blank\" rel=\"noopener noreferrer\">Regimento Geral da Universidade Federal de Pelotas<\/a><\/span><\/em> (22 de Abril de 1977)<\/span>\n<ul>\n<li><span style=\"color: #000000;\">T\u00cdTULO II &#8211; Da Administra\u00e7\u00e3o Superior<\/span><\/li>\n<li><span style=\"color: #000000;\">Cap\u00edtulo IV &#8211; Do funcionamento dos Conselhos Superiores (Artigo 43)<\/span><\/li>\n<\/ul>\n<\/li>\n<li><span style=\"color: #0000ff;\"><em><a style=\"color: #0000ff;\" href=\"https:\/\/wp.ufpel.edu.br\/scs\/files\/2018\/08\/Res.-Cocepe-22.2018.pdf\" target=\"_blank\" rel=\"noopener\">Resolu\u00e7\u00e3o N<sup>o<\/sup> 22 do COCEPE<\/a><\/em><\/span> <span style=\"color: #000000;\">(19 de Julho de 2018)<\/span>\n<ul>\n<li><span style=\"color: #000000;\">Disp\u00f5e sobre as diretrizes de funcionamento do NDE dos Cursos de Gradua\u00e7\u00e3o da UFPel<\/span><\/li>\n<\/ul>\n<\/li>\n<li><span style=\"color: #000000;\"><span style=\"color: #0000ff;\"><em><a style=\"color: #0000ff;\" href=\"https:\/\/wp.ufpel.edu.br\/ceng\/files\/2020\/12\/SEI_UFPel-1145015-Resolucao.pdf\" target=\"_blank\" rel=\"noopener noreferrer\">Regimento Interno do Centro de Engenharias<\/a><\/em><\/span> (04 de Dezembro de 2020)<\/span>\n<ul>\n<li><span style=\"color: #000000;\">Cap\u00edtulo VII &#8211; Dos Cursos de Gradua\u00e7\u00e3o e P\u00f3s Gradua\u00e7\u00e3o (Artigo 20)<\/span><\/li>\n<\/ul>\n<\/li>\n<li><span style=\"color: #000000;\"><span style=\"color: #0000ff;\"><em><a style=\"color: #0000ff;\" href=\"https:\/\/wp.ufpel.edu.br\/producao\/files\/2021\/03\/REGIMENTO-CURSO-de-EP.pdf\" target=\"_blank\" rel=\"noopener noreferrer\">Regimento do Colegiado do Curso de Engenharia de Produ\u00e7\u00e3o<\/a><\/em><\/span> (20 de Fevereiro de 2013)<\/span>\n<ul>\n<li><span style=\"color: #000000; font-family: georgia, palatino, serif;\">Cap\u00edtulo III &#8211; Das Atribui\u00e7\u00f5es do Colegiado dos Cursos de Gradua\u00e7\u00e3o e P\u00f3s Gradua\u00e7\u00e3o (Artigos 5 e 7)<\/span><\/li>\n<\/ul>\n<\/li>\n<\/ul>\n","protected":false},"excerpt":{"rendered":"<p>O N\u00facleo Docente Estruturante (NDE) tem car\u00e1ter consultivo e propositivo em mat\u00e9ria acad\u00eamica, e ter\u00e1 as seguintes atribui\u00e7\u00f5es: I. elaborar o projeto pedag\u00f3gico do curso definindo sua concep\u00e7\u00e3o e fundamentos; II. conduzir os trabalhos de reestrutura\u00e7\u00e3o curricular, para aprova\u00e7\u00e3o no Colegiado do Curso de Engenharia de Produ\u00e7\u00e3o, sempre que necess\u00e1rio; III. atualizar periodicamente o projeto [&hellip;]<\/p>\n","protected":false},"author":62,"featured_media":0,"parent":2,"menu_order":5,"comment_status":"closed","ping_status":"closed","template":"","meta":{"footnotes":""},"class_list":["post-39","page","type-page","status-publish","hentry"],"_links":{"self":[{"href":"https:\/\/wp.ufpel.edu.br\/producao\/wp-json\/wp\/v2\/pages\/39","targetHints":{"allow":["GET"]}}],"collection":[{"href":"https:\/\/wp.ufpel.edu.br\/producao\/wp-json\/wp\/v2\/pages"}],"about":[{"href":"https:\/\/wp.ufpel.edu.br\/producao\/wp-json\/wp\/v2\/types\/page"}],"author":[{"embeddable":true,"href":"https:\/\/wp.ufpel.edu.br\/producao\/wp-json\/wp\/v2\/users\/62"}],"replies":[{"embeddable":true,"href":"https:\/\/wp.ufpel.edu.br\/producao\/wp-json\/wp\/v2\/comments?post=39"}],"version-history":[{"count":23,"href":"https:\/\/wp.ufpel.edu.br\/producao\/wp-json\/wp\/v2\/pages\/39\/revisions"}],"predecessor-version":[{"id":4015,"href":"https:\/\/wp.ufpel.edu.br\/producao\/wp-json\/wp\/v2\/pages\/39\/revisions\/4015"}],"up":[{"embeddable":true,"href":"https:\/\/wp.ufpel.edu.br\/producao\/wp-json\/wp\/v2\/pages\/2"}],"wp:attachment":[{"href":"https:\/\/wp.ufpel.edu.br\/producao\/wp-json\/wp\/v2\/media?parent=39"}],"curies":[{"name":"wp","href":"https:\/\/api.w.org\/{rel}","templated":true}]}}