{"id":370,"date":"2017-09-04T18:11:11","date_gmt":"2017-09-04T21:11:11","guid":{"rendered":"https:\/\/wp.ufpel.edu.br\/producao\/?page_id=370"},"modified":"2021-05-14T11:14:31","modified_gmt":"2021-05-14T14:14:31","slug":"nepea","status":"publish","type":"page","link":"https:\/\/wp.ufpel.edu.br\/producao\/pesquisa\/nepea\/","title":{"rendered":"N\u00facleo de Estudos, Pesquisa e Extens\u00e3o em Acessibilidade \u2013 NEPEA"},"content":{"rendered":"<p><span style=\"color: #0000ff\"><strong><a style=\"color: #0000ff\" title=\"N\u00facleo de Estudos, Pesquisa e Extens\u00e3o em Acessibilidade \u2013 NEPEA\" href=\"https:\/\/wp.ufpel.edu.br\/acessiarq\/\" target=\"_blank\" rel=\"home noopener noreferrer\">N\u00facleo de Estudos, Pesquisa e Extens\u00e3o em Acessibilidade \u2013 NEPEA<\/a><\/strong><\/span><\/p>\n<p style=\"text-align: justify\"><span style=\"color: #000000\">O N\u00facleo de Estudos, Pesquisa e Extens\u00e3o em Acessibilidade (NEPEA) tem como objetivo geral promover cursos, eventos, presta\u00e7\u00f5es de servi\u00e7os, publica\u00e7\u00f5es e outras atividades relacionadas \u00e0 acessibilidade no ambiente constru\u00eddo. Entende-\u00adse por acessibilidade a possibilidade de realiza\u00e7\u00e3o de atividades e uso dos espa\u00e7os por qualquer pessoa, com conforto, seguran\u00e7a e autonomia. Trata-se de um direito civil b\u00e1sico e todos os mecanismos que assegurem a sua implementa\u00e7\u00e3o devem ser desenvolvidos. Os objetivos espec\u00edficos definidos para o NEPEA s\u00e3o: \u00ad promover cursos para a difus\u00e3o do conhecimento acerca do assunto; \u00ad organizar eventos relacionados \u00e0 acessibilidade em n\u00edvel local, regional, estadual e nacional; \u00ad elaborar laudos de acessibilidade em edifica\u00e7\u00f5es; \u00ad realizar propostas de interven\u00e7\u00f5es visando tornar edifica\u00e7\u00f5es de uso p\u00fablico acess\u00edveis; \u00ad criar uma revista cient\u00edfica para a publica\u00e7\u00e3o de trabalhos na \u00e1rea; \u00ad oferecer apoio \u00e0s disciplinas de gradua\u00e7\u00e3o e de p\u00f3s-\u00adgradua\u00e7\u00e3o da UFPel.<\/span><\/p>\n<p style=\"text-align: justify\"><span style=\"color: #000000\">Mais informa\u00e7\u00f5es no site do NIPEA: <span style=\"color: #0000ff\"><em><a style=\"color: #0000ff\" href=\"https:\/\/wp.ufpel.edu.br\/acessiarq\/\" target=\"_blank\" rel=\"noopener noreferrer\">https:\/\/wp.ufpel.edu.br\/acessiarq\/<\/a><\/em><\/span><\/span><\/p>\n","protected":false},"excerpt":{"rendered":"<p>N\u00facleo de Estudos, Pesquisa e Extens\u00e3o em Acessibilidade \u2013 NEPEA O N\u00facleo de Estudos, Pesquisa e Extens\u00e3o em Acessibilidade (NEPEA) tem como objetivo geral promover cursos, eventos, presta\u00e7\u00f5es de servi\u00e7os, publica\u00e7\u00f5es e outras atividades relacionadas \u00e0 acessibilidade no ambiente constru\u00eddo. Entende-\u00adse por acessibilidade a possibilidade de realiza\u00e7\u00e3o de atividades e uso dos espa\u00e7os por qualquer [&hellip;]<\/p>\n","protected":false},"author":62,"featured_media":0,"parent":292,"menu_order":2,"comment_status":"closed","ping_status":"closed","template":"","meta":{"footnotes":""},"class_list":["post-370","page","type-page","status-publish","hentry"],"_links":{"self":[{"href":"https:\/\/wp.ufpel.edu.br\/producao\/wp-json\/wp\/v2\/pages\/370","targetHints":{"allow":["GET"]}}],"collection":[{"href":"https:\/\/wp.ufpel.edu.br\/producao\/wp-json\/wp\/v2\/pages"}],"about":[{"href":"https:\/\/wp.ufpel.edu.br\/producao\/wp-json\/wp\/v2\/types\/page"}],"author":[{"embeddable":true,"href":"https:\/\/wp.ufpel.edu.br\/producao\/wp-json\/wp\/v2\/users\/62"}],"replies":[{"embeddable":true,"href":"https:\/\/wp.ufpel.edu.br\/producao\/wp-json\/wp\/v2\/comments?post=370"}],"version-history":[{"count":4,"href":"https:\/\/wp.ufpel.edu.br\/producao\/wp-json\/wp\/v2\/pages\/370\/revisions"}],"predecessor-version":[{"id":2249,"href":"https:\/\/wp.ufpel.edu.br\/producao\/wp-json\/wp\/v2\/pages\/370\/revisions\/2249"}],"up":[{"embeddable":true,"href":"https:\/\/wp.ufpel.edu.br\/producao\/wp-json\/wp\/v2\/pages\/292"}],"wp:attachment":[{"href":"https:\/\/wp.ufpel.edu.br\/producao\/wp-json\/wp\/v2\/media?parent=370"}],"curies":[{"name":"wp","href":"https:\/\/api.w.org\/{rel}","templated":true}]}}