{"id":365,"date":"2017-09-04T18:10:01","date_gmt":"2017-09-04T21:10:01","guid":{"rendered":"https:\/\/wp.ufpel.edu.br\/producao\/?page_id=365"},"modified":"2021-05-14T11:12:34","modified_gmt":"2021-05-14T14:12:34","slug":"numesa","status":"publish","type":"page","link":"https:\/\/wp.ufpel.edu.br\/producao\/pesquisa\/numesa\/","title":{"rendered":"N\u00facleo Multidisciplinar em Ergonomia, Seguran\u00e7a e Acessibilidade &#8211; NUMESA"},"content":{"rendered":"<p><span style=\"color: #0000ff\"><strong><a style=\"color: #0000ff\" href=\"https:\/\/wp.ufpel.edu.br\/numesa\/\" target=\"_blank\" rel=\"noopener noreferrer\">N\u00facleo Multidisciplinar em Ergonomia, Seguran\u00e7a e Acessibilidade &#8211; NUMESA<\/a><\/strong><\/span><\/p>\n<p style=\"text-align: justify\"><span style=\"color: #000000\">A Ergonomia, a Seguran\u00e7a e a Acessibilidade tem emergido nos \u00faltimos anos como importantes fontes de estudo e pesquisa, sobretudo por atenderem demandas sociais e profissionais relevantes. A Ergonomia, por exemplo, vem contribuindo fortemente em diversos aspectos do cotidiano e tem sido crescentemente citada como elemento imprescind\u00edvel para redu\u00e7\u00e3o nos afastamentos e perdas em empresas. A Seguran\u00e7a tem merecido aten\u00e7\u00e3o n\u00e3o s\u00f3 no que tange ao caso mais espec\u00edfico da seguran\u00e7a individual do trabalhador mas tamb\u00e9m, na seguran\u00e7a de processos, onde contribui para a redu\u00e7\u00e3o nos riscos de neg\u00f3cios e melhoria da competitividade. J\u00e1, a Acessibilidade consiste em outro tema imprescind\u00edvel e amplamente discutido nos mais diversos meios. Ela contribui, a partir de interven\u00e7\u00f5es no meio f\u00edsico na promo\u00e7\u00e3o de condi\u00e7\u00f5es de conforto e seguran\u00e7a a todos os indiv\u00edduos, independente de suas capacidades e\/ou limita\u00e7\u00f5es, al\u00e9m de vertentes como a proposi\u00e7\u00e3o de equipamentos de tecnologia assistiva. O\u00a0NUMESA\u00a0(N\u00facleo Multidisciplinar em Ergonomia, Seguran\u00e7a e Acessibilidade) emerge neste contexto, como um grupo de pesquisa que busca consolidar os esfor\u00e7os com foco nas tem\u00e1ticas por ele abrangidas.<\/span><\/p>\n<p style=\"text-align: justify\"><span style=\"color: #000000\">Mais informa\u00e7\u00f5es no site do NUMESA: <span style=\"color: #0000ff\"><em><a style=\"color: #0000ff\" href=\"https:\/\/wp.ufpel.edu.br\/numesa\/\" target=\"_blank\" rel=\"noopener noreferrer\">https:\/\/wp.ufpel.edu.br\/numesa\/<\/a><\/em><\/span><\/span><\/p>\n","protected":false},"excerpt":{"rendered":"<p>N\u00facleo Multidisciplinar em Ergonomia, Seguran\u00e7a e Acessibilidade &#8211; NUMESA A Ergonomia, a Seguran\u00e7a e a Acessibilidade tem emergido nos \u00faltimos anos como importantes fontes de estudo e pesquisa, sobretudo por atenderem demandas sociais e profissionais relevantes. A Ergonomia, por exemplo, vem contribuindo fortemente em diversos aspectos do cotidiano e tem sido crescentemente citada como elemento [&hellip;]<\/p>\n","protected":false},"author":62,"featured_media":0,"parent":292,"menu_order":4,"comment_status":"closed","ping_status":"closed","template":"","meta":{"footnotes":""},"class_list":["post-365","page","type-page","status-publish","hentry"],"_links":{"self":[{"href":"https:\/\/wp.ufpel.edu.br\/producao\/wp-json\/wp\/v2\/pages\/365","targetHints":{"allow":["GET"]}}],"collection":[{"href":"https:\/\/wp.ufpel.edu.br\/producao\/wp-json\/wp\/v2\/pages"}],"about":[{"href":"https:\/\/wp.ufpel.edu.br\/producao\/wp-json\/wp\/v2\/types\/page"}],"author":[{"embeddable":true,"href":"https:\/\/wp.ufpel.edu.br\/producao\/wp-json\/wp\/v2\/users\/62"}],"replies":[{"embeddable":true,"href":"https:\/\/wp.ufpel.edu.br\/producao\/wp-json\/wp\/v2\/comments?post=365"}],"version-history":[{"count":4,"href":"https:\/\/wp.ufpel.edu.br\/producao\/wp-json\/wp\/v2\/pages\/365\/revisions"}],"predecessor-version":[{"id":2248,"href":"https:\/\/wp.ufpel.edu.br\/producao\/wp-json\/wp\/v2\/pages\/365\/revisions\/2248"}],"up":[{"embeddable":true,"href":"https:\/\/wp.ufpel.edu.br\/producao\/wp-json\/wp\/v2\/pages\/292"}],"wp:attachment":[{"href":"https:\/\/wp.ufpel.edu.br\/producao\/wp-json\/wp\/v2\/media?parent=365"}],"curies":[{"name":"wp","href":"https:\/\/api.w.org\/{rel}","templated":true}]}}