{"id":359,"date":"2017-09-04T18:09:24","date_gmt":"2017-09-04T21:09:24","guid":{"rendered":"https:\/\/wp.ufpel.edu.br\/producao\/?page_id=359"},"modified":"2021-05-14T10:59:11","modified_gmt":"2021-05-14T13:59:11","slug":"nipep","status":"publish","type":"page","link":"https:\/\/wp.ufpel.edu.br\/producao\/pesquisa\/nipep\/","title":{"rendered":"N\u00facleo de Inova\u00e7\u00e3o e Pesquisa em Engenharia de Produ\u00e7\u00e3o &#8211; NIPEP"},"content":{"rendered":"<p><strong><a href=\"https:\/\/wp.ufpel.edu.br\/nipep\/\"><span style=\"color: #0000ff\">N\u00facleo de Inova\u00e7\u00e3o e Pesquisa em Engenharia de Produ\u00e7\u00e3o &#8211; NIPEP<\/span><\/a><\/strong><\/p>\n<div style=\"text-align: justify\"><span style=\"color: #000000\">O N\u00facleo de Inova\u00e7\u00e3o e Pesquisa em Engenharia de Produ\u00e7\u00e3o (NIPEP) oferece um espa\u00e7o de pesquisa para professores (permanentes, tempor\u00e1rios ou colaboradores) e alunos vinculados \u00e0s \u00e1reas de conhecimento da Engenharia de Produ\u00e7\u00e3o. O contato dos estudantes, entre si, com os orientadores e com os projetos em andamento, contribui substancialmente para a forma\u00e7\u00e3o de pesquisadores nas diversas \u00e1reas da Engenharia de Produ\u00e7\u00e3o. O objetivo do NIPEP \u00e9 atuar na inova\u00e7\u00e3o e pesquisa nas \u00e1reas de conhecimento contempladas pela Engenharia de Produ\u00e7\u00e3o. Para o alcance destes objetivos, os pesquisadores do NIPEP atuar\u00e3o nas seguintes tem\u00e1ticas da Engenharia de Produ\u00e7\u00e3o: (i) Engenharia de Opera\u00e7\u00f5es e Processos da Produ\u00e7\u00e3o; (ii) Pesquisa Operacional e Log\u00edstica; (iii) Engenharia da Qualidade; (iv) Engenharia do Produto; (v) Engenharia Organizacional e Engenharia Econ\u00f4mica; (vi) Ergonomia, Sa\u00fade e Seguran\u00e7a do Trabalho; e (vii) Educa\u00e7\u00e3o em Engenharia de Produ\u00e7\u00e3o.<\/span><\/div>\n<div style=\"text-align: justify\"><\/div>\n<div>\n<div style=\"text-align: justify\"><span style=\"color: #000000\"><strong>As tem\u00e1ticas de atua\u00e7\u00e3o do NI<span style=\"color: #000000\">PEP s\u00e3o<\/span><\/strong>:<\/span><\/div>\n<p style=\"text-align: justify\"><span style=\"color: #000000\">1.\u00a0Educa\u00e7\u00e3o em Engenharia de Produ\u00e7\u00e3o<\/span><br \/>\n<span style=\"color: #000000\">2.\u00a0Engenharia da Qualidade<\/span><br \/>\n<span style=\"color: #000000\">3.\u00a0Engenharia de Opera\u00e7\u00f5es e Processos da Produ\u00e7\u00e3o<\/span><br \/>\n<span style=\"color: #000000\">4.\u00a0Engenharia do Produto<\/span><br \/>\n<span style=\"color: #000000\">5.\u00a0Engenharia Organizacional e Engenharia Econ\u00f4mica<\/span><br \/>\n<span style=\"color: #000000\">6.\u00a0Ergonomia, Sa\u00fade e Seguran\u00e7a do Trabalho<\/span><br \/>\n<span style=\"color: #000000\">7.\u00a0Pesquisa Operacional e Log\u00edstica<\/span><\/p>\n<p><span style=\"color: #000000\">Mais informa\u00e7\u00f5es no site do NIPEP: <span style=\"color: #0000ff\"><em><a style=\"color: #0000ff\" href=\"https:\/\/wp.ufpel.edu.br\/nipep\/\" target=\"_blank\" rel=\"noopener noreferrer\">https:\/\/wp.ufpel.edu.br\/nipep\/<\/a><\/em><\/span><\/span><\/p>\n<\/div>\n","protected":false},"excerpt":{"rendered":"<p>N\u00facleo de Inova\u00e7\u00e3o e Pesquisa em Engenharia de Produ\u00e7\u00e3o &#8211; NIPEP O N\u00facleo de Inova\u00e7\u00e3o e Pesquisa em Engenharia de Produ\u00e7\u00e3o (NIPEP) oferece um espa\u00e7o de pesquisa para professores (permanentes, tempor\u00e1rios ou colaboradores) e alunos vinculados \u00e0s \u00e1reas de conhecimento da Engenharia de Produ\u00e7\u00e3o. O contato dos estudantes, entre si, com os orientadores e com [&hellip;]<\/p>\n","protected":false},"author":62,"featured_media":0,"parent":292,"menu_order":1,"comment_status":"closed","ping_status":"closed","template":"","meta":{"footnotes":""},"class_list":["post-359","page","type-page","status-publish","hentry"],"_links":{"self":[{"href":"https:\/\/wp.ufpel.edu.br\/producao\/wp-json\/wp\/v2\/pages\/359","targetHints":{"allow":["GET"]}}],"collection":[{"href":"https:\/\/wp.ufpel.edu.br\/producao\/wp-json\/wp\/v2\/pages"}],"about":[{"href":"https:\/\/wp.ufpel.edu.br\/producao\/wp-json\/wp\/v2\/types\/page"}],"author":[{"embeddable":true,"href":"https:\/\/wp.ufpel.edu.br\/producao\/wp-json\/wp\/v2\/users\/62"}],"replies":[{"embeddable":true,"href":"https:\/\/wp.ufpel.edu.br\/producao\/wp-json\/wp\/v2\/comments?post=359"}],"version-history":[{"count":5,"href":"https:\/\/wp.ufpel.edu.br\/producao\/wp-json\/wp\/v2\/pages\/359\/revisions"}],"predecessor-version":[{"id":2244,"href":"https:\/\/wp.ufpel.edu.br\/producao\/wp-json\/wp\/v2\/pages\/359\/revisions\/2244"}],"up":[{"embeddable":true,"href":"https:\/\/wp.ufpel.edu.br\/producao\/wp-json\/wp\/v2\/pages\/292"}],"wp:attachment":[{"href":"https:\/\/wp.ufpel.edu.br\/producao\/wp-json\/wp\/v2\/media?parent=359"}],"curies":[{"name":"wp","href":"https:\/\/api.w.org\/{rel}","templated":true}]}}