{"id":309,"date":"2017-09-04T01:19:52","date_gmt":"2017-09-04T04:19:52","guid":{"rendered":"https:\/\/wp.ufpel.edu.br\/producao\/?page_id=309"},"modified":"2020-11-04T19:29:31","modified_gmt":"2020-11-04T22:29:31","slug":"eprodufpel","status":"publish","type":"page","link":"https:\/\/wp.ufpel.edu.br\/producao\/portal-do-aluno\/eprodufpel\/","title":{"rendered":"EPROD &#8211; Empresa J\u00fanior do Curso de Engenharia de Produ\u00e7\u00e3o"},"content":{"rendered":"<p><span style=\"color: #000000\">A <strong>Empresa J\u00fanior da Engenharia de Produ\u00e7\u00e3o da UFPel<\/strong> (<em>Eprod Consultoria Empresarial<\/em>) <\/span><span style=\"color: #000000\">possui as seguintes m\u00eddias de divulga\u00e7\u00e3o das suas atividades e para contato:<\/span><\/p>\n<p><span style=\"color: #000000\"><strong>Site:<\/strong> <em><span style=\"color: #0000ff\"><a style=\"color: #0000ff\" href=\"https:\/\/wp.ufpel.edu.br\/eprodjr\/\">https:\/\/wp.ufpel.edu.br\/eprodjr\/<\/a><\/span><\/em><\/span><\/p>\n<p><span style=\"color: #000000\"><strong>Facebook:<\/strong> <span style=\"color: #0000ff\"><em><a style=\"color: #0000ff\" href=\"https:\/\/www.facebook.com\/eprodjr\/\">https:\/\/www.facebook.com\/eprodjr\/<\/a><\/em><\/span><\/span><\/p>\n<p><span style=\"color: #000000\"><strong>Instagram:<\/strong> <span style=\"color: #0000ff\"><em><a style=\"color: #0000ff\" href=\"https:\/\/www.instagram.com\/eprodjr\/\">https:\/\/www.instagram.com\/eprodjr\/<\/a><\/em><\/span><\/span><\/p>\n<p><span style=\"color: #000000\"><strong>Linkedin:<\/strong> <span style=\"color: #0000ff\"><em><a style=\"color: #0000ff\" href=\"https:\/\/www.linkedin.com\/company\/eprod-consultoria-empresarial\/\">https:\/\/www.linkedin.com\/company\/eprod-consultoria-empresarial\/<\/a><\/em><\/span><\/span><\/p>\n<p><span style=\"color: #000000\"><strong>e-mail:<\/strong> <span style=\"color: #0000ff\"><em><a style=\"color: #0000ff\" href=\"mailto:eprodconsultoria@gmail.com\">eprodconsultoria@gmail.com<\/a><\/em><\/span><\/span><\/p>\n<p><span style=\"color: #000000\"><strong>Endere\u00e7o:<\/strong>\u00a0<\/span><\/p>\n<p><span style=\"color: #000000\">Eprod Consultoria Empresarial<\/span><\/p>\n<p><span style=\"color: #000000\">Pr\u00e9dio do Centro de Engenharias (COTADA) &#8211; 1<sup>o<\/sup> andar, Sala 106.1<\/span><\/p>\n<p><span style=\"color: #000000\">Rua Benjamin Constant, 989,\u00a0Bairro Centro &#8211; Pelotas &#8211; RS &#8211; Brasil<\/span><\/p>\n<p><span style=\"color: #000000\">CEP: 96010-020<\/span><\/p>\n<p><a href=\"https:\/\/wp.ufpel.edu.br\/producao\/files\/2017\/09\/Eprod.jpg\"><img class=\"aligncenter size-full wp-image-311\" src=\"https:\/\/wp.ufpel.edu.br\/producao\/files\/2017\/09\/Eprod.jpg\" alt=\"\" width=\"748\" height=\"372\" srcset=\"https:\/\/wp.ufpel.edu.br\/producao\/files\/2017\/09\/Eprod.jpg 748w, https:\/\/wp.ufpel.edu.br\/producao\/files\/2017\/09\/Eprod-400x199.jpg 400w\" sizes=\"(max-width: 748px) 100vw, 748px\" \/><\/a><\/p>\n","protected":false},"excerpt":{"rendered":"<p>A Empresa J\u00fanior da Engenharia de Produ\u00e7\u00e3o da UFPel (Eprod Consultoria Empresarial) possui as seguintes m\u00eddias de divulga\u00e7\u00e3o das suas atividades e para contato: Site: https:\/\/wp.ufpel.edu.br\/eprodjr\/ Facebook: https:\/\/www.facebook.com\/eprodjr\/ Instagram: https:\/\/www.instagram.com\/eprodjr\/ Linkedin: https:\/\/www.linkedin.com\/company\/eprod-consultoria-empresarial\/ e-mail: eprodconsultoria@gmail.com Endere\u00e7o:\u00a0 Eprod Consultoria Empresarial Pr\u00e9dio do Centro de Engenharias (COTADA) &#8211; 1o andar, Sala 106.1 Rua Benjamin Constant, 989,\u00a0Bairro Centro &#8211; [&hellip;]<\/p>\n","protected":false},"author":62,"featured_media":0,"parent":24,"menu_order":8,"comment_status":"closed","ping_status":"closed","template":"","meta":{"footnotes":""},"class_list":["post-309","page","type-page","status-publish","hentry"],"_links":{"self":[{"href":"https:\/\/wp.ufpel.edu.br\/producao\/wp-json\/wp\/v2\/pages\/309","targetHints":{"allow":["GET"]}}],"collection":[{"href":"https:\/\/wp.ufpel.edu.br\/producao\/wp-json\/wp\/v2\/pages"}],"about":[{"href":"https:\/\/wp.ufpel.edu.br\/producao\/wp-json\/wp\/v2\/types\/page"}],"author":[{"embeddable":true,"href":"https:\/\/wp.ufpel.edu.br\/producao\/wp-json\/wp\/v2\/users\/62"}],"replies":[{"embeddable":true,"href":"https:\/\/wp.ufpel.edu.br\/producao\/wp-json\/wp\/v2\/comments?post=309"}],"version-history":[{"count":10,"href":"https:\/\/wp.ufpel.edu.br\/producao\/wp-json\/wp\/v2\/pages\/309\/revisions"}],"predecessor-version":[{"id":1841,"href":"https:\/\/wp.ufpel.edu.br\/producao\/wp-json\/wp\/v2\/pages\/309\/revisions\/1841"}],"up":[{"embeddable":true,"href":"https:\/\/wp.ufpel.edu.br\/producao\/wp-json\/wp\/v2\/pages\/24"}],"wp:attachment":[{"href":"https:\/\/wp.ufpel.edu.br\/producao\/wp-json\/wp\/v2\/media?parent=309"}],"curies":[{"name":"wp","href":"https:\/\/api.w.org\/{rel}","templated":true}]}}