{"id":30,"date":"2017-08-28T20:42:17","date_gmt":"2017-08-28T23:42:17","guid":{"rendered":"https:\/\/wp.ufpel.edu.br\/producao\/?page_id=30"},"modified":"2026-03-10T14:40:39","modified_gmt":"2026-03-10T17:40:39","slug":"horarios","status":"publish","type":"page","link":"https:\/\/wp.ufpel.edu.br\/producao\/horarios\/","title":{"rendered":"Hor\u00e1rios"},"content":{"rendered":"<p style=\"text-align: justify;\"><span style=\"color: #000000;\">Alunos EP;<\/span><\/p>\n<p style=\"text-align: justify;\"><span style=\"color: #000000;\">Nesta aba do site sempre ficar\u00e1 dispon\u00edvel o hor\u00e1ria das ofertas do curso do semestre vigente. Caso hajam modifica\u00e7\u00f5es no hor\u00e1rio, o arquivo ser\u00e1 substitu\u00eddo, de forma a disponibilizar sempre a vers\u00e3o mais atualizada. Clique no arquivo a seguir para visualizar o hor\u00e1rio 2026-1 e as salas.<\/span><\/p>\n<p><a href=\"https:\/\/wp.ufpel.edu.br\/producao\/files\/2026\/02\/Engenharia-de-Produc\u0327a\u0303o-Pre\u0301via-Hora\u0301rios-2026.1.pdf\">Engenharia de Produc\u0327a\u0303o &#8211; Pre\u0301via Hora\u0301rios 2026.1<\/a><\/p>\n<p>&nbsp;<\/p>\n<p>&nbsp;<\/p>\n","protected":false},"excerpt":{"rendered":"<p>Alunos EP; Nesta aba do site sempre ficar\u00e1 dispon\u00edvel o hor\u00e1ria das ofertas do curso do semestre vigente. Caso hajam modifica\u00e7\u00f5es no hor\u00e1rio, o arquivo ser\u00e1 substitu\u00eddo, de forma a disponibilizar sempre a vers\u00e3o mais atualizada. Clique no arquivo a seguir para visualizar o hor\u00e1rio 2026-1 e as salas. Engenharia de Produc\u0327a\u0303o &#8211; Pre\u0301via Hora\u0301rios [&hellip;]<\/p>\n","protected":false},"author":62,"featured_media":0,"parent":0,"menu_order":6,"comment_status":"closed","ping_status":"closed","template":"","meta":{"footnotes":""},"class_list":["post-30","page","type-page","status-publish","hentry"],"_links":{"self":[{"href":"https:\/\/wp.ufpel.edu.br\/producao\/wp-json\/wp\/v2\/pages\/30","targetHints":{"allow":["GET"]}}],"collection":[{"href":"https:\/\/wp.ufpel.edu.br\/producao\/wp-json\/wp\/v2\/pages"}],"about":[{"href":"https:\/\/wp.ufpel.edu.br\/producao\/wp-json\/wp\/v2\/types\/page"}],"author":[{"embeddable":true,"href":"https:\/\/wp.ufpel.edu.br\/producao\/wp-json\/wp\/v2\/users\/62"}],"replies":[{"embeddable":true,"href":"https:\/\/wp.ufpel.edu.br\/producao\/wp-json\/wp\/v2\/comments?post=30"}],"version-history":[{"count":5,"href":"https:\/\/wp.ufpel.edu.br\/producao\/wp-json\/wp\/v2\/pages\/30\/revisions"}],"predecessor-version":[{"id":4281,"href":"https:\/\/wp.ufpel.edu.br\/producao\/wp-json\/wp\/v2\/pages\/30\/revisions\/4281"}],"wp:attachment":[{"href":"https:\/\/wp.ufpel.edu.br\/producao\/wp-json\/wp\/v2\/media?parent=30"}],"curies":[{"name":"wp","href":"https:\/\/api.w.org\/{rel}","templated":true}]}}